{"id":15120,"date":"2024-07-16T09:14:35","date_gmt":"2024-07-16T08:14:35","guid":{"rendered":"https:\/\/bantoro.com\/shop\/non%20class\u00e9\/fouet-nagaika-rouge-et-noir-fait-main-25-pieds-en-cuir-de-cosaque\/"},"modified":"2026-05-14T10:48:11","modified_gmt":"2026-05-14T09:48:11","slug":"fouet-nagaika-kamcha","status":"publish","type":"product","link":"https:\/\/bantoro.com\/fr\/boutique\/cuir-fouets-60-a-90-cm\/fouet-nagaika-kamcha\/","title":{"rendered":"Fouet Naga\u00efka rouge et noir fait main, 2,5 pieds, en cuir de cosaque."},"content":{"rendered":"\n<div class=\"epyt-video-wrapper\"><iframe  id=\"_ytid_46760\"  width=\"800\" height=\"450\"  data-origwidth=\"800\" data-origheight=\"450\" src=\"https:\/\/www.youtube.com\/embed\/vWo-j6mSOxY[\/embedyt]?enablejsapi=1&#038;autoplay=0&#038;cc_load_policy=0&#038;iv_load_policy=1&#038;loop=0&#038;fs=1&#038;playsinline=0&#038;controls=1&#038;disablekb=0&#038;color=red&#038;cc_lang_pref=&#038;rel=0&#038;autohide=2&#038;theme=dark&#038;\" class=\"__youtube_prefs__  epyt-is-override  no-lazyload\" data-vol=\"50\"  title=\"YouTube player\"  allow=\"fullscreen; accelerometer; autoplay; clipboard-write; encrypted-media; gyroscope; picture-in-picture; web-share\" referrerpolicy=\"strict-origin-when-cross-origin\" allowfullscreen data-no-lazy=\"1\" data-skipgform_ajax_framebjll=\"\"><\/iframe><\/div>\n<p>D\u00e9couvrez le <strong>fouet Naga\u00efka Kamcha rouge et noir fait main<\/strong>, un <strong>fouet Kamcha cosaque<\/strong> de qualit\u00e9 professionnelle con\u00e7u pour la durabilit\u00e9, l\u2019\u00e9quilibre et des performances optimales de claquement. Ce <strong>fouet Naga\u00efka artisanal \u00e0 12 tresses<\/strong> est fabriqu\u00e9 \u00e0 partir de <strong>cuir v\u00e9ritable pleine fleur 100 %<\/strong> authentique, garantissant solidit\u00e9, flexibilit\u00e9 et une prise en main fiable pour les collectionneurs, les artistes et les passionn\u00e9s. Avec une <strong>longueur totale de 2,5 pieds<\/strong> (environ 30 pouces), ce <strong>fouet Naga\u00efka de style cosaque russe<\/strong> produit un <strong>claquement <\/strong>net tout en offrant un excellent contr\u00f4le et une finition artisanale remarquable. Que vous pratiquiez le whip cracking ou que vous souhaitiez ajouter un fouet en cuir haut de gamme \u00e0 votre collection, ce fouet artisanal vous offrira une <strong>exp\u00e9rience sup\u00e9rieure.<\/strong><\/p>\n<p>Vous ne savez pas quelle taille de fouet convient \u00e0 vos besoins ? Consultez notre guide \u00ab Explication des <a href=\"https:\/\/bantoro.com\/Guide des tailles et longueurs de fouets\">longueurs de fouets \u00bb.<\/a><\/p>\n<p>D\u00e9couvrez davantage de mod\u00e8les compacts dans notre collection de <a href=\"\/?product_cat=fouets-en-cuir-2-\u00e0-3-pieds\">fouets en cuir (2 \u00e0 3 pieds).<\/a><\/p>\n<p>Pour plus d\u2019informations sur l\u2019entretien des <strong>fouets et afin<\/strong> de garantir que votre <strong><a href=\"https:\/\/bantoro.com\/guide-ultime-entretien-fouets-en-cuir\/&lt;br&gt;&lt;br&gt;\" target=\"_new\" rel=\"noopener\">fouet Naga\u00efka<\/a><\/strong> reste en parfait \u00e9tat, consultez notre guide d\u2019entretien des fouets. Pour des conseils sur le rodage de votre nouveau fouet et pour am\u00e9liorer votre technique, d\u00e9couvrez notre <strong><a href=\"https:\/\/bantoro.com\/Rodage du bullwhip et ma\u00eetrise de votre fouet&lt;br&gt;&lt;br&gt;\" target=\"_new\" rel=\"noopener\">guide \u00ab Rodage de votre fouet \u00bb.<\/a><\/strong><\/p>\n<p>Commandez d\u00e8s aujourd\u2019hui votre f<strong>ouet Kamcha cosaque<\/strong> chez <strong><a href=\"https:\/\/bantoro.com\/fr\/\">Bantoro<\/a><\/strong>, votre source de confiance pour des articles en cuir faits main de haute qualit\u00e9.<\/p>\n<h3>Foire aux questions<\/h3>\n<p data-start=\"4165\" data-end=\"4192\"><strong>Qu\u2019est-ce qu\u2019un fouet Naga\u00efka ?<\/strong><\/p>\n<p data-start=\"4194\" data-end=\"4328\">Un fouet Naga\u00efka est un fouet traditionnel en cuir associ\u00e9 aux Cosaques russes, connu pour son design compact, sa flexibilit\u00e9 et ses performances de claquement.<\/p>\n<p data-start=\"4330\" data-end=\"4366\"><strong>Ce fouet Naga\u00efka Kamcha est-il fabriqu\u00e9 \u00e0 la main ?<\/strong><\/p>\n<p data-start=\"4368\" data-end=\"4488\">Oui, ce fouet Naga\u00efka Kamcha fait main est fabriqu\u00e9 en cuir v\u00e9ritable pleine fleur, avec un tressage durable \u00e0 12 brins.<\/p>\n<p data-start=\"4490\" data-end=\"4529\"><strong>\u00c0 quoi sert ce fouet cosaque ?<br \/>\n<\/strong><\/p>\n<p data-start=\"4531\" data-end=\"4670\">Ce fouet en cuir de style cosaque est couramment utilis\u00e9 pour la pratique du claquement de fouet, la collection, l\u2019exposition traditionnelle et les performances.<\/p>\n<p data-start=\"4672\" data-end=\"4720\"><strong>Ce fouet Naga\u00efka produit-il un claquement puissant ?<\/strong><\/p>\n<p data-start=\"4722\" data-end=\"4846\">Oui, sa construction en cuir tress\u00e9 et son design \u00e9quilibr\u00e9 permettent de produire un claquement net et puissant, malgr\u00e9 sa longueur compacte de 2,5 pieds.<\/p>\n<p><span data-teams=\"true\"><div class=\"brtpmj_reviews_container\"><div class=\"brtpmj_businessheader\">\r\n\t\t\t\t\t\t<img decoding=\"async\" src=\"\/\/s3-eu-west-1.amazonaws.com\/tpd\/logos\/6617aecf4e6fa9ea40f2b01a\/0x0.png\" alt=\"Bantoro\">\r\n\t\t\t\t\t\t<h2 class=\"brtpmj_business_name\">Bantoro<\/h2>\r\n\t\t\t\t\t<\/div><p class=\"brtpmj_business_ratings\">\r\n\t\t\t\t\t\t<span class=\"brtpmj_br_score\">4.8<\/span>\r\n\t\t\t\t\t\t<span class=\"brtpmj_br_score_img\"><img decoding=\"async\" src=\"https:\/\/bantoro.com\/wp-content\/plugins\/better-business-reviews\/assets\/stars-5.svg\" alt=\"5 stars\"><\/span>\r\n\t\t\t\t\t\t<span class=\"brtpmj_br_count\">39 Reviews<\/span>\r\n\t\t\t\t\t<\/p><div class=\"\"><div class=\"brtpmj_all_reviews brtpmj_grid_container\"><div class=\"brtpmj_single_rvw\">\r\n\t\t\t\t\t\t\t\t\t\r\n\t\t\t\t\t\t<div class=\"brtpmj_sr_author_overview\">\r\n\t\t\t\t\t\t\t\r\n\t\t\t\t\t\t\t<div class=\"brtpmj_sr_ab_img\"><span>LvV<\/span><\/div>\r\n\t\t\t\t\t\t\t<div class=\"brtpmj_sr_ab_name_date\">\r\n\t\t\t\t\t\t\t\t<span class=\"brtpmj_sr_ab_name\">LB vd Vuurst<\/span>\r\n\t\t\t\t\t\t\t\t<span class=\"brtpmj_sr_ab_date\">2025-08-15<\/span>\r\n\t\t\t\t\t\t\t<\/div>\r\n\t\t\t\t\t\t\t\r\n\t\t\t\t\t\t<\/div>\r\n\t\t\t\t\t\t\r\n\t\t\t\t\t\t<div class=\"brtpmj_sr_rating\">\r\n\t\t\t\t\t\t\t<span class=\"brtpmj_br_score_img\"><img decoding=\"async\" src=\"https:\/\/bantoro.com\/wp-content\/plugins\/better-business-reviews\/assets\/stars-5.svg\" alt=\"5 stars\"><\/span>\r\n\t\t\t\t\t\t<\/div>\r\n\t\t\t\t\t\t\r\n\t\t\t\t\t\t<div class=\"brtpmj_sr_title\">\r\n\t\t\t\t\t\t\t<h4>Great communication fast shipping<\/h4>\r\n\t\t\t\t\t\t<\/div>\r\n\t\t\t\t\t\t\r\n\t\t\t\t\t\t<div class=\"brtpmj_sr_title\">\r\n\t\t\t\t\t\t\t<p>I placed an order of 2 items but one of the items what we asked for wasnt available. Within 12 hours i got an email with a other suggestions, and so we did a different order. It was shipped really, really fast. And the communication was great. Thank you Jane. Everything recieved and we are happy.<\/p>\r\n\t\t\t\t\t\t<\/div>\r\n\t\t\t\t\t\t\r\n\t\t\t\t\t<\/div><div class=\"brtpmj_single_rvw\">\r\n\t\t\t\t\t\t\t\t\t\r\n\t\t\t\t\t\t<div class=\"brtpmj_sr_author_overview\">\r\n\t\t\t\t\t\t\t\r\n\t\t\t\t\t\t\t<div class=\"brtpmj_sr_ab_img\"><img decoding=\"async\" src=\"https:\/\/user-images.trustpilot.com\/6896a2719600690944faa5c3\/73x73.png\"><\/div>\r\n\t\t\t\t\t\t\t<div class=\"brtpmj_sr_ab_name_date\">\r\n\t\t\t\t\t\t\t\t<span class=\"brtpmj_sr_ab_name\">Jang Yun Boo<\/span>\r\n\t\t\t\t\t\t\t\t<span class=\"brtpmj_sr_ab_date\">2025-08-09<\/span>\r\n\t\t\t\t\t\t\t<\/div>\r\n\t\t\t\t\t\t\t\r\n\t\t\t\t\t\t<\/div>\r\n\t\t\t\t\t\t\r\n\t\t\t\t\t\t<div class=\"brtpmj_sr_rating\">\r\n\t\t\t\t\t\t\t<span class=\"brtpmj_br_score_img\"><img decoding=\"async\" src=\"https:\/\/bantoro.com\/wp-content\/plugins\/better-business-reviews\/assets\/stars-5.svg\" alt=\"5 stars\"><\/span>\r\n\t\t\t\t\t\t<\/div>\r\n\t\t\t\t\t\t\r\n\t\t\t\t\t\t<div class=\"brtpmj_sr_title\">\r\n\t\t\t\t\t\t\t<h4>Lots of Thanks from south Korea Seoul<\/h4>\r\n\t\t\t\t\t\t<\/div>\r\n\t\t\t\t\t\t\r\n\t\t\t\t\t\t<div class=\"brtpmj_sr_title\">\r\n\t\t\t\t\t\t\t<p>Lots of Thanks from south Korea Seoul. well look after service. good tracking infomation. We received item perfectly good shape. very happy about it is all real leather and good quality.<\/p>\r\n\t\t\t\t\t\t<\/div>\r\n\t\t\t\t\t\t\r\n\t\t\t\t\t<\/div><div class=\"brtpmj_single_rvw\">\r\n\t\t\t\t\t\t\t\t\t\r\n\t\t\t\t\t\t<div class=\"brtpmj_sr_author_overview\">\r\n\t\t\t\t\t\t\t\r\n\t\t\t\t\t\t\t<div class=\"brtpmj_sr_ab_img\"><img decoding=\"async\" src=\"https:\/\/user-images.trustpilot.com\/60363e1eeea92f001b60a322\/73x73.png\"><\/div>\r\n\t\t\t\t\t\t\t<div class=\"brtpmj_sr_ab_name_date\">\r\n\t\t\t\t\t\t\t\t<span class=\"brtpmj_sr_ab_name\">~ E ~<\/span>\r\n\t\t\t\t\t\t\t\t<span class=\"brtpmj_sr_ab_date\">2025-08-06<\/span>\r\n\t\t\t\t\t\t\t<\/div>\r\n\t\t\t\t\t\t\t\r\n\t\t\t\t\t\t<\/div>\r\n\t\t\t\t\t\t\r\n\t\t\t\t\t\t<div class=\"brtpmj_sr_rating\">\r\n\t\t\t\t\t\t\t<span class=\"brtpmj_br_score_img\"><img decoding=\"async\" src=\"https:\/\/bantoro.com\/wp-content\/plugins\/better-business-reviews\/assets\/stars-5.svg\" alt=\"5 stars\"><\/span>\r\n\t\t\t\t\t\t<\/div>\r\n\t\t\t\t\t\t\r\n\t\t\t\t\t\t<div class=\"brtpmj_sr_title\">\r\n\t\t\t\t\t\t\t<h4>This is my second order<\/h4>\r\n\t\t\t\t\t\t<\/div>\r\n\t\t\t\t\t\t\r\n\t\t\t\t\t\t<div class=\"brtpmj_sr_title\">\r\n\t\t\t\t\t\t\t<p>This is my second order. Previously I was very happy and satisfied with everything. This time Bantoro even achieved a higher level of customer satisfaction. I needed a whip for the upcoming weekend. And when I contacted the customer service, they could not promise me a guaranteed delivery date other than an expected ETA of 3 - 5 days, also due to possible customs delays. Totally understandable. I had faith in Bantoro because last time, it took only four days from the UK to NL. I ordered the whip on monday and it was shipped the same day because they wanted to make sure I got it on time. It was delivered on wednesday early afternoon!!! Still love the quality of the whip for a great price, and your customer service is next level. Thanks Bantoro!<\/p>\r\n\t\t\t\t\t\t<\/div>\r\n\t\t\t\t\t\t\r\n\t\t\t\t\t<\/div><\/div><\/div><\/div><\/span><\/p>\n<p>&nbsp;<\/p>\n","protected":false},"excerpt":{"rendered":"<ul>\n<li data-start=\"4527\" data-end=\"4583\">Fouet Naga\u00efka Kamcha fait main <strong>rouge et noir,<\/strong> 2,5 pieds (78 cm)<\/li>\n<li data-start=\"4584\" data-end=\"4655\">Fabriqu\u00e9 en <strong>cuir v\u00e9ritable pleine fleur<\/strong> avec un tressage durable \u00e0 12 brins.<\/li>\n<li data-start=\"4656\" data-end=\"4723\"><strong>Fouet traditionnel cosaque en cuir<\/strong> pour la pratique du claquement de fouet et la collection.<\/li>\n<li data-start=\"4724\" data-end=\"4784\">Fouet compact de <strong>style russe<\/strong> offrant des performances de claquement nettes.<\/li>\n<li data-start=\"4785\" data-end=\"4826\">Un <strong>porte-ceinture en cuir optionnel<\/strong> est disponible.<\/li>\n<li data-start=\"4827\" data-end=\"4895\">Convient pour la pratique du <strong>claquement de fouet<\/strong>, la collection et l\u2019exposition traditionnelle.<\/li>\n<\/ul>\n","protected":false},"featured_media":15112,"comment_status":"open","ping_status":"closed","template":"","meta":[],"product_brand":[],"product_cat":[1144,686],"product_tag":[1266,1676,1968,1632,1931,1857,1885,2000,724,1828],"class_list":{"0":"post-15120","1":"product","2":"type-product","3":"status-publish","4":"has-post-thumbnail","6":"product_cat-cuir-fouets-60-a-90-cm","7":"product_cat-floggers-en-cuir","8":"product_tag-bullwhip","9":"product_tag-equestre","10":"product_tag-fouet-claquant-2","11":"product_tag-fouet-cosaque","12":"product_tag-fouet-en-cuir","13":"product_tag-fouet-fait-main-4","14":"product_tag-fouet-kamcha","15":"product_tag-fouet-nagaika","16":"product_tag-fouet-professionnel","17":"product_tag-fouet-russe","19":"first","20":"instock","21":"sale","22":"taxable","23":"shipping-taxable","24":"purchasable","25":"product-type-simple"},"_links":{"self":[{"href":"https:\/\/bantoro.com\/fr\/wp-json\/wp\/v2\/product\/15120","targetHints":{"allow":["GET"]}}],"collection":[{"href":"https:\/\/bantoro.com\/fr\/wp-json\/wp\/v2\/product"}],"about":[{"href":"https:\/\/bantoro.com\/fr\/wp-json\/wp\/v2\/types\/product"}],"replies":[{"embeddable":true,"href":"https:\/\/bantoro.com\/fr\/wp-json\/wp\/v2\/comments?post=15120"}],"wp:featuredmedia":[{"embeddable":true,"href":"https:\/\/bantoro.com\/fr\/wp-json\/wp\/v2\/media\/15112"}],"wp:attachment":[{"href":"https:\/\/bantoro.com\/fr\/wp-json\/wp\/v2\/media?parent=15120"}],"wp:term":[{"taxonomy":"product_brand","embeddable":true,"href":"https:\/\/bantoro.com\/fr\/wp-json\/wp\/v2\/product_brand?post=15120"},{"taxonomy":"product_cat","embeddable":true,"href":"https:\/\/bantoro.com\/fr\/wp-json\/wp\/v2\/product_cat?post=15120"},{"taxonomy":"product_tag","embeddable":true,"href":"https:\/\/bantoro.com\/fr\/wp-json\/wp\/v2\/product_tag?post=15120"}],"curies":[{"name":"wp","href":"https:\/\/api.w.org\/{rel}","templated":true}]}}