{"id":14987,"date":"2023-07-12T16:00:26","date_gmt":"2023-07-12T15:00:26","guid":{"rendered":"https:\/\/bantoro.com\/shop\/non%20class\u00e9\/fouet-en-cuir-de-kangourou-marron-noir-et-rouge-4-ft-24-ft-qualite-professionnelle\/"},"modified":"2026-05-09T14:35:02","modified_gmt":"2026-05-09T13:35:02","slug":"marron-rouge-noir","status":"publish","type":"product","link":"https:\/\/bantoro.com\/fr\/boutique\/fouets-en-cuir-de-kangourou\/marron-rouge-noir\/","title":{"rendered":"Fouet en cuir de kangourou marron, noir et rouge 4 ft\u201324 ft | Qualit\u00e9 professionnelle"},"content":{"rendered":"\n<div class=\"epyt-video-wrapper\"><iframe  id=\"_ytid_74365\"  width=\"800\" height=\"450\"  data-origwidth=\"800\" data-origheight=\"450\" src=\"https:\/\/www.youtube.com\/embed\/4H7ynanQzac[\/embedyt]?enablejsapi=1&#038;autoplay=0&#038;cc_load_policy=0&#038;iv_load_policy=1&#038;loop=0&#038;fs=1&#038;playsinline=0&#038;controls=1&#038;disablekb=0&#038;color=red&#038;cc_lang_pref=&#038;rel=0&#038;autohide=2&#038;theme=dark&#038;\" class=\"__youtube_prefs__  epyt-is-override  no-lazyload\" data-vol=\"50\"  title=\"YouTube player\"  allow=\"fullscreen; accelerometer; autoplay; clipboard-write; encrypted-media; gyroscope; picture-in-picture; web-share\" referrerpolicy=\"strict-origin-when-cross-origin\" allowfullscreen data-no-lazy=\"1\" data-skipgform_ajax_framebjll=\"\"><\/iframe><\/div>\n<p>D\u00e9couvrez l\u2019alliance ultime de l\u2019artisanat et de la performance avec notre <strong>fouet en cuir de kangourou marron, noir et rouge,<\/strong> disponible en plusieurs longueurs allant de 4 pieds \u00e0 24 pieds. Fabriqu\u00e9 \u00e0 la main \u00e0 partir de <strong>cuir de kangourou de qualit\u00e9 sup\u00e9rieure<\/strong>, ce fouet professionnel \u00e0 <strong>16 tresses<\/strong> est con\u00e7u pour offrir <strong>durabilit\u00e9<\/strong>, <strong>flexibilit\u00e9<\/strong>, <strong>\u00e9quilibre<\/strong> et des <strong>claquements<\/strong> puissants \u00e0 chaque utilisation. Que vous soyez artiste professionnel du fouet, passionn\u00e9 de cracking, collectionneur ou d\u00e9butant, ce <strong>fouet en cuir robuste <\/strong>est id\u00e9al pour perfectionner vos comp\u00e9tences.<\/p>\n<p>Le <strong>manche bien \u00e9quilibr\u00e9<\/strong> est dot\u00e9 d\u2019un <strong>noyau en acier inoxydable<\/strong> et d\u2019une <strong>poign\u00e9e de 9 pouces<\/strong>, garantissant un excellent \u00e9quilibre, une manipulation pr\u00e9cise et un contr\u00f4le optimal lors de l\u2019utilisation. Ce <strong>fouet de niveau professionnel <\/strong>est \u00e9galement livr\u00e9 avec un <strong>porte-ceinture en cuir<\/strong>, 2<strong> falls de rechange<\/strong> ainsi que des <strong>crackers\/poppers<\/strong>, pour une valeur totale de \u00a320. Ce fouet en cuir professionnel peut \u00eatre facilement enroul\u00e9 pour le rangement et est con\u00e7u pour la pratique du cracking, les performances et la collection.<br \/>\nD\u00e9couvrez notre <a href=\"https:\/\/bantoro.com\/Cat\u00e9gorie de produit\/fouets-en-cuir-de-kangourou\/\">gamme compl\u00e8te de fouets en cuir de kangourou<\/a> afin de comparer diff\u00e9rentes couleurs, tailles et styles de performance professionnels.<br \/>\nPour des conseils suppl\u00e9mentaires d\u2019entretien et de maintenance, consultez notre <a href=\"https:\/\/bantoro.com\/guide-ultime-entretien-fouets-en-cuir\/&lt;br&gt;&lt;br&gt;\" target=\"_new\" rel=\"noopener\">guide ultime d\u2019entretien des fouets en cuir<\/a> ainsi que le <a href=\"https:\/\/bantoro.com\/Rodage du bullwhip et ma\u00eetrise de votre fouet&lt;br&gt;&lt;br&gt;\" target=\"_new\" rel=\"noopener\">guide pour roder votre fouet<\/a>. Vous ne savez pas quelle taille choisir ? Lisez notre<\/p>\n<p>Parfait pour tous ceux qui recherchent un fouet <strong>durable avec un claquement puissant,<\/strong> ce<strong> fouet en cuir de kangourou<\/strong> est un indispensable pour les collectionneurs et les passionn\u00e9s.<\/p>\n<h3 data-start=\"6572\" data-end=\"6578\" data-section-id=\"1hryhf7\">FAQ<\/h3>\n<p data-start=\"6580\" data-end=\"6632\" data-section-id=\"q3nq31\"><strong>Qu\u2019est-ce qui rend le cuir de kangourou id\u00e9al pour les fouets ?<\/p>\n<p><\/strong><\/p>\n<p data-start=\"6633\" data-end=\"6777\">Le cuir de kangourou offre une durabilit\u00e9, une flexibilit\u00e9 et des performances exceptionnelles, ce qui en fait un mat\u00e9riau privil\u00e9gi\u00e9 pour les fouets de qualit\u00e9 professionnelle.<\/p>\n<p data-start=\"6779\" data-end=\"6820\" data-section-id=\"1hocyeb\"><strong>Quelle longueur de fouet est la plus adapt\u00e9e aux d\u00e9butants et au craquage de fouet ?<\/strong><\/p>\n<p data-start=\"6821\" data-end=\"6963\">Les fouets plus courts offrent un contr\u00f4le plus rapide, tandis que les fouets plus longs produisent des claquements plus puissants et une plus grande port\u00e9e. Les tailles sont disponibles de 4 ft \u00e0 24 ft.<\/p>\n<p data-start=\"6965\" data-end=\"7009\" data-section-id=\"1f0zs5v\"><strong>Ce fouet est-il adapt\u00e9 aux d\u00e9butants ?<\/strong><\/p>\n<p data-start=\"7010\" data-end=\"7129\">Oui, ce fouet \u00e0 16 brins bien \u00e9quilibr\u00e9 convient aux d\u00e9butants, aux collectionneurs et aux passionn\u00e9s professionnels de craquage de fouet.<\/p>\n<p><span data-teams=\"true\"><div class=\"brtpmj_reviews_container\"><div class=\"brtpmj_businessheader\">\r\n\t\t\t\t\t\t<img decoding=\"async\" src=\"\/\/s3-eu-west-1.amazonaws.com\/tpd\/logos\/6617aecf4e6fa9ea40f2b01a\/0x0.png\" alt=\"Bantoro\">\r\n\t\t\t\t\t\t<h2 class=\"brtpmj_business_name\">Bantoro<\/h2>\r\n\t\t\t\t\t<\/div><p class=\"brtpmj_business_ratings\">\r\n\t\t\t\t\t\t<span class=\"brtpmj_br_score\">4.8<\/span>\r\n\t\t\t\t\t\t<span class=\"brtpmj_br_score_img\"><img decoding=\"async\" src=\"https:\/\/bantoro.com\/wp-content\/plugins\/better-business-reviews\/assets\/stars-5.svg\" alt=\"5 stars\"><\/span>\r\n\t\t\t\t\t\t<span class=\"brtpmj_br_count\">39 Reviews<\/span>\r\n\t\t\t\t\t<\/p><div class=\"\"><div class=\"brtpmj_all_reviews\"><div class=\"brtpmj_single_rvw\">\r\n\t\t\t\t\t\t\t\t\t\r\n\t\t\t\t\t\t<div class=\"brtpmj_sr_author_overview\">\r\n\t\t\t\t\t\t\t\r\n\t\t\t\t\t\t\t<div class=\"brtpmj_sr_ab_img\"><span>LvV<\/span><\/div>\r\n\t\t\t\t\t\t\t<div class=\"brtpmj_sr_ab_name_date\">\r\n\t\t\t\t\t\t\t\t<span class=\"brtpmj_sr_ab_name\">LB vd Vuurst<\/span>\r\n\t\t\t\t\t\t\t\t<span class=\"brtpmj_sr_ab_date\">2025-08-15<\/span>\r\n\t\t\t\t\t\t\t<\/div>\r\n\t\t\t\t\t\t\t\r\n\t\t\t\t\t\t<\/div>\r\n\t\t\t\t\t\t\r\n\t\t\t\t\t\t<div class=\"brtpmj_sr_rating\">\r\n\t\t\t\t\t\t\t<span class=\"brtpmj_br_score_img\"><img decoding=\"async\" src=\"https:\/\/bantoro.com\/wp-content\/plugins\/better-business-reviews\/assets\/stars-5.svg\" alt=\"5 stars\"><\/span>\r\n\t\t\t\t\t\t<\/div>\r\n\t\t\t\t\t\t\r\n\t\t\t\t\t\t<div class=\"brtpmj_sr_title\">\r\n\t\t\t\t\t\t\t<h4>Great communication fast shipping<\/h4>\r\n\t\t\t\t\t\t<\/div>\r\n\t\t\t\t\t\t\r\n\t\t\t\t\t\t<div class=\"brtpmj_sr_title\">\r\n\t\t\t\t\t\t\t<p>I placed an order of 2 items but one of the items what we asked for wasnt available. Within 12 hours i got an email with a other suggestions, and so we did a different order. It was shipped really, really fast. And the communication was great. Thank you Jane. Everything recieved and we are happy.<\/p>\r\n\t\t\t\t\t\t<\/div>\r\n\t\t\t\t\t\t\r\n\t\t\t\t\t<\/div><div class=\"brtpmj_single_rvw\">\r\n\t\t\t\t\t\t\t\t\t\r\n\t\t\t\t\t\t<div class=\"brtpmj_sr_author_overview\">\r\n\t\t\t\t\t\t\t\r\n\t\t\t\t\t\t\t<div class=\"brtpmj_sr_ab_img\"><img decoding=\"async\" src=\"https:\/\/user-images.trustpilot.com\/6896a2719600690944faa5c3\/73x73.png\"><\/div>\r\n\t\t\t\t\t\t\t<div class=\"brtpmj_sr_ab_name_date\">\r\n\t\t\t\t\t\t\t\t<span class=\"brtpmj_sr_ab_name\">Jang Yun Boo<\/span>\r\n\t\t\t\t\t\t\t\t<span class=\"brtpmj_sr_ab_date\">2025-08-09<\/span>\r\n\t\t\t\t\t\t\t<\/div>\r\n\t\t\t\t\t\t\t\r\n\t\t\t\t\t\t<\/div>\r\n\t\t\t\t\t\t\r\n\t\t\t\t\t\t<div class=\"brtpmj_sr_rating\">\r\n\t\t\t\t\t\t\t<span class=\"brtpmj_br_score_img\"><img decoding=\"async\" src=\"https:\/\/bantoro.com\/wp-content\/plugins\/better-business-reviews\/assets\/stars-5.svg\" alt=\"5 stars\"><\/span>\r\n\t\t\t\t\t\t<\/div>\r\n\t\t\t\t\t\t\r\n\t\t\t\t\t\t<div class=\"brtpmj_sr_title\">\r\n\t\t\t\t\t\t\t<h4>Lots of Thanks from south Korea Seoul<\/h4>\r\n\t\t\t\t\t\t<\/div>\r\n\t\t\t\t\t\t\r\n\t\t\t\t\t\t<div class=\"brtpmj_sr_title\">\r\n\t\t\t\t\t\t\t<p>Lots of Thanks from south Korea Seoul. well look after service. good tracking infomation. We received item perfectly good shape. very happy about it is all real leather and good quality.<\/p>\r\n\t\t\t\t\t\t<\/div>\r\n\t\t\t\t\t\t\r\n\t\t\t\t\t<\/div><div class=\"brtpmj_single_rvw\">\r\n\t\t\t\t\t\t\t\t\t\r\n\t\t\t\t\t\t<div class=\"brtpmj_sr_author_overview\">\r\n\t\t\t\t\t\t\t\r\n\t\t\t\t\t\t\t<div class=\"brtpmj_sr_ab_img\"><img decoding=\"async\" src=\"https:\/\/user-images.trustpilot.com\/60363e1eeea92f001b60a322\/73x73.png\"><\/div>\r\n\t\t\t\t\t\t\t<div class=\"brtpmj_sr_ab_name_date\">\r\n\t\t\t\t\t\t\t\t<span class=\"brtpmj_sr_ab_name\">~ E ~<\/span>\r\n\t\t\t\t\t\t\t\t<span class=\"brtpmj_sr_ab_date\">2025-08-06<\/span>\r\n\t\t\t\t\t\t\t<\/div>\r\n\t\t\t\t\t\t\t\r\n\t\t\t\t\t\t<\/div>\r\n\t\t\t\t\t\t\r\n\t\t\t\t\t\t<div class=\"brtpmj_sr_rating\">\r\n\t\t\t\t\t\t\t<span class=\"brtpmj_br_score_img\"><img decoding=\"async\" src=\"https:\/\/bantoro.com\/wp-content\/plugins\/better-business-reviews\/assets\/stars-5.svg\" alt=\"5 stars\"><\/span>\r\n\t\t\t\t\t\t<\/div>\r\n\t\t\t\t\t\t\r\n\t\t\t\t\t\t<div class=\"brtpmj_sr_title\">\r\n\t\t\t\t\t\t\t<h4>This is my second order<\/h4>\r\n\t\t\t\t\t\t<\/div>\r\n\t\t\t\t\t\t\r\n\t\t\t\t\t\t<div class=\"brtpmj_sr_title\">\r\n\t\t\t\t\t\t\t<p>This is my second order. Previously I was very happy and satisfied with everything. This time Bantoro even achieved a higher level of customer satisfaction. I needed a whip for the upcoming weekend. And when I contacted the customer service, they could not promise me a guaranteed delivery date other than an expected ETA of 3 - 5 days, also due to possible customs delays. Totally understandable. I had faith in Bantoro because last time, it took only four days from the UK to NL. I ordered the whip on monday and it was shipped the same day because they wanted to make sure I got it on time. It was delivered on wednesday early afternoon!!! Still love the quality of the whip for a great price, and your customer service is next level. Thanks Bantoro!<\/p>\r\n\t\t\t\t\t\t<\/div>\r\n\t\t\t\t\t\t\r\n\t\t\t\t\t<\/div><\/div><\/div><\/div><\/span><\/p>\n","protected":false},"excerpt":{"rendered":"<ul>\n<li><strong>Fouet en cuir de kangourou premium \u00e0 16 brins<\/strong>, fabriqu\u00e9 \u00e0 la main pour la durabilit\u00e9 et une performance de claquement puissant.<\/li>\n<li>Erh\u00e4ltlich in Gr\u00f6\u00dfen von 4 ft bis 24 ft (1,2 m bis 7,3 m).<\/li>\n<li>Hergestellt aus echtem K\u00e4nguruleder f\u00fcr Flexibilit\u00e4t, Balance und Kontrolle.<\/li>\n<li><strong>9-Zoll-Griff <\/strong>mit <strong>Edelstahlkern f\u00fcr<\/strong> pr\u00e4zise Handhabung.<\/li>\n<li>Inklusive Leder-G\u00fcrtelhalter, 2 Ersatz-Falls sowie Crackern\/Poppers im Wert von \u00a320.<\/li>\n<li>Ideal f\u00fcr <strong>Peitschenschlag-Enthusiasten<\/strong>,<strong> professionelle Bullwhip<\/strong>&#8211;<strong>Nutzer<\/strong> und Sammler.<\/li>\n<\/ul>\n","protected":false},"featured_media":14978,"comment_status":"closed","ping_status":"closed","template":"","meta":[],"product_brand":[],"product_cat":[721],"product_tag":[1498,1676,1746,1222,1653,1686,723,1964,1067,1796],"class_list":{"0":"post-14987","1":"product","2":"type-product","3":"status-publish","4":"has-post-thumbnail","6":"product_cat-fouets-en-cuir-de-kangourou","7":"product_tag-coussin-de-ventre-interieur","8":"product_tag-equestre","9":"product_tag-fouet","10":"product_tag-fouet-a-16-tresses","11":"product_tag-fouet-claquant","12":"product_tag-fouet-dequitation-2","13":"product_tag-fouet-de-kangourou","14":"product_tag-ouet-sonore","15":"product_tag-peau-de-kangourou-peitsche","16":"product_tag-poignee-en-acier","18":"first","19":"instock","20":"sale","21":"featured","22":"taxable","23":"shipping-taxable","24":"purchasable","25":"product-type-variable","26":"has-default-attributes"},"_links":{"self":[{"href":"https:\/\/bantoro.com\/fr\/wp-json\/wp\/v2\/product\/14987","targetHints":{"allow":["GET"]}}],"collection":[{"href":"https:\/\/bantoro.com\/fr\/wp-json\/wp\/v2\/product"}],"about":[{"href":"https:\/\/bantoro.com\/fr\/wp-json\/wp\/v2\/types\/product"}],"replies":[{"embeddable":true,"href":"https:\/\/bantoro.com\/fr\/wp-json\/wp\/v2\/comments?post=14987"}],"wp:featuredmedia":[{"embeddable":true,"href":"https:\/\/bantoro.com\/fr\/wp-json\/wp\/v2\/media\/14978"}],"wp:attachment":[{"href":"https:\/\/bantoro.com\/fr\/wp-json\/wp\/v2\/media?parent=14987"}],"wp:term":[{"taxonomy":"product_brand","embeddable":true,"href":"https:\/\/bantoro.com\/fr\/wp-json\/wp\/v2\/product_brand?post=14987"},{"taxonomy":"product_cat","embeddable":true,"href":"https:\/\/bantoro.com\/fr\/wp-json\/wp\/v2\/product_cat?post=14987"},{"taxonomy":"product_tag","embeddable":true,"href":"https:\/\/bantoro.com\/fr\/wp-json\/wp\/v2\/product_tag?post=14987"}],"curies":[{"name":"wp","href":"https:\/\/api.w.org\/{rel}","templated":true}]}}