{"id":14031,"date":"2023-01-07T16:51:25","date_gmt":"2023-01-07T16:51:25","guid":{"rendered":"https:\/\/bantoro.com\/shop\/non%20class\u00e9\/fouet-noir-en-nylon-fouet-en-paracorde-a-16-brins-pour-lentrainement-et-la-performance\/"},"modified":"2026-04-18T13:26:31","modified_gmt":"2026-04-18T12:26:31","slug":"nylon-paracorde-noir","status":"publish","type":"product","link":"https:\/\/bantoro.com\/fr\/boutique\/bullwhips-en-nylon-paracorde\/nylon-paracorde-noir\/","title":{"rendered":"Fouet noir en nylon \u2013 fouet en paracorde \u00e0 16 brins pour l\u2019entra\u00eenement et la performance"},"content":{"rendered":"<p style=\"text-align: center;\"><\/p>\n<div class=\"epyt-video-wrapper\"><iframe  id=\"_ytid_56642\"  width=\"800\" height=\"450\"  data-origwidth=\"800\" data-origheight=\"450\" src=\"https:\/\/www.youtube.com\/embed\/Da2LA7O8OBQ[\/embedyt]<\/p>\n<p>?enablejsapi=1&#038;autoplay=0&#038;cc_load_policy=0&#038;cc_lang_pref=&#038;iv_load_policy=1&#038;loop=0&#038;rel=0&#038;fs=1&#038;playsinline=0&#038;autohide=2&#038;theme=dark&#038;color=red&#038;controls=1&#038;disablekb=0&#038;\u00a0\u00bb class=\u00a0\u00bb__youtube_prefs__  epyt-is-override  no-lazyload\u00a0\u00bb data-vol=\u00a0\u00bb50&Prime;  title=\u00a0\u00bbYouTube player\u00a0\u00bb  allow=\u00a0\u00bbfullscreen; accelerometer; autoplay; clipboard-write; encrypted-media; gyroscope; picture-in-picture; web-share\u00a0\u00bb referrerpolicy=\u00a0\u00bbstrict-origin-when-cross-origin\u00a0\u00bb allowfullscreen data-no-lazy=\u00a0\u00bb1&Prime; data-skipgform_ajax_framebjll=\u00a0\u00bb\u00a0\u00bb><\/iframe><\/div>\n<p>Fouet en nylon, con\u00e7u pour l\u2019entra\u00eenement et la performance. Ce bullwhip en paracorde est id\u00e9al pour les utilisateurs recherchant un fouet en nylon, un fouet en paracorde ou un \u00e9quipement professionnel pour le claquement du fouet.<\/p>\n<p style=\"text-align: center;\">Nous vous pr\u00e9sentons le<strong> fouet noir en nylon paracorde.<\/strong><\/p>\n<p>Nous vous pr\u00e9sentons le <em>Fouet noir en nylon paracorde<\/em> \u2013 l\u2019outil ultime pour les professionnels et les passionn\u00e9s. Ce <em>fouet lourd,<\/em> fabriqu\u00e9 \u00e0 la main avec expertise, pr\u00e9sente une conception tress\u00e9e \u00e0 16 brins pour une durabilit\u00e9 et une flexibilit\u00e9 accrues, ce qui en fait un indispensable pour le claquement du fouet, l\u2019entra\u00eenement et la performance. Disponible en plusieurs tailles, de 4 pieds \u00e0 24 pieds, ce fouet produit un claquement fort et net qui garantit que votre pr\u00e9sence soit toujours remarqu\u00e9e. Ce fouet en nylon offre un excellent contr\u00f4le et une grande durabilit\u00e9 pour des performances constantes.<\/p>\n<p>Fabriqu\u00e9 \u00e0 partir de <em>paracorde\/nylon<\/em> de haute qualit\u00e9 et durable, ce <em>fouet<\/em> est \u00e9galement \u00e9quip\u00e9 d\u2019un manche de 9 pouces avec un noyau en acier inoxydable pour un meilleur \u00e9quilibre et un contr\u00f4le optimal. Le set comprend \u00e9galement un porte-ceinture en cuir, 2 chutes de rechange, ainsi que des crackers\/poppers d\u2019une valeur de 20,00 \u00a3 (sous r\u00e9serve de disponibilit\u00e9).<\/p>\n<p>Parfait pour les d\u00e9butants comme pour les utilisateurs avanc\u00e9s, ce fouet est con\u00e7u pour une prise en main facile gr\u00e2ce \u00e0 une dragonne de poignet et une boucle de suspension pour le rangement. Que vous soyez un artiste professionnel du fouet ou que vous souhaitiez simplement vous entra\u00eener, ce bullwhip en paracorde est con\u00e7u pour r\u00e9sister \u00e0 une utilisation r\u00e9p\u00e9t\u00e9e tout en conservant sa forme et la qualit\u00e9 de son claquement.<\/p>\n<p data-start=\"2270\" data-end=\"2299\"><strong data-start=\"2270\" data-end=\"2299\">Explorez la cat\u00e9gorie associ\u00e9e :<\/strong><\/p>\n<ul data-start=\"2301\" data-end=\"2327\">\n<li data-start=\"2301\" data-end=\"2327\"><a href=\"https:\/\/bantoro.com\/fr\/cat\u00e9gorie-produit\/bullwhips-en-nylon-paracorde\/\">Fouets de dressage en nylon paracorde<\/a><\/li>\n<\/ul>\n<p>Pour plus d\u2019informations sur la ma\u00eetrise de votre fouet, consultez <a href=\"https:\/\/bantoro.com\/Rodage du bullwhip et ma\u00eetrise de votre fouet&lt;br&gt;&lt;br&gt;\" target=\"_new\" rel=\"noopener\">notre guide pour assouplir un bullwhip et ma\u00eetriser votre fouet<\/a>. Vous ne savez pas quelle taille choisir ? Consultez notre <a href=\"https:\/\/bantoro.com\/Guide des tailles et longueurs de fouets\">guide des tailles de fouets<\/a> pour choisir la bonne longueur. D\u00e9couvrez tous nos bullwhips et accessoires sur <a href=\"https:\/\/bantoro.com\/fr\/\" target=\"_new\" rel=\"noopener\">Bantoro.com.<\/a><\/p>\n<div class=\"brtpmj_reviews_container\"><div class=\"brtpmj_businessheader\">\r\n\t\t\t\t\t\t<img decoding=\"async\" src=\"\/\/s3-eu-west-1.amazonaws.com\/tpd\/logos\/6617aecf4e6fa9ea40f2b01a\/0x0.png\" alt=\"Bantoro\">\r\n\t\t\t\t\t\t<h2 class=\"brtpmj_business_name\">Bantoro<\/h2>\r\n\t\t\t\t\t<\/div><p class=\"brtpmj_business_ratings\">\r\n\t\t\t\t\t\t<span class=\"brtpmj_br_score\">4.8<\/span>\r\n\t\t\t\t\t\t<span class=\"brtpmj_br_score_img\"><img decoding=\"async\" src=\"https:\/\/bantoro.com\/wp-content\/plugins\/better-business-reviews\/assets\/stars-5.svg\" alt=\"5 stars\"><\/span>\r\n\t\t\t\t\t\t<span class=\"brtpmj_br_count\">39 Reviews<\/span>\r\n\t\t\t\t\t<\/p><div class=\"\"><div class=\"brtpmj_all_reviews\"><div class=\"brtpmj_single_rvw\">\r\n\t\t\t\t\t\t\t\t\t\r\n\t\t\t\t\t\t<div class=\"brtpmj_sr_author_overview\">\r\n\t\t\t\t\t\t\t\r\n\t\t\t\t\t\t\t<div class=\"brtpmj_sr_ab_img\"><span>LvV<\/span><\/div>\r\n\t\t\t\t\t\t\t<div class=\"brtpmj_sr_ab_name_date\">\r\n\t\t\t\t\t\t\t\t<span class=\"brtpmj_sr_ab_name\">LB vd Vuurst<\/span>\r\n\t\t\t\t\t\t\t\t<span class=\"brtpmj_sr_ab_date\">2025-08-15<\/span>\r\n\t\t\t\t\t\t\t<\/div>\r\n\t\t\t\t\t\t\t\r\n\t\t\t\t\t\t<\/div>\r\n\t\t\t\t\t\t\r\n\t\t\t\t\t\t<div class=\"brtpmj_sr_rating\">\r\n\t\t\t\t\t\t\t<span class=\"brtpmj_br_score_img\"><img decoding=\"async\" src=\"https:\/\/bantoro.com\/wp-content\/plugins\/better-business-reviews\/assets\/stars-5.svg\" alt=\"5 stars\"><\/span>\r\n\t\t\t\t\t\t<\/div>\r\n\t\t\t\t\t\t\r\n\t\t\t\t\t\t<div class=\"brtpmj_sr_title\">\r\n\t\t\t\t\t\t\t<h4>Great communication fast shipping<\/h4>\r\n\t\t\t\t\t\t<\/div>\r\n\t\t\t\t\t\t\r\n\t\t\t\t\t\t<div class=\"brtpmj_sr_title\">\r\n\t\t\t\t\t\t\t<p>I placed an order of 2 items but one of the items what we asked for wasnt available. Within 12 hours i got an email with a other suggestions, and so we did a different order. It was shipped really, really fast. And the communication was great. Thank you Jane. Everything recieved and we are happy.<\/p>\r\n\t\t\t\t\t\t<\/div>\r\n\t\t\t\t\t\t\r\n\t\t\t\t\t<\/div><div class=\"brtpmj_single_rvw\">\r\n\t\t\t\t\t\t\t\t\t\r\n\t\t\t\t\t\t<div class=\"brtpmj_sr_author_overview\">\r\n\t\t\t\t\t\t\t\r\n\t\t\t\t\t\t\t<div class=\"brtpmj_sr_ab_img\"><img decoding=\"async\" src=\"https:\/\/user-images.trustpilot.com\/6896a2719600690944faa5c3\/73x73.png\"><\/div>\r\n\t\t\t\t\t\t\t<div class=\"brtpmj_sr_ab_name_date\">\r\n\t\t\t\t\t\t\t\t<span class=\"brtpmj_sr_ab_name\">Jang Yun Boo<\/span>\r\n\t\t\t\t\t\t\t\t<span class=\"brtpmj_sr_ab_date\">2025-08-09<\/span>\r\n\t\t\t\t\t\t\t<\/div>\r\n\t\t\t\t\t\t\t\r\n\t\t\t\t\t\t<\/div>\r\n\t\t\t\t\t\t\r\n\t\t\t\t\t\t<div class=\"brtpmj_sr_rating\">\r\n\t\t\t\t\t\t\t<span class=\"brtpmj_br_score_img\"><img decoding=\"async\" src=\"https:\/\/bantoro.com\/wp-content\/plugins\/better-business-reviews\/assets\/stars-5.svg\" alt=\"5 stars\"><\/span>\r\n\t\t\t\t\t\t<\/div>\r\n\t\t\t\t\t\t\r\n\t\t\t\t\t\t<div class=\"brtpmj_sr_title\">\r\n\t\t\t\t\t\t\t<h4>Lots of Thanks from south Korea Seoul<\/h4>\r\n\t\t\t\t\t\t<\/div>\r\n\t\t\t\t\t\t\r\n\t\t\t\t\t\t<div class=\"brtpmj_sr_title\">\r\n\t\t\t\t\t\t\t<p>Lots of Thanks from south Korea Seoul. well look after service. good tracking infomation. We received item perfectly good shape. very happy about it is all real leather and good quality.<\/p>\r\n\t\t\t\t\t\t<\/div>\r\n\t\t\t\t\t\t\r\n\t\t\t\t\t<\/div><div class=\"brtpmj_single_rvw\">\r\n\t\t\t\t\t\t\t\t\t\r\n\t\t\t\t\t\t<div class=\"brtpmj_sr_author_overview\">\r\n\t\t\t\t\t\t\t\r\n\t\t\t\t\t\t\t<div class=\"brtpmj_sr_ab_img\"><img decoding=\"async\" src=\"https:\/\/user-images.trustpilot.com\/60363e1eeea92f001b60a322\/73x73.png\"><\/div>\r\n\t\t\t\t\t\t\t<div class=\"brtpmj_sr_ab_name_date\">\r\n\t\t\t\t\t\t\t\t<span class=\"brtpmj_sr_ab_name\">~ E ~<\/span>\r\n\t\t\t\t\t\t\t\t<span class=\"brtpmj_sr_ab_date\">2025-08-06<\/span>\r\n\t\t\t\t\t\t\t<\/div>\r\n\t\t\t\t\t\t\t\r\n\t\t\t\t\t\t<\/div>\r\n\t\t\t\t\t\t\r\n\t\t\t\t\t\t<div class=\"brtpmj_sr_rating\">\r\n\t\t\t\t\t\t\t<span class=\"brtpmj_br_score_img\"><img decoding=\"async\" src=\"https:\/\/bantoro.com\/wp-content\/plugins\/better-business-reviews\/assets\/stars-5.svg\" alt=\"5 stars\"><\/span>\r\n\t\t\t\t\t\t<\/div>\r\n\t\t\t\t\t\t\r\n\t\t\t\t\t\t<div class=\"brtpmj_sr_title\">\r\n\t\t\t\t\t\t\t<h4>This is my second order<\/h4>\r\n\t\t\t\t\t\t<\/div>\r\n\t\t\t\t\t\t\r\n\t\t\t\t\t\t<div class=\"brtpmj_sr_title\">\r\n\t\t\t\t\t\t\t<p>This is my second order. Previously I was very happy and satisfied with everything. This time Bantoro even achieved a higher level of customer satisfaction. I needed a whip for the upcoming weekend. And when I contacted the customer service, they could not promise me a guaranteed delivery date other than an expected ETA of 3 - 5 days, also due to possible customs delays. Totally understandable. I had faith in Bantoro because last time, it took only four days from the UK to NL. I ordered the whip on monday and it was shipped the same day because they wanted to make sure I got it on time. It was delivered on wednesday early afternoon!!! Still love the quality of the whip for a great price, and your customer service is next level. Thanks Bantoro!<\/p>\r\n\t\t\t\t\t\t<\/div>\r\n\t\t\t\t\t\t\r\n\t\t\t\t\t<\/div><\/div><\/div><\/div>\n","protected":false},"excerpt":{"rendered":"<p><strong>Fouet noir en nylon \u2013 fouet en paracorde \u00e0 16 brins<\/strong><\/p>\n<ul>\n<li>Disponible en tailles allant de 4 \u00e0 24 pieds<\/li>\n<li>Conception tress\u00e9e \u00e0 16 brins pour une durabilit\u00e9 et une flexibilit\u00e9 accrues<\/li>\n<li>manche de 9 pouces avec noyau en acier inoxydable<\/li>\n<li>Comprend un porte-ceinture en cuir, 2 chutes de rechange et des crackers (claqueurs)<\/li>\n<li>Fabriqu\u00e9 \u00e0 la main, puissant et flexible \u2013 id\u00e9al pour l\u2019entra\u00eenement et la performance<\/li>\n<\/ul>\n","protected":false},"featured_media":14026,"comment_status":"closed","ping_status":"closed","template":"","meta":[],"product_brand":[],"product_cat":[1148],"product_tag":[1266,1979,1498,1062,1676,1746,1222,1980,1653,2003,2006,1790,1857,1964],"class_list":{"0":"post-14031","1":"product","2":"type-product","3":"status-publish","4":"has-post-thumbnail","6":"product_cat-bullwhips-en-nylon-paracorde","7":"product_tag-bullwhip","8":"product_tag-claquement-bruyant-du-fouet","9":"product_tag-coussin-de-ventre-interieur","10":"product_tag-cuir","11":"product_tag-equestre","12":"product_tag-fouet","13":"product_tag-fouet-a-16-tresses","14":"product_tag-fouet-bruyant-2","15":"product_tag-fouet-claquant","16":"product_tag-fouet-en-nylon-2","17":"product_tag-fouet-en-paracorde","18":"product_tag-fouet-fait-main-2","19":"product_tag-fouet-fait-main-4","20":"product_tag-ouet-sonore","22":"first","23":"instock","24":"sale","25":"featured","26":"taxable","27":"shipping-taxable","28":"purchasable","29":"product-type-variable"},"_links":{"self":[{"href":"https:\/\/bantoro.com\/fr\/wp-json\/wp\/v2\/product\/14031","targetHints":{"allow":["GET"]}}],"collection":[{"href":"https:\/\/bantoro.com\/fr\/wp-json\/wp\/v2\/product"}],"about":[{"href":"https:\/\/bantoro.com\/fr\/wp-json\/wp\/v2\/types\/product"}],"replies":[{"embeddable":true,"href":"https:\/\/bantoro.com\/fr\/wp-json\/wp\/v2\/comments?post=14031"}],"wp:featuredmedia":[{"embeddable":true,"href":"https:\/\/bantoro.com\/fr\/wp-json\/wp\/v2\/media\/14026"}],"wp:attachment":[{"href":"https:\/\/bantoro.com\/fr\/wp-json\/wp\/v2\/media?parent=14031"}],"wp:term":[{"taxonomy":"product_brand","embeddable":true,"href":"https:\/\/bantoro.com\/fr\/wp-json\/wp\/v2\/product_brand?post=14031"},{"taxonomy":"product_cat","embeddable":true,"href":"https:\/\/bantoro.com\/fr\/wp-json\/wp\/v2\/product_cat?post=14031"},{"taxonomy":"product_tag","embeddable":true,"href":"https:\/\/bantoro.com\/fr\/wp-json\/wp\/v2\/product_tag?post=14031"}],"curies":[{"name":"wp","href":"https:\/\/api.w.org\/{rel}","templated":true}]}}