{"id":14007,"date":"2023-07-12T21:35:58","date_gmt":"2023-07-12T20:35:58","guid":{"rendered":"https:\/\/bantoro.com\/shop\/non%20class\u00e9\/cravache-en-cuir-tresse-a-8-brins-a-queue-simple-noire-3-pieds\/"},"modified":"2026-04-17T13:53:00","modified_gmt":"2026-04-17T12:53:00","slug":"fouet-a-queue-simple-noir","status":"publish","type":"product","link":"https:\/\/bantoro.com\/fr\/boutique\/cuir-fouets-60-a-90-cm\/fouet-a-queue-simple-noir\/","title":{"rendered":"Cravache en cuir tress\u00e9 \u00e0 8 brins \u00e0 queue simple noire \u2013 3 pieds"},"content":{"rendered":"<p style=\"text-align: center;\"><figure class=\"wp-block-embed wp-block-embed-youtube is-type-video is-provider-youtube epyt-figure\"><div class=\"wp-block-embed__wrapper\"><div class=\"epyt-video-wrapper\"><iframe  id=\"_ytid_17721\"  width=\"800\" height=\"450\"  data-origwidth=\"800\" data-origheight=\"450\" src=\"https:\/\/www.youtube.com\/embed\/nZOx25l0eus?enablejsapi=1&autoplay=0&cc_load_policy=0&cc_lang_pref=&iv_load_policy=1&loop=0&rel=0&fs=1&playsinline=0&autohide=2&theme=dark&color=red&controls=1&disablekb=0&\" class=\"__youtube_prefs__  no-lazyload\" data-vol=\"50\"  title=\"YouTube player\"  allow=\"fullscreen; accelerometer; autoplay; clipboard-write; encrypted-media; gyroscope; picture-in-picture; web-share\" referrerpolicy=\"strict-origin-when-cross-origin\" allowfullscreen data-no-lazy=\"1\" data-skipgform_ajax_framebjll=\"\"><\/iframe><\/div><\/div><\/figure> Le <strong>fouet \u00e0 queue simple noir<\/strong><\/p>\n<p>Am\u00e9liorez votre exp\u00e9rience \u00e9questre avec notre <strong>Fouet \u00e0 queue simple noir<\/strong>, fabriqu\u00e9 avec expertise avec <strong>cuir tress\u00e9 \u00e0 8 brins<\/strong> pour une durabilit\u00e9 accrue et une flexibilit\u00e9 fluide. Ce <strong>fouet en cuir de vachette<\/strong> premium offre une <strong>prise ferme<\/strong> sup\u00e9rieure et est parfait pour tous les types de cavaliers, que vous soyez en entra\u00eenement, en formation ou que vous participiez \u00e0 des courses de saut exaltantes. Avec une longueur de <strong>3 pieds (0,91 m\u00e8tre)<\/strong>, il offre un \u00e9quilibre parfait entre contr\u00f4le et maniabilit\u00e9.<\/p>\n<p>Le fouet est dot\u00e9 d\u2019une <strong>poign\u00e9e antid\u00e9rapante<\/strong> avec une texture tiss\u00e9e \u00e0 la main exquise, le rendant extr\u00eamement confortable et facile \u00e0 tenir. Le <strong>porte-fouet \u00e0 la taille<\/strong> est disponible s\u00e9par\u00e9ment au prix de 10,00 Euro (sous r\u00e9serve de disponibilit\u00e9) afin de garder votre fouet \u00e0 port\u00e9e de main pendant l\u2019entra\u00eenement. Id\u00e9al pour les exercices quotidiens en ext\u00e9rieur ou comme cadeau attentionn\u00e9 pour les passionn\u00e9s d\u2019\u00e9quitation, ce fouet allie style et fonctionnalit\u00e9.<\/p>\n<p>Pour plus d\u2019informations sur l\u2019entretien et la maintenance appropri\u00e9s de votre \u00e9quipement en cuir, consultez notre <strong><a href=\"https:\/\/bantoro.com\/guide-ultime-entretien-fouets-en-cuir\/&lt;br&gt;&lt;br&gt;\" target=\"_new\" rel=\"noopener\">guide sur le Guide ultime d\u2019entretien du bullwhip en cuir.<\/a><\/strong><\/p>\n<p>Situ\u00e9 au <strong>Royaume-Uni<\/strong>, notre fouet est fabriqu\u00e9 avec les meilleurs mat\u00e9riaux afin de vous offrir une qualit\u00e9 et des performances durables. Avant d\u2019acheter, veuillez consulter les r\u00e9glementations douani\u00e8res commerciales locales.<\/p>\n<p>D\u00e9couvrez davantage de produits \u00e9questres haut de gamme sur notre site web : <strong><a href=\"https:\/\/bantoro.com\/fr\/\" target=\"_new\" rel=\"noopener\">Bantoro<\/a><\/strong>.<\/p>\n<p>Pour des conseils sur le rodage de votre fouet et la ma\u00eetrise de vos comp\u00e9tences, consultez \u00ab <strong><a href=\"https:\/\/bantoro.com\/Rodage du bullwhip et ma\u00eetrise de votre fouet&lt;br&gt;&lt;br&gt;\" target=\"_new\" rel=\"noopener\">Rodage du bullwhip et ma\u00eetrise de votre fouet \u00bb.<\/a><\/strong><\/p>\n","protected":false},"excerpt":{"rendered":"<p><strong>Fouet \u00e0 queue simple noir<\/strong><\/p>\n<ul>\n<li><strong>Longueur <\/strong>: 3 pieds \/ 0,91 m\u00e8tre \u2013 Disponible en diff\u00e9rentes tailles, visitez notre boutique Amazon pour plus d\u2019options.<\/li>\n<li><strong>Mat\u00e9riau <\/strong>: fabriqu\u00e9 en <strong>cuir de vachette premium<\/strong> et cuir <strong>pleine fleur<\/strong> pour la durabilit\u00e9 et la flexibilit\u00e9.<\/li>\n<li><strong>Cuir tress\u00e9 \u00e0 8 brins<\/strong> : offre un fouet plus solide et plus durable avec des performances am\u00e9lior\u00e9es.<\/li>\n<li><strong>Prise antid\u00e9rapante <\/strong>: <strong>poign\u00e9e en cuir antid\u00e9rapante <\/strong>avec une texture tiss\u00e9e \u00e0 la main raffin\u00e9e pour un contr\u00f4le maximal.<\/li>\n<li><strong>Polyvalent <\/strong>: id\u00e9al pour l\u2019\u00e9quitation <strong>quotidienne<\/strong>, l\u2019entra\u00eenement, les courses de saut et les activit\u00e9s en ext\u00e9rieur.<\/li>\n<li><strong>Cadeau parfait<\/strong> : un excellent cadeau pour tous les types de cavaliers et passionn\u00e9s d\u2019\u00e9quitation.<\/li>\n<li><strong>Porte-fouet \u00e0 la taille<\/strong> : un <strong>porte-fouet optionnel<\/strong> est disponible au prix de 10,00 \u20ac (promotion disponible, sous r\u00e9serve de stock).<\/li>\n<\/ul>\n","protected":false},"featured_media":13999,"comment_status":"open","ping_status":"closed","template":"","meta":[],"product_brand":[],"product_cat":[1144,686],"product_tag":[1827,1825,1682,920,906,1869,1324,1522,1676,1325],"class_list":{"0":"post-14007","1":"product","2":"type-product","3":"status-publish","4":"has-post-thumbnail","6":"product_cat-cuir-fouets-60-a-90-cm","7":"product_cat-floggers-en-cuir","8":"product_tag-aide-a-lentrainement-a-lequitation","9":"product_tag-cravache-avec-support-de-taille","10":"product_tag-cravache-dequitation-3","11":"product_tag-cravache-dequitation-a-8-tresses","12":"product_tag-cravache-dequitation-de-3-pieds","13":"product_tag-cravache-dequitation-4","14":"product_tag-cravache-dequitation-en-cuir-de-vache","15":"product_tag-cravache-en-cuir-de-vache-noir","16":"product_tag-equestre","17":"product_tag-fouet-en-cuir-de-vache","19":"first","20":"instock","21":"sale","22":"taxable","23":"shipping-taxable","24":"purchasable","25":"product-type-simple"},"_links":{"self":[{"href":"https:\/\/bantoro.com\/fr\/wp-json\/wp\/v2\/product\/14007","targetHints":{"allow":["GET"]}}],"collection":[{"href":"https:\/\/bantoro.com\/fr\/wp-json\/wp\/v2\/product"}],"about":[{"href":"https:\/\/bantoro.com\/fr\/wp-json\/wp\/v2\/types\/product"}],"replies":[{"embeddable":true,"href":"https:\/\/bantoro.com\/fr\/wp-json\/wp\/v2\/comments?post=14007"}],"wp:featuredmedia":[{"embeddable":true,"href":"https:\/\/bantoro.com\/fr\/wp-json\/wp\/v2\/media\/13999"}],"wp:attachment":[{"href":"https:\/\/bantoro.com\/fr\/wp-json\/wp\/v2\/media?parent=14007"}],"wp:term":[{"taxonomy":"product_brand","embeddable":true,"href":"https:\/\/bantoro.com\/fr\/wp-json\/wp\/v2\/product_brand?post=14007"},{"taxonomy":"product_cat","embeddable":true,"href":"https:\/\/bantoro.com\/fr\/wp-json\/wp\/v2\/product_cat?post=14007"},{"taxonomy":"product_tag","embeddable":true,"href":"https:\/\/bantoro.com\/fr\/wp-json\/wp\/v2\/product_tag?post=14007"}],"curies":[{"name":"wp","href":"https:\/\/api.w.org\/{rel}","templated":true}]}}