{"id":13953,"date":"2026-04-16T12:52:43","date_gmt":"2026-04-16T11:52:43","guid":{"rendered":"https:\/\/bantoro.com\/?post_type=product&#038;p=13953"},"modified":"2026-04-16T13:25:32","modified_gmt":"2026-04-16T12:25:32","slug":"fouet-flogger-en-cuir-rouge-et-noir-de-3-pieds-dragon-tail-a-8-brins-tresses-paddle-bullwhip-copy","status":"publish","type":"product","link":"https:\/\/bantoro.com\/fr\/boutique\/floggers-en-cuir\/fouet-flogger-en-cuir-rouge-et-noir-de-3-pieds-dragon-tail-a-8-brins-tresses-paddle-bullwhip-copy\/","title":{"rendered":"Fouet Flogger en cuir rouge et noir de 3 pieds \u2013 Dragon Tail \u00e0 8 brins tress\u00e9s \u2013 Paddle \/ Bullwhip (Copy)"},"content":{"rendered":"<p>Lib\u00e9rez votre esprit d\u2019aventure avec ce f<strong>ouet flogger en cuir rouge et noir de 3 pieds<\/strong>, fabriqu\u00e9 \u00e0 partir de cuir v\u00e9ritable 100 % de qualit\u00e9 sup\u00e9rieure. Ce <strong>fouet Dragon Tail \u00e0 une seule lani\u00e8re avec 8 brins tress\u00e9s<\/strong> pr\u00e9sente un design souple et flexible pour une utilisation facile, offrant un contr\u00f4le ferme gr\u00e2ce \u00e0 sa poign\u00e9e antid\u00e9rapante.<br \/>Parfait <strong>pour la fess\u00e9e, le paddling et le jeu avec fouet,<\/strong> cet outil polyvalent est un ajout indispensable \u00e0 votre collection. Ce flogger Dragon Tail combine le contr\u00f4le d\u2019un fouet en cuir avec la flexibilit\u00e9 remarquable d\u2019un fouet de flagellation traditionnel.   <\/p>\n<p>Principales caract\u00e9ristiques :<\/p>\n<ul>\n<li><strong>Longueur <\/strong>: 3 pieds \/ 0,91 m\u00e8tre \u2013 Comprend un slap en cuir de dragon de 12 pouces de long<\/li>\n<li><strong>Mat\u00e9riau :<\/strong> Fabriqu\u00e9 en cuir v\u00e9ritable 100 % premium, cuir pleine fleur garantissant une grande durabilit\u00e9<\/li>\n<li><strong>Design <\/strong>: 8 brins tress\u00e9s offrant une action lisse et une grande durabilit\u00e9<\/li>\n<li><strong>Poign\u00e9e <\/strong>: Antid\u00e9rapante avec une texture tress\u00e9e \u00e0 la main, offrant une prise en main confortable<\/li>\n<li><strong>Inclus : <\/strong>\u00c9tui de ceinture en cuir d\u2019une valeur de 10 \u00a3<\/li>\n<li><strong>Couleur <\/strong>: Rouge et noir (Remarque : la couleur peut l\u00e9g\u00e8rement diff\u00e9rer de l\u2019image du produit)<\/li>\n<li><strong>Origine <\/strong>: Royaume-Uni \u2013 veuillez v\u00e9rifier les r\u00e9glementations douani\u00e8res locales<\/li>\n<\/ul>\n<p>Que vous soyez un passionn\u00e9 de fouets exp\u00e9riment\u00e9 ou que vous d\u00e9butiez, ce <strong>bullwhip flogger en cuir offre<\/strong> l\u2019\u00e9quilibre parfait entre style, puissance et pr\u00e9cision. Son design \u00e0 lani\u00e8re unique (single tail) en fait un fouet flogger polyvalent, adapt\u00e9 aussi bien aux d\u00e9butants qu\u2019aux utilisateurs exp\u00e9riment\u00e9s.<br \/>Pour en savoir plus sur l\u2019<strong>entretien et le soin des fouets,<\/strong> consultez notre <a target=\"_new\" rel=\"noopener\">Guide ultime d\u2019entretien des bullwhips en cuir<\/a> ou am\u00e9liorez votre technique gr\u00e2ce \u00e0 notr Rodage du bullwhip et ma\u00eetrise de votre fouet. e guide <strong data-start=\"2971\" data-end=\"2991\"><a href=\"https:\/\/bantoro.com\/fr\/rodage-fouet-et-maitrise-du-fouet\/\" target=\"_new\" rel=\"noopener\">Rodage du bullwhip et ma\u00eetrise de votre fouet.<\/a><\/strong><br \/>D\u00e9couvrez \u00e9galement d\u2019autres cr\u00e9ations artisanales dans notre collection <strong data-start=\"3017\" data-end=\"3048\"><a href=\"https:\/\/bantoro.com\/fr\/cat\u00e9gorie-produit\/floggers-en-cuir\/\">Floggers en cuir,<\/a><\/strong> ou parcourez notre cat\u00e9gorie <a href=\"https:\/\/bantoro.com\/fr\/cat\u00e9gorie-produit\/cuir-fouets-60-a-90-cm\/\">Fouets en cuir (2 \u00e0 3 pieds)<\/a> pour des mod\u00e8les compacts similaires.   <\/p>\n<h3 data-section-id=\"ul2pwc\" data-start=\"2997\" data-end=\"3027\">Foire aux questions<\/h3>\n<p data-start=\"3029\" data-end=\"3063\"><strong data-start=\"3029\" data-end=\"3063\">Qu\u2019est-ce qu\u2019un flogger dragon tail\u202f?<\/strong><\/p>\n<p data-start=\"3065\" data-end=\"3225\">Un flogger dragon tail est un fouet en cuir \u00e0 une seule lani\u00e8re, con\u00e7u avec une queue large et flexible qui offre un impact net mais contr\u00f4l\u00e9 lors du jeu ou de l\u2019entra\u00eenement au fouet.<\/p>\n<p data-start=\"3227\" data-end=\"3283\"><strong data-start=\"3227\" data-end=\"3283\">Ce fouet flogger en cuir convient-il aux d\u00e9butants\u202f?<\/strong><\/p>\n<p data-start=\"3285\" data-end=\"3447\">Oui, le design \u00e9quilibr\u00e9 de 3 pieds et la poign\u00e9e antid\u00e9rapante rendent ce fouet flogger en cuir plus facile \u00e0 contr\u00f4ler pour les d\u00e9butants, tout en offrant suffisamment de puissance pour les utilisateurs exp\u00e9riment\u00e9s.<\/p>\n<p data-start=\"3285\" data-end=\"3447\"><span data-teams=\"true\"><div class=\"brtpmj_reviews_container\"><div class=\"brtpmj_businessheader\">\r\n\t\t\t\t\t\t<img decoding=\"async\" src=\"\/\/s3-eu-west-1.amazonaws.com\/tpd\/logos\/6617aecf4e6fa9ea40f2b01a\/0x0.png\" alt=\"Bantoro\">\r\n\t\t\t\t\t\t<h2 class=\"brtpmj_business_name\">Bantoro<\/h2>\r\n\t\t\t\t\t<\/div><p class=\"brtpmj_business_ratings\">\r\n\t\t\t\t\t\t<span class=\"brtpmj_br_score\">4.8<\/span>\r\n\t\t\t\t\t\t<span class=\"brtpmj_br_score_img\"><img decoding=\"async\" src=\"https:\/\/bantoro.com\/wp-content\/plugins\/better-business-reviews\/assets\/stars-5.svg\" alt=\"5 stars\"><\/span>\r\n\t\t\t\t\t\t<span class=\"brtpmj_br_count\">39 Reviews<\/span>\r\n\t\t\t\t\t<\/p><div class=\"\"><div class=\"brtpmj_all_reviews\"><div class=\"brtpmj_single_rvw\">\r\n\t\t\t\t\t\t\t\t\t\r\n\t\t\t\t\t\t<div class=\"brtpmj_sr_author_overview\">\r\n\t\t\t\t\t\t\t\r\n\t\t\t\t\t\t\t<div class=\"brtpmj_sr_ab_img\"><span>LvV<\/span><\/div>\r\n\t\t\t\t\t\t\t<div class=\"brtpmj_sr_ab_name_date\">\r\n\t\t\t\t\t\t\t\t<span class=\"brtpmj_sr_ab_name\">LB vd Vuurst<\/span>\r\n\t\t\t\t\t\t\t\t<span class=\"brtpmj_sr_ab_date\">2025-08-15<\/span>\r\n\t\t\t\t\t\t\t<\/div>\r\n\t\t\t\t\t\t\t\r\n\t\t\t\t\t\t<\/div>\r\n\t\t\t\t\t\t\r\n\t\t\t\t\t\t<div class=\"brtpmj_sr_rating\">\r\n\t\t\t\t\t\t\t<span class=\"brtpmj_br_score_img\"><img decoding=\"async\" src=\"https:\/\/bantoro.com\/wp-content\/plugins\/better-business-reviews\/assets\/stars-5.svg\" alt=\"5 stars\"><\/span>\r\n\t\t\t\t\t\t<\/div>\r\n\t\t\t\t\t\t\r\n\t\t\t\t\t\t<div class=\"brtpmj_sr_title\">\r\n\t\t\t\t\t\t\t<h4>Great communication fast shipping<\/h4>\r\n\t\t\t\t\t\t<\/div>\r\n\t\t\t\t\t\t\r\n\t\t\t\t\t\t<div class=\"brtpmj_sr_title\">\r\n\t\t\t\t\t\t\t<p>I placed an order of 2 items but one of the items what we asked for wasnt available. Within 12 hours i got an email with a other suggestions, and so we did a different order. It was shipped really, really fast. And the communication was great. Thank you Jane. Everything recieved and we are happy.<\/p>\r\n\t\t\t\t\t\t<\/div>\r\n\t\t\t\t\t\t\r\n\t\t\t\t\t<\/div><div class=\"brtpmj_single_rvw\">\r\n\t\t\t\t\t\t\t\t\t\r\n\t\t\t\t\t\t<div class=\"brtpmj_sr_author_overview\">\r\n\t\t\t\t\t\t\t\r\n\t\t\t\t\t\t\t<div class=\"brtpmj_sr_ab_img\"><img decoding=\"async\" src=\"https:\/\/user-images.trustpilot.com\/6896a2719600690944faa5c3\/73x73.png\"><\/div>\r\n\t\t\t\t\t\t\t<div class=\"brtpmj_sr_ab_name_date\">\r\n\t\t\t\t\t\t\t\t<span class=\"brtpmj_sr_ab_name\">Jang Yun Boo<\/span>\r\n\t\t\t\t\t\t\t\t<span class=\"brtpmj_sr_ab_date\">2025-08-09<\/span>\r\n\t\t\t\t\t\t\t<\/div>\r\n\t\t\t\t\t\t\t\r\n\t\t\t\t\t\t<\/div>\r\n\t\t\t\t\t\t\r\n\t\t\t\t\t\t<div class=\"brtpmj_sr_rating\">\r\n\t\t\t\t\t\t\t<span class=\"brtpmj_br_score_img\"><img decoding=\"async\" src=\"https:\/\/bantoro.com\/wp-content\/plugins\/better-business-reviews\/assets\/stars-5.svg\" alt=\"5 stars\"><\/span>\r\n\t\t\t\t\t\t<\/div>\r\n\t\t\t\t\t\t\r\n\t\t\t\t\t\t<div class=\"brtpmj_sr_title\">\r\n\t\t\t\t\t\t\t<h4>Lots of Thanks from south Korea Seoul<\/h4>\r\n\t\t\t\t\t\t<\/div>\r\n\t\t\t\t\t\t\r\n\t\t\t\t\t\t<div class=\"brtpmj_sr_title\">\r\n\t\t\t\t\t\t\t<p>Lots of Thanks from south Korea Seoul. well look after service. good tracking infomation. We received item perfectly good shape. very happy about it is all real leather and good quality.<\/p>\r\n\t\t\t\t\t\t<\/div>\r\n\t\t\t\t\t\t\r\n\t\t\t\t\t<\/div><div class=\"brtpmj_single_rvw\">\r\n\t\t\t\t\t\t\t\t\t\r\n\t\t\t\t\t\t<div class=\"brtpmj_sr_author_overview\">\r\n\t\t\t\t\t\t\t\r\n\t\t\t\t\t\t\t<div class=\"brtpmj_sr_ab_img\"><img decoding=\"async\" src=\"https:\/\/user-images.trustpilot.com\/60363e1eeea92f001b60a322\/73x73.png\"><\/div>\r\n\t\t\t\t\t\t\t<div class=\"brtpmj_sr_ab_name_date\">\r\n\t\t\t\t\t\t\t\t<span class=\"brtpmj_sr_ab_name\">~ E ~<\/span>\r\n\t\t\t\t\t\t\t\t<span class=\"brtpmj_sr_ab_date\">2025-08-06<\/span>\r\n\t\t\t\t\t\t\t<\/div>\r\n\t\t\t\t\t\t\t\r\n\t\t\t\t\t\t<\/div>\r\n\t\t\t\t\t\t\r\n\t\t\t\t\t\t<div class=\"brtpmj_sr_rating\">\r\n\t\t\t\t\t\t\t<span class=\"brtpmj_br_score_img\"><img decoding=\"async\" src=\"https:\/\/bantoro.com\/wp-content\/plugins\/better-business-reviews\/assets\/stars-5.svg\" alt=\"5 stars\"><\/span>\r\n\t\t\t\t\t\t<\/div>\r\n\t\t\t\t\t\t\r\n\t\t\t\t\t\t<div class=\"brtpmj_sr_title\">\r\n\t\t\t\t\t\t\t<h4>This is my second order<\/h4>\r\n\t\t\t\t\t\t<\/div>\r\n\t\t\t\t\t\t\r\n\t\t\t\t\t\t<div class=\"brtpmj_sr_title\">\r\n\t\t\t\t\t\t\t<p>This is my second order. Previously I was very happy and satisfied with everything. This time Bantoro even achieved a higher level of customer satisfaction. I needed a whip for the upcoming weekend. And when I contacted the customer service, they could not promise me a guaranteed delivery date other than an expected ETA of 3 - 5 days, also due to possible customs delays. Totally understandable. I had faith in Bantoro because last time, it took only four days from the UK to NL. I ordered the whip on monday and it was shipped the same day because they wanted to make sure I got it on time. It was delivered on wednesday early afternoon!!! Still love the quality of the whip for a great price, and your customer service is next level. Thanks Bantoro!<\/p>\r\n\t\t\t\t\t\t<\/div>\r\n\t\t\t\t\t\t\r\n\t\t\t\t\t<\/div><\/div><\/div><\/div><\/span><\/p>\n","protected":false},"excerpt":{"rendered":"<p><strong> Fouet Flogger en cuir de 3 pieds<\/strong><\/p>\n<ul>\n<li><strong>Fouet Flogger en cuir rouge et noir de 3 pieds<\/strong><\/li>\n<li><strong>Bullwhip Dragon Tail \u00e0 une seule lani\u00e8re, 8 brins tress\u00e9s<\/strong>, de qualit\u00e9 premium<\/li>\n<li>Fabriqu\u00e9 en cuir v\u00e9ritable pleine fleur, avec une poign\u00e9e antid\u00e9rapante et une action flexible.<\/li>\n<li>Comprend un \u00e9tui de ceinture en cuir (valeur de 10 \u00a3).<\/li>\n<li>Id\u00e9al pour la<strong> fess\u00e9e, le paddling<\/strong> et bien plus encore.<\/li>\n<\/ul>\n","protected":false},"featured_media":13975,"comment_status":"open","ping_status":"closed","template":"","meta":[],"product_brand":[],"product_cat":[686],"product_tag":[1880,1937],"class_list":{"0":"post-13953","1":"product","2":"type-product","3":"status-publish","4":"has-post-thumbnail","6":"product_cat-floggers-en-cuir","7":"product_tag-equipement-de-jeu-dimpact","8":"product_tag-fouet-en-cuir-3","10":"first","11":"instock","12":"sale","13":"taxable","14":"shipping-taxable","15":"purchasable","16":"product-type-variable"},"_links":{"self":[{"href":"https:\/\/bantoro.com\/fr\/wp-json\/wp\/v2\/product\/13953","targetHints":{"allow":["GET"]}}],"collection":[{"href":"https:\/\/bantoro.com\/fr\/wp-json\/wp\/v2\/product"}],"about":[{"href":"https:\/\/bantoro.com\/fr\/wp-json\/wp\/v2\/types\/product"}],"replies":[{"embeddable":true,"href":"https:\/\/bantoro.com\/fr\/wp-json\/wp\/v2\/comments?post=13953"}],"wp:featuredmedia":[{"embeddable":true,"href":"https:\/\/bantoro.com\/fr\/wp-json\/wp\/v2\/media\/13975"}],"wp:attachment":[{"href":"https:\/\/bantoro.com\/fr\/wp-json\/wp\/v2\/media?parent=13953"}],"wp:term":[{"taxonomy":"product_brand","embeddable":true,"href":"https:\/\/bantoro.com\/fr\/wp-json\/wp\/v2\/product_brand?post=13953"},{"taxonomy":"product_cat","embeddable":true,"href":"https:\/\/bantoro.com\/fr\/wp-json\/wp\/v2\/product_cat?post=13953"},{"taxonomy":"product_tag","embeddable":true,"href":"https:\/\/bantoro.com\/fr\/wp-json\/wp\/v2\/product_tag?post=13953"}],"curies":[{"name":"wp","href":"https:\/\/api.w.org\/{rel}","templated":true}]}}