{"id":13903,"date":"2024-09-10T13:17:38","date_gmt":"2024-09-10T12:17:38","guid":{"rendered":"https:\/\/bantoro.com\/shop\/non%20class\u00e9\/fouet-serpent-noir-de-3-pieds-avec-extremite-lestee-bille-en-plomb-fouet-en-cuir-a-12-tresses-flexible-et-puissant\/"},"modified":"2026-04-11T13:13:37","modified_gmt":"2026-04-11T12:13:37","slug":"fouet-serpent-a-boule-de-plomb","status":"publish","type":"product","link":"https:\/\/bantoro.com\/fr\/boutique\/fouet-serpent-leste\/fouet-serpent-a-boule-de-plomb\/","title":{"rendered":"Fouet serpent noir de 3 pieds avec extr\u00e9mit\u00e9 lest\u00e9e (bille en plomb), fouet en cuir \u00e0 12 tresses \u2013 flexible et puissant"},"content":{"rendered":"<p>Pr\u00e9sentation du <strong>fouet serpent noir de 3 pieds<\/strong> \u2013 un fouet en cuir haute performance, lest\u00e9 avec billes de plomb, con\u00e7u pour des claquements pr\u00e9cis. Gr\u00e2ce \u00e0 son <strong>tressage en 12 brins<\/strong> et \u00e0 sa <strong>fabrication en cuir de vachette de qualit\u00e9 sup\u00e9rieure,<\/strong> ce fouet garantit \u00e0 la fois durabilit\u00e9 et flexibilit\u00e9. Ce mod\u00e8le fait partie de notre <strong data-start=\"1795\" data-end=\"1832\"><a href=\"https:\/\/bantoro.com\/cat\u00e9gorie de produit&lt;br&gt;\/fouet serpent lest\u00e9\/\">collection de fouets serpent lest\u00e9s, <\/a><\/strong>con\u00e7ue pour am\u00e9liorer la performance de claquement et le contr\u00f4le. Que vous soyez un passionn\u00e9 exp\u00e9riment\u00e9 ou d\u00e9butant, ce fouet offre un excellent contr\u00f4le et une puissance de claquement impressionnante.<\/p>\n<p>Le fouet serpent noir (\u00e9galement connu sous le nom de serpent fouet noir ou fouet de type bullwhip serpent) est un fouet en cuir de 3 pieds, lest\u00e9 de billes, con\u00e7u pour des claquements pr\u00e9cis, l\u2019entra\u00eenement et les performances. Ce fouet serpent \u00e0 vendre est fabriqu\u00e9 pour les d\u00e9butants comme pour les utilisateurs exp\u00e9riment\u00e9s.<\/p>\n<p>Caract\u00e9ristiques principales du <strong>fouet serpent noir de 3 pieds :<\/strong><\/p>\n<ul>\n<li><strong>Conception lest\u00e9e <\/strong>: le fouet est alourdi avec des billes de plomb pour am\u00e9liorer la puissance de claquement.<\/li>\n<li><strong>Construction durable <\/strong>: fabriqu\u00e9 \u00e0 partir de<strong> cuir v\u00e9ritable 100 % <\/strong>de haute qualit\u00e9, avec une \u00e2me compos\u00e9e de <strong>couches de cuir lest\u00e9es<\/strong> et une <strong>structure interne \u00e0 4 couches<\/strong> de cuir pour une durabilit\u00e9 sup\u00e9rieure.<\/li>\n<li>Compact et portable : id\u00e9al pour les petits espaces, ce <strong>fouet serpent flexible <\/strong>est facile \u00e0 manipuler, contrairement au manche rigide des fouets de type bullwhip.<\/li>\n<li><strong>Longueur du fouet<\/strong> : le fouet mesure <strong>3 pieds (0,90 m)<\/strong> au total, comprenant une chute de 16 pouces et un cracker de<strong> 11 pouces, pour une longueur totale de 5,25 pieds (1,6 m).<\/strong><\/li>\n<li>Vous ne savez pas quelle taille de fouet vous convient ? Consultez notre <strong data-start=\"864\" data-end=\"890\"><a href=\"https:\/\/bantoro.com\/Guide des tailles et longueurs de fouets\">guide des tailles de fouets<\/a><\/strong> pour choisir la longueur parfaite.<\/li>\n<li><strong>Accessoires suppl\u00e9mentaires inclus<\/strong> : un <strong>porte-fouet de taille en cuir<\/strong> et<strong> 6 crackers suppl\u00e9mentaires<\/strong>, d\u2019une valeur de 15 \u00a3\/euros.<\/li>\n<li><strong>Prise en main am\u00e9lior\u00e9e<\/strong> : la poign\u00e9e antid\u00e9rapante avec une <strong>texture raffin\u00e9e tress\u00e9e \u00e0 la main<\/strong> rend ce fouet confortable et facile \u00e0 utiliser.<\/li>\n<li><strong>Couleur et mat\u00e9riau<\/strong> : couleur noire et fabriqu\u00e9 en cuir <strong>100 % de qualit\u00e9 sup\u00e9rieure<\/strong> pour une qualit\u00e9 durable.<\/li>\n<li><strong>Livraison gratuite depuis le Royaume-Uni <\/strong>: exp\u00e9dition disponible dans le monde entier. Veuillez v\u00e9rifier la r\u00e9glementation douani\u00e8re de votre pays avant l\u2019achat.<\/li>\n<li>Apprenez \u00e0 <strong>entretenir votre fouet<\/strong> gr\u00e2ce \u00e0 notre <a href=\"https:\/\/bantoro.com\/guide-ultime-entretien-fouets-en-cuir\/&lt;br&gt;&lt;br&gt;\" target=\"_new\" rel=\"noopener\">guide ultime d\u2019entretien des fouets en cuir.<\/a><\/li>\n<\/ul>\n<p>Pour des conseils suppl\u00e9mentaires sur le <strong>rodage de votre fouet<\/strong> et la ma\u00eetrise de vos techniques, consultez ce <a href=\"https:\/\/bantoro.com\/Rodage du bullwhip et ma\u00eetrise de votre fouet&lt;br&gt;&lt;br&gt;\" target=\"_new\" rel=\"noopener\">guide <\/a>utile.<\/p>\n<p><strong>Foire aux questions<\/strong><\/p>\n<p data-start=\"3178\" data-end=\"3340\"><strong data-start=\"3178\" data-end=\"3213\">Q1 : Qu\u2019est-ce qu\u2019un fouet serpent noir ?<\/strong><br data-start=\"3213\" data-end=\"3216\" \/>Un fouet serpent noir est un fouet en cuir flexible sans manche rigide, con\u00e7u pour offrir des claquements fluides et puissants.<\/p>\n<p data-start=\"3342\" data-end=\"3482\"><strong data-start=\"3342\" data-end=\"3383\">Q2 : S\u2019agit-il d\u2019un fouet de type bullwhip ou d\u2019un fouet serpent ?<br \/>\nIl s\u2019agit d\u2019un fouet serpent (snake whip), et non d\u2019un bullwhip.<\/strong><br data-start=\"3383\" data-end=\"3386\" \/>Il s\u2019agit d\u2019un fouet serpent lest\u00e9 (shot-loaded), \u00e9galement connu comme un fouet de type bullwhip flexible sans manche.<\/p>\n<p data-start=\"3484\" data-end=\"3613\"><strong data-start=\"3484\" data-end=\"3525\">Q3 : \u00c0 quoi sert ce fouet serpent ?<br \/>\n<\/strong><br data-start=\"3525\" data-end=\"3528\" \/>Il est utilis\u00e9 pour la pratique du claquement de fouet, l\u2019entra\u00eenement aux performances et les collections.<\/p>\n<p data-start=\"3615\" data-end=\"3739\"><strong data-start=\"3615\" data-end=\"3658\">Q4 : Ce fouet inclut-il des accessoires ?<br \/>\n<\/strong><br data-start=\"3658\" data-end=\"3661\" \/>Oui, il comprend un porte-fouet de taille en cuir et 6 crackers suppl\u00e9mentaires pour une utilisation prolong\u00e9e.<\/p>\n<p data-start=\"3615\" data-end=\"3739\"><div class=\"brtpmj_reviews_container\"><div class=\"brtpmj_businessheader\">\r\n\t\t\t\t\t\t<img decoding=\"async\" src=\"\/\/s3-eu-west-1.amazonaws.com\/tpd\/logos\/6617aecf4e6fa9ea40f2b01a\/0x0.png\" alt=\"Bantoro\">\r\n\t\t\t\t\t\t<h2 class=\"brtpmj_business_name\">Bantoro<\/h2>\r\n\t\t\t\t\t<\/div><p class=\"brtpmj_business_ratings\">\r\n\t\t\t\t\t\t<span class=\"brtpmj_br_score\">4.8<\/span>\r\n\t\t\t\t\t\t<span class=\"brtpmj_br_score_img\"><img decoding=\"async\" src=\"https:\/\/bantoro.com\/wp-content\/plugins\/better-business-reviews\/assets\/stars-5.svg\" alt=\"5 stars\"><\/span>\r\n\t\t\t\t\t\t<span class=\"brtpmj_br_count\">39 Reviews<\/span>\r\n\t\t\t\t\t<\/p><div class=\"\"><div class=\"brtpmj_all_reviews brtpmj_grid_container\"><div class=\"brtpmj_single_rvw\">\r\n\t\t\t\t\t\t\t\t\t\r\n\t\t\t\t\t\t<div class=\"brtpmj_sr_author_overview\">\r\n\t\t\t\t\t\t\t\r\n\t\t\t\t\t\t\t<div class=\"brtpmj_sr_ab_img\"><span>LvV<\/span><\/div>\r\n\t\t\t\t\t\t\t<div class=\"brtpmj_sr_ab_name_date\">\r\n\t\t\t\t\t\t\t\t<span class=\"brtpmj_sr_ab_name\">LB vd Vuurst<\/span>\r\n\t\t\t\t\t\t\t\t<span class=\"brtpmj_sr_ab_date\">2025-08-15<\/span>\r\n\t\t\t\t\t\t\t<\/div>\r\n\t\t\t\t\t\t\t\r\n\t\t\t\t\t\t<\/div>\r\n\t\t\t\t\t\t\r\n\t\t\t\t\t\t<div class=\"brtpmj_sr_rating\">\r\n\t\t\t\t\t\t\t<span class=\"brtpmj_br_score_img\"><img decoding=\"async\" src=\"https:\/\/bantoro.com\/wp-content\/plugins\/better-business-reviews\/assets\/stars-5.svg\" alt=\"5 stars\"><\/span>\r\n\t\t\t\t\t\t<\/div>\r\n\t\t\t\t\t\t\r\n\t\t\t\t\t\t<div class=\"brtpmj_sr_title\">\r\n\t\t\t\t\t\t\t<h4>Great communication fast shipping<\/h4>\r\n\t\t\t\t\t\t<\/div>\r\n\t\t\t\t\t\t\r\n\t\t\t\t\t\t<div class=\"brtpmj_sr_title\">\r\n\t\t\t\t\t\t\t<p>I placed an order of 2 items but one of the items what we asked for wasnt available. Within 12 hours i got an email with a other suggestions, and so we did a different order. It was shipped really, really fast. And the communication was great. Thank you Jane. Everything recieved and we are happy.<\/p>\r\n\t\t\t\t\t\t<\/div>\r\n\t\t\t\t\t\t\r\n\t\t\t\t\t<\/div><div class=\"brtpmj_single_rvw\">\r\n\t\t\t\t\t\t\t\t\t\r\n\t\t\t\t\t\t<div class=\"brtpmj_sr_author_overview\">\r\n\t\t\t\t\t\t\t\r\n\t\t\t\t\t\t\t<div class=\"brtpmj_sr_ab_img\"><img decoding=\"async\" src=\"https:\/\/user-images.trustpilot.com\/6896a2719600690944faa5c3\/73x73.png\"><\/div>\r\n\t\t\t\t\t\t\t<div class=\"brtpmj_sr_ab_name_date\">\r\n\t\t\t\t\t\t\t\t<span class=\"brtpmj_sr_ab_name\">Jang Yun Boo<\/span>\r\n\t\t\t\t\t\t\t\t<span class=\"brtpmj_sr_ab_date\">2025-08-09<\/span>\r\n\t\t\t\t\t\t\t<\/div>\r\n\t\t\t\t\t\t\t\r\n\t\t\t\t\t\t<\/div>\r\n\t\t\t\t\t\t\r\n\t\t\t\t\t\t<div class=\"brtpmj_sr_rating\">\r\n\t\t\t\t\t\t\t<span class=\"brtpmj_br_score_img\"><img decoding=\"async\" src=\"https:\/\/bantoro.com\/wp-content\/plugins\/better-business-reviews\/assets\/stars-5.svg\" alt=\"5 stars\"><\/span>\r\n\t\t\t\t\t\t<\/div>\r\n\t\t\t\t\t\t\r\n\t\t\t\t\t\t<div class=\"brtpmj_sr_title\">\r\n\t\t\t\t\t\t\t<h4>Lots of Thanks from south Korea Seoul<\/h4>\r\n\t\t\t\t\t\t<\/div>\r\n\t\t\t\t\t\t\r\n\t\t\t\t\t\t<div class=\"brtpmj_sr_title\">\r\n\t\t\t\t\t\t\t<p>Lots of Thanks from south Korea Seoul. well look after service. good tracking infomation. We received item perfectly good shape. very happy about it is all real leather and good quality.<\/p>\r\n\t\t\t\t\t\t<\/div>\r\n\t\t\t\t\t\t\r\n\t\t\t\t\t<\/div><div class=\"brtpmj_single_rvw\">\r\n\t\t\t\t\t\t\t\t\t\r\n\t\t\t\t\t\t<div class=\"brtpmj_sr_author_overview\">\r\n\t\t\t\t\t\t\t\r\n\t\t\t\t\t\t\t<div class=\"brtpmj_sr_ab_img\"><img decoding=\"async\" src=\"https:\/\/user-images.trustpilot.com\/60363e1eeea92f001b60a322\/73x73.png\"><\/div>\r\n\t\t\t\t\t\t\t<div class=\"brtpmj_sr_ab_name_date\">\r\n\t\t\t\t\t\t\t\t<span class=\"brtpmj_sr_ab_name\">~ E ~<\/span>\r\n\t\t\t\t\t\t\t\t<span class=\"brtpmj_sr_ab_date\">2025-08-06<\/span>\r\n\t\t\t\t\t\t\t<\/div>\r\n\t\t\t\t\t\t\t\r\n\t\t\t\t\t\t<\/div>\r\n\t\t\t\t\t\t\r\n\t\t\t\t\t\t<div class=\"brtpmj_sr_rating\">\r\n\t\t\t\t\t\t\t<span class=\"brtpmj_br_score_img\"><img decoding=\"async\" src=\"https:\/\/bantoro.com\/wp-content\/plugins\/better-business-reviews\/assets\/stars-5.svg\" alt=\"5 stars\"><\/span>\r\n\t\t\t\t\t\t<\/div>\r\n\t\t\t\t\t\t\r\n\t\t\t\t\t\t<div class=\"brtpmj_sr_title\">\r\n\t\t\t\t\t\t\t<h4>This is my second order<\/h4>\r\n\t\t\t\t\t\t<\/div>\r\n\t\t\t\t\t\t\r\n\t\t\t\t\t\t<div class=\"brtpmj_sr_title\">\r\n\t\t\t\t\t\t\t<p>This is my second order. Previously I was very happy and satisfied with everything. This time Bantoro even achieved a higher level of customer satisfaction. I needed a whip for the upcoming weekend. And when I contacted the customer service, they could not promise me a guaranteed delivery date other than an expected ETA of 3 - 5 days, also due to possible customs delays. Totally understandable. I had faith in Bantoro because last time, it took only four days from the UK to NL. I ordered the whip on monday and it was shipped the same day because they wanted to make sure I got it on time. It was delivered on wednesday early afternoon!!! Still love the quality of the whip for a great price, and your customer service is next level. Thanks Bantoro!<\/p>\r\n\t\t\t\t\t\t<\/div>\r\n\t\t\t\t\t\t\r\n\t\t\t\t\t<\/div><\/div><\/div><\/div><\/p>\n","protected":false},"excerpt":{"rendered":"<p><strong>Fouet serpent noir \u00e0 billes de plomb<\/strong><\/p>\n<ul>\n<li><strong>Fouet serpent<\/strong> avec <strong>billes de plomb lest\u00e9es<\/strong> pour une puissance de claquement am\u00e9lior\u00e9e.<\/li>\n<li>Fabriqu\u00e9 en <strong>cuir v\u00e9ritable de qualit\u00e9 sup\u00e9rieure<\/strong> avec un <strong>tressage durable \u00e0 12 brins.<\/strong><\/li>\n<li>Flexible, portable et parfait pour les espaces restreints.<\/li>\n<li>Comprend des<strong> accessoires suppl\u00e9mentaires <\/strong>tels qu\u2019un porte-fouet de taille en cuir et 6 crackers.<\/li>\n<\/ul>\n","protected":false},"featured_media":13895,"comment_status":"open","ping_status":"closed","template":"","meta":[],"product_brand":[],"product_cat":[1224],"product_tag":[1976,1980,1834,1777,725,1385,1934,1778],"class_list":{"0":"post-13903","1":"product","2":"type-product","3":"status-publish","4":"has-post-thumbnail","6":"product_cat-fouet-serpent-leste","7":"product_tag-fouet-bruyant","8":"product_tag-fouet-bruyant-2","9":"product_tag-fouet-charge","10":"product_tag-fouet-de-serpent","11":"product_tag-fouet-serpent","12":"product_tag-fouet-serpent-charge-de-plomb","13":"product_tag-fouet-serpent-en-cuir","14":"product_tag-fouet-serpent-en-vente","16":"first","17":"instock","18":"sale","19":"taxable","20":"shipping-taxable","21":"purchasable","22":"product-type-simple"},"_links":{"self":[{"href":"https:\/\/bantoro.com\/fr\/wp-json\/wp\/v2\/product\/13903","targetHints":{"allow":["GET"]}}],"collection":[{"href":"https:\/\/bantoro.com\/fr\/wp-json\/wp\/v2\/product"}],"about":[{"href":"https:\/\/bantoro.com\/fr\/wp-json\/wp\/v2\/types\/product"}],"replies":[{"embeddable":true,"href":"https:\/\/bantoro.com\/fr\/wp-json\/wp\/v2\/comments?post=13903"}],"wp:featuredmedia":[{"embeddable":true,"href":"https:\/\/bantoro.com\/fr\/wp-json\/wp\/v2\/media\/13895"}],"wp:attachment":[{"href":"https:\/\/bantoro.com\/fr\/wp-json\/wp\/v2\/media?parent=13903"}],"wp:term":[{"taxonomy":"product_brand","embeddable":true,"href":"https:\/\/bantoro.com\/fr\/wp-json\/wp\/v2\/product_brand?post=13903"},{"taxonomy":"product_cat","embeddable":true,"href":"https:\/\/bantoro.com\/fr\/wp-json\/wp\/v2\/product_cat?post=13903"},{"taxonomy":"product_tag","embeddable":true,"href":"https:\/\/bantoro.com\/fr\/wp-json\/wp\/v2\/product_tag?post=13903"}],"curies":[{"name":"wp","href":"https:\/\/api.w.org\/{rel}","templated":true}]}}