{"id":13840,"date":"2023-10-15T14:37:25","date_gmt":"2023-10-15T13:37:25","guid":{"rendered":"https:\/\/bantoro.com\/shop\/non%20class\u00e9\/fouet-en-cuir-veritable-de-taureau-rouge-et-noir-de-4-pieds-tressage-12-brins-claquement-puissant\/"},"modified":"2026-04-09T14:44:13","modified_gmt":"2026-04-09T13:44:13","slug":"4-pieds-noir-et-rouge","status":"publish","type":"product","link":"https:\/\/bantoro.com\/fr\/boutique\/fouets-en-cuir\/4-pieds-noir-et-rouge\/","title":{"rendered":"Fouet en cuir v\u00e9ritable de taureau rouge et noir de 4 pieds \u2013 tressage 12 brins, claquement puissant<br> <br>"},"content":{"rendered":"<p>D\u00e9couvrez la puissance et la pr\u00e9cision du <strong>fouet en cuir v\u00e9ritable rouge et noir,<\/strong> con\u00e7u aussi bien pour les professionnels que pour les d\u00e9butants. Ce <span style=\"box-sizing: border-box; margin: 0px; padding: 0px;\">fouet de 4 pieds (1,2 m\u00e8tre) est soigneusement tress\u00e9 avec <strong>12 brins<\/strong> de <strong>cuir robuste et de qualit\u00e9 sup\u00e9rieure<\/strong>, garantissant un claquement plus fort<\/span> et une durabilit\u00e9 accrue. Que vous pratiquiez vos techniques de maniement du fouet ou que vous enrichissiez votre collection, ce fouet est con\u00e7u pour offrir des mouvements souples, flexibles et un contr\u00f4le optimal.<\/p>\n<p>Ce fouet de taureau en cuir v\u00e9ritable de 4 pieds est id\u00e9al pour ceux qui recherchent un fouet durable et bien \u00e9quilibr\u00e9 pour l\u2019entra\u00eenement, la performance ou la collection. Con\u00e7u pour produire un claquement puissant, il offre pr\u00e9cision et contr\u00f4le aussi bien aux d\u00e9butants qu\u2019aux utilisateurs exp\u00e9riment\u00e9s.<\/p>\n<ul>\n<li><strong>Longueur <\/strong>: 4 pieds (1,2 m\u00e8tre) \u2013 Disponible en plusieurs couleurs et tailles, consultez nos <a href=\"https:\/\/bantoro.com\/fr\/\" target=\"_new\" rel=\"noopener\">offres sur notre site web.<\/a><\/li>\n<li><strong>Couleur <\/strong>: rouge et noir (veuillez noter que la couleur r\u00e9elle du produit peut l\u00e9g\u00e8rement varier par rapport aux images).<\/li>\n<li>Mat\u00e9riau : cuir v\u00e9ritable \u00e0 100 %, fleur sup\u00e9rieure, qualit\u00e9 premium.<\/li>\n<li><strong>12 brins <\/strong>: tress\u00e9 \u00e0 partir de 12 brins de cuir pour un fouet robuste et durable.<\/li>\n<li><strong>Bien \u00e9quilibr\u00e9<\/strong> : manche de 9 pouces avec un noyau durable pour un meilleur contr\u00f4le et une utilisation facile.<\/li>\n<li>Flexibilit\u00e9 : souple et flexible, id\u00e9al pour les d\u00e9butants comme pour les professionnels.<\/li>\n<li><strong>Poign\u00e9e antid\u00e9rapante<\/strong> : \u00e9quip\u00e9e d\u2019une dragonne pour une prise en main s\u00e9curis\u00e9e et d\u2019une boucle pour le rangement suspendu.<\/li>\n<li><strong>Standard professionnel <\/strong>: fouet artisanal, robuste et \u00e0 claquement puissant, con\u00e7u pour un usage en performance.<\/li>\n<li><strong>Emplacement <\/strong>: article situ\u00e9 au Royaume-Uni. Veuillez v\u00e9rifier les r\u00e9glementations douani\u00e8res locales avant l\u2019achat.<\/li>\n<\/ul>\n<p>Si vous recherchez des options haut de gamme, explorez notre collection de <a href=\"\/?product_cat=bullwhips-en-cuir\">fouets en cuir<\/a> pour des performances am\u00e9lior\u00e9es et un savoir-faire sup\u00e9rieur.<\/p>\n<p>Pour un entretien appropri\u00e9, consultez notre <a href=\"https:\/\/bantoro.com\/guide-ultime-entretien-fouets-en-cuir\/&lt;br&gt;&lt;br&gt;\" target=\"_new\" rel=\"noopener\">guide ultime d\u2019entretien des fouets en cuir<\/a>, et si vous souhaitez ma\u00eetriser votre fouet, nos <a href=\"https:\/\/bantoro.com\/Rodage du bullwhip et ma\u00eetrise de votre fouet&lt;br&gt;&lt;br&gt;\" target=\"_new\" rel=\"noopener\">guides de rodage du fouet et de ma\u00eetrise du fouet <\/a>vous aideront \u00e0 bien d\u00e9marrer !<\/p>\n<p>Ce fouet en cuir v\u00e9ritable est con\u00e7u pour offrir durabilit\u00e9, contr\u00f4le et un claquement puissant.<\/p>\n<p>Commandez d\u00e8s aujourd\u2019hui et d\u00e9couvrez le savoir-faire et la qualit\u00e9 de ce fouet en cuir v\u00e9ritable.<\/p>\n<p><strong>Foire aux questions<\/strong><\/p>\n<p><strong data-start=\"3654\" data-end=\"3701\">Q : Ce fouet est-il adapt\u00e9 aux d\u00e9butants ?<br \/>\n<\/strong><br data-start=\"3701\" data-end=\"3704\" \/>R : Oui, ce fouet en cuir v\u00e9ritable de 4 pieds est bien \u00e9quilibr\u00e9 et flexible, ce qui le rend adapt\u00e9 aux d\u00e9butants tout en r\u00e9pondant aux standards professionnels.<\/p>\n<div class=\"brtpmj_reviews_container\"><div class=\"brtpmj_businessheader\">\r\n\t\t\t\t\t\t<img decoding=\"async\" src=\"\/\/s3-eu-west-1.amazonaws.com\/tpd\/logos\/6617aecf4e6fa9ea40f2b01a\/0x0.png\" alt=\"Bantoro\">\r\n\t\t\t\t\t\t<h2 class=\"brtpmj_business_name\">Bantoro<\/h2>\r\n\t\t\t\t\t<\/div><p class=\"brtpmj_business_ratings\">\r\n\t\t\t\t\t\t<span class=\"brtpmj_br_score\">4.8<\/span>\r\n\t\t\t\t\t\t<span class=\"brtpmj_br_score_img\"><img decoding=\"async\" src=\"https:\/\/bantoro.com\/wp-content\/plugins\/better-business-reviews\/assets\/stars-5.svg\" alt=\"5 stars\"><\/span>\r\n\t\t\t\t\t\t<span class=\"brtpmj_br_count\">39 Reviews<\/span>\r\n\t\t\t\t\t<\/p><div class=\"\"><div class=\"brtpmj_all_reviews brtpmj_grid_container\"><div class=\"brtpmj_single_rvw\">\r\n\t\t\t\t\t\t\t\t\t\r\n\t\t\t\t\t\t<div class=\"brtpmj_sr_author_overview\">\r\n\t\t\t\t\t\t\t\r\n\t\t\t\t\t\t\t<div class=\"brtpmj_sr_ab_img\"><span>LvV<\/span><\/div>\r\n\t\t\t\t\t\t\t<div class=\"brtpmj_sr_ab_name_date\">\r\n\t\t\t\t\t\t\t\t<span class=\"brtpmj_sr_ab_name\">LB vd Vuurst<\/span>\r\n\t\t\t\t\t\t\t\t<span class=\"brtpmj_sr_ab_date\">2025-08-15<\/span>\r\n\t\t\t\t\t\t\t<\/div>\r\n\t\t\t\t\t\t\t\r\n\t\t\t\t\t\t<\/div>\r\n\t\t\t\t\t\t\r\n\t\t\t\t\t\t<div class=\"brtpmj_sr_rating\">\r\n\t\t\t\t\t\t\t<span class=\"brtpmj_br_score_img\"><img decoding=\"async\" src=\"https:\/\/bantoro.com\/wp-content\/plugins\/better-business-reviews\/assets\/stars-5.svg\" alt=\"5 stars\"><\/span>\r\n\t\t\t\t\t\t<\/div>\r\n\t\t\t\t\t\t\r\n\t\t\t\t\t\t<div class=\"brtpmj_sr_title\">\r\n\t\t\t\t\t\t\t<h4>Great communication fast shipping<\/h4>\r\n\t\t\t\t\t\t<\/div>\r\n\t\t\t\t\t\t\r\n\t\t\t\t\t\t<div class=\"brtpmj_sr_title\">\r\n\t\t\t\t\t\t\t<p>I placed an order of 2 items but one of the items what we asked for wasnt available. Within 12 hours i got an email with a other suggestions, and so we did a different order. It was shipped really, really fast. And the communication was great. Thank you Jane. Everything recieved and we are happy.<\/p>\r\n\t\t\t\t\t\t<\/div>\r\n\t\t\t\t\t\t\r\n\t\t\t\t\t<\/div><div class=\"brtpmj_single_rvw\">\r\n\t\t\t\t\t\t\t\t\t\r\n\t\t\t\t\t\t<div class=\"brtpmj_sr_author_overview\">\r\n\t\t\t\t\t\t\t\r\n\t\t\t\t\t\t\t<div class=\"brtpmj_sr_ab_img\"><img decoding=\"async\" src=\"https:\/\/user-images.trustpilot.com\/6896a2719600690944faa5c3\/73x73.png\"><\/div>\r\n\t\t\t\t\t\t\t<div class=\"brtpmj_sr_ab_name_date\">\r\n\t\t\t\t\t\t\t\t<span class=\"brtpmj_sr_ab_name\">Jang Yun Boo<\/span>\r\n\t\t\t\t\t\t\t\t<span class=\"brtpmj_sr_ab_date\">2025-08-09<\/span>\r\n\t\t\t\t\t\t\t<\/div>\r\n\t\t\t\t\t\t\t\r\n\t\t\t\t\t\t<\/div>\r\n\t\t\t\t\t\t\r\n\t\t\t\t\t\t<div class=\"brtpmj_sr_rating\">\r\n\t\t\t\t\t\t\t<span class=\"brtpmj_br_score_img\"><img decoding=\"async\" src=\"https:\/\/bantoro.com\/wp-content\/plugins\/better-business-reviews\/assets\/stars-5.svg\" alt=\"5 stars\"><\/span>\r\n\t\t\t\t\t\t<\/div>\r\n\t\t\t\t\t\t\r\n\t\t\t\t\t\t<div class=\"brtpmj_sr_title\">\r\n\t\t\t\t\t\t\t<h4>Lots of Thanks from south Korea Seoul<\/h4>\r\n\t\t\t\t\t\t<\/div>\r\n\t\t\t\t\t\t\r\n\t\t\t\t\t\t<div class=\"brtpmj_sr_title\">\r\n\t\t\t\t\t\t\t<p>Lots of Thanks from south Korea Seoul. well look after service. good tracking infomation. We received item perfectly good shape. very happy about it is all real leather and good quality.<\/p>\r\n\t\t\t\t\t\t<\/div>\r\n\t\t\t\t\t\t\r\n\t\t\t\t\t<\/div><div class=\"brtpmj_single_rvw\">\r\n\t\t\t\t\t\t\t\t\t\r\n\t\t\t\t\t\t<div class=\"brtpmj_sr_author_overview\">\r\n\t\t\t\t\t\t\t\r\n\t\t\t\t\t\t\t<div class=\"brtpmj_sr_ab_img\"><img decoding=\"async\" src=\"https:\/\/user-images.trustpilot.com\/60363e1eeea92f001b60a322\/73x73.png\"><\/div>\r\n\t\t\t\t\t\t\t<div class=\"brtpmj_sr_ab_name_date\">\r\n\t\t\t\t\t\t\t\t<span class=\"brtpmj_sr_ab_name\">~ E ~<\/span>\r\n\t\t\t\t\t\t\t\t<span class=\"brtpmj_sr_ab_date\">2025-08-06<\/span>\r\n\t\t\t\t\t\t\t<\/div>\r\n\t\t\t\t\t\t\t\r\n\t\t\t\t\t\t<\/div>\r\n\t\t\t\t\t\t\r\n\t\t\t\t\t\t<div class=\"brtpmj_sr_rating\">\r\n\t\t\t\t\t\t\t<span class=\"brtpmj_br_score_img\"><img decoding=\"async\" src=\"https:\/\/bantoro.com\/wp-content\/plugins\/better-business-reviews\/assets\/stars-5.svg\" alt=\"5 stars\"><\/span>\r\n\t\t\t\t\t\t<\/div>\r\n\t\t\t\t\t\t\r\n\t\t\t\t\t\t<div class=\"brtpmj_sr_title\">\r\n\t\t\t\t\t\t\t<h4>This is my second order<\/h4>\r\n\t\t\t\t\t\t<\/div>\r\n\t\t\t\t\t\t\r\n\t\t\t\t\t\t<div class=\"brtpmj_sr_title\">\r\n\t\t\t\t\t\t\t<p>This is my second order. Previously I was very happy and satisfied with everything. This time Bantoro even achieved a higher level of customer satisfaction. I needed a whip for the upcoming weekend. And when I contacted the customer service, they could not promise me a guaranteed delivery date other than an expected ETA of 3 - 5 days, also due to possible customs delays. Totally understandable. I had faith in Bantoro because last time, it took only four days from the UK to NL. I ordered the whip on monday and it was shipped the same day because they wanted to make sure I got it on time. It was delivered on wednesday early afternoon!!! Still love the quality of the whip for a great price, and your customer service is next level. Thanks Bantoro!<\/p>\r\n\t\t\t\t\t\t<\/div>\r\n\t\t\t\t\t\t\r\n\t\t\t\t\t<\/div><\/div><\/div><\/div>\n","protected":false},"excerpt":{"rendered":"<ul>\n<li><strong>Fouet en cuir v\u00e9ritable<\/strong> de 4 pieds (1,2 m) avec 12 brins<\/li>\n<li><strong>Cuir premium <\/strong>artisanal pour durabilit\u00e9 et flexibilit\u00e9.<\/li>\n<li>Fouet \u00e0 claquement puissant pour <strong>d\u00e9butants <\/strong>et <strong>professionnels<\/strong><\/li>\n<li>Comprend un <strong>manche de 9 pouces<\/strong> avec une <strong>dragonne <\/strong>pour le contr\u00f4le.<\/li>\n<li><strong>Fouet robuste,<\/strong> id\u00e9al pour l\u2019entra\u00eenement, les performances et la collection<\/li>\n<\/ul>\n","protected":false},"featured_media":13817,"comment_status":"open","ping_status":"closed","template":"","meta":[],"product_brand":[],"product_cat":[697],"product_tag":[1266,1215,1594,1606,1157,909,1941,2051],"class_list":{"0":"post-13840","1":"product","2":"type-product","3":"status-publish","4":"has-post-thumbnail","6":"product_cat-fouets-en-cuir","7":"product_tag-bullwhip","8":"product_tag-bullwhip-a-12-tresses","9":"product_tag-bullwhip-a-vendre","10":"product_tag-bullwhip-avec-etui","11":"product_tag-bullwhip-professionnel","12":"product_tag-fouet-bullwhip-de-4-pieds","13":"product_tag-fouet-en-cuir-4","14":"product_tag-fouet-rouge","16":"first","17":"instock","18":"sale","19":"taxable","20":"shipping-taxable","21":"purchasable","22":"product-type-simple"},"_links":{"self":[{"href":"https:\/\/bantoro.com\/fr\/wp-json\/wp\/v2\/product\/13840","targetHints":{"allow":["GET"]}}],"collection":[{"href":"https:\/\/bantoro.com\/fr\/wp-json\/wp\/v2\/product"}],"about":[{"href":"https:\/\/bantoro.com\/fr\/wp-json\/wp\/v2\/types\/product"}],"replies":[{"embeddable":true,"href":"https:\/\/bantoro.com\/fr\/wp-json\/wp\/v2\/comments?post=13840"}],"wp:featuredmedia":[{"embeddable":true,"href":"https:\/\/bantoro.com\/fr\/wp-json\/wp\/v2\/media\/13817"}],"wp:attachment":[{"href":"https:\/\/bantoro.com\/fr\/wp-json\/wp\/v2\/media?parent=13840"}],"wp:term":[{"taxonomy":"product_brand","embeddable":true,"href":"https:\/\/bantoro.com\/fr\/wp-json\/wp\/v2\/product_brand?post=13840"},{"taxonomy":"product_cat","embeddable":true,"href":"https:\/\/bantoro.com\/fr\/wp-json\/wp\/v2\/product_cat?post=13840"},{"taxonomy":"product_tag","embeddable":true,"href":"https:\/\/bantoro.com\/fr\/wp-json\/wp\/v2\/product_tag?post=13840"}],"curies":[{"name":"wp","href":"https:\/\/api.w.org\/{rel}","templated":true}]}}