{"id":13726,"date":"2022-12-28T17:50:16","date_gmt":"2022-12-28T17:50:16","guid":{"rendered":"https:\/\/bantoro.com\/shop\/non%20class\u00e9\/bullwhip-en-cuir-de-vachette-premium-noir-de-6-pieds-fouet-a-claquement-a-12-tresses-usage-intensif\/"},"modified":"2026-04-06T11:52:26","modified_gmt":"2026-04-06T10:52:26","slug":"6-pieds-noir","status":"publish","type":"product","link":"https:\/\/bantoro.com\/fr\/boutique\/fouets-en-cuir\/6-pieds-noir\/","title":{"rendered":"Bullwhip en cuir de vachette premium noir de 6 pieds \u2013 fouet \u00e0 claquement \u00e0 12 tresses (usage intensif)"},"content":{"rendered":"<p>Lib\u00e9rez la puissance et la pr\u00e9cision du <strong data-start=\"704\" data-end=\"746\">bullwhip en cuir de vachette premium noir,<\/strong> un <strong data-start=\"766\" data-end=\"784\">bullwhip noir<\/strong> de 6 pieds (1,8 m\u00e8tre) con\u00e7u pour l&rsquo;entra\u00eenement et une utilisation professionnelle. Ce bullwhip est \u00e9galement connu sous le nom de <strong data-start=\"2689\" data-end=\"2722\">fouet en peau de vache ou fouet en cuir de vache,<\/strong> couramment utilis\u00e9 pour l&rsquo;entra\u00eenement, la manipulation du b\u00e9tail et le claquement de performance. Sa construction \u00e0 usage intensif en fait un choix fiable pour ceux qui recherchent un bullwhip en cuir solide et flexible.<\/p>\n<p>Fabriqu\u00e9 \u00e0 la main avec expertise \u00e0 partir de <strong>cuir de vachette pleine fleur 100 % v\u00e9ritable<\/strong>, ce qui en fait un bullwhip en cuir durable et fiable, ce <strong>bullwhip \u00e0 12 tresses<\/strong> offre durabilit\u00e9 et claquement sonore, parfait pour l&rsquo;<strong>\u00e9quitation, l&rsquo;entra\u00eenement du b\u00e9tail <\/strong>et les passionn\u00e9s de fouets. La <strong>poign\u00e9e de 9 pouces<\/strong> du fouet offre une prise solide et bien \u00e9quilibr\u00e9e, tandis que la sangle en cuir pour poignet assure un contr\u00f4le facile, le rendant id\u00e9al pour une <strong>utilisation professionnelle.<\/strong><\/p>\n<p>Con\u00e7u pour la flexibilit\u00e9 et la r\u00e9sistance, ce <strong>bullwhip \u00e0 usage intensif<\/strong> est parfait pour ceux qui exigent \u00e0 la fois performance et style. La longueur de la lani\u00e8re du fouet est d&rsquo;environ 16 pouces, tandis que le cracker ou popper mesure environ 12 pouces \u2014 offrant un son de claquement qui attire l&rsquo;attention. Avec une longueur totale de 6 pieds (1,8 m), ce bullwhip r\u00e9pond aux questions courantes sur la longueur et le contr\u00f4le du bullwhip.<\/p>\n<p>Pour des conseils d&rsquo;<strong>entretien du fouet<\/strong>, consultez notre <a href=\"https:\/\/bantoro.com\/guide-ultime-entretien-fouets-en-cuir\/&lt;br&gt;&lt;br&gt;\" target=\"_new\" rel=\"noopener\">guide complet d&rsquo;entretien du bullwhip en cuir<\/a> et ma\u00eetrisez l&rsquo;art du claquement du fouet avec notre <a href=\"https:\/\/bantoro.com\/rodage-du-bullwhip-et-maitrise-de-votre-fouet\/\" target=\"_new\" rel=\"noopener\">guide de rodage du bullwhip et de ma\u00eetrise de votre fouet.<\/a><\/p>\n<p>Que vous soyez un <strong>manipulateur <\/strong>de fouet exp\u00e9riment\u00e9 ou un d\u00e9butant, le <strong>bullwhip en cuir de vachette premium noir<\/strong> est votre outil id\u00e9al pour un claquement pr\u00e9cis et puissant. Disponible en diff\u00e9rentes tailles et couleurs, explorez notre collection de<a href=\"\/?product_cat=bullwhips-en-cuir\"> bullwhips en cuir<\/a> pour plus de tailles et de styles, ou visitez notre page d&rsquo;accueil sur <a href=\"https:\/\/bantoro.com\/fr\/\">Bantoro.com<\/a> pour les derni\u00e8res offres.<\/p>\n<p data-start=\"3616\" data-end=\"3748\"><strong>Foire aux questions<\/strong><\/p>\n<p data-start=\"3616\" data-end=\"3748\"><strong data-start=\"3616\" data-end=\"3659\">Q : Quelle est la longueur de ce bullwhip ?<\/strong><br data-start=\"3659\" data-end=\"3662\" \/>Ce fouet mesure 1,8 m\u00e8tre (6 pieds) de long, ce qui est id\u00e9al pour un claquement ma\u00eetris\u00e9 et pour l&rsquo;entra\u00eenement.<\/p>\n<p data-start=\"3755\" data-end=\"3902\"><strong data-start=\"3755\" data-end=\"3805\">Q : Est-ce un bullwhip en cuir de vachette v\u00e9ritable ?<\/strong><br data-start=\"3805\" data-end=\"3808\" \/>Oui, il est fabriqu\u00e9 en cuir de vachette v\u00e9ritable de qualit\u00e9 sup\u00e9rieure pour garantir durabilit\u00e9 et souplesse.<\/p>\n<p data-start=\"3909\" data-end=\"4045\"><strong data-start=\"3909\" data-end=\"3951\">Q : Est-ce qu&rsquo;on l&rsquo;appelle aussi un fouet en peau de vache ?<\/strong><br data-start=\"3951\" data-end=\"3954\" \/>Oui, les fouets (bullwhips) en cuir de vachette sont souvent appel\u00e9s fouets en peau de vache ou fouets en cuir de vache.<\/p>\n<p data-start=\"4052\" data-end=\"4192\"><strong data-start=\"4052\" data-end=\"4098\">Q : Ce bullwhip peut-il \u00eatre utilis\u00e9 pour l&rsquo;entra\u00eenement ?<\/strong><br data-start=\"4098\" data-end=\"4101\" \/>A : Oui, ce fouet noir convient \u00e0 l&rsquo;entra\u00eenement, au maniement du b\u00e9tail et aux spectacles.<\/p>\n<p data-start=\"4052\" data-end=\"4192\"><strong data-start=\"3227\" data-end=\"3268\">Q : S&rsquo;agit-il d&rsquo;un fouet en peau de vache robuste ?<\/strong><br data-start=\"3268\" data-end=\"3271\" \/>A : Oui, ce fouet pr\u00e9sente une structure en cuir de vachette robuste, ce qui le rend solide, souple et adapt\u00e9 \u00e0 un usage professionnel.<\/p>\n<p data-start=\"4052\" data-end=\"4192\"><div class=\"brtpmj_reviews_container\"><div class=\"brtpmj_businessheader\">\r\n\t\t\t\t\t\t<img decoding=\"async\" src=\"\/\/s3-eu-west-1.amazonaws.com\/tpd\/logos\/6617aecf4e6fa9ea40f2b01a\/0x0.png\" alt=\"Bantoro\">\r\n\t\t\t\t\t\t<h2 class=\"brtpmj_business_name\">Bantoro<\/h2>\r\n\t\t\t\t\t<\/div><p class=\"brtpmj_business_ratings\">\r\n\t\t\t\t\t\t<span class=\"brtpmj_br_score\">4.8<\/span>\r\n\t\t\t\t\t\t<span class=\"brtpmj_br_score_img\"><img decoding=\"async\" src=\"https:\/\/bantoro.com\/wp-content\/plugins\/better-business-reviews\/assets\/stars-5.svg\" alt=\"5 stars\"><\/span>\r\n\t\t\t\t\t\t<span class=\"brtpmj_br_count\">39 Reviews<\/span>\r\n\t\t\t\t\t<\/p><div class=\"\"><div class=\"brtpmj_all_reviews\"><div class=\"brtpmj_single_rvw\">\r\n\t\t\t\t\t\t\t\t\t\r\n\t\t\t\t\t\t<div class=\"brtpmj_sr_author_overview\">\r\n\t\t\t\t\t\t\t\r\n\t\t\t\t\t\t\t<div class=\"brtpmj_sr_ab_img\"><span>LvV<\/span><\/div>\r\n\t\t\t\t\t\t\t<div class=\"brtpmj_sr_ab_name_date\">\r\n\t\t\t\t\t\t\t\t<span class=\"brtpmj_sr_ab_name\">LB vd Vuurst<\/span>\r\n\t\t\t\t\t\t\t\t<span class=\"brtpmj_sr_ab_date\">2025-08-15<\/span>\r\n\t\t\t\t\t\t\t<\/div>\r\n\t\t\t\t\t\t\t\r\n\t\t\t\t\t\t<\/div>\r\n\t\t\t\t\t\t\r\n\t\t\t\t\t\t<div class=\"brtpmj_sr_rating\">\r\n\t\t\t\t\t\t\t<span class=\"brtpmj_br_score_img\"><img decoding=\"async\" src=\"https:\/\/bantoro.com\/wp-content\/plugins\/better-business-reviews\/assets\/stars-5.svg\" alt=\"5 stars\"><\/span>\r\n\t\t\t\t\t\t<\/div>\r\n\t\t\t\t\t\t\r\n\t\t\t\t\t\t<div class=\"brtpmj_sr_title\">\r\n\t\t\t\t\t\t\t<h4>Great communication fast shipping<\/h4>\r\n\t\t\t\t\t\t<\/div>\r\n\t\t\t\t\t\t\r\n\t\t\t\t\t\t<div class=\"brtpmj_sr_title\">\r\n\t\t\t\t\t\t\t<p>I placed an order of 2 items but one of the items what we asked for wasnt available. Within 12 hours i got an email with a other suggestions, and so we did a different order. It was shipped really, really fast. And the communication was great. Thank you Jane. Everything recieved and we are happy.<\/p>\r\n\t\t\t\t\t\t<\/div>\r\n\t\t\t\t\t\t\r\n\t\t\t\t\t<\/div><div class=\"brtpmj_single_rvw\">\r\n\t\t\t\t\t\t\t\t\t\r\n\t\t\t\t\t\t<div class=\"brtpmj_sr_author_overview\">\r\n\t\t\t\t\t\t\t\r\n\t\t\t\t\t\t\t<div class=\"brtpmj_sr_ab_img\"><img decoding=\"async\" src=\"https:\/\/user-images.trustpilot.com\/6896a2719600690944faa5c3\/73x73.png\"><\/div>\r\n\t\t\t\t\t\t\t<div class=\"brtpmj_sr_ab_name_date\">\r\n\t\t\t\t\t\t\t\t<span class=\"brtpmj_sr_ab_name\">Jang Yun Boo<\/span>\r\n\t\t\t\t\t\t\t\t<span class=\"brtpmj_sr_ab_date\">2025-08-09<\/span>\r\n\t\t\t\t\t\t\t<\/div>\r\n\t\t\t\t\t\t\t\r\n\t\t\t\t\t\t<\/div>\r\n\t\t\t\t\t\t\r\n\t\t\t\t\t\t<div class=\"brtpmj_sr_rating\">\r\n\t\t\t\t\t\t\t<span class=\"brtpmj_br_score_img\"><img decoding=\"async\" src=\"https:\/\/bantoro.com\/wp-content\/plugins\/better-business-reviews\/assets\/stars-5.svg\" alt=\"5 stars\"><\/span>\r\n\t\t\t\t\t\t<\/div>\r\n\t\t\t\t\t\t\r\n\t\t\t\t\t\t<div class=\"brtpmj_sr_title\">\r\n\t\t\t\t\t\t\t<h4>Lots of Thanks from south Korea Seoul<\/h4>\r\n\t\t\t\t\t\t<\/div>\r\n\t\t\t\t\t\t\r\n\t\t\t\t\t\t<div class=\"brtpmj_sr_title\">\r\n\t\t\t\t\t\t\t<p>Lots of Thanks from south Korea Seoul. well look after service. good tracking infomation. We received item perfectly good shape. very happy about it is all real leather and good quality.<\/p>\r\n\t\t\t\t\t\t<\/div>\r\n\t\t\t\t\t\t\r\n\t\t\t\t\t<\/div><div class=\"brtpmj_single_rvw\">\r\n\t\t\t\t\t\t\t\t\t\r\n\t\t\t\t\t\t<div class=\"brtpmj_sr_author_overview\">\r\n\t\t\t\t\t\t\t\r\n\t\t\t\t\t\t\t<div class=\"brtpmj_sr_ab_img\"><img decoding=\"async\" src=\"https:\/\/user-images.trustpilot.com\/60363e1eeea92f001b60a322\/73x73.png\"><\/div>\r\n\t\t\t\t\t\t\t<div class=\"brtpmj_sr_ab_name_date\">\r\n\t\t\t\t\t\t\t\t<span class=\"brtpmj_sr_ab_name\">~ E ~<\/span>\r\n\t\t\t\t\t\t\t\t<span class=\"brtpmj_sr_ab_date\">2025-08-06<\/span>\r\n\t\t\t\t\t\t\t<\/div>\r\n\t\t\t\t\t\t\t\r\n\t\t\t\t\t\t<\/div>\r\n\t\t\t\t\t\t\r\n\t\t\t\t\t\t<div class=\"brtpmj_sr_rating\">\r\n\t\t\t\t\t\t\t<span class=\"brtpmj_br_score_img\"><img decoding=\"async\" src=\"https:\/\/bantoro.com\/wp-content\/plugins\/better-business-reviews\/assets\/stars-5.svg\" alt=\"5 stars\"><\/span>\r\n\t\t\t\t\t\t<\/div>\r\n\t\t\t\t\t\t\r\n\t\t\t\t\t\t<div class=\"brtpmj_sr_title\">\r\n\t\t\t\t\t\t\t<h4>This is my second order<\/h4>\r\n\t\t\t\t\t\t<\/div>\r\n\t\t\t\t\t\t\r\n\t\t\t\t\t\t<div class=\"brtpmj_sr_title\">\r\n\t\t\t\t\t\t\t<p>This is my second order. Previously I was very happy and satisfied with everything. This time Bantoro even achieved a higher level of customer satisfaction. I needed a whip for the upcoming weekend. And when I contacted the customer service, they could not promise me a guaranteed delivery date other than an expected ETA of 3 - 5 days, also due to possible customs delays. Totally understandable. I had faith in Bantoro because last time, it took only four days from the UK to NL. I ordered the whip on monday and it was shipped the same day because they wanted to make sure I got it on time. It was delivered on wednesday early afternoon!!! Still love the quality of the whip for a great price, and your customer service is next level. Thanks Bantoro!<\/p>\r\n\t\t\t\t\t\t<\/div>\r\n\t\t\t\t\t\t\r\n\t\t\t\t\t<\/div><\/div><\/div><\/div><\/p>\n","protected":false},"excerpt":{"rendered":"<ul>\n<li><strong>Bullwhip en cuir de vachette noir, tressage 12 brins, longueur 1,8 m (6 pieds)<\/strong><\/li>\n<li>Fabriqu\u00e9 \u00e0 <strong>100 % en cuir de vachette v\u00e9ritable de qualit\u00e9 sup\u00e9rieure<\/strong><\/li>\n<li><strong>Fouet (bullwhip) robuste au claquement puissant <\/strong>pour l&rsquo;\u00e9quitation et le dressage du b\u00e9tail<\/li>\n<li>Comprend un <strong>manche en cuir de 22 cm<\/strong> avec dragonne pour un meilleur contr\u00f4le<\/li>\n<li><strong>Fouet professionnel<\/strong> de haute qualit\u00e9, souple et conforme aux normes standard<\/li>\n<li><strong>Longueur de la m\u00e8che (whip fall)<\/strong> d&rsquo;environ 40 cm, <strong>claquet (whip cracker)<\/strong> d&rsquo;environ 30 cm<\/li>\n<li><strong>Porte-ceinture en cuir<\/strong> disponible (sous r\u00e9serve de disponibilit\u00e9)<\/li>\n<li>Fabriqu\u00e9 \u00e0 la main pour un <strong>usage intensif <\/strong>\u2013 Un incontournable pour les passionn\u00e9s de fouets<\/li>\n<li>Consultez<a href=\"https:\/\/bantoro.com\/fr\/\" target=\"_new\" rel=\"noopener\"> Bantoro.com<\/a> pour d\u00e9couvrir d&rsquo;autres fouets et accessoires en cuir<\/li>\n<li>Also known as cowskin whip\/cow hide whip for training and cracking use<\/li>\n<\/ul>\n","protected":false},"featured_media":13717,"comment_status":"closed","ping_status":"closed","template":"","meta":[],"product_brand":[],"product_cat":[697],"product_tag":[1266,1215,1594,1606,1520,1157,1746,1980,1941],"class_list":{"0":"post-13726","1":"product","2":"type-product","3":"status-publish","4":"has-post-thumbnail","6":"product_cat-fouets-en-cuir","7":"product_tag-bullwhip","8":"product_tag-bullwhip-a-12-tresses","9":"product_tag-bullwhip-a-vendre","10":"product_tag-bullwhip-avec-etui","11":"product_tag-bullwhip-noir-2","12":"product_tag-bullwhip-professionnel","13":"product_tag-fouet","14":"product_tag-fouet-bruyant-2","15":"product_tag-fouet-en-cuir-4","17":"first","18":"instock","19":"sale","20":"taxable","21":"shipping-taxable","22":"purchasable","23":"product-type-simple"},"_links":{"self":[{"href":"https:\/\/bantoro.com\/fr\/wp-json\/wp\/v2\/product\/13726","targetHints":{"allow":["GET"]}}],"collection":[{"href":"https:\/\/bantoro.com\/fr\/wp-json\/wp\/v2\/product"}],"about":[{"href":"https:\/\/bantoro.com\/fr\/wp-json\/wp\/v2\/types\/product"}],"replies":[{"embeddable":true,"href":"https:\/\/bantoro.com\/fr\/wp-json\/wp\/v2\/comments?post=13726"}],"wp:featuredmedia":[{"embeddable":true,"href":"https:\/\/bantoro.com\/fr\/wp-json\/wp\/v2\/media\/13717"}],"wp:attachment":[{"href":"https:\/\/bantoro.com\/fr\/wp-json\/wp\/v2\/media?parent=13726"}],"wp:term":[{"taxonomy":"product_brand","embeddable":true,"href":"https:\/\/bantoro.com\/fr\/wp-json\/wp\/v2\/product_brand?post=13726"},{"taxonomy":"product_cat","embeddable":true,"href":"https:\/\/bantoro.com\/fr\/wp-json\/wp\/v2\/product_cat?post=13726"},{"taxonomy":"product_tag","embeddable":true,"href":"https:\/\/bantoro.com\/fr\/wp-json\/wp\/v2\/product_tag?post=13726"}],"curies":[{"name":"wp","href":"https:\/\/api.w.org\/{rel}","templated":true}]}}