{"id":13531,"date":"2023-07-12T15:01:35","date_gmt":"2023-07-12T14:01:35","guid":{"rendered":"https:\/\/bantoro.com\/shop\/non%20class\u00e9\/fouet-bullwhip-en-cuir-de-kangourou-noir-a-16-tresses-avec-ame-et-renfort-en-cuir-qualite-professionnelle\/"},"modified":"2026-03-30T16:45:17","modified_gmt":"2026-03-30T15:45:17","slug":"noir-a-16-tresses","status":"publish","type":"product","link":"https:\/\/bantoro.com\/fr\/boutique\/fouets-en-cuir-de-kangourou\/noir-a-16-tresses\/","title":{"rendered":"Fouet Bullwhip en cuir de kangourou noir \u00e0 16 tresses avec \u00e2me et renfort en cuir \u2013 qualit\u00e9 professionnelle"},"content":{"rendered":"<p style=\"text-align: center;\"><figure class=\"wp-block-embed wp-block-embed-youtube is-type-video is-provider-youtube epyt-figure\"><div class=\"wp-block-embed__wrapper\"><div class=\"epyt-video-wrapper\"><iframe  id=\"_ytid_32269\"  width=\"800\" height=\"450\"  data-origwidth=\"800\" data-origheight=\"450\" src=\"https:\/\/www.youtube.com\/embed\/yJIHlNclEvs?enablejsapi=1&autoplay=0&cc_load_policy=0&cc_lang_pref=&iv_load_policy=1&loop=0&rel=0&fs=1&playsinline=0&autohide=2&theme=dark&color=red&controls=1&disablekb=0&\" class=\"__youtube_prefs__  no-lazyload\" data-vol=\"50\"  title=\"YouTube player\"  allow=\"fullscreen; accelerometer; autoplay; clipboard-write; encrypted-media; gyroscope; picture-in-picture; web-share\" referrerpolicy=\"strict-origin-when-cross-origin\" allowfullscreen data-no-lazy=\"1\" data-skipgform_ajax_framebjll=\"\"><\/iframe><\/div><\/div><\/figure> Le <strong>fouet Bullwhip en cuir de kangourou noir<\/strong><\/p>\n<p>Compl\u00e9tez votre collection de fouets avec ceci <strong>fouet en cuir de kangourou noir \u00e0 16 tresses<\/strong>Con\u00e7u pour une durabilit\u00e9 exceptionnelle et un claquement puissant. Parfait pour une utilisation professionnelle ou de loisir, il est dot\u00e9 d\u2019une <strong>\u00e2me en cuir et d\u2019un renfort en cuir<\/strong>, garantissant une flexibilit\u00e9 maximale et une grande r\u00e9sistance. Ce fouet fabriqu\u00e9 \u00e0 la main est disponible en tailles allant de <strong>4 pieds (1,2 m\u00e8tre)<\/strong> \u00e0 <strong>24 pieds (7,3 m\u00e8tres)<\/strong>. Des tailles personnalis\u00e9es sont \u00e9galement disponibles sur demande, offrant une option polyvalente pour diff\u00e9rents besoins.<\/p>\n<p>Ce bullwhip en cuir de kangourou, parfaitement \u00e9quilibr\u00e9 par des professionnels, convient \u00e0 l\u2019entra\u00eenement \u00e9questre, aux performances et aux collectionneurs exigeants. Le renfort en cuir renforc\u00e9 am\u00e9liore la solidit\u00e9 et la flexibilit\u00e9, offrant un claquement constant avec un contr\u00f4le pr\u00e9cis. Con\u00e7u et fabriqu\u00e9 \u00e0 la main au Royaume-Uni, il offre un excellent rapport qualit\u00e9-prix pour ceux qui recherchent un bullwhip en cuir de qualit\u00e9 sup\u00e9rieure.<\/p>\n<p>D\u00e9couvrez notre gamme compl\u00e8te de<a href=\"https:\/\/bantoro.com\/fr\/cat\u00e9gorie-produit\/fouets-en-cuir-de-kangourou\/\"> bullwhips en cuir de kangourou<\/a> afin de comparer les diff\u00e9rentes tailles, styles de tressage et configurations disponibles pour une utilisation professionnelle ou de loisir.<\/p>\n<p>Inclus avec votre achat : un <strong>porte-fouet en cuir \u00e0 porter \u00e0 la taille<\/strong>, deux lani\u00e8res de rechange (falls) ainsi que des crackers\/poppers, pour une valeur totale de <strong>20,00 \u00a3.<\/strong><br \/>\nLa <strong>poign\u00e9e de 9 pouces<\/strong> est renforc\u00e9e par un <strong>noyau en acier inoxydable<\/strong>, offrant une prise en main ferme et un contr\u00f4le optimal. La <strong>dragonne<\/strong> et la boucle de suspension apportent un confort suppl\u00e9mentaire lors de l\u2019utilisation et facilitent le rangement.<\/p>\n<p>Fabriqu\u00e9 en <strong>cuir v\u00e9ritable<\/strong>, ce fouet est con\u00e7u pour produire un claquement puissant, le rendant id\u00e9al pour diverses activit\u00e9s. Pour un entretien et un soin appropri\u00e9s, consultez notre <strong><a href=\"https:\/\/bantoro.com\/ultimate-leather-bullwhip-care-guide\/\" target=\"_new\" rel=\"noopener\">Guide ultime d\u2019entretien des bullwhips en cuir de kangourou<\/a> <\/strong>et d\u00e9couvrez <strong><a href=\"https:\/\/bantoro.com\/fr\/rodage-fouet-et-maitrise-du-fouet\/\" target=\"_new\" rel=\"noopener\">comment roder votre bullwhip et ma\u00eetriser votre fouet <\/a><\/strong>pour des performances optimales.<\/p>\n<ul>\n<li><strong>Fabrication en cuir v\u00e9ritable (peau naturelle)<\/strong><\/li>\n<li><strong>16 tresses pour une durabilit\u00e9 accrue et une esth\u00e9tique \u00e9l\u00e9gante<\/strong><\/li>\n<li><strong>Poign\u00e9e de 9 pouces avec noyau en acier inoxydable pour un contr\u00f4le am\u00e9lior\u00e99-inch handle with stainless steel core for improved control<\/strong><\/li>\n<li><strong>Claquement puissant, id\u00e9al pour un usage professionnel et r\u00e9cr\u00e9atif<\/strong><\/li>\n<li><strong>Disponible en plusieurs longueurs, de 4 \u00e0 24 pieds<\/strong><\/li>\n<li><strong>Porte-fouet en cuir \u00e0 la taille, 2 lani\u00e8res de rechange (falls) et crackers\/poppers inclus<\/strong><\/li>\n<li><strong>Tailles personnalis\u00e9es disponibles sur demande<\/strong><\/li>\n<li><strong>Dragonne et boucle de suspension pour plus de praticit\u00e9<\/strong><\/li>\n<li><strong>L\u2019article est situ\u00e9 au Royaume-Uni, veuillez v\u00e9rifier la r\u00e9glementation commerciale locale<\/strong><\/li>\n<\/ul>\n<p>Pour plus d\u2019informations sur l\u2019entretien et l\u2019utilisation du fouet, visitez <strong>Bantoro.<\/strong><\/p>\n<p><strong data-start=\"1175\" data-end=\"1272\">Q : Qu\u2019est-ce qui distingue un bullwhip en cuir de kangourou \u00e0 16 tresses des bullwhips en cuir standard ?<\/strong><br data-start=\"1272\" data-end=\"1275\" \/>R : Les bullwhips en cuir de kangourou \u00e0 16 tresses sont plus r\u00e9sistants, plus l\u00e9gers et plus flexibles que les fouets traditionnels en cuir de vache. Les fibres serr\u00e9es permettent un tressage plus fin, un meilleur \u00e9quilibre et un claquement plus rapide, ce qui les rend parfaits pour les performances professionnelles, l\u2019\u00e9quitation et un contr\u00f4le pr\u00e9cis du fouet.<\/p>\n<div class=\"brtpmj_reviews_container\"><div class=\"brtpmj_businessheader\">\r\n\t\t\t\t\t\t<img decoding=\"async\" src=\"\/\/s3-eu-west-1.amazonaws.com\/tpd\/logos\/6617aecf4e6fa9ea40f2b01a\/0x0.png\" alt=\"Bantoro\">\r\n\t\t\t\t\t\t<h2 class=\"brtpmj_business_name\">Bantoro<\/h2>\r\n\t\t\t\t\t<\/div><p class=\"brtpmj_business_ratings\">\r\n\t\t\t\t\t\t<span class=\"brtpmj_br_score\">4.8<\/span>\r\n\t\t\t\t\t\t<span class=\"brtpmj_br_score_img\"><img decoding=\"async\" src=\"https:\/\/bantoro.com\/wp-content\/plugins\/better-business-reviews\/assets\/stars-5.svg\" alt=\"5 stars\"><\/span>\r\n\t\t\t\t\t\t<span class=\"brtpmj_br_count\">39 Reviews<\/span>\r\n\t\t\t\t\t<\/p><div class=\"\"><div class=\"brtpmj_all_reviews\"><div class=\"brtpmj_single_rvw\">\r\n\t\t\t\t\t\t\t\t\t\r\n\t\t\t\t\t\t<div class=\"brtpmj_sr_author_overview\">\r\n\t\t\t\t\t\t\t\r\n\t\t\t\t\t\t\t<div class=\"brtpmj_sr_ab_img\"><span>LvV<\/span><\/div>\r\n\t\t\t\t\t\t\t<div class=\"brtpmj_sr_ab_name_date\">\r\n\t\t\t\t\t\t\t\t<span class=\"brtpmj_sr_ab_name\">LB vd Vuurst<\/span>\r\n\t\t\t\t\t\t\t\t<span class=\"brtpmj_sr_ab_date\">2025-08-15<\/span>\r\n\t\t\t\t\t\t\t<\/div>\r\n\t\t\t\t\t\t\t\r\n\t\t\t\t\t\t<\/div>\r\n\t\t\t\t\t\t\r\n\t\t\t\t\t\t<div class=\"brtpmj_sr_rating\">\r\n\t\t\t\t\t\t\t<span class=\"brtpmj_br_score_img\"><img decoding=\"async\" src=\"https:\/\/bantoro.com\/wp-content\/plugins\/better-business-reviews\/assets\/stars-5.svg\" alt=\"5 stars\"><\/span>\r\n\t\t\t\t\t\t<\/div>\r\n\t\t\t\t\t\t\r\n\t\t\t\t\t\t<div class=\"brtpmj_sr_title\">\r\n\t\t\t\t\t\t\t<h4>Great communication fast shipping<\/h4>\r\n\t\t\t\t\t\t<\/div>\r\n\t\t\t\t\t\t\r\n\t\t\t\t\t\t<div class=\"brtpmj_sr_title\">\r\n\t\t\t\t\t\t\t<p>I placed an order of 2 items but one of the items what we asked for wasnt available. Within 12 hours i got an email with a other suggestions, and so we did a different order. It was shipped really, really fast. And the communication was great. Thank you Jane. Everything recieved and we are happy.<\/p>\r\n\t\t\t\t\t\t<\/div>\r\n\t\t\t\t\t\t\r\n\t\t\t\t\t<\/div><div class=\"brtpmj_single_rvw\">\r\n\t\t\t\t\t\t\t\t\t\r\n\t\t\t\t\t\t<div class=\"brtpmj_sr_author_overview\">\r\n\t\t\t\t\t\t\t\r\n\t\t\t\t\t\t\t<div class=\"brtpmj_sr_ab_img\"><img decoding=\"async\" src=\"https:\/\/user-images.trustpilot.com\/6896a2719600690944faa5c3\/73x73.png\"><\/div>\r\n\t\t\t\t\t\t\t<div class=\"brtpmj_sr_ab_name_date\">\r\n\t\t\t\t\t\t\t\t<span class=\"brtpmj_sr_ab_name\">Jang Yun Boo<\/span>\r\n\t\t\t\t\t\t\t\t<span class=\"brtpmj_sr_ab_date\">2025-08-09<\/span>\r\n\t\t\t\t\t\t\t<\/div>\r\n\t\t\t\t\t\t\t\r\n\t\t\t\t\t\t<\/div>\r\n\t\t\t\t\t\t\r\n\t\t\t\t\t\t<div class=\"brtpmj_sr_rating\">\r\n\t\t\t\t\t\t\t<span class=\"brtpmj_br_score_img\"><img decoding=\"async\" src=\"https:\/\/bantoro.com\/wp-content\/plugins\/better-business-reviews\/assets\/stars-5.svg\" alt=\"5 stars\"><\/span>\r\n\t\t\t\t\t\t<\/div>\r\n\t\t\t\t\t\t\r\n\t\t\t\t\t\t<div class=\"brtpmj_sr_title\">\r\n\t\t\t\t\t\t\t<h4>Lots of Thanks from south Korea Seoul<\/h4>\r\n\t\t\t\t\t\t<\/div>\r\n\t\t\t\t\t\t\r\n\t\t\t\t\t\t<div class=\"brtpmj_sr_title\">\r\n\t\t\t\t\t\t\t<p>Lots of Thanks from south Korea Seoul. well look after service. good tracking infomation. We received item perfectly good shape. very happy about it is all real leather and good quality.<\/p>\r\n\t\t\t\t\t\t<\/div>\r\n\t\t\t\t\t\t\r\n\t\t\t\t\t<\/div><div class=\"brtpmj_single_rvw\">\r\n\t\t\t\t\t\t\t\t\t\r\n\t\t\t\t\t\t<div class=\"brtpmj_sr_author_overview\">\r\n\t\t\t\t\t\t\t\r\n\t\t\t\t\t\t\t<div class=\"brtpmj_sr_ab_img\"><img decoding=\"async\" src=\"https:\/\/user-images.trustpilot.com\/60363e1eeea92f001b60a322\/73x73.png\"><\/div>\r\n\t\t\t\t\t\t\t<div class=\"brtpmj_sr_ab_name_date\">\r\n\t\t\t\t\t\t\t\t<span class=\"brtpmj_sr_ab_name\">~ E ~<\/span>\r\n\t\t\t\t\t\t\t\t<span class=\"brtpmj_sr_ab_date\">2025-08-06<\/span>\r\n\t\t\t\t\t\t\t<\/div>\r\n\t\t\t\t\t\t\t\r\n\t\t\t\t\t\t<\/div>\r\n\t\t\t\t\t\t\r\n\t\t\t\t\t\t<div class=\"brtpmj_sr_rating\">\r\n\t\t\t\t\t\t\t<span class=\"brtpmj_br_score_img\"><img decoding=\"async\" src=\"https:\/\/bantoro.com\/wp-content\/plugins\/better-business-reviews\/assets\/stars-5.svg\" alt=\"5 stars\"><\/span>\r\n\t\t\t\t\t\t<\/div>\r\n\t\t\t\t\t\t\r\n\t\t\t\t\t\t<div class=\"brtpmj_sr_title\">\r\n\t\t\t\t\t\t\t<h4>This is my second order<\/h4>\r\n\t\t\t\t\t\t<\/div>\r\n\t\t\t\t\t\t\r\n\t\t\t\t\t\t<div class=\"brtpmj_sr_title\">\r\n\t\t\t\t\t\t\t<p>This is my second order. Previously I was very happy and satisfied with everything. This time Bantoro even achieved a higher level of customer satisfaction. I needed a whip for the upcoming weekend. And when I contacted the customer service, they could not promise me a guaranteed delivery date other than an expected ETA of 3 - 5 days, also due to possible customs delays. Totally understandable. I had faith in Bantoro because last time, it took only four days from the UK to NL. I ordered the whip on monday and it was shipped the same day because they wanted to make sure I got it on time. It was delivered on wednesday early afternoon!!! Still love the quality of the whip for a great price, and your customer service is next level. Thanks Bantoro!<\/p>\r\n\t\t\t\t\t\t<\/div>\r\n\t\t\t\t\t\t\r\n\t\t\t\t\t<\/div><\/div><\/div><\/div>\n","protected":false},"excerpt":{"rendered":"<p><strong>Bullwhip en cuir de kangourou noir \u00e0 16 tresses<\/strong><\/p>\n<ul>\n<li><strong>Fouet en cuir de kangourou \u00e0 16 tresses <\/strong>avec un claquement puissant<\/li>\n<li>Fabriqu\u00e9 en <strong>cuir v\u00e9ritable de qualit\u00e9 sup\u00e9rieure<\/strong><\/li>\n<li>Livr\u00e9 avec un <strong>porte-fouet en cuir \u00e0 porter \u00e0 la taille<\/strong>, <strong>2 lani\u00e8res de rechange (falls) <\/strong>et des <strong>crackers de fouet.<\/strong><\/li>\n<li>Disponible en tailles allant de 4 pieds \u00e0 24 pieds, <strong>tailles personnalis\u00e9es<\/strong> disponibles.<\/li>\n<li>Poign\u00e9e avec <strong>noyau en acier inoxydable renforc\u00e9<\/strong> pour un meilleur contr\u00f4le.<\/li>\n<li>Parfait pour une <strong>utilisation professionnelle et de loisir <\/strong><\/li>\n<\/ul>\n<p>Id\u00e9al pour l\u2019entra\u00eenement \u00e9questre, les d\u00e9monstrations professionnelles de fouet et les collectionneurs \u00e0 la recherche de bullwhips en cuir de kangourou de qualit\u00e9 sup\u00e9rieure au Royaume-Uni.<\/p>\n","protected":false},"featured_media":11497,"comment_status":"closed","ping_status":"closed","template":"","meta":[],"product_brand":[],"product_cat":[721],"product_tag":[1266,1568,1979,1676,1746,1222,1980,1653,1941,1570,1857,1580,1964],"class_list":{"0":"post-13531","1":"product","2":"type-product","3":"status-publish","4":"has-post-thumbnail","6":"product_cat-fouets-en-cuir-de-kangourou","7":"product_tag-bullwhip","8":"product_tag-bullwhip-marron","9":"product_tag-claquement-bruyant-du-fouet","10":"product_tag-equestre","11":"product_tag-fouet","12":"product_tag-fouet-a-16-tresses","13":"product_tag-fouet-bruyant-2","14":"product_tag-fouet-claquant","15":"product_tag-fouet-en-cuir-4","16":"product_tag-fouet-en-cuir-marron","17":"product_tag-fouet-fait-main-4","18":"product_tag-fouet-marron","19":"product_tag-ouet-sonore","21":"first","22":"instock","23":"sale","24":"featured","25":"taxable","26":"shipping-taxable","27":"purchasable","28":"product-type-variable","29":"has-default-attributes"},"_links":{"self":[{"href":"https:\/\/bantoro.com\/fr\/wp-json\/wp\/v2\/product\/13531","targetHints":{"allow":["GET"]}}],"collection":[{"href":"https:\/\/bantoro.com\/fr\/wp-json\/wp\/v2\/product"}],"about":[{"href":"https:\/\/bantoro.com\/fr\/wp-json\/wp\/v2\/types\/product"}],"replies":[{"embeddable":true,"href":"https:\/\/bantoro.com\/fr\/wp-json\/wp\/v2\/comments?post=13531"}],"wp:featuredmedia":[{"embeddable":true,"href":"https:\/\/bantoro.com\/fr\/wp-json\/wp\/v2\/media\/11497"}],"wp:attachment":[{"href":"https:\/\/bantoro.com\/fr\/wp-json\/wp\/v2\/media?parent=13531"}],"wp:term":[{"taxonomy":"product_brand","embeddable":true,"href":"https:\/\/bantoro.com\/fr\/wp-json\/wp\/v2\/product_brand?post=13531"},{"taxonomy":"product_cat","embeddable":true,"href":"https:\/\/bantoro.com\/fr\/wp-json\/wp\/v2\/product_cat?post=13531"},{"taxonomy":"product_tag","embeddable":true,"href":"https:\/\/bantoro.com\/fr\/wp-json\/wp\/v2\/product_tag?post=13531"}],"curies":[{"name":"wp","href":"https:\/\/api.w.org\/{rel}","templated":true}]}}