{"id":13474,"date":"2025-09-13T11:04:45","date_gmt":"2025-09-13T10:04:45","guid":{"rendered":"https:\/\/bantoro.com\/shop\/non%20class\u00e9\/kanguruleder-schlangenpeitsche-16-fach-geflochtene-bullpeitsche-premium-braun-in-mehreren-farbschattierungen\/"},"modified":"2026-03-30T10:48:23","modified_gmt":"2026-03-30T09:48:23","slug":"schlangenpeitsche-braun","status":"publish","type":"product","link":"https:\/\/bantoro.com\/fr\/boutique\/fouets-en-cuir-de-kangourou\/schlangenpeitsche-braun\/","title":{"rendered":"K\u00e4nguruleder-Schlangenpeitsche \u2013 16-fach geflochtene Bullpeitsche, Premium Braun Mehrfarb-Schattierung"},"content":{"rendered":"<p><strong>Meistern Sie H\u00f6chstleistung mit der Premium-K\u00e4nguruleder-Schlangenpeitsche \u2013 braune Mehrfarb-Schattierung, 16-fach geflochtene Bullpeitsche<\/strong><\/p>\n<p>Verbessern Sie Ihre Peitschenfertigkeiten mit der <strong>Premium-K\u00e4nguruleder-Schlangenpeitsche<\/strong>, einer professionellen Bullpeitsche, die handgefertigt ist und f\u00fcr \u00fcberragende Balance, Reaktionsf\u00e4higkeit und Langlebigkeit sorgt. Hergestellt aus echtem K\u00e4nguruleder in einer auff\u00e4lligen <strong>braunen Mehrfarb-Schattierung<\/strong>, ist diese Peitsche sowohl ein leistungsstarkes Werkzeug als auch ein beeindruckendes visuelles St\u00fcck f\u00fcr Vorf\u00fchrungen und Training.<\/p>\n<p>Entwickelt f\u00fcr <strong>Performance, Vorf\u00fchrungen und Wettk\u00e4mpfe<\/strong>, verf\u00fcgt diese Schlangenpeitsche \u00fcber ein <strong>16-fach geflochtenes Geflecht<\/strong>, das eine pr\u00e4zise Verj\u00fcngung bietet und so f\u00fcr fl\u00fcssigere Bewegungen sowie ein <strong>lautes, klares Knallger\u00e4usch<\/strong> sorgt. K\u00e4nguruleder erm\u00f6glicht eine engere Flechtung und hohe Zugfestigkeit ohne zus\u00e4tzliches Gewicht \u2013 f\u00fcr optimale Kontrolle, Geschwindigkeit und Wirkung.<\/p>\n<p>Der <strong>9-Zoll-Griff<\/strong> ist mit einem <strong>Edelstahlkern<\/strong> verst\u00e4rkt und mit Leder umwickelt, was einen ausgewogenen, festen Halt bietet und die Pr\u00e4zision bei langen wie kurzen Peitschen verbessert.<\/p>\n<h3>Produkt beinhaltet:<\/h3>\n<ul>\n<li><strong>Leder-G\u00fcrtelhalter<\/strong> f\u00fcr freih\u00e4ndiges Tragen<\/li>\n<li><strong>2 Ersatz-Fallschn\u00fcre<\/strong> und <strong>Cracker\/Popper<\/strong> (ca. \u00a320 Wert)<\/li>\n<li><strong>Handgelenkschlaufe<\/strong> f\u00fcr zus\u00e4tzliche Sicherheit und Komfort<\/li>\n<\/ul>\n<p>Erh\u00e4ltlich in L\u00e4ngen von <strong>4 bis 8 Fu\u00df<\/strong>, kann diese <strong>braun mehrfarbig schattierte K\u00e4nguruleder-Bullpeitsche<\/strong> individuell an Ihre Bed\u00fcrfnisse angepasst werden \u2013 ob f\u00fcr B\u00fchne, Wettkampf oder intensives Training.<\/p>\n<p>Jede Peitsche wird <strong>einzigartig handgefertigt<\/strong>, wodurch leichte Unterschiede in Farbton, Flechtdichte und Verarbeitung entstehen. So erhalten Sie nicht nur ein Werkzeug, sondern ein pers\u00f6nliches Premium-Unikat.<\/p>\n<p>Pflegen Sie Ihre Peitsche richtig mit unserem <a href=\"https:\/\/bantoro.com\/ultimate-leather-bullwhip-care-guide\/\" target=\"_new\" rel=\"noopener\">Ultimate Leather Bullwhip Care Guide<\/a> und erfahren Sie, wie Sie Ihre Peitsche optimal einarbeiten: <a href=\"https:\/\/bantoro.com\/fr\/rodage-fouet-et-maitrise-du-fouet\/\" target=\"_new\" rel=\"noopener\">Break In Your Bullwhip<\/a>.<\/p>\n<p>Besuchen Sie <a href=\"https:\/\/bantoro.com\/fr\/\" target=\"_new\" rel=\"noopener\">Bantoro.com<\/a>, um weitere handgefertigte Peitschen und Zubeh\u00f6r f\u00fcr anspruchsvolle Anwender zu entdecken.<\/p>\n<p><strong>Warum unsere K\u00e4nguru-Schlangenpeitsche w\u00e4hlen?<\/strong><\/p>\n<ul>\n<li><strong>Schlangenpeitschen-Design<\/strong> f\u00fcr fl\u00fcssige Bewegung und Balance<\/li>\n<li><strong>Lautes Knallger\u00e4usch<\/strong> ideal f\u00fcr Training, Shows und Vorf\u00fchrungen<\/li>\n<li>Pr\u00e4zise gefertigt f\u00fcr Kontrolle, Reaktionsf\u00e4higkeit und Komfort<\/li>\n<li>Einzigartige <strong>braune Mehrfarb-Schattierung<\/strong> mit auff\u00e4lliger Optik<\/li>\n<li>Individuelle L\u00e4ngen auf Anfrage erh\u00e4ltlich<\/li>\n<\/ul>\n<p>Ob Peitschen-Enthusiast, Stunt-Profi oder Trainer \u2013 diese <strong>handgefertigte Schlangenpeitsche aus K\u00e4nguruleder<\/strong> liefert Leistung auf h\u00f6chstem Niveau. Besuchen Sie <a href=\"https:\/\/bantoro.com\/fr\/\" target=\"_new\" rel=\"noopener\">Bantoro.com<\/a>, um weitere Premium-Produkte und Expertenratgeber zu entdecken.<\/p>\n","protected":false},"excerpt":{"rendered":"<ul>\n<li>Handgefertigte <strong>16-fach geflochtene Leder-Schlangenpeitsche<\/strong> f\u00fcr fl\u00fcssige Bewegung und kraftvolle Knalle<\/li>\n<li>Hergestellt aus <strong>braun mehrfarbig schattiertem Leder<\/strong> \u2013 markant, auff\u00e4llig und professionell<\/li>\n<li>Erzeugt <strong>laute Knallger\u00e4usche<\/strong>, ideal f\u00fcr Shows, Training und B\u00fchnenauftritte<\/li>\n<li>Erh\u00e4ltlich in verschiedenen L\u00e4ngen \u2013 von <strong>4 bis 8 Fu\u00df<\/strong><\/li>\n<li>Komplettset enthalten: Lederhalter, Handgelenkschlaufe, Ersatz-Cracker und Fallschn\u00fcre<\/li>\n<li>Robustes <strong>Schlangenpeitschen-Design<\/strong> f\u00fcr intensiven Einsatz<\/li>\n<\/ul>\n<p>Erfahren Sie, wie Sie Ihre Peitsche pflegen: <a href=\"https:\/\/bantoro.com\/ultimate-leather-bullwhip-care-guide\/\" target=\"_new\" rel=\"noopener\">Bullwhip Care Guide<\/a><\/p>\n","protected":false},"featured_media":13467,"comment_status":"closed","ping_status":"closed","template":"","meta":[],"product_brand":[],"product_cat":[721],"product_tag":[722,727,723,728,726,1576,724,725,729,730],"class_list":{"0":"post-13474","1":"product","2":"type-product","3":"status-publish","4":"has-post-thumbnail","6":"product_cat-fouets-en-cuir-de-kangourou","7":"product_tag-claquement-de-fouet","8":"product_tag-fouet-a-16-brins","9":"product_tag-fouet-de-kangourou","10":"product_tag-fouet-de-performance","11":"product_tag-fouet-en-cuir-fabrique-a-la-main","12":"product_tag-fouet-marron-et-rouge","13":"product_tag-fouet-professionnel","14":"product_tag-fouet-serpent","15":"product_tag-long-fouet","16":"product_tag-stage-whip","18":"first","19":"instock","20":"sale","21":"featured","22":"taxable","23":"shipping-taxable","24":"purchasable","25":"product-type-variable"},"_links":{"self":[{"href":"https:\/\/bantoro.com\/fr\/wp-json\/wp\/v2\/product\/13474","targetHints":{"allow":["GET"]}}],"collection":[{"href":"https:\/\/bantoro.com\/fr\/wp-json\/wp\/v2\/product"}],"about":[{"href":"https:\/\/bantoro.com\/fr\/wp-json\/wp\/v2\/types\/product"}],"replies":[{"embeddable":true,"href":"https:\/\/bantoro.com\/fr\/wp-json\/wp\/v2\/comments?post=13474"}],"wp:featuredmedia":[{"embeddable":true,"href":"https:\/\/bantoro.com\/fr\/wp-json\/wp\/v2\/media\/13467"}],"wp:attachment":[{"href":"https:\/\/bantoro.com\/fr\/wp-json\/wp\/v2\/media?parent=13474"}],"wp:term":[{"taxonomy":"product_brand","embeddable":true,"href":"https:\/\/bantoro.com\/fr\/wp-json\/wp\/v2\/product_brand?post=13474"},{"taxonomy":"product_cat","embeddable":true,"href":"https:\/\/bantoro.com\/fr\/wp-json\/wp\/v2\/product_cat?post=13474"},{"taxonomy":"product_tag","embeddable":true,"href":"https:\/\/bantoro.com\/fr\/wp-json\/wp\/v2\/product_tag?post=13474"}],"curies":[{"name":"wp","href":"https:\/\/api.w.org\/{rel}","templated":true}]}}