{"id":13046,"date":"2024-06-29T12:45:27","date_gmt":"2024-06-29T11:45:27","guid":{"rendered":"https:\/\/bantoro.com\/shop\/non%20class\u00e9\/fouet-bullwhip-premium-en-paracorde-nylon-marron-16-tresses-fouet-a-claquement-puissant\/"},"modified":"2026-03-10T07:58:15","modified_gmt":"2026-03-10T07:58:15","slug":"paracorde-nylon-marron","status":"publish","type":"product","link":"https:\/\/bantoro.com\/fr\/boutique\/bullwhips-en-nylon-paracorde\/paracorde-nylon-marron\/","title":{"rendered":"Fouet Bullwhip Premium en Paracorde Nylon Marron \u2013 16 Tresses \u2013 Fouet \u00e0 Claquement Puissant"},"content":{"rendered":"<p>Lib\u00e9rez vos comp\u00e9tences avec le <strong>fouet bullwhip en paracorde nylon marron<\/strong>, un fouet robuste de qualit\u00e9 professionnelle con\u00e7u pour la pr\u00e9cision et la durabilit\u00e9. Disponible en plusieurs tailles (4 pieds, 6 pieds, 8 pieds et 10 pieds), ce <strong>bullwhip haute performance tress\u00e9 \u00e0 16 brins<\/strong> est dot\u00e9 d\u2019un ventre et d\u2019un renfor<strong>t<\/strong> <strong>en cuir <\/strong>pour une r\u00e9sistance maximale, une grande flexibilit\u00e9 et un claquement puissant. Que vous soyez un professionnel exp\u00e9riment\u00e9 ou un d\u00e9butant, ce bullwhip est con\u00e7u pour offrir une exp\u00e9rience de fouet exceptionnelle.  <\/p>\n<p>Explorez notre gamme compl\u00e8te de <a href=\"https:\/\/bantoro.com\/fr\/cat\u00e9gorie-produit\/bullwhips-en-nylon-paracorde\/\">fouets bullwhip en paracorde<\/a> et de <a href=\"https:\/\/bantoro.com\/fr\/cat\u00e9gorie-produit\/fouets-en-cuir\/\">fouets bullwhip en cuir<\/a> pour comparer les mat\u00e9riaux, le nombre de tresses et les styles de performance.<\/p>\n<p>\u00c9galement connu sous le nom de fouet bullwhip en paracorde ou fouet bullwhip tress\u00e9 en nylon, ce mod\u00e8le \u00e0 16 tresses offre une excellente durabilit\u00e9 et une performance de claquement pr\u00e9cise, id\u00e9al pour l\u2019entra\u00eenement, le sport et l\u2019usage r\u00e9cr\u00e9atif.<\/p>\n<p>Non seulement ce bullwhip offre un contr\u00f4le exceptionnel, mais il comprend \u00e9galement un <strong><a href=\"https:\/\/bantoro.com\/shop\/accessoires-pour-fouet-bullwhip\/bullwhip-repair-kit\/\">kit complet de fouet <\/a><\/strong>avec un support de ceinture en cuir, deux falls de rechange et des poppers\/crackers suppl\u00e9mentaires, d\u2019une valeur de 20 \u00a3. Cet ensemble complet garantit que votre bullwhip est toujours pr\u00eat \u00e0 l\u2019utilisation. <\/p>\n<p>Caract\u00e9ristiques :<\/p>\n<ul>\n<li><strong>Tailles disponibles :<\/strong> Choisissez parmi 4 pieds, 6 pieds, 8 pieds ou 10 pieds. Tailles personnalis\u00e9es disponibles. <\/li>\n<li><strong>Mat\u00e9riaux durables<\/strong> : Fabriqu\u00e9 avec un tressage robuste en<strong> paracorde nylon <\/strong>pour des performances durables et une puissance de claquement constante.<\/li>\n<li><strong>Artisanat <\/strong>: Fabriqu\u00e9 \u00e0 la main pour un bullwhip flexible, durable et puissant.<\/li>\n<li><strong>Contr\u00f4le am\u00e9lior\u00e9 : <\/strong>Comprend une dragonne et une boucle de suspension pour un rangement facile.<\/li>\n<li><strong>Poign\u00e9e ergonomique :<\/strong> Poign\u00e9e de 9 pouces avec noyau en acier inoxydable pour un \u00e9quilibre et une prise en main optimaux.<\/li>\n<li><strong>Fouet \u00e0 claquement puissant<\/strong> : Produit un <strong>claquement fort et puissant,<\/strong> id\u00e9al pour les professionnels.<\/li>\n<\/ul>\n<p>Pr\u00eat \u00e0 ma\u00eetriser votre fouet ? Visitez Bantoro pour obtenir votre<strong> bullwhip<\/strong> premium et en savoir plus sur le <strong>rodage de votre bullwhip <\/strong>gr\u00e2ce \u00e0 notre guide d\u2019expert : <a href=\"https:\/\/bantoro.com\/fr\/rodage-fouet-et-maitrise-du-fouet\/\" target=\"_new\" rel=\"noopener\">Rodage de votre bullwhip et ma\u00eetrise de votre fouet.<\/a> <\/p>\n<p><span data-teams=\"true\"><div class=\"brtpmj_reviews_container\"><div class=\"brtpmj_businessheader\">\r\n\t\t\t\t\t\t<img decoding=\"async\" src=\"\/\/s3-eu-west-1.amazonaws.com\/tpd\/logos\/6617aecf4e6fa9ea40f2b01a\/0x0.png\" alt=\"Bantoro\">\r\n\t\t\t\t\t\t<h2 class=\"brtpmj_business_name\">Bantoro<\/h2>\r\n\t\t\t\t\t<\/div><p class=\"brtpmj_business_ratings\">\r\n\t\t\t\t\t\t<span class=\"brtpmj_br_score\">4.8<\/span>\r\n\t\t\t\t\t\t<span class=\"brtpmj_br_score_img\"><img decoding=\"async\" src=\"https:\/\/bantoro.com\/wp-content\/plugins\/better-business-reviews\/assets\/stars-5.svg\" alt=\"5 stars\"><\/span>\r\n\t\t\t\t\t\t<span class=\"brtpmj_br_count\">39 Reviews<\/span>\r\n\t\t\t\t\t<\/p><div class=\"\"><div class=\"brtpmj_all_reviews brtpmj_grid_container\"><div class=\"brtpmj_single_rvw\">\r\n\t\t\t\t\t\t\t\t\t\r\n\t\t\t\t\t\t<div class=\"brtpmj_sr_author_overview\">\r\n\t\t\t\t\t\t\t\r\n\t\t\t\t\t\t\t<div class=\"brtpmj_sr_ab_img\"><span>LvV<\/span><\/div>\r\n\t\t\t\t\t\t\t<div class=\"brtpmj_sr_ab_name_date\">\r\n\t\t\t\t\t\t\t\t<span class=\"brtpmj_sr_ab_name\">LB vd Vuurst<\/span>\r\n\t\t\t\t\t\t\t\t<span class=\"brtpmj_sr_ab_date\">2025-08-15<\/span>\r\n\t\t\t\t\t\t\t<\/div>\r\n\t\t\t\t\t\t\t\r\n\t\t\t\t\t\t<\/div>\r\n\t\t\t\t\t\t\r\n\t\t\t\t\t\t<div class=\"brtpmj_sr_rating\">\r\n\t\t\t\t\t\t\t<span class=\"brtpmj_br_score_img\"><img decoding=\"async\" src=\"https:\/\/bantoro.com\/wp-content\/plugins\/better-business-reviews\/assets\/stars-5.svg\" alt=\"5 stars\"><\/span>\r\n\t\t\t\t\t\t<\/div>\r\n\t\t\t\t\t\t\r\n\t\t\t\t\t\t<div class=\"brtpmj_sr_title\">\r\n\t\t\t\t\t\t\t<h4>Great communication fast shipping<\/h4>\r\n\t\t\t\t\t\t<\/div>\r\n\t\t\t\t\t\t\r\n\t\t\t\t\t\t<div class=\"brtpmj_sr_title\">\r\n\t\t\t\t\t\t\t<p>I placed an order of 2 items but one of the items what we asked for wasnt available. Within 12 hours i got an email with a other suggestions, and so we did a different order. It was shipped really, really fast. And the communication was great. Thank you Jane. Everything recieved and we are happy.<\/p>\r\n\t\t\t\t\t\t<\/div>\r\n\t\t\t\t\t\t\r\n\t\t\t\t\t<\/div><div class=\"brtpmj_single_rvw\">\r\n\t\t\t\t\t\t\t\t\t\r\n\t\t\t\t\t\t<div class=\"brtpmj_sr_author_overview\">\r\n\t\t\t\t\t\t\t\r\n\t\t\t\t\t\t\t<div class=\"brtpmj_sr_ab_img\"><img decoding=\"async\" src=\"https:\/\/user-images.trustpilot.com\/6896a2719600690944faa5c3\/73x73.png\"><\/div>\r\n\t\t\t\t\t\t\t<div class=\"brtpmj_sr_ab_name_date\">\r\n\t\t\t\t\t\t\t\t<span class=\"brtpmj_sr_ab_name\">Jang Yun Boo<\/span>\r\n\t\t\t\t\t\t\t\t<span class=\"brtpmj_sr_ab_date\">2025-08-09<\/span>\r\n\t\t\t\t\t\t\t<\/div>\r\n\t\t\t\t\t\t\t\r\n\t\t\t\t\t\t<\/div>\r\n\t\t\t\t\t\t\r\n\t\t\t\t\t\t<div class=\"brtpmj_sr_rating\">\r\n\t\t\t\t\t\t\t<span class=\"brtpmj_br_score_img\"><img decoding=\"async\" src=\"https:\/\/bantoro.com\/wp-content\/plugins\/better-business-reviews\/assets\/stars-5.svg\" alt=\"5 stars\"><\/span>\r\n\t\t\t\t\t\t<\/div>\r\n\t\t\t\t\t\t\r\n\t\t\t\t\t\t<div class=\"brtpmj_sr_title\">\r\n\t\t\t\t\t\t\t<h4>Lots of Thanks from south Korea Seoul<\/h4>\r\n\t\t\t\t\t\t<\/div>\r\n\t\t\t\t\t\t\r\n\t\t\t\t\t\t<div class=\"brtpmj_sr_title\">\r\n\t\t\t\t\t\t\t<p>Lots of Thanks from south Korea Seoul. well look after service. good tracking infomation. We received item perfectly good shape. very happy about it is all real leather and good quality.<\/p>\r\n\t\t\t\t\t\t<\/div>\r\n\t\t\t\t\t\t\r\n\t\t\t\t\t<\/div><div class=\"brtpmj_single_rvw\">\r\n\t\t\t\t\t\t\t\t\t\r\n\t\t\t\t\t\t<div class=\"brtpmj_sr_author_overview\">\r\n\t\t\t\t\t\t\t\r\n\t\t\t\t\t\t\t<div class=\"brtpmj_sr_ab_img\"><img decoding=\"async\" src=\"https:\/\/user-images.trustpilot.com\/60363e1eeea92f001b60a322\/73x73.png\"><\/div>\r\n\t\t\t\t\t\t\t<div class=\"brtpmj_sr_ab_name_date\">\r\n\t\t\t\t\t\t\t\t<span class=\"brtpmj_sr_ab_name\">~ E ~<\/span>\r\n\t\t\t\t\t\t\t\t<span class=\"brtpmj_sr_ab_date\">2025-08-06<\/span>\r\n\t\t\t\t\t\t\t<\/div>\r\n\t\t\t\t\t\t\t\r\n\t\t\t\t\t\t<\/div>\r\n\t\t\t\t\t\t\r\n\t\t\t\t\t\t<div class=\"brtpmj_sr_rating\">\r\n\t\t\t\t\t\t\t<span class=\"brtpmj_br_score_img\"><img decoding=\"async\" src=\"https:\/\/bantoro.com\/wp-content\/plugins\/better-business-reviews\/assets\/stars-5.svg\" alt=\"5 stars\"><\/span>\r\n\t\t\t\t\t\t<\/div>\r\n\t\t\t\t\t\t\r\n\t\t\t\t\t\t<div class=\"brtpmj_sr_title\">\r\n\t\t\t\t\t\t\t<h4>This is my second order<\/h4>\r\n\t\t\t\t\t\t<\/div>\r\n\t\t\t\t\t\t\r\n\t\t\t\t\t\t<div class=\"brtpmj_sr_title\">\r\n\t\t\t\t\t\t\t<p>This is my second order. Previously I was very happy and satisfied with everything. This time Bantoro even achieved a higher level of customer satisfaction. I needed a whip for the upcoming weekend. And when I contacted the customer service, they could not promise me a guaranteed delivery date other than an expected ETA of 3 - 5 days, also due to possible customs delays. Totally understandable. I had faith in Bantoro because last time, it took only four days from the UK to NL. I ordered the whip on monday and it was shipped the same day because they wanted to make sure I got it on time. It was delivered on wednesday early afternoon!!! Still love the quality of the whip for a great price, and your customer service is next level. Thanks Bantoro!<\/p>\r\n\t\t\t\t\t\t<\/div>\r\n\t\t\t\t\t\t\r\n\t\t\t\t\t<\/div><\/div><\/div><\/div><\/span><\/p>\n","protected":false},"excerpt":{"rendered":"<p><strong>Am\u00e9liorez vos comp\u00e9tences avec ce bullwhip puissant en paracorde nylon \u00e0 16 tresses, dot\u00e9 d\u2019une prise en main confortable et d\u2019une performance de claquement puissante.<\/strong><\/p>\n<ul>\n<li>Bullwhip haute performance en <strong>paracorde nylon marron<\/strong> avec design <strong>tress\u00e9 \u00e0 16<\/strong> brins.<\/li>\n<li><strong>Ventre en cuir<\/strong> et <strong>r<\/strong>enfort pour plus de durabilit\u00e9 et de flexibilit\u00e9.<\/li>\n<li>Comprend un <strong>kit de fouet<\/strong> avec falls de rechange, poppers et support de ceinture.<\/li>\n<li>Tailles personnalis\u00e9es disponibles et <strong>claquement puissant<\/strong> pour un usage professionnel.<\/li>\n<\/ul>\n","protected":false},"featured_media":13040,"comment_status":"open","ping_status":"closed","template":"","meta":[],"product_brand":[],"product_cat":[1148],"product_tag":[1266,1979,1256,1676,1746,2003,1128,2008,2006,1574,1939],"class_list":{"0":"post-13046","1":"product","2":"type-product","3":"status-publish","4":"has-post-thumbnail","6":"product_cat-bullwhips-en-nylon-paracorde","7":"product_tag-bullwhip","8":"product_tag-claquement-bruyant-du-fouet","9":"product_tag-coussin-abdominal","10":"product_tag-equestre","11":"product_tag-fouet","12":"product_tag-fouet-en-nylon-2","13":"product_tag-fouet-en-nylon","14":"product_tag-fouet-en-paracorde-2","15":"product_tag-fouet-en-paracorde","16":"product_tag-fouet-en-paracorde-marron","17":"product_tag-renforts-et-panneaux-en-cuir","19":"first","20":"instock","21":"sale","22":"featured","23":"taxable","24":"shipping-taxable","25":"purchasable","26":"product-type-variable"},"_links":{"self":[{"href":"https:\/\/bantoro.com\/fr\/wp-json\/wp\/v2\/product\/13046","targetHints":{"allow":["GET"]}}],"collection":[{"href":"https:\/\/bantoro.com\/fr\/wp-json\/wp\/v2\/product"}],"about":[{"href":"https:\/\/bantoro.com\/fr\/wp-json\/wp\/v2\/types\/product"}],"replies":[{"embeddable":true,"href":"https:\/\/bantoro.com\/fr\/wp-json\/wp\/v2\/comments?post=13046"}],"wp:featuredmedia":[{"embeddable":true,"href":"https:\/\/bantoro.com\/fr\/wp-json\/wp\/v2\/media\/13040"}],"wp:attachment":[{"href":"https:\/\/bantoro.com\/fr\/wp-json\/wp\/v2\/media?parent=13046"}],"wp:term":[{"taxonomy":"product_brand","embeddable":true,"href":"https:\/\/bantoro.com\/fr\/wp-json\/wp\/v2\/product_brand?post=13046"},{"taxonomy":"product_cat","embeddable":true,"href":"https:\/\/bantoro.com\/fr\/wp-json\/wp\/v2\/product_cat?post=13046"},{"taxonomy":"product_tag","embeddable":true,"href":"https:\/\/bantoro.com\/fr\/wp-json\/wp\/v2\/product_tag?post=13046"}],"curies":[{"name":"wp","href":"https:\/\/api.w.org\/{rel}","templated":true}]}}