{"id":12999,"date":"2025-01-07T13:00:39","date_gmt":"2025-01-07T13:00:39","guid":{"rendered":"https:\/\/bantoro.com\/shop\/non%20class\u00e9\/fouet-serpent-rouge-de-3-pieds-fouet-en-cuir-leste-charge-de-plomb-16-tresses-pour-un-claquement-puissant\/"},"modified":"2026-03-10T09:25:33","modified_gmt":"2026-03-10T09:25:33","slug":"fouet-serpent-rouge-leste","status":"publish","type":"product","link":"https:\/\/bantoro.com\/fr\/boutique\/fouet-serpent-leste\/fouet-serpent-rouge-leste\/","title":{"rendered":"Fouet Serpent Rouge de 3 Pieds \u2013 Fouet en cuir lest\u00e9 (charg\u00e9 de plomb), 16 tresses pour un claquement puissant"},"content":{"rendered":"<p><strong>Fouet serpent rouge de 3 pieds avec conception lest\u00e9e \u2013 Fouet bullwhip en cuir premium avec tressage \u00e0 16 brins<\/strong><\/p>\n<p>Le <strong>fouet serpent rouge de 3 pieds<\/strong> est un <strong>bullwhip lest\u00e9<\/strong> (shot-loaded), fabriqu\u00e9 avec expertise pour offrir des performances optimales. Dot\u00e9 d\u2019un <strong>noyau lest\u00e9 et<\/strong> d\u2019un <span style=\"box-sizing: border-box; margin: 0px; padding: 0px;\">tressage \u00e0 16 brins<\/span>, ce fouet de haute qualit\u00e9 est con\u00e7u pour produire un <strong>claquement puissant et net <\/strong>ainsi qu\u2019un excellent contr\u00f4le.<br \/>\nParfait pour les d\u00e9butants comme pour les utilisateurs exp\u00e9riment\u00e9s, il est fabriqu\u00e9 en <strong>cuir v\u00e9ritable 100 %<\/strong>, garantissant durabilit\u00e9, r\u00e9sistance et longue dur\u00e9e de vie, tout en offrant des performances optimales.<\/p>\n<p>Ce fouet serpent rouge de 3 pieds combine la souplesse d\u2019un fouet serpent traditionnel avec la puissance et le claquement d\u2019un bullwhip. Le noyau lest\u00e9 am\u00e9liore l\u2019\u00e9lan, ce qui le rend id\u00e9al pour la pratique contr\u00f4l\u00e9e du claquement, les performances et les collectionneurs.<\/p>\n<p><strong>Principales caract\u00e9ristiques :<\/strong><\/p>\n<ul>\n<li><strong>Conception lest\u00e9e<\/strong> : ajoute du poids pour un meilleur contr\u00f4le et une pr\u00e9cision accrue.<\/li>\n<li>Construction en cuir premium : fabriqu\u00e9 avec du <strong>cuir pleine fleur <\/strong>et du <strong>cuir de vache de haute qualit\u00e9<\/strong> pour une r\u00e9sistance sup\u00e9rieure.<\/li>\n<li><strong>Tressage \u00e0 16 brins<\/strong> : offre une durabilit\u00e9 suppl\u00e9mentaire et garantit un claquement puissant.<\/li>\n<li><strong>Corps flexible<\/strong> : d\u00e9pourvu de poign\u00e9e rigide, offrant une plus grande polyvalence dans les espaces restreints.<\/li>\n<li><strong>Longueur de 3 pieds \/ 0,91 m\u00e8tre <\/strong>: id\u00e9ale pour un claquement contr\u00f4l\u00e9 et une portabilit\u00e9 facile.<\/li>\n<li><strong>Accessoires suppl\u00e9mentaires inclus <\/strong>: livr\u00e9 avec un porte-ceinture en cuir et 6 crackers suppl\u00e9mentaires (valeur de 15,00 GBP\/Euros).<\/li>\n<li><strong>Poign\u00e9e antid\u00e9rapante<\/strong> : texture tiss\u00e9e \u00e0 la main pour une prise en main confortable et s\u00e9curis\u00e9e.<\/li>\n<li><strong>Design compact<\/strong> : facile \u00e0 ranger et parfait pour une utilisation en d\u00e9placement.<\/li>\n<\/ul>\n<p>Que vous soyez un professionnel du maniement du fouet, un collectionneur ou un d\u00e9butant souhaitant am\u00e9liorer ses comp\u00e9tences, ce <strong>bullwhip en cuir lest\u00e9 <\/strong>r\u00e9pondra \u00e0 tous vos besoins. Sa taille compacte et sa flexibilit\u00e9 le rendent facile \u00e0 manipuler, tandis que le <strong>cuir produisant un claquement puissant <\/strong>garantit un son impressionnant.<br \/>\nParfait pour l\u2019exposition, l\u2019entra\u00eenement ou les performances, ce <strong>bullwhip en cuir<\/strong> est un indispensable !<\/p>\n<p>D\u00e9couvrez plus d\u2019options dans notre <a href=\"https:\/\/bantoro.com\/fr\/cat\u00e9gorie-produit\/fouet-serpent-leste\/\">collection de Snake Whips lest\u00e9s (Shot Loaded)<\/a> pour trouver diff\u00e9rentes longueurs et styles adapt\u00e9s aussi bien \u00e0 un usage professionnel qu\u2019aux d\u00e9butants.<\/p>\n<h3 data-start=\"2582\" data-end=\"2764\">Foire aux questions<\/h3>\n<p data-start=\"2582\" data-end=\"2764\"><strong data-start=\"2582\" data-end=\"2621\">Est-ce un snake whip ou un bullwhip ?<\/strong><br data-start=\"2621\" data-end=\"2624\" \/>Ce mod\u00e8le est un snake whip avec un noyau lest\u00e9, offrant le claquement puissant et les caract\u00e9ristiques de performance souvent associ\u00e9s aux bullwhips.<\/p>\n<p data-start=\"2766\" data-end=\"2895\"><strong data-start=\"2766\" data-end=\"2818\">Est-ce que le snake whip de 3 pieds est adapt\u00e9 aux d\u00e9butants ?<\/strong><br data-start=\"2818\" data-end=\"2821\" \/>Oui, sa taille compacte le rend plus facile \u00e0 contr\u00f4ler par rapport aux fouets plus longs.<\/p>\n<p data-start=\"2897\" data-end=\"3031\"><strong data-start=\"2897\" data-end=\"2943\">Quel est l\u2019avantage d\u2019un fouet lest\u00e9 (shot\u2011loaded) ?<\/strong><br data-start=\"2943\" data-end=\"2946\" \/>La conception lest\u00e9e (shot\u2011loaded) ajoute du poids pour am\u00e9liorer l\u2019\u00e9lan, la pr\u00e9cision et le son du claquement.<\/p>\n<p><span data-teams=\"true\"><div class=\"brtpmj_reviews_container\"><div class=\"brtpmj_businessheader\">\r\n\t\t\t\t\t\t<img decoding=\"async\" src=\"\/\/s3-eu-west-1.amazonaws.com\/tpd\/logos\/6617aecf4e6fa9ea40f2b01a\/0x0.png\" alt=\"Bantoro\">\r\n\t\t\t\t\t\t<h2 class=\"brtpmj_business_name\">Bantoro<\/h2>\r\n\t\t\t\t\t<\/div><p class=\"brtpmj_business_ratings\">\r\n\t\t\t\t\t\t<span class=\"brtpmj_br_score\">4.8<\/span>\r\n\t\t\t\t\t\t<span class=\"brtpmj_br_score_img\"><img decoding=\"async\" src=\"https:\/\/bantoro.com\/wp-content\/plugins\/better-business-reviews\/assets\/stars-5.svg\" alt=\"5 stars\"><\/span>\r\n\t\t\t\t\t\t<span class=\"brtpmj_br_count\">39 Reviews<\/span>\r\n\t\t\t\t\t<\/p><div class=\"\"><div class=\"brtpmj_all_reviews\"><div class=\"brtpmj_single_rvw\">\r\n\t\t\t\t\t\t\t\t\t\r\n\t\t\t\t\t\t<div class=\"brtpmj_sr_author_overview\">\r\n\t\t\t\t\t\t\t\r\n\t\t\t\t\t\t\t<div class=\"brtpmj_sr_ab_img\"><span>LvV<\/span><\/div>\r\n\t\t\t\t\t\t\t<div class=\"brtpmj_sr_ab_name_date\">\r\n\t\t\t\t\t\t\t\t<span class=\"brtpmj_sr_ab_name\">LB vd Vuurst<\/span>\r\n\t\t\t\t\t\t\t\t<span class=\"brtpmj_sr_ab_date\">2025-08-15<\/span>\r\n\t\t\t\t\t\t\t<\/div>\r\n\t\t\t\t\t\t\t\r\n\t\t\t\t\t\t<\/div>\r\n\t\t\t\t\t\t\r\n\t\t\t\t\t\t<div class=\"brtpmj_sr_rating\">\r\n\t\t\t\t\t\t\t<span class=\"brtpmj_br_score_img\"><img decoding=\"async\" src=\"https:\/\/bantoro.com\/wp-content\/plugins\/better-business-reviews\/assets\/stars-5.svg\" alt=\"5 stars\"><\/span>\r\n\t\t\t\t\t\t<\/div>\r\n\t\t\t\t\t\t\r\n\t\t\t\t\t\t<div class=\"brtpmj_sr_title\">\r\n\t\t\t\t\t\t\t<h4>Great communication fast shipping<\/h4>\r\n\t\t\t\t\t\t<\/div>\r\n\t\t\t\t\t\t\r\n\t\t\t\t\t\t<div class=\"brtpmj_sr_title\">\r\n\t\t\t\t\t\t\t<p>I placed an order of 2 items but one of the items what we asked for wasnt available. Within 12 hours i got an email with a other suggestions, and so we did a different order. It was shipped really, really fast. And the communication was great. Thank you Jane. Everything recieved and we are happy.<\/p>\r\n\t\t\t\t\t\t<\/div>\r\n\t\t\t\t\t\t\r\n\t\t\t\t\t<\/div><div class=\"brtpmj_single_rvw\">\r\n\t\t\t\t\t\t\t\t\t\r\n\t\t\t\t\t\t<div class=\"brtpmj_sr_author_overview\">\r\n\t\t\t\t\t\t\t\r\n\t\t\t\t\t\t\t<div class=\"brtpmj_sr_ab_img\"><img decoding=\"async\" src=\"https:\/\/user-images.trustpilot.com\/6896a2719600690944faa5c3\/73x73.png\"><\/div>\r\n\t\t\t\t\t\t\t<div class=\"brtpmj_sr_ab_name_date\">\r\n\t\t\t\t\t\t\t\t<span class=\"brtpmj_sr_ab_name\">Jang Yun Boo<\/span>\r\n\t\t\t\t\t\t\t\t<span class=\"brtpmj_sr_ab_date\">2025-08-09<\/span>\r\n\t\t\t\t\t\t\t<\/div>\r\n\t\t\t\t\t\t\t\r\n\t\t\t\t\t\t<\/div>\r\n\t\t\t\t\t\t\r\n\t\t\t\t\t\t<div class=\"brtpmj_sr_rating\">\r\n\t\t\t\t\t\t\t<span class=\"brtpmj_br_score_img\"><img decoding=\"async\" src=\"https:\/\/bantoro.com\/wp-content\/plugins\/better-business-reviews\/assets\/stars-5.svg\" alt=\"5 stars\"><\/span>\r\n\t\t\t\t\t\t<\/div>\r\n\t\t\t\t\t\t\r\n\t\t\t\t\t\t<div class=\"brtpmj_sr_title\">\r\n\t\t\t\t\t\t\t<h4>Lots of Thanks from south Korea Seoul<\/h4>\r\n\t\t\t\t\t\t<\/div>\r\n\t\t\t\t\t\t\r\n\t\t\t\t\t\t<div class=\"brtpmj_sr_title\">\r\n\t\t\t\t\t\t\t<p>Lots of Thanks from south Korea Seoul. well look after service. good tracking infomation. We received item perfectly good shape. very happy about it is all real leather and good quality.<\/p>\r\n\t\t\t\t\t\t<\/div>\r\n\t\t\t\t\t\t\r\n\t\t\t\t\t<\/div><div class=\"brtpmj_single_rvw\">\r\n\t\t\t\t\t\t\t\t\t\r\n\t\t\t\t\t\t<div class=\"brtpmj_sr_author_overview\">\r\n\t\t\t\t\t\t\t\r\n\t\t\t\t\t\t\t<div class=\"brtpmj_sr_ab_img\"><img decoding=\"async\" src=\"https:\/\/user-images.trustpilot.com\/60363e1eeea92f001b60a322\/73x73.png\"><\/div>\r\n\t\t\t\t\t\t\t<div class=\"brtpmj_sr_ab_name_date\">\r\n\t\t\t\t\t\t\t\t<span class=\"brtpmj_sr_ab_name\">~ E ~<\/span>\r\n\t\t\t\t\t\t\t\t<span class=\"brtpmj_sr_ab_date\">2025-08-06<\/span>\r\n\t\t\t\t\t\t\t<\/div>\r\n\t\t\t\t\t\t\t\r\n\t\t\t\t\t\t<\/div>\r\n\t\t\t\t\t\t\r\n\t\t\t\t\t\t<div class=\"brtpmj_sr_rating\">\r\n\t\t\t\t\t\t\t<span class=\"brtpmj_br_score_img\"><img decoding=\"async\" src=\"https:\/\/bantoro.com\/wp-content\/plugins\/better-business-reviews\/assets\/stars-5.svg\" alt=\"5 stars\"><\/span>\r\n\t\t\t\t\t\t<\/div>\r\n\t\t\t\t\t\t\r\n\t\t\t\t\t\t<div class=\"brtpmj_sr_title\">\r\n\t\t\t\t\t\t\t<h4>This is my second order<\/h4>\r\n\t\t\t\t\t\t<\/div>\r\n\t\t\t\t\t\t\r\n\t\t\t\t\t\t<div class=\"brtpmj_sr_title\">\r\n\t\t\t\t\t\t\t<p>This is my second order. Previously I was very happy and satisfied with everything. This time Bantoro even achieved a higher level of customer satisfaction. I needed a whip for the upcoming weekend. And when I contacted the customer service, they could not promise me a guaranteed delivery date other than an expected ETA of 3 - 5 days, also due to possible customs delays. Totally understandable. I had faith in Bantoro because last time, it took only four days from the UK to NL. I ordered the whip on monday and it was shipped the same day because they wanted to make sure I got it on time. It was delivered on wednesday early afternoon!!! Still love the quality of the whip for a great price, and your customer service is next level. Thanks Bantoro!<\/p>\r\n\t\t\t\t\t\t<\/div>\r\n\t\t\t\t\t\t\r\n\t\t\t\t\t<\/div><\/div><\/div><\/div><\/span><\/p>\n","protected":false},"excerpt":{"rendered":"<p>Fouet serpent rouge compact de 3 pieds, con\u00e7u pour un claquement puissant et un contr\u00f4le pr\u00e9cis.<\/p>\n<p>Fouet serpent rouge avec conception lest\u00e9e (shot-loaded)<\/p>\n<ul>\n<li><strong>Conception lest\u00e9e<\/strong> : contr\u00f4le, pr\u00e9cision et performance de claquement am\u00e9lior\u00e9s.<\/li>\n<li><strong>Fabriqu\u00e9 en cuir v\u00e9ritable<\/strong> : con\u00e7u avec du cuir de vache pleine fleur de haute qualit\u00e9.<\/li>\n<li><strong>Tressage \u00e0 16 brins<\/strong> : durable et robuste pour une utilisation \u00e0 long terme.<\/li>\n<li><strong>Longueur de 3 pieds \/ 0,91 m\u00e8tre<\/strong> : compacte et portable, id\u00e9ale pour les espaces restreints.<\/li>\n<li><strong>Accessoires inclus :<\/strong> livr\u00e9 avec un porte\u2011ceinture et 6 crackers suppl\u00e9mentaires.<\/li>\n<li><strong>Poign\u00e9e antid\u00e9rapante : <\/strong>prise en main confortable et s\u00e9curis\u00e9e pour un claquement pr\u00e9cis.<\/li>\n<\/ul>\n","protected":false},"featured_media":12990,"comment_status":"open","ping_status":"closed","template":"","meta":[],"product_brand":[],"product_cat":[1224],"product_tag":[1267,1672,1075,1269,1141,1979,1434,1217,1312,902,1374,1941,1325,1258,1337],"class_list":{"0":"post-12999","1":"product","2":"type-product","3":"status-publish","4":"has-post-thumbnail","6":"product_cat-fouet-serpent-leste","7":"product_tag-accessoires-pour-bullwhip","8":"product_tag-bullwhip-durable","9":"product_tag-bullwhip-en-cuir-avec-lanieres","10":"product_tag-bullwhip-pour-spectacle","11":"product_tag-bullwhip-premium","12":"product_tag-claquement-bruyant-du-fouet","13":"product_tag-equipement-pour-le-claquement-de-fouet","14":"product_tag-fouet-a-12-tresses","15":"product_tag-fouet-bullwhip-avec-claquette-en-cuir","16":"product_tag-fouet-bullwhip-de-3-pieds","17":"product_tag-fouet-charge-de-projectiles","18":"product_tag-fouet-en-cuir-4","19":"product_tag-fouet-en-cuir-de-vache","20":"product_tag-fouet-serpent-noir","21":"product_tag-fouet-souple","23":"first","24":"instock","25":"sale","26":"taxable","27":"shipping-taxable","28":"purchasable","29":"product-type-simple"},"_links":{"self":[{"href":"https:\/\/bantoro.com\/fr\/wp-json\/wp\/v2\/product\/12999","targetHints":{"allow":["GET"]}}],"collection":[{"href":"https:\/\/bantoro.com\/fr\/wp-json\/wp\/v2\/product"}],"about":[{"href":"https:\/\/bantoro.com\/fr\/wp-json\/wp\/v2\/types\/product"}],"replies":[{"embeddable":true,"href":"https:\/\/bantoro.com\/fr\/wp-json\/wp\/v2\/comments?post=12999"}],"wp:featuredmedia":[{"embeddable":true,"href":"https:\/\/bantoro.com\/fr\/wp-json\/wp\/v2\/media\/12990"}],"wp:attachment":[{"href":"https:\/\/bantoro.com\/fr\/wp-json\/wp\/v2\/media?parent=12999"}],"wp:term":[{"taxonomy":"product_brand","embeddable":true,"href":"https:\/\/bantoro.com\/fr\/wp-json\/wp\/v2\/product_brand?post=12999"},{"taxonomy":"product_cat","embeddable":true,"href":"https:\/\/bantoro.com\/fr\/wp-json\/wp\/v2\/product_cat?post=12999"},{"taxonomy":"product_tag","embeddable":true,"href":"https:\/\/bantoro.com\/fr\/wp-json\/wp\/v2\/product_tag?post=12999"}],"curies":[{"name":"wp","href":"https:\/\/api.w.org\/{rel}","templated":true}]}}