{"id":12956,"date":"2023-07-12T14:50:45","date_gmt":"2023-07-12T13:50:45","guid":{"rendered":"https:\/\/bantoro.com\/shop\/non%20class\u00e9\/fouet-en-cuir-de-kangourou-brun-fouet-bullwhip-tresse-16-brins-inspire-dindiana-jones\/"},"modified":"2026-04-24T16:20:34","modified_gmt":"2026-04-24T15:20:34","slug":"brun-16-brins","status":"publish","type":"product","link":"https:\/\/bantoro.com\/fr\/boutique\/bullwhips-inspires-dindiana-jones\/brun-16-brins\/","title":{"rendered":"Fouet en cuir de kangourou brun \u2013 fouet bullwhip tress\u00e9 16 brins inspir\u00e9 d\u2019Indiana Jones"},"content":{"rendered":"<p style=\"text-align: center;\"> <\/p>\n<div class=\"epyt-video-wrapper\"><iframe  id=\"_ytid_86324\"  width=\"800\" height=\"450\"  data-origwidth=\"800\" data-origheight=\"450\" src=\"https:\/\/www.youtube.com\/embed\/vWb3IWmjszc[\/embedyt]<\/p>\n<p>?enablejsapi=1&#038;autoplay=0&#038;cc_load_policy=0&#038;cc_lang_pref=&#038;iv_load_policy=1&#038;loop=0&#038;rel=0&#038;fs=1&#038;playsinline=0&#038;autohide=2&#038;theme=dark&#038;color=red&#038;controls=1&#038;disablekb=0&#038;\u00a0\u00bb class=\u00a0\u00bb__youtube_prefs__  epyt-is-override  no-lazyload\u00a0\u00bb data-vol=\u00a0\u00bb50&Prime;  title=\u00a0\u00bbYouTube player\u00a0\u00bb  allow=\u00a0\u00bbfullscreen; accelerometer; autoplay; clipboard-write; encrypted-media; gyroscope; picture-in-picture; web-share\u00a0\u00bb referrerpolicy=\u00a0\u00bbstrict-origin-when-cross-origin\u00a0\u00bb allowfullscreen data-no-lazy=\u00a0\u00bb1&Prime; data-skipgform_ajax_framebjll=\u00a0\u00bb\u00a0\u00bb><\/iframe><\/div>\n<p>Le <strong>Fouet professionnel en cuir de kangourou marron<\/strong> est soigneusement fabriqu\u00e9 \u00e0 la main \u00e0 partir de cuir de qualit\u00e9 sup\u00e9rieure <strong>cuir de kangourou<\/strong>,  <strong data-start=\"1455\" data-end=\"1518\">inspir\u00e9 des fouets d\u2019aventure classiques de style Indiana Jones<\/strong>offrant une durabilit\u00e9 et une flexibilit\u00e9 sup\u00e9rieures. Parfait pour les amateurs de fouets professionnels et occasionnels, ce fouet tress\u00e9 16 brins est con\u00e7u pour des performances de claquement maximales, id\u00e9al pour un usage professionnel, les collectionneurs et les passionn\u00e9s de cosplay. Disponible en plusieurs longueurs, allant de 4 pieds (1,2 m\u00e8tre) \u00e0 24 pieds (7,3 m\u00e8tres), il poss\u00e8de une poign\u00e9e bien \u00e9quilibr\u00e9e de 9 pouces avec un noyau en acier inoxydable pour une manipulation facile et un contr\u00f4le pr\u00e9cis.<\/p>\n<p>Ce fouet en cuir de kangourou fabriqu\u00e9 \u00e0 la main est disponible \u00e0 la vente en plusieurs tailles, ce qui le rend id\u00e9al pour les artistes, les collectionneurs et les passionn\u00e9s \u00e0 la recherche d\u2019une qualit\u00e9 professionnelle.<\/p>\n<figure id=\"attachment_12950\" aria-describedby=\"caption-attachment-12950\" style=\"width: 690px\" class=\"wp-caption alignnone\"><img fetchpriority=\"high\" decoding=\"async\" class=\" wp-image-11263\" src=\"https:\/\/bantoro.com\/wp-content\/uploads\/2023\/07\/Brown-Kangaroo-Leather-Bullwhip-16-Plaits-Indiana-Jones-Inspired-Cracking-Whip-300x300.webp\" alt=\"Fouet bullwhip en cuir, tress\u00e9 16 brins, inspir\u00e9 d\u2019Indiana Jones\" width=\"690\" height=\"690\" srcset=\"https:\/\/bantoro.com\/wp-content\/uploads\/2023\/07\/Brown-Kangaroo-Leather-Bullwhip-16-Plaits-Indiana-Jones-Inspired-Cracking-Whip-300x300.webp 300w, https:\/\/bantoro.com\/wp-content\/uploads\/2023\/07\/Brown-Kangaroo-Leather-Bullwhip-16-Plaits-Indiana-Jones-Inspired-Cracking-Whip-1024x1024.webp 1024w, https:\/\/bantoro.com\/wp-content\/uploads\/2023\/07\/Brown-Kangaroo-Leather-Bullwhip-16-Plaits-Indiana-Jones-Inspired-Cracking-Whip-150x150.webp 150w, https:\/\/bantoro.com\/wp-content\/uploads\/2023\/07\/Brown-Kangaroo-Leather-Bullwhip-16-Plaits-Indiana-Jones-Inspired-Cracking-Whip-768x768.webp 768w, https:\/\/bantoro.com\/wp-content\/uploads\/2023\/07\/Brown-Kangaroo-Leather-Bullwhip-16-Plaits-Indiana-Jones-Inspired-Cracking-Whip-1536x1536.webp 1536w, https:\/\/bantoro.com\/wp-content\/uploads\/2023\/07\/Brown-Kangaroo-Leather-Bullwhip-16-Plaits-Indiana-Jones-Inspired-Cracking-Whip-600x600.webp 600w, https:\/\/bantoro.com\/wp-content\/uploads\/2023\/07\/Brown-Kangaroo-Leather-Bullwhip-16-Plaits-Indiana-Jones-Inspired-Cracking-Whip-100x100.webp 100w, https:\/\/bantoro.com\/wp-content\/uploads\/2023\/07\/Brown-Kangaroo-Leather-Bullwhip-16-Plaits-Indiana-Jones-Inspired-Cracking-Whip-50x50.webp 50w, https:\/\/bantoro.com\/wp-content\/uploads\/2023\/07\/Brown-Kangaroo-Leather-Bullwhip-16-Plaits-Indiana-Jones-Inspired-Cracking-Whip.webp 1920w\" sizes=\"(max-width: 690px) 100vw, 690px\" \/><figcaption id=\"caption-attachment-12950\" class=\"wp-caption-text\">Fouet bullwhip en cuir de kangourou, inspir\u00e9 d\u2019Indiana Jones<\/figcaption><\/figure>\n<p>Principales caract\u00e9ristiques :<\/p>\n<ul>\n<li>Cuir de kangourou de qualit\u00e9 sup\u00e9rieure : mat\u00e9riau durable, flexible et de haute qualit\u00e9.<\/li>\n<li>Design tress\u00e9 \u00e0 16 brins : tress\u00e9 avec 16 lani\u00e8res de cuir pour une r\u00e9sistance et une capacit\u00e9 de claquement sup\u00e9rieures.<\/li>\n<li>Fouet bullwhip \u00e0 claquement puissant : produit des claquements nets et forts, ce qui le rend parfait pour les performances et l\u2019entra\u00eenement.<\/li>\n<li>Vari\u00e9t\u00e9 de tailles : disponible en 4 pieds (1,2 m), 6 pieds (1,8 m), 8 pieds (2,4 m) et plus.<\/li>\n<li>Lani\u00e8re et cracker du fouet : comprend une lani\u00e8re de fouet de 25 pouces et un cracker de fouet de 9 pouces.<\/li>\n<li>Excellence artisanale : chaque fouet est m\u00e9ticuleusement fabriqu\u00e9 selon des normes professionnelles pour l\u2019utilisation.<\/li>\n<li>Accessoires bonus : livr\u00e9 avec un porte\u2011fouet de ceinture en cuir et 2 lani\u00e8res de rechange, d\u2019une valeur de 20 \u00a3.<\/li>\n<li>Sangle de poignet pour le contr\u00f4le : garantit une manipulation s\u00fbre et confortable.<\/li>\n<\/ul>\n<h3 data-start=\"2703\" data-end=\"2756\">Comprendre la longueur et la performance du bullwhip<\/h3>\n<p data-start=\"2758\" data-end=\"3100\">Les longueurs plus courtes (4 ft\u20136 ft) offrent un contr\u00f4le plus rapide et sont id\u00e9ales pour les d\u00e9butants et la pratique en int\u00e9rieur. Les bullwhips plus longs (8 ft\u201316 ft et plus) offrent une plus grande port\u00e9e et des claquements plus forts, ce qui les rend populaires pour les performances et l\u2019entra\u00eenement avanc\u00e9. La lani\u00e8re et le cracker sont des composants rempla\u00e7ables et ne sont pas inclus dans la mesure de la longueur totale du fouet.  <\/p>\n<p>Pour des conseils sur <strong>l\u2019entretien du fouet<\/strong> et la ma\u00eetrise de votre bullwhip, consultez nos ressources :  <\/p>\n<ul>\n<li><a href=\"https:\/\/bantoro.com\/guide-ultime-entretien-fouets-en-cuir\/\n\n\u00a0\u00bb target=\u00a0\u00bb_new\u00a0\u00bb rel=\u00a0\u00bbnoopener\u00a0\u00bb>Guide d\u2019entretien du fouet bullwhip<\/a><\/li>\n<li><a href=\"https:\/\/bantoro.com\/Rodage du bullwhip et ma\u00eetrise de votre fouet\n\n\u00a0\u00bb target=\u00a0\u00bb_new\u00a0\u00bb rel=\u00a0\u00bbnoopener\u00a0\u00bb>Ma\u00eetriser votre fouet<\/a><\/li>\n<\/ul>\n<p>Vous recherchez d\u2019autres mod\u00e8les de style aventure\u202f? D\u00e9couvrez notre gamme compl\u00e8te de <a href=\"https:\/\/bantoro.com\/fr\/cat\u00e9gorie-produit\/bullwhips-inspires-dindiana-jones\/\">bullwhips inspir\u00e9s d\u2019Indiana Jones<\/a>, con\u00e7us pour les collectionneurs et les passionn\u00e9s de performances. <\/p>\n<p>Disponible d\u00e8s maintenant chez <strong>Bantoro<\/strong>, o\u00f9 nous proposons des articles en cuir de qualit\u00e9 sup\u00e9rieure et des bullwhips de qualit\u00e9 professionnelle. L\u2019article est situ\u00e9 au Royaume\u2011Uni ; veuillez consulter les r\u00e9glementations douani\u00e8res locales avant d\u2019acheter.  <\/p>\n<div class=\"brtpmj_reviews_container\"><div class=\"brtpmj_businessheader\">\r\n\t\t\t\t\t\t<img decoding=\"async\" src=\"\/\/s3-eu-west-1.amazonaws.com\/tpd\/logos\/6617aecf4e6fa9ea40f2b01a\/0x0.png\" alt=\"Bantoro\">\r\n\t\t\t\t\t\t<h2 class=\"brtpmj_business_name\">Bantoro<\/h2>\r\n\t\t\t\t\t<\/div><p class=\"brtpmj_business_ratings\">\r\n\t\t\t\t\t\t<span class=\"brtpmj_br_score\">4.8<\/span>\r\n\t\t\t\t\t\t<span class=\"brtpmj_br_score_img\"><img decoding=\"async\" src=\"https:\/\/bantoro.com\/wp-content\/plugins\/better-business-reviews\/assets\/stars-5.svg\" alt=\"5 stars\"><\/span>\r\n\t\t\t\t\t\t<span class=\"brtpmj_br_count\">39 Reviews<\/span>\r\n\t\t\t\t\t<\/p><div class=\"\"><div class=\"brtpmj_all_reviews\"><div class=\"brtpmj_single_rvw\">\r\n\t\t\t\t\t\t\t\t\t\r\n\t\t\t\t\t\t<div class=\"brtpmj_sr_author_overview\">\r\n\t\t\t\t\t\t\t\r\n\t\t\t\t\t\t\t<div class=\"brtpmj_sr_ab_img\"><span>LvV<\/span><\/div>\r\n\t\t\t\t\t\t\t<div class=\"brtpmj_sr_ab_name_date\">\r\n\t\t\t\t\t\t\t\t<span class=\"brtpmj_sr_ab_name\">LB vd Vuurst<\/span>\r\n\t\t\t\t\t\t\t\t<span class=\"brtpmj_sr_ab_date\">2025-08-15<\/span>\r\n\t\t\t\t\t\t\t<\/div>\r\n\t\t\t\t\t\t\t\r\n\t\t\t\t\t\t<\/div>\r\n\t\t\t\t\t\t\r\n\t\t\t\t\t\t<div class=\"brtpmj_sr_rating\">\r\n\t\t\t\t\t\t\t<span class=\"brtpmj_br_score_img\"><img decoding=\"async\" src=\"https:\/\/bantoro.com\/wp-content\/plugins\/better-business-reviews\/assets\/stars-5.svg\" alt=\"5 stars\"><\/span>\r\n\t\t\t\t\t\t<\/div>\r\n\t\t\t\t\t\t\r\n\t\t\t\t\t\t<div class=\"brtpmj_sr_title\">\r\n\t\t\t\t\t\t\t<h4>Great communication fast shipping<\/h4>\r\n\t\t\t\t\t\t<\/div>\r\n\t\t\t\t\t\t\r\n\t\t\t\t\t\t<div class=\"brtpmj_sr_title\">\r\n\t\t\t\t\t\t\t<p>I placed an order of 2 items but one of the items what we asked for wasnt available. Within 12 hours i got an email with a other suggestions, and so we did a different order. It was shipped really, really fast. And the communication was great. Thank you Jane. Everything recieved and we are happy.<\/p>\r\n\t\t\t\t\t\t<\/div>\r\n\t\t\t\t\t\t\r\n\t\t\t\t\t<\/div><div class=\"brtpmj_single_rvw\">\r\n\t\t\t\t\t\t\t\t\t\r\n\t\t\t\t\t\t<div class=\"brtpmj_sr_author_overview\">\r\n\t\t\t\t\t\t\t\r\n\t\t\t\t\t\t\t<div class=\"brtpmj_sr_ab_img\"><img decoding=\"async\" src=\"https:\/\/user-images.trustpilot.com\/6896a2719600690944faa5c3\/73x73.png\"><\/div>\r\n\t\t\t\t\t\t\t<div class=\"brtpmj_sr_ab_name_date\">\r\n\t\t\t\t\t\t\t\t<span class=\"brtpmj_sr_ab_name\">Jang Yun Boo<\/span>\r\n\t\t\t\t\t\t\t\t<span class=\"brtpmj_sr_ab_date\">2025-08-09<\/span>\r\n\t\t\t\t\t\t\t<\/div>\r\n\t\t\t\t\t\t\t\r\n\t\t\t\t\t\t<\/div>\r\n\t\t\t\t\t\t\r\n\t\t\t\t\t\t<div class=\"brtpmj_sr_rating\">\r\n\t\t\t\t\t\t\t<span class=\"brtpmj_br_score_img\"><img decoding=\"async\" src=\"https:\/\/bantoro.com\/wp-content\/plugins\/better-business-reviews\/assets\/stars-5.svg\" alt=\"5 stars\"><\/span>\r\n\t\t\t\t\t\t<\/div>\r\n\t\t\t\t\t\t\r\n\t\t\t\t\t\t<div class=\"brtpmj_sr_title\">\r\n\t\t\t\t\t\t\t<h4>Lots of Thanks from south Korea Seoul<\/h4>\r\n\t\t\t\t\t\t<\/div>\r\n\t\t\t\t\t\t\r\n\t\t\t\t\t\t<div class=\"brtpmj_sr_title\">\r\n\t\t\t\t\t\t\t<p>Lots of Thanks from south Korea Seoul. well look after service. good tracking infomation. We received item perfectly good shape. very happy about it is all real leather and good quality.<\/p>\r\n\t\t\t\t\t\t<\/div>\r\n\t\t\t\t\t\t\r\n\t\t\t\t\t<\/div><div class=\"brtpmj_single_rvw\">\r\n\t\t\t\t\t\t\t\t\t\r\n\t\t\t\t\t\t<div class=\"brtpmj_sr_author_overview\">\r\n\t\t\t\t\t\t\t\r\n\t\t\t\t\t\t\t<div class=\"brtpmj_sr_ab_img\"><img decoding=\"async\" src=\"https:\/\/user-images.trustpilot.com\/60363e1eeea92f001b60a322\/73x73.png\"><\/div>\r\n\t\t\t\t\t\t\t<div class=\"brtpmj_sr_ab_name_date\">\r\n\t\t\t\t\t\t\t\t<span class=\"brtpmj_sr_ab_name\">~ E ~<\/span>\r\n\t\t\t\t\t\t\t\t<span class=\"brtpmj_sr_ab_date\">2025-08-06<\/span>\r\n\t\t\t\t\t\t\t<\/div>\r\n\t\t\t\t\t\t\t\r\n\t\t\t\t\t\t<\/div>\r\n\t\t\t\t\t\t\r\n\t\t\t\t\t\t<div class=\"brtpmj_sr_rating\">\r\n\t\t\t\t\t\t\t<span class=\"brtpmj_br_score_img\"><img decoding=\"async\" src=\"https:\/\/bantoro.com\/wp-content\/plugins\/better-business-reviews\/assets\/stars-5.svg\" alt=\"5 stars\"><\/span>\r\n\t\t\t\t\t\t<\/div>\r\n\t\t\t\t\t\t\r\n\t\t\t\t\t\t<div class=\"brtpmj_sr_title\">\r\n\t\t\t\t\t\t\t<h4>This is my second order<\/h4>\r\n\t\t\t\t\t\t<\/div>\r\n\t\t\t\t\t\t\r\n\t\t\t\t\t\t<div class=\"brtpmj_sr_title\">\r\n\t\t\t\t\t\t\t<p>This is my second order. Previously I was very happy and satisfied with everything. This time Bantoro even achieved a higher level of customer satisfaction. I needed a whip for the upcoming weekend. And when I contacted the customer service, they could not promise me a guaranteed delivery date other than an expected ETA of 3 - 5 days, also due to possible customs delays. Totally understandable. I had faith in Bantoro because last time, it took only four days from the UK to NL. I ordered the whip on monday and it was shipped the same day because they wanted to make sure I got it on time. It was delivered on wednesday early afternoon!!! Still love the quality of the whip for a great price, and your customer service is next level. Thanks Bantoro!<\/p>\r\n\t\t\t\t\t\t<\/div>\r\n\t\t\t\t\t\t\r\n\t\t\t\t\t<\/div><\/div><\/div><\/div>\n","protected":false},"excerpt":{"rendered":"<ul>\n<li>Fouet en cuir de kangourou brun de qualit\u00e9 sup\u00e9rieure, tress\u00e9 en 16 brins. Inspir\u00e9 des fouets d\u2019aventure dans le style d\u2019Indiana Jones. <\/li>\n<li>Performance de claquement puissante, id\u00e9ale pour un usage professionnel, l\u2019entra\u00eenement et le cosplay.<\/li>\n<li>Conception durable, flexible et fabriqu\u00e9e \u00e0 la main, avec un noyau de poign\u00e9e en acier inoxydable.<\/li>\n<li>Disponible en diff\u00e9rentes tailles de 4 pieds \u00e0 24 pieds<\/li>\n<li>Comprend le fouet, la lani\u00e8re, le cracker et un porte\u2011ceinture.<\/li>\n<\/ul>\n","protected":false},"featured_media":12951,"comment_status":"open","ping_status":"closed","template":"","meta":[],"product_brand":[],"product_cat":[1077,721],"product_tag":[1266,1568,1979,1676,1746,1222,1980,1653,1941,1570,1857,1580,1964],"class_list":{"0":"post-12956","1":"product","2":"type-product","3":"status-publish","4":"has-post-thumbnail","6":"product_cat-bullwhips-inspires-dindiana-jones","7":"product_cat-fouets-en-cuir-de-kangourou","8":"product_tag-bullwhip","9":"product_tag-bullwhip-marron","10":"product_tag-claquement-bruyant-du-fouet","11":"product_tag-equestre","12":"product_tag-fouet","13":"product_tag-fouet-a-16-tresses","14":"product_tag-fouet-bruyant-2","15":"product_tag-fouet-claquant","16":"product_tag-fouet-en-cuir-4","17":"product_tag-fouet-en-cuir-marron","18":"product_tag-fouet-fait-main-4","19":"product_tag-fouet-marron","20":"product_tag-ouet-sonore","22":"first","23":"instock","24":"sale","25":"featured","26":"taxable","27":"shipping-taxable","28":"purchasable","29":"product-type-variable","30":"has-default-attributes"},"_links":{"self":[{"href":"https:\/\/bantoro.com\/fr\/wp-json\/wp\/v2\/product\/12956","targetHints":{"allow":["GET"]}}],"collection":[{"href":"https:\/\/bantoro.com\/fr\/wp-json\/wp\/v2\/product"}],"about":[{"href":"https:\/\/bantoro.com\/fr\/wp-json\/wp\/v2\/types\/product"}],"replies":[{"embeddable":true,"href":"https:\/\/bantoro.com\/fr\/wp-json\/wp\/v2\/comments?post=12956"}],"wp:featuredmedia":[{"embeddable":true,"href":"https:\/\/bantoro.com\/fr\/wp-json\/wp\/v2\/media\/12951"}],"wp:attachment":[{"href":"https:\/\/bantoro.com\/fr\/wp-json\/wp\/v2\/media?parent=12956"}],"wp:term":[{"taxonomy":"product_brand","embeddable":true,"href":"https:\/\/bantoro.com\/fr\/wp-json\/wp\/v2\/product_brand?post=12956"},{"taxonomy":"product_cat","embeddable":true,"href":"https:\/\/bantoro.com\/fr\/wp-json\/wp\/v2\/product_cat?post=12956"},{"taxonomy":"product_tag","embeddable":true,"href":"https:\/\/bantoro.com\/fr\/wp-json\/wp\/v2\/product_tag?post=12956"}],"curies":[{"name":"wp","href":"https:\/\/api.w.org\/{rel}","templated":true}]}}