{"id":12927,"date":"2024-06-21T17:44:12","date_gmt":"2024-06-21T16:44:12","guid":{"rendered":"https:\/\/bantoro.com\/shop\/non%20class\u00e9\/fouet-bullwhip-en-cuir-de-kangourou-noir-et-creme-tressage-16-brins-longueur-4-a-24-pieds-fouet-a-claquer\/"},"modified":"2026-03-05T10:09:37","modified_gmt":"2026-03-05T10:09:37","slug":"creme-noir","status":"publish","type":"product","link":"https:\/\/bantoro.com\/fr\/boutique\/fouets-en-cuir-de-kangourou\/creme-noir\/","title":{"rendered":"Fouet bullwhip en cuir de kangourou noir et cr\u00e8me, 16 brins, 4 \u00e0 24 pieds, fouet \u00e0 claquer"},"content":{"rendered":"<p><strong>Vous recherchez un bullwhip durable et de haute qualit\u00e9 ?<\/strong><br \/>\nNotre <strong>bullwhip en cuir de kangourou cr\u00e8me et noir<\/strong> est fabriqu\u00e9 \u00e0 la main avec expertise \u00e0 partir de <strong>cuir de kangourou premium<\/strong>, ce qui le rend extr\u00eamement r\u00e9sistant, flexible et puissant au claquement. Parfait pour les professionnels et les passionn\u00e9s, ce fouet est dot\u00e9 d\u2019un <strong>tressage de 16 brins<\/strong> pour une durabilit\u00e9 sup\u00e9rieure et d\u2019une <strong>poign\u00e9e avec noyau en acier inoxydable<\/strong> offrant un excellent \u00e9quilibre et un contr\u00f4le optimal.<\/p>\n<ul>\n<li><strong>Tailles disponibles<\/strong> : 4 pieds (1,2 m), 6 pieds (1,8 m), 8 pieds (2,4 m), 10 pieds (3 m), 12 pieds (3,6 m), 14 pieds (4,2 m), 16 pieds (4,8 m), 18 pieds (5,4 m), 20 pieds (6 m), 22 pieds (6,7 m), 24 pieds (7,3 m). Tailles personnalis\u00e9es disponibles.<\/li>\n<li><strong>Inclus<\/strong> : Porte\u2011fouet en cuir pour la ceinture, 2 lani\u00e8res de rechange (falls) et des crackers\/poppers (d\u2019une valeur de 20 \u00a3 \u2013 sous r\u00e9serve de disponibilit\u00e9).<\/li>\n<li><strong>Mat\u00e9riau<\/strong> : <strong>Cuir de kangourou pleine fleur<\/strong>, reconnu pour sa solidit\u00e9 et sa qualit\u00e9 premium.<\/li>\n<li><strong>16 brins<\/strong> : 16 lani\u00e8res de cuir individuelles tress\u00e9es ensemble, am\u00e9liorant la durabilit\u00e9 et les performances.<\/li>\n<li><strong>Poign\u00e9e du fouet<\/strong> : Poign\u00e9e bien \u00e9quilibr\u00e9e de 9 pouces avec un noyau en acier inoxydable pour une meilleure prise en main et un meilleur contr\u00f4le.<\/li>\n<li><strong>Longueur du fouet<\/strong> : La <strong>lani\u00e8re (fall)<\/strong> mesure environ 25 pouces et le <strong>cracker\/popper<\/strong> environ 9 pouces. (Ces longueurs ne sont pas incluses dans la longueur totale du fouet).<\/li>\n<li><strong>Caract\u00e9ristiques<\/strong> : Flexible, produit un claquement puissant ; bullwhip de qualit\u00e9 professionnelle ; conception robuste.<\/li>\n<li><strong>Poign\u00e9e ergonomique<\/strong> : \u00c9quip\u00e9e d\u2019une dragonne pour un meilleur contr\u00f4le et d\u2019une boucle pour un rangement facile en suspension.<\/li>\n<li><strong>Id\u00e9al pour<\/strong> : L\u2019entra\u00eenement, les spectacles ou un usage personnel.<\/li>\n<\/ul>\n<p><strong>Conseils d\u2019entretien<\/strong> : Pour garder votre fouet en parfait \u00e9tat, consultez notre <a href=\"https:\/\/bantoro.com\/ultimate-leather-bullwhip-care-guide\/\" target=\"_new\" rel=\"noopener\">Guide ultime d\u2019entretien des bullwhips en cuir<\/a> et d\u00e9couvrez comment <a href=\"https:\/\/bantoro.com\/fr\/rodage-fouet-et-maitrise-du-fouet\/\" target=\"_new\" rel=\"noopener\">assouplir votre bullwhip et ma\u00eetriser l\u2019art du maniement du fouet<\/a>.<\/p>\n<p><strong>Commandez d\u00e8s maintenant sur <a href=\"https:\/\/bantoro.com\/fr\/\" target=\"_new\" rel=\"noopener\">Bantoro<\/a> pour d\u00e9couvrir la meilleure s\u00e9lection de bullwhips, d\u2019accessoires en cuir et bien plus encore !<\/strong><\/p>\n","protected":false},"excerpt":{"rendered":"<p><strong>Bullwhip en cuir de kangourou cr\u00e8me et noir, tressage 16 brins<\/strong><\/p>\n<ul>\n<li><strong>Options de taille<\/strong> : Bullwhips de 4 \u00e0 24 pieds<\/li>\n<li><strong>Mat\u00e9riau<\/strong> : Cuir de kangourou premium avec 16 brins tress\u00e9s<\/li>\n<li><strong>Accessoires inclus<\/strong> : 2 lani\u00e8res de rechange (falls) et crackers\/poppers<\/li>\n<li><strong>Caract\u00e9ristiques<\/strong> : Noyau en acier inoxydable, poign\u00e9e ergonomique avec dragonne<\/li>\n<li><strong>Parfait pour<\/strong> : L\u2019entra\u00eenement professionnel, les spectacles et les passionn\u00e9s<\/li>\n<\/ul>\n","protected":false},"featured_media":12920,"comment_status":"open","ping_status":"closed","template":"","meta":[],"product_brand":[],"product_cat":[721],"product_tag":[1066,1676,1746,1222,1980,1653,1659,1686,723,1931,1941,1199,1891],"class_list":{"0":"post-12927","1":"product","2":"type-product","3":"status-publish","4":"has-post-thumbnail","6":"product_cat-fouets-en-cuir-de-kangourou","7":"product_tag-bullwhip-en-cuir-de-kangourou","8":"product_tag-equestre","9":"product_tag-fouet","10":"product_tag-fouet-a-16-tresses","11":"product_tag-fouet-bruyant-2","12":"product_tag-fouet-claquant","13":"product_tag-fouet-creme-et-noir","14":"product_tag-fouet-dequitation-2","15":"product_tag-fouet-de-kangourou","16":"product_tag-fouet-en-cuir","17":"product_tag-fouet-en-cuir-4","18":"product_tag-fouet-pour-cheval","19":"product_tag-traversin-ventral-en-cuir","21":"first","22":"instock","23":"sale","24":"featured","25":"taxable","26":"shipping-taxable","27":"purchasable","28":"product-type-variable","29":"has-default-attributes"},"_links":{"self":[{"href":"https:\/\/bantoro.com\/fr\/wp-json\/wp\/v2\/product\/12927","targetHints":{"allow":["GET"]}}],"collection":[{"href":"https:\/\/bantoro.com\/fr\/wp-json\/wp\/v2\/product"}],"about":[{"href":"https:\/\/bantoro.com\/fr\/wp-json\/wp\/v2\/types\/product"}],"replies":[{"embeddable":true,"href":"https:\/\/bantoro.com\/fr\/wp-json\/wp\/v2\/comments?post=12927"}],"wp:featuredmedia":[{"embeddable":true,"href":"https:\/\/bantoro.com\/fr\/wp-json\/wp\/v2\/media\/12920"}],"wp:attachment":[{"href":"https:\/\/bantoro.com\/fr\/wp-json\/wp\/v2\/media?parent=12927"}],"wp:term":[{"taxonomy":"product_brand","embeddable":true,"href":"https:\/\/bantoro.com\/fr\/wp-json\/wp\/v2\/product_brand?post=12927"},{"taxonomy":"product_cat","embeddable":true,"href":"https:\/\/bantoro.com\/fr\/wp-json\/wp\/v2\/product_cat?post=12927"},{"taxonomy":"product_tag","embeddable":true,"href":"https:\/\/bantoro.com\/fr\/wp-json\/wp\/v2\/product_tag?post=12927"}],"curies":[{"name":"wp","href":"https:\/\/api.w.org\/{rel}","templated":true}]}}