{"id":12903,"date":"2025-09-15T10:38:51","date_gmt":"2025-09-15T09:38:51","guid":{"rendered":"https:\/\/bantoro.com\/shop\/non%20class\u00e9\/fouet-serpent-en-cuir-de-kangourou-bullwhip-16-brins-premium-rouge-multi-teintes\/"},"modified":"2026-03-03T09:32:11","modified_gmt":"2026-03-03T09:32:11","slug":"fouet-serpent-rouge","status":"publish","type":"product","link":"https:\/\/bantoro.com\/fr\/boutique\/fouets-en-cuir-de-kangourou\/fouet-serpent-rouge\/","title":{"rendered":"Fouet Serpent en Cuir de Kangourou \u2013 Bullwhip 16 Brins Premium Rouge Multi-Teintes"},"content":{"rendered":"<p data-start=\"2110\" data-end=\"2215\"><strong data-start=\"2110\" data-end=\"2215\">Ma\u00eetrisez la Performance avec le Fouet Serpent en Cuir de Kangourou Premium \u2013 Bullwhip 16 Brins Rouge Multi-Teintes<\/strong><\/p>\n<p data-start=\"2217\" data-end=\"2554\">Am\u00e9liorez vos comp\u00e9tences au <strong data-start=\"2251\" data-end=\"2290\">fouet avec le Fouet Serpent en Cuir de Kangourou <\/strong>Premium, un bullwhip de qualit\u00e9 professionnelle, fabriqu\u00e9 \u00e0 la main pour un \u00e9quilibre, une r\u00e9activit\u00e9 et une durabilit\u00e9 sup\u00e9rieurs. Con\u00e7u en cuir de kangourou v\u00e9ritable avec une <strong data-start=\"2439\" data-end=\"2467\">finition saisissante Rouge Multi-Teintes, <\/strong>ce fouet est \u00e0 la fois un outil puissant et une pi\u00e8ce visuellement impressionnante pour les spectacles et l\u2019entra\u00eenement. <\/p>\n<p data-start=\"2556\" data-end=\"2892\">Con\u00e7u pour la <strong data-start=\"2569\" data-end=\"2618\">performance, les d\u00e9monstrations et les comp\u00e9titions<\/strong>, ce fouet serpent poss\u00e8de une lani\u00e8re<strong data-start=\"2647\" data-end=\"2665\"> tress\u00e9e \u00e0 16 brins<\/strong> offrant un effilement pr\u00e9cis, pour un mouvement plus fluide et un <strong data-start=\"2732\" data-end=\"2762\">claquement net<\/strong> et puissant. Le cuir de kangourou permet un tressage plus serr\u00e9 et une grande r\u00e9sistance \u00e0 la traction sans poids excessif, vous offrant ainsi contr\u00f4le, rapidit\u00e9 et puissance d\u2019impact. <\/p>\n<p data-start=\"2894\" data-end=\"3063\">La <strong data-start=\"2898\" data-end=\"2915\">poign\u00e9e de 23 cm <\/strong>est renforc\u00e9e avec un <strong data-start=\"2937\" data-end=\"2961\">noyau en acier inoxydable<\/strong> et recouverte de cuir, offrant une prise ferme et \u00e9quilibr\u00e9e qui am\u00e9liore la pr\u00e9cision, que le fouet soit long ou court.<\/p>\n<h3 data-start=\"3065\" data-end=\"3089\"> Le produit comprend :<\/h3>\n<ul>\n<li data-start=\"3092\" data-end=\"3145\"> <strong data-start=\"3095\" data-end=\"3119\">Porte-fouet en cui<\/strong>r pour transport sans les mains<\/li>\n<li data-start=\"3148\" data-end=\"3208\"> <strong data-start=\"3151\" data-end=\"3168\">2 lani\u00e8res et cracheurs<\/strong>\/<strong data-start=\"3173\" data-end=\"3193\">claqueurs de rechange<\/strong> (valeur d\u2019environ 20 \u00a3)<\/li>\n<li data-start=\"3211\" data-end=\"3264\"> <strong data-start=\"3214\" data-end=\"3229\">Sangle de poignet<\/strong> pour plus de s\u00e9curit\u00e9 et de commodit\u00e9<\/li>\n<\/ul>\n<p data-start=\"3266\" data-end=\"3462\">Disponible en longueurs allant de <strong data-start=\"3300\" data-end=\"3317\">4 \u00e0 8 pieds<\/strong>, ce <strong data-start=\"3324\" data-end=\"3371\">bullwhip en cuir de kangourou Rouge Multi-Teintes <\/strong>peut \u00eatre personnalis\u00e9 selon vos besoins \u2014 que ce soit pour la sc\u00e8ne, la comp\u00e9tition ou un entra\u00eenement intensif.<\/p>\n<p data-start=\"3464\" data-end=\"3670\">Chaque fouet est <strong data-start=\"3477\" data-end=\"3501\">fabriqu\u00e9 \u00e0 la main par des artisans<\/strong>, ce qui entra\u00eene de l\u00e9g\u00e8res diff\u00e9rences de teinte, de serrage du tressage et de finition. Cela garantit que votre fouet n\u2019est pas seulement un outil, mais une pi\u00e8ce personnelle de qualit\u00e9 sup\u00e9rieure. <\/p>\n<p data-start=\"3672\" data-end=\"3941\"> Entretenez votre fouet avec soin gr\u00e2ce \u00e0 notre <a class=\"decorated-link\" href=\"https:\/\/bantoro.com\/ultimate-leather-bullwhip-care-guide\/\" target=\"_new\" rel=\"noopener\" data-start=\"3715\" data-end=\"3812\">Guide Ultime d\u2019Entretien du Bullwhip en Cuir,<\/a> et apprenez comment <a class=\"decorated-link\" href=\"https:\/\/bantoro.com\/fr\/rodage-fouet-et-maitrise-du-fouet\/\" target=\"_new\" rel=\"noopener\" data-start=\"3831\" data-end=\"3919\">roder votre bullwhip<\/a> pour des performances optimales.<\/p>\n<p data-start=\"3943\" data-end=\"4070\"> Visitez <a class=\"decorated-link\" href=\"https:\/\/bantoro.com\/fr\/\" target=\"_new\" rel=\"noopener\" data-start=\"3952\" data-end=\"3987\">Bantoro.com<\/a> pour d\u00e9couvrir davantage de fouets et d\u2019accessoires fabriqu\u00e9s \u00e0 la main, con\u00e7us pour les pratiquants exigeants.<\/p>\n<p data-start=\"4248\" data-end=\"4287\"><strong data-start=\"4248\" data-end=\"4287\">Pourquoi choisir notre fouet en peau de serpent kangourou ?<\/strong><\/p>\n<ul>\n<li data-start=\"4290\" data-end=\"4346\"> <strong data-start=\"4293\" data-end=\"4314\">Conception de fouet serpent<\/strong> pour un mouvement fluide et un bon \u00e9quilibre<\/li>\n<li data-start=\"4349\" data-end=\"4422\"> Un craquement sonore puissant, id\u00e9al pour la formation, les spectacles et les d\u00e9monstrations.<\/li>\n<li data-start=\"4425\" data-end=\"4486\"> Con\u00e7u avec pr\u00e9cision pour un contr\u00f4le, une r\u00e9activit\u00e9 et un confort optimaux<\/li>\n<li data-start=\"4489\" data-end=\"4558\"> La <strong data-start=\"2439\" data-end=\"2467\">couleur Rouge Multi-Teintes<\/strong> unique offre un attrait esth\u00e9tique remarquable<\/li>\n<li data-start=\"4561\" data-end=\"4601\"> Longueurs personnalis\u00e9es disponibles sur demande<\/li>\n<\/ul>\n<p data-start=\"4603\" data-end=\"4834\">Que vous soyez passionn\u00e9 de fouet, cascadeur professionnel ou entra\u00eeneur, ce fouet en cuir de kangourou fabriqu\u00e9 \u00e0 la main est d&rsquo;une efficacit\u00e9 redoutable. Visitez <a class=\"decorated-link\" href=\"https:\/\/bantoro.com\/fr\/\" target=\"_new\" rel=\"noopener\" data-start=\"4750\" data-end=\"4785\">Bantoro.com<\/a> pour d\u00e9couvrir d&rsquo;autres fouets haut de gamme et des guides d&rsquo;experts. <\/p>\n","protected":false},"excerpt":{"rendered":"<div class=\"flex-1 overflow-hidden @container\/thread\">\n<div class=\"h-full\">\n<div class=\"react-scroll-to-bottom--css-pzhyc-79elbk h-full\">\n<div class=\"react-scroll-to-bottom--css-pzhyc-1n7m0yu\">\n<div class=\"flex flex-col text-sm md:pb-9\">\n<article class=\"w-full scroll-mb-[var(--thread-trailing-height,150px)] text-token-text-primary focus-visible:outline-2 focus-visible:outline-offset-[-4px]\" dir=\"auto\" data-testid=\"conversation-turn-3\" data-scroll-anchor=\"true\">\n<div class=\"m-auto text-base py-[18px] px-3 md:px-4 w-full md:px-5 lg:px-4 xl:px-5\">\n<div class=\"mx-auto flex flex-1 gap-4 text-base md:gap-5 lg:gap-6 md:max-w-3xl\">\n<div class=\"group\/conversation-turn relative flex w-full min-w-0 flex-col agent-turn\">\n<div class=\"flex-col gap-1 md:gap-3\">\n<div class=\"flex max-w-full flex-col flex-grow\">\n<div class=\"min-h-8 text-message flex w-full flex-col items-end gap-2 whitespace-normal break-words text-start [.text-message+&amp;]:mt-5\" dir=\"auto\" data-message-author-role=\"assistant\" data-message-id=\"2fc00b39-7fe8-4360-b466-4fd367c3fc2f\" data-message-model-slug=\"gpt-4o-mini\">\n<div class=\"flex w-full flex-col gap-1 empty:hidden first:pt-[3px]\">\n<div class=\"markdown prose w-full break-words dark:prose-invert light\">\n<ul>\n<li data-start=\"1849\" data-end=\"1933\"> Fouet serpent en cuir tress\u00e9 \u00e0 16 brins, fabriqu\u00e9 artisanalement pour un mouvement fluide et une puissance de claquement optimale.<\/li>\n<li data-start=\"1936\" data-end=\"2020\"> Fabriqu\u00e9 en <strong>cuir Rouge Multi-Teintes<\/strong> \u2013 audacieux, accrocheur et de qualit\u00e9 professionnelle<\/li>\n<li data-start=\"2023\" data-end=\"2102\"> Produit des <strong data-start=\"2035\" data-end=\"2050\">craquements sonores<\/strong> puissants, id\u00e9aux pour les spectacles, l&rsquo;entra\u00eenement et les performances sc\u00e9niques.<\/li>\n<li data-start=\"2105\" data-end=\"2164\"> Disponible en plusieurs longueurs \u2013 <strong data-start=\"2145\" data-end=\"2162\">de 1,2 m \u00e0 2,4 m<\/strong><\/li>\n<li data-start=\"2167\" data-end=\"2245\"> Comprend un ensemble complet : porte-fouet en cuir, sangle de poignet, cracheurs de rechange et lani\u00e8res<\/li>\n<li data-start=\"2248\" data-end=\"2302\"> <strong data-start=\"2259\" data-end=\"2273\">Fouet serpent<\/strong> durable con\u00e7u pour une utilisation intensive<\/li>\n<\/ul>\n<p>Apprenez \u00e0 entretenir votre fouet :<a class=\"decorated-link\" href=\"https:\/\/bantoro.com\/ultimate-leather-bullwhip-care-guide\/\" target=\"_new\" rel=\"noopener\" data-start=\"2337\" data-end=\"2417\"> Guide d&rsquo;entretien du fouet de taureau<\/a><\/p>\n<\/div>\n<\/div>\n<\/div>\n<\/div>\n<\/div>\n<\/div>\n<\/div>\n<\/div>\n<\/article>\n<\/div>\n<\/div>\n<\/div>\n<\/div>\n<\/div>\n<p>&nbsp;<\/p>\n","protected":false},"featured_media":12891,"comment_status":"open","ping_status":"closed","template":"","meta":[],"product_brand":[],"product_cat":[721],"product_tag":[722,727,723,728,726,724,725,729,730],"class_list":{"0":"post-12903","1":"product","2":"type-product","3":"status-publish","4":"has-post-thumbnail","6":"product_cat-fouets-en-cuir-de-kangourou","7":"product_tag-claquement-de-fouet","8":"product_tag-fouet-a-16-brins","9":"product_tag-fouet-de-kangourou","10":"product_tag-fouet-de-performance","11":"product_tag-fouet-en-cuir-fabrique-a-la-main","12":"product_tag-fouet-professionnel","13":"product_tag-fouet-serpent","14":"product_tag-long-fouet","15":"product_tag-stage-whip","17":"first","18":"instock","19":"sale","20":"featured","21":"taxable","22":"shipping-taxable","23":"purchasable","24":"product-type-variable"},"_links":{"self":[{"href":"https:\/\/bantoro.com\/fr\/wp-json\/wp\/v2\/product\/12903","targetHints":{"allow":["GET"]}}],"collection":[{"href":"https:\/\/bantoro.com\/fr\/wp-json\/wp\/v2\/product"}],"about":[{"href":"https:\/\/bantoro.com\/fr\/wp-json\/wp\/v2\/types\/product"}],"replies":[{"embeddable":true,"href":"https:\/\/bantoro.com\/fr\/wp-json\/wp\/v2\/comments?post=12903"}],"wp:featuredmedia":[{"embeddable":true,"href":"https:\/\/bantoro.com\/fr\/wp-json\/wp\/v2\/media\/12891"}],"wp:attachment":[{"href":"https:\/\/bantoro.com\/fr\/wp-json\/wp\/v2\/media?parent=12903"}],"wp:term":[{"taxonomy":"product_brand","embeddable":true,"href":"https:\/\/bantoro.com\/fr\/wp-json\/wp\/v2\/product_brand?post=12903"},{"taxonomy":"product_cat","embeddable":true,"href":"https:\/\/bantoro.com\/fr\/wp-json\/wp\/v2\/product_cat?post=12903"},{"taxonomy":"product_tag","embeddable":true,"href":"https:\/\/bantoro.com\/fr\/wp-json\/wp\/v2\/product_tag?post=12903"}],"curies":[{"name":"wp","href":"https:\/\/api.w.org\/{rel}","templated":true}]}}