{"id":12874,"date":"2023-07-20T14:37:24","date_gmt":"2023-07-20T13:37:24","guid":{"rendered":"https:\/\/bantoro.com\/shop\/non%20class\u00e9\/fouet-en-cuir-marron-8-ft-12-tresses-fouet-professionnel-inspire-dindiana-jones\/"},"modified":"2026-03-02T11:47:10","modified_gmt":"2026-03-02T11:47:10","slug":"brun-24-m","status":"publish","type":"product","link":"https:\/\/bantoro.com\/fr\/boutique\/fouets-en-cuir\/brun-24-m\/","title":{"rendered":"Fouet en cuir marron 8 ft 12 tresses \u2013 Fouet professionnel inspir\u00e9 d\u2019Indiana Jones"},"content":{"rendered":"<p>Lib\u00e9rez tout votre potentiel avec notre <strong>fouet en cuir v\u00e9ritable marron, inspir\u00e9 par le style classique des aventures d\u2019Indiana Jones<\/strong>. Con\u00e7u pour ceux qui recherchent \u00e0 la fois <strong data-start=\"713\" data-end=\"776\">durabilit\u00e9 <\/strong>et <strong>performance<\/strong>, ce<strong> fouet de 8 ft (2,4 m) <\/strong>est soigneusement fabriqu\u00e9 \u00e0 la main avec du <strong>cuir pleine fleur 100 % v\u00e9ritable.<\/strong> Il comporte <strong>12 tresses<\/strong> pour une r\u00e9sistance et une robustesse <strong data-start=\"1327\" data-end=\"1380\">maximales, id\u00e9al pour les techniques de fouet d\u2019aventure. Parfait <\/strong>pour le <strong>maniement du fouet<\/strong>, que vous soyez professionnel ou passionn\u00e9.  <\/p>\n<figure id=\"attachment_12859\" aria-describedby=\"caption-attachment-12859\" style=\"width: 690px\" class=\"wp-caption alignnone\"><img fetchpriority=\"high\" decoding=\"async\" class=\" wp-image-11230\" src=\"https:\/\/bantoro.com\/wp-content\/uploads\/2025\/12\/Indiana-Jones-Inspired-Bullwhips-300x300.webp\" alt=\"Aventurier inspir\u00e9 d\u2019Indiana Jones faisant claquer un fouet \u00e0 taureau en cuir de kangourou de 2,4\u202fm en action.\" width=\"690\" height=\"690\" srcset=\"https:\/\/bantoro.com\/wp-content\/uploads\/2025\/12\/Indiana-Jones-Inspired-Bullwhips-300x300.webp 300w, https:\/\/bantoro.com\/wp-content\/uploads\/2025\/12\/Indiana-Jones-Inspired-Bullwhips-1024x1024.webp 1024w, https:\/\/bantoro.com\/wp-content\/uploads\/2025\/12\/Indiana-Jones-Inspired-Bullwhips-150x150.webp 150w, https:\/\/bantoro.com\/wp-content\/uploads\/2025\/12\/Indiana-Jones-Inspired-Bullwhips-768x768.webp 768w, https:\/\/bantoro.com\/wp-content\/uploads\/2025\/12\/Indiana-Jones-Inspired-Bullwhips-1536x1536.webp 1536w, https:\/\/bantoro.com\/wp-content\/uploads\/2025\/12\/Indiana-Jones-Inspired-Bullwhips-600x600.webp 600w, https:\/\/bantoro.com\/wp-content\/uploads\/2025\/12\/Indiana-Jones-Inspired-Bullwhips-100x100.webp 100w, https:\/\/bantoro.com\/wp-content\/uploads\/2025\/12\/Indiana-Jones-Inspired-Bullwhips-50x50.webp 50w, https:\/\/bantoro.com\/wp-content\/uploads\/2025\/12\/Indiana-Jones-Inspired-Bullwhips.webp 1920w\" sizes=\"(max-width: 690px) 100vw, 690px\" \/><figcaption id=\"caption-attachment-12859\" class=\"wp-caption-text\"><a href=\"https:\/\/bantoro.com\/fr\/?attachment_id=11230\">Indiana Jones inspired bullwhip<\/a> Fabriqu\u00e9 en cuir de kangourou haut de gamme, con\u00e7u pour la performance et l\u2019aventure<\/figcaption><\/figure>\n<p>Les principales caract\u00e9ristiques incluent :<\/p>\n<ul>\n<li><strong>Length<\/strong>: 8 feet (2.4 meters), ideal for control and precision.<\/li>\n<li><strong>Mat\u00e9riau :<\/strong> <strong>cuir haut de gamme<\/strong> 100 % v\u00e9ritable pour une utilisation durable.<\/li>\n<li><strong>12 tresses<\/strong> : fabriqu\u00e9 \u00e0 partir de 12 brins de cuir s\u00e9par\u00e9s pour une durabilit\u00e9 accrue.<\/li>\n<li><strong>Poign\u00e9e <\/strong>: poign\u00e9e de 9 pouces bien \u00e9quilibr\u00e9e avec un noyau durable et une dragonne confortable pour un meilleur contr\u00f4le.<\/li>\n<li>Lani\u00e8re et sifflet : comprend une lani\u00e8re de 16 pouces et un sifflet de 9 pouces, offrant un son et une pr\u00e9cision impressionnants.<\/li>\n<li>Couleur : marron \u2013 la couleur r\u00e9elle peut l\u00e9g\u00e8rement varier en raison des qualit\u00e9s naturelles du cuir.<\/li>\n<li><strong>Support suppl\u00e9mentaire<\/strong> : porte-ceinture en cuir disponible pour 10,00 \u20ac suppl\u00e9mentaires (sous r\u00e9serve de disponibilit\u00e9).<\/li>\n<\/ul>\n<p>Ce <strong>fouet robuste<\/strong> est con\u00e7u pour des c<strong>laquements puissants<\/strong> et un <strong>usage professionnel.<\/strong> Que vous vous entra\u00eeniez, que vous r\u00e9alisiez des performances ou que vous pratiquiez toute activit\u00e9 n\u00e9cessitant de la pr\u00e9cision, ce <strong>fouet en cuir durable <\/strong>offre le parfait \u00e9quilibre entre flexibilit\u00e9 et puissance. Il est \u00e9galement un choix populaire pour les <strong data-start=\"1631\" data-end=\"1711\">cosplay inspir\u00e9s d\u2019Indiana Jones, les collectionneurs et les performances de style aventure.<\/strong>  <\/p>\n<p>Pour plus d\u2019informations sur l\u2019<strong>entretien du fouet et l\u2019assouplissement<\/strong> de votre fouet, consultez notre <a href=\"https:\/\/bantoro.com\/ultimate-leather-bullwhip-care-guide\/\" target=\"_new\" rel=\"noopener\">Guide ultime d\u2019entretien des fouets en cuir <\/a>et Guide d\u2019<a href=\"https:\/\/bantoro.com\/fr\/rodage-fouet-et-maitrise-du-fouet\/\" target=\"_new\" rel=\"noopener\">assouplissement &amp; Ma\u00eetrise de votre fouet.<\/a><\/p>\n<p>Visitez notre site web<a href=\"https:\/\/bantoro.com\/fr\/\" target=\"_new\" rel=\"noopener\"> Bantoro.com<\/a> pour d\u00e9couvrir d\u2019autres produits et conseils !<\/p>\n","protected":false},"excerpt":{"rendered":"<p><strong>Fouet en cuir v\u00e9ritable marron 8 ft, 12 tresses \u2013 <a href=\"https:\/\/bantoro.com\/fr\/?attachment_id=11230\">Inspir\u00e9 d\u2019Indiana Jones<\/a><\/strong><\/p>\n<ul>\n<li><strong>Fouet en cuir v\u00e9ritable marron <\/strong>\u2013 fouet de 8 ft avec <strong>12 tresses<\/strong> pour une durabilit\u00e9 accrue. Inspir\u00e9 des fouets classiques de <strong>style Indiana Jones.<\/strong> <\/li>\n<li>Mat\u00e9riau en <strong>cuir haut de gamme<\/strong> pour des <strong>claquements puissants<\/strong><\/li>\n<li><strong>Fouet robuste<\/strong> avec une poign\u00e9e bien \u00e9quilibr\u00e9e pour un contr\u00f4le facile.<\/li>\n<li>Comprend un porte-ceinture en cuir (suppl\u00e9ment \u00e0 pr\u00e9voir).<\/li>\n<li>Fouet de qualit\u00e9 professionnelle pour les performances et l\u2019entra\u00eenement. <strong data-start=\"2857\" data-end=\"2907\">Id\u00e9al pour une utilisation de style aventure inspir\u00e9e d\u2019Indiana Jones.<\/strong><\/li>\n<\/ul>\n","protected":false},"featured_media":12860,"comment_status":"open","ping_status":"closed","template":"","meta":[],"product_brand":[],"product_cat":[697,1077],"product_tag":[1266,1215,1594,1606,1213,1157,1941,1964],"class_list":{"0":"post-12874","1":"product","2":"type-product","3":"status-publish","4":"has-post-thumbnail","6":"product_cat-fouets-en-cuir","7":"product_cat-bullwhips-inspires-dindiana-jones","8":"product_tag-bullwhip","9":"product_tag-bullwhip-a-12-tresses","10":"product_tag-bullwhip-a-vendre","11":"product_tag-bullwhip-avec-etui","12":"product_tag-bullwhip-de-8-pieds","13":"product_tag-bullwhip-professionnel","14":"product_tag-fouet-en-cuir-4","15":"product_tag-ouet-sonore","17":"first","18":"instock","19":"sale","20":"taxable","21":"shipping-taxable","22":"purchasable","23":"product-type-simple"},"_links":{"self":[{"href":"https:\/\/bantoro.com\/fr\/wp-json\/wp\/v2\/product\/12874","targetHints":{"allow":["GET"]}}],"collection":[{"href":"https:\/\/bantoro.com\/fr\/wp-json\/wp\/v2\/product"}],"about":[{"href":"https:\/\/bantoro.com\/fr\/wp-json\/wp\/v2\/types\/product"}],"replies":[{"embeddable":true,"href":"https:\/\/bantoro.com\/fr\/wp-json\/wp\/v2\/comments?post=12874"}],"wp:featuredmedia":[{"embeddable":true,"href":"https:\/\/bantoro.com\/fr\/wp-json\/wp\/v2\/media\/12860"}],"wp:attachment":[{"href":"https:\/\/bantoro.com\/fr\/wp-json\/wp\/v2\/media?parent=12874"}],"wp:term":[{"taxonomy":"product_brand","embeddable":true,"href":"https:\/\/bantoro.com\/fr\/wp-json\/wp\/v2\/product_brand?post=12874"},{"taxonomy":"product_cat","embeddable":true,"href":"https:\/\/bantoro.com\/fr\/wp-json\/wp\/v2\/product_cat?post=12874"},{"taxonomy":"product_tag","embeddable":true,"href":"https:\/\/bantoro.com\/fr\/wp-json\/wp\/v2\/product_tag?post=12874"}],"curies":[{"name":"wp","href":"https:\/\/api.w.org\/{rel}","templated":true}]}}