{"id":12800,"date":"2025-01-03T09:36:19","date_gmt":"2025-01-03T09:36:19","guid":{"rendered":"https:\/\/bantoro.com\/shop\/non%20class\u00e9\/fouet-de-chasse-en-cuir-laniere-de-fouet-de-chasse-winslow-avec-col-renard-4-pieds-noir\/"},"modified":"2026-02-26T07:02:50","modified_gmt":"2026-02-26T07:02:50","slug":"fouet-de-chasse-en-cuir-noir","status":"publish","type":"product","link":"https:\/\/bantoro.com\/fr\/boutique\/fouet-fox\/fouet-de-chasse-en-cuir-noir\/","title":{"rendered":"Fouet de chasse en cuir \u2013 Lani\u00e8re de fouet de chasse Winslow avec col renard (4 pieds) Noir"},"content":{"rendered":"<p data-start=\"649\" data-end=\"968\">Am\u00e9liorez votre exp\u00e9rience de chasse et d\u2019\u00e9quitation avec la <strong data-start=\"705\" data-end=\"745\">lani\u00e8re de fouet de chasse en cuir \u00ab Winslow \u00bb<\/strong>, une pi\u00e8ce artisanale con\u00e7ue pour allier tradition, pr\u00e9cision et durabilit\u00e9. Fabriqu\u00e9 en <strong data-start=\"834\" data-end=\"878\">cuir premium noir et rouge tress\u00e9 \u00e0 la main<\/strong>, ce<strong data-start=\"885\" data-end=\"905\"> fouet de chasse de 4 pieds<\/strong> associe <strong data-start=\"913\" data-end=\"965\">un savoir-faire traditionnel \u00e0 une fonctionnalit\u00e9 moderne.<\/strong> <\/p>\n<p data-start=\"970\" data-end=\"1276\">Dot\u00e9 d&rsquo;un <strong data-start=\"982\" data-end=\"1006\">collier de t\u00eate Fox Whip<\/strong>, ce fouet assure un contr\u00f4le et une performance exceptionnels, ce qui en fait le choix id\u00e9al pour la <strong data-start=\"1099\" data-end=\"1111\">chasse \u00e0 courre <\/strong>et les <strong data-start=\"1116\" data-end=\"1137\">comp\u00e9titions \u00e9questres<\/strong>. <strong data-start=\"1143\" data-end=\"1170\">Le fouet de chasse Winslow Hunt Whip Thong<\/strong> est con\u00e7u principalement pour les hommes, mais convient \u00e9galement aux femmes qui appr\u00e9cient la qualit\u00e9 et le style intemporels. <\/p>\n<p data-start=\"1278\" data-end=\"1297\"><strong data-start=\"1278\" data-end=\"1295\">Principales caract\u00e9ristiques :<\/strong><\/p>\n<ul data-start=\"1298\" data-end=\"1793\">\n<li data-start=\"1298\" data-end=\"1405\">\n<p data-start=\"1300\" data-end=\"1405\"><strong data-start=\"1300\" data-end=\"1338\">Artisanat en cuir tress\u00e9 \u00e0 la main<\/strong> \u2013 Cuir noir et rouge durable avec une finition tress\u00e9e traditionnelle.<\/p>\n<\/li>\n<li data-start=\"1406\" data-end=\"1493\">\n<p data-start=\"1408\" data-end=\"1493\"><strong data-start=\"1408\" data-end=\"1426\">Longueur parfaite<\/strong> \u2013 3 pieds (90 cm) string + 1 pied (30 cm) cil\/cracker = 4 pieds (1,2 m) au total.<\/p>\n<\/li>\n<li data-start=\"1494\" data-end=\"1586\">\n<p data-start=\"1496\" data-end=\"1586\"><strong data-start=\"1496\" data-end=\"1520\">Collier de t\u00eate Fox Whip <\/strong>\u2013 Am\u00e9liore le contr\u00f4le, la pr\u00e9cision et la tradition de chasse authentique.<\/p>\n<\/li>\n<li data-start=\"1587\" data-end=\"1686\">\n<p data-start=\"1589\" data-end=\"1686\"><strong data-start=\"1589\" data-end=\"1618\">Polyvalent pour les cavaliers<\/strong> \u2013 Con\u00e7u comme un <strong data-start=\"1635\" data-end=\"1658\">fouet de chasse pour hommes,<\/strong> mais \u00e9galement adapt\u00e9 aux femmes.<\/p>\n<\/li>\n<li data-start=\"1687\" data-end=\"1793\">\n<p data-start=\"1689\" data-end=\"1793\"><strong data-start=\"1689\" data-end=\"1716\">Cuir de qualit\u00e9 sup\u00e9rieure<\/strong> \u2013 Fabriqu\u00e9 en cuir pleine fleur pour une durabilit\u00e9 et une \u00e9l\u00e9gance durables.<\/p>\n<\/li>\n<\/ul>\n<p data-start=\"1795\" data-end=\"1902\">Exp\u00e9di\u00e9 avec fiert\u00e9 depuis le <strong data-start=\"1820\" data-end=\"1838\">Royaume-Uni,<\/strong> veuillez v\u00e9rifier la r\u00e9glementation douani\u00e8re de votre pays avant de commander.<\/p>\n<p data-start=\"1904\" data-end=\"2021\">Pour d\u00e9couvrir notre gamme compl\u00e8te d&rsquo;\u00e9quipements de chasse et d&rsquo;\u00e9quitation haut de gamme, rendez-vous sur \ud83d\udc49<a class=\"decorated-link\" href=\"https:\/\/bantoro.com\/?utm_source=chatgpt.com\" target=\"_new\" rel=\"noopener\" data-start=\"1984\" data-end=\"2019\"> Bantoro.com<\/a><\/p>\n","protected":false},"excerpt":{"rendered":"<ul>\n<li data-start=\"2122\" data-end=\"2173\"><strong>Fouet de chasse en<\/strong> <strong data-start=\"2135\" data-end=\"2171\">cuir noir et rouge,<\/strong> tress\u00e9 \u00e0 la main<\/li>\n<li data-start=\"2176\" data-end=\"2225\">Longueur totale : 122 cm \u2013 string de 91 cm + 30 cm de faux cils\/cracker<\/li>\n<li data-start=\"2228\" data-end=\"2277\">\u00c9quip\u00e9 d\u2019un <strong data-start=\"2237\" data-end=\"2261\">collier de fouet renard<\/strong> pour une pr\u00e9cision optimale<\/li>\n<li data-start=\"2280\" data-end=\"2331\"><strong data-start=\"2286\" data-end=\"2310\">Fouet de chasse \u00e9questre<\/strong> id\u00e9al pour hommes et femmes<\/li>\n<li data-start=\"2334\" data-end=\"2385\"><strong data-start=\"2334\" data-end=\"2363\">Cuir pleine fleur de qualit\u00e9 sup\u00e9rieure<\/strong> \u2013 durable et \u00e9l\u00e9gant<\/li>\n<\/ul>\n","protected":false},"featured_media":12795,"comment_status":"open","ping_status":"closed","template":"","meta":[],"product_brand":[],"product_cat":[1073],"product_tag":[1340,1078,1335,1143,1205,1413,1257,1447,1201],"class_list":{"0":"post-12800","1":"product","2":"type-product","3":"status-publish","4":"has-post-thumbnail","6":"product_cat-fouet-fox","7":"product_tag-collier-a-tete-de-fouet-renard","8":"product_tag-cravache-en-cuir-pour-cheval","9":"product_tag-equipement-de-chasse-equestre","10":"product_tag-fouet-dequitation-en-cuir-premium","11":"product_tag-fouet-de-chasse-en-cuir","12":"product_tag-fouet-de-chasse-traditionnel","13":"product_tag-fouet-en-cuir-noir-et-rouge","14":"product_tag-fouet-winslow-hunt","15":"product_tag-laniere-de-fouet-de-chasse","17":"first","18":"instock","19":"sale","20":"taxable","21":"shipping-taxable","22":"purchasable","23":"product-type-simple"},"_links":{"self":[{"href":"https:\/\/bantoro.com\/fr\/wp-json\/wp\/v2\/product\/12800","targetHints":{"allow":["GET"]}}],"collection":[{"href":"https:\/\/bantoro.com\/fr\/wp-json\/wp\/v2\/product"}],"about":[{"href":"https:\/\/bantoro.com\/fr\/wp-json\/wp\/v2\/types\/product"}],"replies":[{"embeddable":true,"href":"https:\/\/bantoro.com\/fr\/wp-json\/wp\/v2\/comments?post=12800"}],"wp:featuredmedia":[{"embeddable":true,"href":"https:\/\/bantoro.com\/fr\/wp-json\/wp\/v2\/media\/12795"}],"wp:attachment":[{"href":"https:\/\/bantoro.com\/fr\/wp-json\/wp\/v2\/media?parent=12800"}],"wp:term":[{"taxonomy":"product_brand","embeddable":true,"href":"https:\/\/bantoro.com\/fr\/wp-json\/wp\/v2\/product_brand?post=12800"},{"taxonomy":"product_cat","embeddable":true,"href":"https:\/\/bantoro.com\/fr\/wp-json\/wp\/v2\/product_cat?post=12800"},{"taxonomy":"product_tag","embeddable":true,"href":"https:\/\/bantoro.com\/fr\/wp-json\/wp\/v2\/product_tag?post=12800"}],"curies":[{"name":"wp","href":"https:\/\/api.w.org\/{rel}","templated":true}]}}