{"id":12760,"date":"2024-10-03T16:24:11","date_gmt":"2024-10-03T15:24:11","guid":{"rendered":"https:\/\/bantoro.com\/shop\/non%20class\u00e9\/fouet-de-motard-noir-et-bleu-fouet-pour-guidon-de-moto-en-cuir-veritable-de-42\/"},"modified":"2026-02-23T13:26:45","modified_gmt":"2026-02-23T13:26:45","slug":"motard-noir-et-bleu","status":"publish","type":"product","link":"https:\/\/bantoro.com\/fr\/boutique\/fouet-de-moto\/motard-noir-et-bleu\/","title":{"rendered":"Fouet de motard noir et bleu \u2013 Fouet pour guidon de moto en cuir v\u00e9ritable de 42&Prime;"},"content":{"rendered":"<h2>Fouet de Motard en Cuir V\u00e9ritable Fait Main pour Guidon de Moto<\/h2>\n<p style=\"text-align: center;\">https:\/\/www.youtube.com\/watch?v=89TA69P0AHA<strong> <\/strong><\/p>\n<p>&nbsp;<\/p>\n<p>Am\u00e9liorez l\u2019apparence et la s\u00e9curit\u00e9 de votre moto avec le <strong>Fouet de Motard Noir et Bleu<\/strong>. Confectionn\u00e9 en <strong>cuir v\u00e9ritable et dot\u00e9 d\u2019un design haute visibilit\u00e9, <\/strong>ce fouet de 42&Prime; est un accessoire indispensable pour tout motard passionn\u00e9. \u00c9quip\u00e9 d\u2019une <strong>boucle \u00e0 d\u00e9gagement rapide<\/strong>, il se fixe et se d\u00e9tache facilement du guidon de votre moto, vous permettant de personnaliser votre v\u00e9hicule avec une touche traditionnelle et robuste. Fabriqu\u00e9 \u00e0 la main avec soin, ce fouet est con\u00e7u pour offrir <strong>durabilit\u00e9 et performance<\/strong> sup\u00e9rieure, que vous rouliez sur l\u2019autoroute ou que vous vous montriez lors d\u2019un rassemblement de motards.<\/p>\n<p>Le <strong>fall en cuir de<strong> 12<\/strong> pouces<\/strong> du fouet offre une durabilit\u00e9 suppl\u00e9mentaire, et son design classique en <strong>cuir tress\u00e9<\/strong> renforce l\u2019apparence audacieuse de votre moto. Non seulement le fouet rend votre conduite plus visible pour les autres automobilistes, mais il sert \u00e9galement de <strong>d\u00e9claration d\u2019identit\u00e9 unique pour les motards.<\/strong> Que vous recherchiez un accessoire \u00e9l\u00e9gant pour votre moto ou un cadeau id\u00e9al pour un passionn\u00e9 de moto, ce <strong>fouet en cuir \u00ab get-back \u00bb<\/strong> allie \u00e0 la fois style et fonctionnalit\u00e9.<\/p>\n<p>D\u00e9couvrez notre gamme compl\u00e8te de fouets faits main dans la <a title=\"Collection de fouets pour moto\" href=\"https:\/\/bantoro.com\/fr\/?attachment_id=4465\">collection Fouets pour Moto<\/a> pour trouver davantage de fouets de motard en cuir v\u00e9ritable con\u00e7us pour les guidons de moto.<\/p>\n<p>Pour en savoir plus sur l\u2019<strong>entretien et le soin des fouets,<\/strong> <strong>consultez<\/strong> notre <strong><a href=\"https:\/\/bantoro.com\/ultimate-leather-bullwhip-care-guide\/\" target=\"_new\" rel=\"noopener\">Guide ultime d\u2019entretien des bullwhips en cuir<\/a><\/strong> pour des conseils afin de garder votre fouet en parfait \u00e9tat.<\/p>\n<p>Pour comprendre l\u2019histoire, le r\u00f4le et les diff\u00e9rents styles des fouets \u00ab get-back \u00bb pour moto, consultez notre article d\u00e9taill\u00e9 <a title=\"Guide des fouets moto Get Back\" href=\"https:\/\/bantoro.com\/fr\/guide-des-fouets-get-back-pour-moto\/\">Guide des fouets \u00ab get-back \u00bb pour moto :<\/a> Histoire, utilisations, l\u00e9galit\u00e9 et types.<\/p>\n<p><strong>Achetez le fouet de motard noir et bleu<\/strong> et <strong>roulez avec style sur<\/strong> <strong><a href=\"https:\/\/bantoro.com\/fr\/\" target=\"_new\" rel=\"noopener\">Bantoro.com<\/a><\/strong>.<\/p>\n","protected":false},"excerpt":{"rendered":"<p><strong>Fouet de motard noir et bleu<\/strong><\/p>\n<ul>\n<li><strong>Fouet de motard en cuir v\u00e9ritable<\/strong> pour allier style et s\u00e9curit\u00e9<\/li>\n<li><strong>Longueur de 42 pouces<\/strong> avec une <strong>chute en cuir de <strong>12<\/strong> pouces<\/strong> pour des performances optimales<\/li>\n<li><strong>Boucle \u00e0 d\u00e9gagement rapide<\/strong> pour une fixation et un retrait faciles<\/li>\n<li><strong>Design haute visibilit\u00e9 pour<\/strong> une s\u00e9curit\u00e9 accrue sur la route<\/li>\n<li><strong>Cuir tress\u00e9<\/strong> fait main pour une durabilit\u00e9 accrue<\/li>\n<li>Un <strong>accessoire de moto<\/strong> parfait pour tout motard passionn\u00e9<\/li>\n<li>Un <strong>cadeau unique<\/strong> pour les bikers et les passionn\u00e9s de moto<\/li>\n<\/ul>\n<p>En savoir plus sur l\u2019entretien de votre nouveau <strong>fouet en cuir<\/strong> dans notre <strong><a href=\"https:\/\/bantoro.com\/ultimate-leather-bullwhip-care-guide\/\" target=\"_new\" rel=\"noopener\">Guide ultime d\u2019entretien des fouets en cuir.<\/a><\/strong><\/p>\n","protected":false},"featured_media":12326,"comment_status":"open","ping_status":"closed","template":"","meta":[],"product_brand":[],"product_cat":[831],"product_tag":[1731,1951,1953,1945,1504,1712,1949,1502,1725,1508,1931,1861,2041,1947,1943,1999,1506],"class_list":{"0":"post-12760","1":"product","2":"type-product","3":"status-publish","4":"has-post-thumbnail","6":"product_cat-fouet-de-moto","7":"product_tag-accessoire-de-guidon","8":"product_tag-accessoire-de-moto","9":"product_tag-accessoires-de-moto","10":"product_tag-cadeau-de-moto","11":"product_tag-cadeau-motard","12":"product_tag-cuir-veritable","13":"product_tag-culture-moto","14":"product_tag-equipement-de-motard","15":"product_tag-fait-main","16":"product_tag-fouet-de-motard","17":"product_tag-fouet-en-cuir","18":"product_tag-haute-visibilite","19":"product_tag-liberation-rapide","20":"product_tag-personnalisation-de-moto","21":"product_tag-pieces-de-moto","22":"product_tag-securite-moto","23":"product_tag-style-motard","25":"first","26":"instock","27":"sale","28":"taxable","29":"shipping-taxable","30":"purchasable","31":"product-type-simple"},"_links":{"self":[{"href":"https:\/\/bantoro.com\/fr\/wp-json\/wp\/v2\/product\/12760","targetHints":{"allow":["GET"]}}],"collection":[{"href":"https:\/\/bantoro.com\/fr\/wp-json\/wp\/v2\/product"}],"about":[{"href":"https:\/\/bantoro.com\/fr\/wp-json\/wp\/v2\/types\/product"}],"replies":[{"embeddable":true,"href":"https:\/\/bantoro.com\/fr\/wp-json\/wp\/v2\/comments?post=12760"}],"wp:featuredmedia":[{"embeddable":true,"href":"https:\/\/bantoro.com\/fr\/wp-json\/wp\/v2\/media\/12326"}],"wp:attachment":[{"href":"https:\/\/bantoro.com\/fr\/wp-json\/wp\/v2\/media?parent=12760"}],"wp:term":[{"taxonomy":"product_brand","embeddable":true,"href":"https:\/\/bantoro.com\/fr\/wp-json\/wp\/v2\/product_brand?post=12760"},{"taxonomy":"product_cat","embeddable":true,"href":"https:\/\/bantoro.com\/fr\/wp-json\/wp\/v2\/product_cat?post=12760"},{"taxonomy":"product_tag","embeddable":true,"href":"https:\/\/bantoro.com\/fr\/wp-json\/wp\/v2\/product_tag?post=12760"}],"curies":[{"name":"wp","href":"https:\/\/api.w.org\/{rel}","templated":true}]}}