{"id":12602,"date":"2024-07-17T12:35:11","date_gmt":"2024-07-17T11:35:11","guid":{"rendered":"https:\/\/bantoro.com\/shop\/non%20class\u00e9\/fouet-style-indiana-jones-cuir-de-kangourou-marron-16-tresses-claquement-puissant\/"},"modified":"2026-04-14T13:18:30","modified_gmt":"2026-04-14T12:18:30","slug":"fouet-16-tresses","status":"publish","type":"product","link":"https:\/\/bantoro.com\/fr\/boutique\/bullwhips-inspires-dindiana-jones\/fouet-16-tresses\/","title":{"rendered":"Fouet Indiana Jones en cuir de kangourou marron \u2013 16 tresses, claquement puissant"},"content":{"rendered":"<p>D\u00e9couvrez ce fouet Indiana Jones en cuir de kangourou marron, un fouet professionnel con\u00e7u pour la performance et la durabilit\u00e9. Fabriqu\u00e9 avec 16 tresses en cuir de kangourou de haute qualit\u00e9, ce fouet offre une flexibilit\u00e9 exceptionnelle et un claquement puissant. Id\u00e9al pour les collectionneurs, les passionn\u00e9s et les performeurs, ce fouet Indiana Jones allie parfaitement authenticit\u00e9, puissance et pr\u00e9cision.<\/p>\n<p>La poign\u00e9e bien \u00e9quilibr\u00e9e de 9 pouces, dot\u00e9e d\u2019une \u00e2me en acier inoxydable, offre un contr\u00f4le optimal. Le porte-fouet en cuir et les deux lani\u00e8res de rechange, chacune accompagn\u00e9e d\u2019un cracker (d\u2019une valeur de 20 \u00a3), vous garantissent d\u2019\u00eatre parfaitement \u00e9quip\u00e9. Ce fouet est con\u00e7u pour produire un claquement puissant et un impact maximal, id\u00e9al pour les d\u00e9monstrations, l\u2019entra\u00eenement ou les passionn\u00e9s appr\u00e9ciant le maniement du fouet.Vous cherchez d\u2019autres mod\u00e8les\u202f? D\u00e9couvrez notre collection compl\u00e8te de <a href=\"https:\/\/bantoro.com\/fr\/cat\u00e9gorie-produit\/bullwhips-inspires-dindiana-jones\/\">fouets inspir\u00e9s d\u2019Indiana Jones<\/a>, tous fabriqu\u00e9s \u00e0 la main pour allier performance et durabilit\u00e9.<\/p>\n<p>Disponible en plusieurs longueurs, de 4 \u00e0 24 pieds, ce fouet robuste peut \u00eatre personnalis\u00e9 selon vos besoins. Confectionn\u00e9 en cuir de kangourou pleine fleur, il est non seulement durable, mais aussi confortable \u00e0 manipuler gr\u00e2ce \u00e0 sa dragonne assurant une utilisation s\u00e9curis\u00e9e.<\/p>\n<h2>Pourquoi choisir ce fouet Indiana Jones professionnel ?<\/h2>\n<ul>\n<li>Disponible en longueurs de 4 \u00e0 24 pieds.<\/li>\n<li>Fabriqu\u00e9 en cuir de kangourou pleine fleur, ce fouet cuir kangourou offre flexibilit\u00e9 et solidit\u00e9<\/li>\n<li>Fouet \u00e0 16 tresses pour une durabilit\u00e9 accrue et un claquement plus puissant.<\/li>\n<li>Comprend un porte-fouet en cuir pour la ceinture, 2 lani\u00e8res de rechange et des crackers d\u2019une valeur de 20 \u00a3.<\/li>\n<li>Dot\u00e9 d\u2019une poign\u00e9e de 9 pouces avec une \u00e2me en acier inoxydable.<\/li>\n<li>Fouet professionnel souple et durable, parfait pour la performance<\/li>\n<li>Un fouet \u00e0 claquements puissants est id\u00e9al pour les d\u00e9monstrations et l\u2019entra\u00eenement.<\/li>\n<li>Ce fouet Indiana Jones est con\u00e7u pour offrir un \u00e9quilibre parfait entre puissance, pr\u00e9cision et durabilit\u00e9.<\/li>\n<\/ul>\n<p>Assurez la long\u00e9vit\u00e9 de votre fouet en consultant notre <a href=\"https:\/\/bantoro.com\/ultimate-leather-bullwhip-care-guide\/\">Guide ultime d\u2019entretien des fouets en cuir<\/a>, et apprenez \u00e0 bien <a href=\"https:\/\/bantoro.com\/fr\/rodage-fouet-et-maitrise-du-fouet\/\">roder votre fouet<\/a> pour des performances optimales.<\/p>\n<p data-section-id=\"js8nmg\" data-start=\"107\" data-end=\"154\">\u00a0<strong>Quel est le meilleur fouet Indiana Jones ?<\/strong><\/p>\n<p data-start=\"155\" data-end=\"361\">Le meilleur fouet Indiana Jones est en cuir de kangourou, souvent \u00e0 16 tresses, car il offre un claquement puissant, une grande r\u00e9sistance et une excellente flexibilit\u00e9 pour la performance et la collection.<\/p>\n<p data-section-id=\"1x0rn2u\" data-start=\"368\" data-end=\"421\"><strong>Pourquoi choisir un fouet en cuir de kangourou ?<\/strong><\/p>\n<p data-start=\"422\" data-end=\"603\">Le cuir de kangourou est le plus utilis\u00e9 pour les fouets professionnels car il est \u00e0 la fois tr\u00e8s solide et flexible, permettant un meilleur contr\u00f4le et un claquement plus puissant.<\/p>\n<p data-section-id=\"12h0lkp\" data-start=\"610\" data-end=\"649\"><strong>\u00a0Quelle longueur de fouet choisir ?<\/strong><\/p>\n<p data-start=\"650\" data-end=\"835\">Un fouet court (4\u20136 pieds) est id\u00e9al pour les d\u00e9butants, tandis qu\u2019un fouet plus long (8\u201312 pieds ou plus) convient mieux aux utilisateurs exp\u00e9riment\u00e9s pour un claquement plus puissant.<\/p>\n<p data-section-id=\"gwtdy3\" data-start=\"842\" data-end=\"904\"><strong>Un fouet Indiana Jones est-il adapt\u00e9 aux professionnels ?<\/strong><\/p>\n<p data-start=\"905\" data-end=\"1093\">Oui, un fouet Indiana Jones en cuir de kangourou est utilis\u00e9 par des passionn\u00e9s et professionnels pour le spectacle, l\u2019entra\u00eenement et la performance gr\u00e2ce \u00e0 sa pr\u00e9cision et sa durabilit\u00e9.<\/p>\n","protected":false},"excerpt":{"rendered":"<p><strong>Fouet Indiana Jones en cuir de kangourou \u00e0 16 tresses<\/strong><\/p>\n<ul>\n<li><strong>Fouet premium en cuir de kangourou marron<\/strong> \u00e0 <strong>16 tresses<\/strong> pour une durabilit\u00e9 accrue.<\/li>\n<li><strong>Fouet \u00e0 claquement puissant<\/strong>, parfait pour un <strong>usage professionnel<\/strong> ou pour les <strong>passionn\u00e9s du style Indiana Jones<\/strong>.<\/li>\n<li>Disponible en longueurs de <strong>4 \u00e0 24 pieds<\/strong>, avec une poign\u00e9e de <strong>9 pouces<\/strong> dot\u00e9e d\u2019une <strong>\u00e2me en acier inoxydable<\/strong> pour un \u00e9quilibre optimal.<\/li>\n<li>Livr\u00e9 avec un <strong>porte-fouet en cuir <\/strong>pour la ceinture, 2 lani\u00e8res de rechange et des crackers de fouet d\u2019une valeur de 20 \u00a3.<\/li>\n<li>Confectionn\u00e9 en cuir de kangourou pleine fleur pour une flexibilit\u00e9 et une solidit\u00e9 optimales.<\/li>\n<\/ul>\n","protected":false},"featured_media":12594,"comment_status":"open","ping_status":"closed","template":"","meta":[],"product_brand":[],"product_cat":[1077,721],"product_tag":[1568,1498,1676,1746,1222,1653,1686,723,1964,1067,1796],"class_list":{"0":"post-12602","1":"product","2":"type-product","3":"status-publish","4":"has-post-thumbnail","6":"product_cat-bullwhips-inspires-dindiana-jones","7":"product_cat-fouets-en-cuir-de-kangourou","8":"product_tag-bullwhip-marron","9":"product_tag-coussin-de-ventre-interieur","10":"product_tag-equestre","11":"product_tag-fouet","12":"product_tag-fouet-a-16-tresses","13":"product_tag-fouet-claquant","14":"product_tag-fouet-dequitation-2","15":"product_tag-fouet-de-kangourou","16":"product_tag-ouet-sonore","17":"product_tag-peau-de-kangourou-peitsche","18":"product_tag-poignee-en-acier","20":"first","21":"instock","22":"sale","23":"featured","24":"taxable","25":"shipping-taxable","26":"purchasable","27":"product-type-variable","28":"has-default-attributes"},"_links":{"self":[{"href":"https:\/\/bantoro.com\/fr\/wp-json\/wp\/v2\/product\/12602","targetHints":{"allow":["GET"]}}],"collection":[{"href":"https:\/\/bantoro.com\/fr\/wp-json\/wp\/v2\/product"}],"about":[{"href":"https:\/\/bantoro.com\/fr\/wp-json\/wp\/v2\/types\/product"}],"replies":[{"embeddable":true,"href":"https:\/\/bantoro.com\/fr\/wp-json\/wp\/v2\/comments?post=12602"}],"wp:featuredmedia":[{"embeddable":true,"href":"https:\/\/bantoro.com\/fr\/wp-json\/wp\/v2\/media\/12594"}],"wp:attachment":[{"href":"https:\/\/bantoro.com\/fr\/wp-json\/wp\/v2\/media?parent=12602"}],"wp:term":[{"taxonomy":"product_brand","embeddable":true,"href":"https:\/\/bantoro.com\/fr\/wp-json\/wp\/v2\/product_brand?post=12602"},{"taxonomy":"product_cat","embeddable":true,"href":"https:\/\/bantoro.com\/fr\/wp-json\/wp\/v2\/product_cat?post=12602"},{"taxonomy":"product_tag","embeddable":true,"href":"https:\/\/bantoro.com\/fr\/wp-json\/wp\/v2\/product_tag?post=12602"}],"curies":[{"name":"wp","href":"https:\/\/api.w.org\/{rel}","templated":true}]}}