{"id":12589,"date":"2024-08-08T11:25:56","date_gmt":"2024-08-08T10:25:56","guid":{"rendered":"https:\/\/bantoro.com\/shop\/non%20class\u00e9\/fouet-dragon-tail-fouet-en-cuir-noir-a-8-tresses-3-pieds\/"},"modified":"2026-02-19T08:54:31","modified_gmt":"2026-02-19T08:54:31","slug":"fouet-dragon-tail-noir","status":"publish","type":"product","link":"https:\/\/bantoro.com\/fr\/boutique\/cuir-fouets-60-a-90-cm\/fouet-dragon-tail-noir\/","title":{"rendered":"Fouet Dragon Tail \u2013 Fouet en cuir noir \u00e0 8 tresses (3 pieds)"},"content":{"rendered":"<p>Lib\u00e9rez votre passion avec ce <strong>fouet en cuir noir de 3 pieds<\/strong> \u2014 un choix premium pour ceux qui appr\u00e9cient la qualit\u00e9 et la performance dans les accessoires BDSM. Confectionn\u00e9<strong> en cuir v\u00e9ritable 100 %<\/strong>, ce fouet dragon tail est dot\u00e9 de 8 tresses pour une durabilit\u00e9 et un contr\u00f4le accrus.<br \/>\nAvec ses <strong>8 tresses<\/strong> suppl\u00e9mentaires pour une meilleure r\u00e9sistance, ce <strong>fouet en cuir<\/strong> est con\u00e7u pour offrir un mouvement souple et flexible. Que vous soyez d\u00e9butant ou exp\u00e9riment\u00e9, la<strong> poign\u00e9e ferme assure<\/strong> une prise en main facile. De plus, la <strong>poign\u00e9e antid\u00e9rapante,<\/strong> avec sa texture exquise tress\u00e9e \u00e0 la main, vous permet de garder un contr\u00f4le optimal pendant l\u2019utilisation.<\/p>\n<p>Parfait pour les amateurs <strong>de paddles de spanking<\/strong> et de <strong>fouets dragon tail<\/strong>, cet article est un incontournable pour compl\u00e9ter votre collection. La longue lani\u00e8re <strong>dragon tail en cuir <\/strong>de 12 pouces offre un impact accru et davantage de sensations lors de vos jeux, tandis que le <strong>porte-fouet en cuir <\/strong>pour la ceinture assure un rangement pratique lorsqu\u2019il n\u2019est pas utilis\u00e9.<\/p>\n<p>D\u00e9couvrez davantage de conseils sur l\u2019entretien et la <strong>maintenance <\/strong>de votre fouet afin de le conserver en parfait \u00e9tat en consultant notre guide complet intitul\u00e9 <a href=\"https:\/\/bantoro.com\/ultimate-leather-bullwhip-care-guide\/\" target=\"_new\" rel=\"noopener\">Guide ultime d\u2019entretien des fouets en cuir.<\/a> Explorez \u00e9galement notre collection compl\u00e8te de fouets <a href=\"https:\/\/bantoro.com\/fr\/cat\u00e9gorie-produit\/cuir-fouets-60-a-90-cm\/\">dragon tail et de fouets<\/a> en cuir pour d\u00e9couvrir d\u2019autres tailles et styles disponibles.<\/p>\n<p>Veuillez consulter la r\u00e9glementation douani\u00e8re locale concernant les commandes en provenance du Royaume-Uni avant d\u2019acheter.<\/p>\n","protected":false},"excerpt":{"rendered":"<p><strong>\u00a0Fouet en cuir noir<\/strong><\/p>\n<ul>\n<li>Longueur totale : 3 pieds \/ 0,91 m\u00e8tre \u2013 La lani\u00e8re longue du fouet dragon tail mesure 12 pouces.<\/li>\n<li>Livr\u00e9 avec porte-fouet en cuir \u2013 Comprend un porte-fouet en cuir, d\u2019une valeur de 10,00 \u00a3.<\/li>\n<li>Couleur : Noir \u2013 La couleur r\u00e9elle du produit peut diff\u00e9rer des images affich\u00e9es.<\/li>\n<li>Mat\u00e9riau : fabriqu\u00e9 en cuir v\u00e9ritable 100 %, cuir premium pour une durabilit\u00e9 et une flexibilit\u00e9 optimales.<\/li>\n<li>8 tresses \u2013 Tress\u00e9es \u00e0 partir de 8 brins de cuir, offrant un fouet plus durable et r\u00e9sistant dans le temps.<\/li>\n<li>Mouvement fluide et flexible \u2013 Assure un contr\u00f4le ferme et une manipulation sans effort.<\/li>\n<li>Poign\u00e9e antid\u00e9rapante \u2013 Texture tress\u00e9e \u00e0 la main pour une prise en main confortable.<\/li>\n<li>Fabriqu\u00e9 au Royaume-Uni \u2013 Veuillez v\u00e9rifier la r\u00e9glementation douani\u00e8re locale avant l\u2019achat.<\/li>\n<\/ul>\n<p>Pour plus de conseils sur le rodage de votre fouet et le perfectionnement de votre technique, consultez notre <strong>guide de ma\u00eetrise<\/strong> intitul\u00e9 <a href=\"https:\/\/bantoro.com\/fr\/rodage-fouet-et-maitrise-du-fouet\/\" target=\"_new\" rel=\"noopener\">Rodage de votre fouet<\/a>.<\/p>\n","protected":false},"featured_media":12584,"comment_status":"open","ping_status":"closed","template":"","meta":[],"product_brand":[],"product_cat":[1144,686],"product_tag":[1266,1676,1746,921,1980,1653,1941,1857,1964],"class_list":{"0":"post-12589","1":"product","2":"type-product","3":"status-publish","4":"has-post-thumbnail","6":"product_cat-cuir-fouets-60-a-90-cm","7":"product_cat-floggers-en-cuir","8":"product_tag-bullwhip","9":"product_tag-equestre","10":"product_tag-fouet","11":"product_tag-fouet-a-8-tresses","12":"product_tag-fouet-bruyant-2","13":"product_tag-fouet-claquant","14":"product_tag-fouet-en-cuir-4","15":"product_tag-fouet-fait-main-4","16":"product_tag-ouet-sonore","18":"first","19":"instock","20":"sale","21":"taxable","22":"shipping-taxable","23":"purchasable","24":"product-type-simple"},"_links":{"self":[{"href":"https:\/\/bantoro.com\/fr\/wp-json\/wp\/v2\/product\/12589","targetHints":{"allow":["GET"]}}],"collection":[{"href":"https:\/\/bantoro.com\/fr\/wp-json\/wp\/v2\/product"}],"about":[{"href":"https:\/\/bantoro.com\/fr\/wp-json\/wp\/v2\/types\/product"}],"replies":[{"embeddable":true,"href":"https:\/\/bantoro.com\/fr\/wp-json\/wp\/v2\/comments?post=12589"}],"wp:featuredmedia":[{"embeddable":true,"href":"https:\/\/bantoro.com\/fr\/wp-json\/wp\/v2\/media\/12584"}],"wp:attachment":[{"href":"https:\/\/bantoro.com\/fr\/wp-json\/wp\/v2\/media?parent=12589"}],"wp:term":[{"taxonomy":"product_brand","embeddable":true,"href":"https:\/\/bantoro.com\/fr\/wp-json\/wp\/v2\/product_brand?post=12589"},{"taxonomy":"product_cat","embeddable":true,"href":"https:\/\/bantoro.com\/fr\/wp-json\/wp\/v2\/product_cat?post=12589"},{"taxonomy":"product_tag","embeddable":true,"href":"https:\/\/bantoro.com\/fr\/wp-json\/wp\/v2\/product_tag?post=12589"}],"curies":[{"name":"wp","href":"https:\/\/api.w.org\/{rel}","templated":true}]}}