{"id":12433,"date":"2024-10-03T14:31:43","date_gmt":"2024-10-03T13:31:43","guid":{"rendered":"https:\/\/bantoro.com\/shop\/non%20class\u00e9\/fouet-de-motard-noir-get-back-fouet-de-moto-en-cuir-de-42-pouces-avec-attache-a-degagement-rapide-chromee\/"},"modified":"2026-02-06T15:14:02","modified_gmt":"2026-02-06T15:14:02","slug":"motard-recupere-le-fouet","status":"publish","type":"product","link":"https:\/\/bantoro.com\/fr\/boutique\/fouet-de-moto\/motard-recupere-le-fouet\/","title":{"rendered":"Fouet de motard noir Get Back Whip \u2013 Fouet de moto en cuir de(4 2 pouces) avec syst\u00e8me de fixation rapide chrom\u00e9."},"content":{"rendered":"<p style=\"text-align: center;\"><figure class=\"wp-block-embed wp-block-embed-youtube is-type-video is-provider-youtube epyt-figure\"><div class=\"wp-block-embed__wrapper\"><div class=\"epyt-video-wrapper\"><iframe  id=\"_ytid_17763\"  width=\"800\" height=\"450\"  data-origwidth=\"800\" data-origheight=\"450\" src=\"https:\/\/www.youtube.com\/embed\/3xOi8vMXKiE?enablejsapi=1&autoplay=0&cc_load_policy=0&iv_load_policy=1&loop=0&fs=1&playsinline=0&controls=1&disablekb=0&color=red&cc_lang_pref=&rel=0&autohide=2&theme=dark&\" class=\"__youtube_prefs__  no-lazyload\" data-vol=\"50\"  title=\"YouTube player\"  allow=\"fullscreen; accelerometer; autoplay; clipboard-write; encrypted-media; gyroscope; picture-in-picture; web-share\" referrerpolicy=\"strict-origin-when-cross-origin\" allowfullscreen data-no-lazy=\"1\" data-skipgform_ajax_framebjll=\"\"><\/iframe><\/div><\/div><\/figure> The <strong>Black Biker Get Back Whip\u00a0<\/strong><\/p>\n<h2>Caract\u00e9ristiques et avantages du fouet de motard noir \u00ab Get Back \u00bb<\/h2>\n<p>Am\u00e9liorez votre conduite avec le <strong>fouet de motard noir \u00ab Get Back \u00bb<\/strong>, un <strong>fouet de moto en cuir<\/strong> de 42 pouces de qualit\u00e9 sup\u00e9rieure, con\u00e7u pour allier style et fonctionnalit\u00e9. Fabriqu\u00e9 en cuir de haute qualit\u00e9, ce <strong>fouet de moto en cuir v\u00e9ritable<\/strong> est dot\u00e9 d\u2019une <strong>boucle \u00e0 d\u00e9gagement rapide en chrome<\/strong> robuste pour une fixation et un retrait faciles. Plus qu\u2019un simple outil fonctionnel, c\u2019est \u00e9galement un accessoire qui apporte un <strong>style biker classique<\/strong> \u00e0 votre moto.<\/p>\n<p>Ce <strong>fouet de moto de 42 pouces<\/strong> est con\u00e7u pour am\u00e9liorer la <strong>visibilit\u00e9 de votre moto<\/strong> sur la route, permettant aux autres conducteurs de vous voir plus facilement. Le fouet est tress\u00e9 \u00e0 la main avec du cuir v\u00e9ritable autour d\u2019un noyau en nylon durable, offrant une solidit\u00e9 et une r\u00e9sistance \u00e0 l\u2019usure durables. Que vous soyez un motard exp\u00e9riment\u00e9 ou que vous commenciez tout juste votre parcours, cet <strong>accessoire polyvalent pour guidon de moto<\/strong> est un incontournable pour tout passionn\u00e9 de moto.<\/p>\n<p>Vous pouvez en apprendre davantage sur <strong>l\u2019entretien de votre fouet en cuir<\/strong> en consultant le <a href=\"https:\/\/bantoro.com\/ultimate-leather-bullwhip-care-guide\/\" target=\"_new\" rel=\"noopener\"><strong>Guide ultime d\u2019entretien des fouets en cuir de Bantoro<\/strong><\/a> et d\u00e9couvrir <strong>comment assouplir efficacement votre fouet<\/strong> gr\u00e2ce au <strong>Guide de Bantoro pour ma\u00eetriser votre fouet<\/strong>.<\/p>\n<p>Parfait comme cadeau pour tout motard, ce <strong>fouet biker haute visibilit\u00e9<\/strong> constitue un excellent ajout \u00e0 toute <span style=\"box-sizing: border-box; margin: 0px; padding: 0px;\">collection d\u2019\u00e9quipement de motard<\/span>. Commandez d\u00e8s aujourd\u2019hui et affirmez votre identit\u00e9 biker avec ce fouet en cuir artisanal de haute qualit\u00e9 !<\/p>\n<h3 data-start=\"173\" data-end=\"207\"><strong data-start=\"173\" data-end=\"205\">Qu\u2019est-ce qu\u2019un fouet \u00ab Get Back \u00bb ?<\/strong><\/h3>\n<blockquote data-start=\"208\" data-end=\"411\">\n<p data-start=\"210\" data-end=\"411\">Un fouet \u00ab Get Back \u00bb est un fouet de moto en cuir tress\u00e9 \u00e0 la main de 42 pouces, utilis\u00e9 pour am\u00e9liorer la visibilit\u00e9 et ajouter un style biker classique. Pour en savoir plus sur son histoire, ses usages, sa l\u00e9galit\u00e9 et ses diff\u00e9rents types, consultez notre article <a class=\"decorated-link cursor-pointer\" href=\"https:\/\/bantoro.com\/fr\/guide-des-fouets-get-back-pour-moto\/\" rel=\"noopener\" data-start=\"285\" data-end=\"333\">fouet Get Back pour moto<\/a>.<\/p>\n<\/blockquote>\n","protected":false},"excerpt":{"rendered":"<p><strong>Fouet de motard noir \u00ab Get Back \u00bb<\/strong><\/p>\n<ul>\n<li><strong>Cuir de haute qualit\u00e9<\/strong> \u2013 Fouet de moto tress\u00e9 \u00e0 la main de 42 pouces avec <strong>boucle \u00e0 d\u00e9gagement rapide en chrome<\/strong>.<\/li>\n<li><strong>Am\u00e9liore la visibilit\u00e9<\/strong> \u2013 Renforcez la s\u00e9curit\u00e9 avec un <strong>fouet de moto haute visibilit\u00e9<\/strong> pour une meilleure pr\u00e9sence sur la route.<\/li>\n<li><strong>Style biker classique<\/strong> \u2013 Design en cuir authentique pour un v\u00e9ritable <strong>look de motard<\/strong>.<\/li>\n<li><strong>Durable et fonctionnel<\/strong> \u2013 Fabriqu\u00e9 en <strong>cuir v\u00e9ritable<\/strong> avec un noyau en nylon pour une solidit\u00e9 durable.<\/li>\n<li><strong>Cadeau parfait<\/strong> \u2013 Id\u00e9al pour les passionn\u00e9s de moto et les membres de clubs.<\/li>\n<\/ul>\n","protected":false},"featured_media":12423,"comment_status":"open","ping_status":"closed","template":"","meta":[],"product_brand":[],"product_cat":[831],"product_tag":[1951,1945,1114,832,1168,1508,1941,726,1089,1109],"class_list":{"0":"post-12433","1":"product","2":"type-product","3":"status-publish","4":"has-post-thumbnail","6":"product_cat-fouet-de-moto","7":"product_tag-accessoire-de-moto","8":"product_tag-cadeau-de-moto","9":"product_tag-equipement-de-securite-pour-moto","10":"product_tag-fouet-get-back","11":"product_tag-fouet-a-liberation-rapide","12":"product_tag-fouet-de-motard","13":"product_tag-fouet-en-cuir-4","14":"product_tag-fouet-en-cuir-fabrique-a-la-main","15":"product_tag-fouet-en-cuir-pour-moto","16":"product_tag-fouet-en-cuir-pour-moto-2","18":"first","19":"instock","20":"sale","21":"taxable","22":"shipping-taxable","23":"purchasable","24":"product-type-simple"},"_links":{"self":[{"href":"https:\/\/bantoro.com\/fr\/wp-json\/wp\/v2\/product\/12433","targetHints":{"allow":["GET"]}}],"collection":[{"href":"https:\/\/bantoro.com\/fr\/wp-json\/wp\/v2\/product"}],"about":[{"href":"https:\/\/bantoro.com\/fr\/wp-json\/wp\/v2\/types\/product"}],"replies":[{"embeddable":true,"href":"https:\/\/bantoro.com\/fr\/wp-json\/wp\/v2\/comments?post=12433"}],"wp:featuredmedia":[{"embeddable":true,"href":"https:\/\/bantoro.com\/fr\/wp-json\/wp\/v2\/media\/12423"}],"wp:attachment":[{"href":"https:\/\/bantoro.com\/fr\/wp-json\/wp\/v2\/media?parent=12433"}],"wp:term":[{"taxonomy":"product_brand","embeddable":true,"href":"https:\/\/bantoro.com\/fr\/wp-json\/wp\/v2\/product_brand?post=12433"},{"taxonomy":"product_cat","embeddable":true,"href":"https:\/\/bantoro.com\/fr\/wp-json\/wp\/v2\/product_cat?post=12433"},{"taxonomy":"product_tag","embeddable":true,"href":"https:\/\/bantoro.com\/fr\/wp-json\/wp\/v2\/product_tag?post=12433"}],"curies":[{"name":"wp","href":"https:\/\/api.w.org\/{rel}","templated":true}]}}