{"id":12364,"date":"2025-09-05T12:23:57","date_gmt":"2025-09-05T11:23:57","guid":{"rendered":"https:\/\/bantoro.com\/shop\/non%20class\u00e9\/fouet-de-chasse-en-cuir-fouet-de-chasse-winslow-avec-collier-en-renard-120-m-marron\/"},"modified":"2026-04-18T13:37:11","modified_gmt":"2026-04-18T12:37:11","slug":"fouet-de-chasse-en-cuir-marron","status":"publish","type":"product","link":"https:\/\/bantoro.com\/fr\/boutique\/fouet-fox\/fouet-de-chasse-en-cuir-marron\/","title":{"rendered":"Fouet de chasse en cuir \u2013 Lani\u00e8re de fouet Winslow avec collier en renard (1,2 m) Marron"},"content":{"rendered":"<p data-start=\"649\" data-end=\"968\">\u00c9levez votre exp\u00e9rience de chasse et d\u2019\u00e9quitation avec le <strong data-start=\"705\" data-end=\"745\">fouet de chasse en cuir tress\u00e9 \u2018Winslow\u2019<\/strong>, un chef-d\u2019\u0153uvre artisanal con\u00e7u pour la tradition, la pr\u00e9cision et la durabilit\u00e9. Fabriqu\u00e9 en <strong data-start=\"834\" data-end=\"878\">cuir premium tress\u00e9 main marron et rouge<\/strong>, ce <strong data-start=\"885\" data-end=\"905\">fouet de chasse de 1,2 m<\/strong> allie <strong data-start=\"913\" data-end=\"965\">savoir-faire patrimonial et fonctionnalit\u00e9 moderne<\/strong>.<\/p>\n<p data-start=\"970\" data-end=\"1276\">\u00c9quip\u00e9 d\u2019un <strong data-start=\"982\" data-end=\"1006\">collier de t\u00eate en cuir de renard<\/strong>, ce fouet garantit un excellent contr\u00f4le et des performances optimales, en faisant le choix parfait pour les <strong data-start=\"1099\" data-end=\"1111\">chasses au renard<\/strong> et les <strong data-start=\"1116\" data-end=\"1137\">\u00e9v\u00e9nements \u00e9questres<\/strong>. Le <strong data-start=\"1143\" data-end=\"1170\">fouet Winslow<\/strong> est con\u00e7u principalement pour les hommes, mais convient \u00e9galement aux femmes qui appr\u00e9cient la qualit\u00e9 intemporelle et le style.<\/p>\n<p data-start=\"1278\" data-end=\"1297\"><strong data-start=\"1278\" data-end=\"1295\">Caract\u00e9ristiques principales :<\/strong><\/p>\n<ul>\n<li data-start=\"1300\" data-end=\"1405\"><strong data-start=\"1300\" data-end=\"1338\">Artisanat en cuir tress\u00e9 main<\/strong> \u2013 Cuir marron et rouge durable avec finition traditionnelle.<\/li>\n<li data-start=\"1408\" data-end=\"1493\"><strong data-start=\"1408\" data-end=\"1426\">Longueur parfaite<\/strong> \u2013 90 cm de lani\u00e8re + 30 cm de pointe = 1,2 m au total.<\/li>\n<li data-start=\"1496\" data-end=\"1586\"><strong data-start=\"1496\" data-end=\"1520\">Collier de t\u00eate en cuir de renard<\/strong> \u2013 Am\u00e9liore le contr\u00f4le, la pr\u00e9cision et respecte la tradition de la chasse.<\/li>\n<li data-start=\"1589\" data-end=\"1686\"><strong data-start=\"1589\" data-end=\"1618\">Polyvalent pour les cavaliers<\/strong> \u2013 Con\u00e7u comme un <strong data-start=\"1635\" data-end=\"1658\">fouet de chasse pour hommes<\/strong>, mais adapt\u00e9 aux femmes.<\/li>\n<li data-start=\"1689\" data-end=\"1793\"><strong data-start=\"1689\" data-end=\"1716\">Cuir de qualit\u00e9 sup\u00e9rieure<\/strong> \u2013 Fabriqu\u00e9 en cuir pleine fleur pour une durabilit\u00e9 et une \u00e9l\u00e9gance durables.<\/li>\n<\/ul>\n<p data-start=\"1795\" data-end=\"1902\">Exp\u00e9di\u00e9 fi\u00e8rement depuis le <strong data-start=\"1820\" data-end=\"1838\">Royaume-Uni<\/strong>, veuillez v\u00e9rifier la r\u00e9glementation douani\u00e8re locale avant de passer commande.<\/p>\n<p data-start=\"1904\" data-end=\"2021\">Pour d\u00e9couvrir davantage d\u2019\u00e9quipements de chasse et d\u2019\u00e9quitation premium, explorez notre collection compl\u00e8te sur <a class=\"decorated-link\" href=\"https:\/\/bantoro.com\/?utm_source=chatgpt.com\" target=\"_new\" rel=\"noopener\" data-start=\"1984\" data-end=\"2019\">Bantoro.com<\/a><\/p>\n","protected":false},"excerpt":{"rendered":"<ul>\n<li data-start=\"2122\" data-end=\"2173\">Fouet de chasse en cuir tress\u00e9 main <strong data-start=\"2135\" data-end=\"2171\">marron et rouge<\/strong><\/li>\n<li data-start=\"2176\" data-end=\"2225\">Longueur totale 1,2 m \u2013 90 cm de lani\u00e8re + 30 cm de pointe<\/li>\n<li data-start=\"2228\" data-end=\"2277\">\u00c9quip\u00e9 d\u2019un <strong data-start=\"2237\" data-end=\"2261\">collier de t\u00eate en cuir de renard<\/strong> pour la pr\u00e9cision<\/li>\n<li data-start=\"2280\" data-end=\"2331\">Fouet de chasse <strong data-start=\"2286\" data-end=\"2310\">\u00e9questre id\u00e9al<\/strong> pour hommes et femmes<\/li>\n<li data-start=\"2334\" data-end=\"2385\"><strong data-start=\"2334\" data-end=\"2363\">Cuir pleine fleur premium<\/strong> \u2013 durable et \u00e9l\u00e9gant<\/li>\n<\/ul>\n","protected":false},"featured_media":12356,"comment_status":"closed","ping_status":"closed","template":"","meta":[],"product_brand":[],"product_cat":[1073],"product_tag":[1340,1078,1335,1143,1205,1413,1263,1447,1201],"class_list":{"0":"post-12364","1":"product","2":"type-product","3":"status-publish","4":"has-post-thumbnail","6":"product_cat-fouet-fox","7":"product_tag-collier-a-tete-de-fouet-renard","8":"product_tag-cravache-en-cuir-pour-cheval","9":"product_tag-equipement-de-chasse-equestre","10":"product_tag-fouet-dequitation-en-cuir-premium","11":"product_tag-fouet-de-chasse-en-cuir","12":"product_tag-fouet-de-chasse-traditionnel","13":"product_tag-fouet-en-cuir-brun-et-rouge","14":"product_tag-fouet-winslow-hunt","15":"product_tag-laniere-de-fouet-de-chasse","17":"first","18":"instock","19":"sale","20":"taxable","21":"shipping-taxable","22":"purchasable","23":"product-type-simple"},"_links":{"self":[{"href":"https:\/\/bantoro.com\/fr\/wp-json\/wp\/v2\/product\/12364","targetHints":{"allow":["GET"]}}],"collection":[{"href":"https:\/\/bantoro.com\/fr\/wp-json\/wp\/v2\/product"}],"about":[{"href":"https:\/\/bantoro.com\/fr\/wp-json\/wp\/v2\/types\/product"}],"replies":[{"embeddable":true,"href":"https:\/\/bantoro.com\/fr\/wp-json\/wp\/v2\/comments?post=12364"}],"wp:featuredmedia":[{"embeddable":true,"href":"https:\/\/bantoro.com\/fr\/wp-json\/wp\/v2\/media\/12356"}],"wp:attachment":[{"href":"https:\/\/bantoro.com\/fr\/wp-json\/wp\/v2\/media?parent=12364"}],"wp:term":[{"taxonomy":"product_brand","embeddable":true,"href":"https:\/\/bantoro.com\/fr\/wp-json\/wp\/v2\/product_brand?post=12364"},{"taxonomy":"product_cat","embeddable":true,"href":"https:\/\/bantoro.com\/fr\/wp-json\/wp\/v2\/product_cat?post=12364"},{"taxonomy":"product_tag","embeddable":true,"href":"https:\/\/bantoro.com\/fr\/wp-json\/wp\/v2\/product_tag?post=12364"}],"curies":[{"name":"wp","href":"https:\/\/api.w.org\/{rel}","templated":true}]}}