{"id":12261,"date":"2025-05-20T12:09:02","date_gmt":"2025-05-20T11:09:02","guid":{"rendered":"https:\/\/bantoro.com\/shop\/non%20class\u00e9\/fouet-biker-marron-et-noir-de-42-pouces-pour-moto-get-back-whip-cuir-veritable\/"},"modified":"2026-05-03T16:45:22","modified_gmt":"2026-05-03T15:45:22","slug":"biker-marron-et-noir","status":"publish","type":"product","link":"https:\/\/bantoro.com\/fr\/boutique\/fouet-de-moto\/biker-marron-et-noir\/","title":{"rendered":"Fouet biker marron et noir de 42 pouces pour moto (Get Back Whip) \u2013 cuir v\u00e9ritable"},"content":{"rendered":"<p>Am\u00e9liorez le style et la s\u00e9curit\u00e9 de votre moto avec le <strong>fouet biker marron et noir.<\/strong> Fabriqu\u00e9 en <strong>cuir v\u00e9ritable<\/strong> et dot\u00e9 d\u2019un <strong>design haute visibilit\u00e9, <\/strong>ce fouet de 42 pouces est un accessoire indispensable pour tout motard passionn\u00e9. \u00c9quip\u00e9 d\u2019une <strong>boucle \u00e0 d\u00e9gagement rapide,<\/strong> il s\u2019attache et se d\u00e9tache facilement du guidon, vous permettant de personnaliser votre moto avec une touche traditionnelle et robuste. Confectionn\u00e9 \u00e0 la main avec soin, ce fouet est con\u00e7u pour offrir <strong>durabilit\u00e9<\/strong> et <strong>performances sup\u00e9rieures,<\/strong> que vous rouliez sur l\u2019autoroute ou que vous vous fassiez remarquer lors d\u2019un rassemblement de motards.<\/p>\n<figure id=\"attachment_12249\" aria-describedby=\"caption-attachment-12249\" style=\"width: 539px\" class=\"wp-caption alignnone\"><img fetchpriority=\"high\" decoding=\"async\" class=\" wp-image-11734\" src=\"https:\/\/bantoro.com\/wp-content\/uploads\/2025\/05\/Brown-and-black-leather-motorcycle-get-back-whip-on-Harley-Davidson-300x300.webp\" alt=\"Fouet \u00ab\u202fGet Back\u202f\u00bb en cuir marron et noir fix\u00e9 \u00e0 une moto Harley-Davidson noire\" width=\"539\" height=\"539\" srcset=\"https:\/\/bantoro.com\/wp-content\/uploads\/2025\/05\/Brown-and-black-leather-motorcycle-get-back-whip-on-Harley-Davidson-300x300.webp 300w, https:\/\/bantoro.com\/wp-content\/uploads\/2025\/05\/Brown-and-black-leather-motorcycle-get-back-whip-on-Harley-Davidson-1024x1024.webp 1024w, https:\/\/bantoro.com\/wp-content\/uploads\/2025\/05\/Brown-and-black-leather-motorcycle-get-back-whip-on-Harley-Davidson-150x150.webp 150w, https:\/\/bantoro.com\/wp-content\/uploads\/2025\/05\/Brown-and-black-leather-motorcycle-get-back-whip-on-Harley-Davidson-768x768.webp 768w, https:\/\/bantoro.com\/wp-content\/uploads\/2025\/05\/Brown-and-black-leather-motorcycle-get-back-whip-on-Harley-Davidson-1536x1536.webp 1536w, https:\/\/bantoro.com\/wp-content\/uploads\/2025\/05\/Brown-and-black-leather-motorcycle-get-back-whip-on-Harley-Davidson-600x600.webp 600w, https:\/\/bantoro.com\/wp-content\/uploads\/2025\/05\/Brown-and-black-leather-motorcycle-get-back-whip-on-Harley-Davidson-100x100.webp 100w, https:\/\/bantoro.com\/wp-content\/uploads\/2025\/05\/Brown-and-black-leather-motorcycle-get-back-whip-on-Harley-Davidson-50x50.webp 50w, https:\/\/bantoro.com\/wp-content\/uploads\/2025\/05\/Brown-and-black-leather-motorcycle-get-back-whip-on-Harley-Davidson.webp 1920w\" sizes=\"(max-width: 539px) 100vw, 539px\" \/><figcaption id=\"caption-attachment-12249\" class=\"wp-caption-text\">Fouet biker en cuir marron et noir de 42 pouces mont\u00e9 sur une Harley-Davidson noire pour plus de visibilit\u00e9 et un style classique<\/figcaption><\/figure>\n<p>La <strong>chute en cuir de<\/strong> <strong>12<\/strong> pouces du fouet offre une durabilit\u00e9 suppl\u00e9mentaire, et son design classique en <strong>cuir tress\u00e9<\/strong> renforce l\u2019apparence audacieuse de votre moto. Non seulement le fouet rend votre conduite plus visible pour les autres automobilistes, mais il constitue \u00e9galement une <b>d\u00e9claration unique de l\u2019identit\u00e9 de motard.<\/b> Que vous recherchiez un accessoire \u00e9l\u00e9gant pour votre moto ou un cadeau id\u00e9al pour un passionn\u00e9 de motos, ce <strong>fouet en cuir \u00ab\u202fget-back\u202f\u00bb <\/strong>allie \u00e0 la fois style et fonctionnalit\u00e9.<\/p>\n<p><strong data-start=\"1146\" data-end=\"1201\">Vous voulez en savoir plus sur les fouets \u00ab\u202fget-back\u202f\u00bb pour motos\u202f?<\/strong> Lisez notre guide complet sur les <strong data-start=\"1229\" data-end=\"1306\"><a class=\"decorated-link cursor-pointer\" href=\"https:\/\/bantoro.com\/fr\/guide-des-fouets-get-back-pour-moto\/\" rel=\"noopener\" data-start=\"1231\" data-end=\"1304\">fouets pour motos \u00ab\u202fGet Back\u202f\u00bb : histoire, usages, l\u00e9galit\u00e9 et types, <\/a><\/strong>pour comprendre leur utilit\u00e9, leur origine et leurs diff\u00e9rentes variantes. <span style=\"box-sizing: border-box; margin: 0px; padding: 0px;\">D\u00e9couvrez notre gamme compl\u00e8te de <strong><a href=\"https:\/\/bantoro.com\/fr\/?attachment_id=4465\" target=\"_blank\" rel=\"noopener\">fouets pour motos,<\/a><\/strong> con\u00e7us pour les motards qui privil\u00e9gient<\/span> la durabilit\u00e9, la s\u00e9curit\u00e9 et le style biker authentique.<\/p>\n<p><strong>Achetez le fouet biker marron et noir<\/strong> et <strong>roulez avec style<\/strong> sur <strong>Bantoro.com.<\/strong><\/p>\n","protected":false},"excerpt":{"rendered":"<p><strong>Fouet biker marron et noir<\/strong><\/p>\n<ul>\n<li><strong>Fouet de motard en cuir v\u00e9ritable<\/strong> pour allier style et s\u00e9curit\u00e9<\/li>\n<li><strong>Longueur de 42 pouces<\/strong> avec une <strong>chute en cuir de <strong>12<\/strong> pouces<\/strong> pour des performances optimales<\/li>\n<li><strong>Boucle \u00e0 d\u00e9gagement rapide<\/strong> pour une fixation et un retrait faciles<\/li>\n<li><strong>Design haute visibilit\u00e9 pour<\/strong> une s\u00e9curit\u00e9 accrue sur la route<\/li>\n<li><strong>Cuir tress\u00e9<\/strong> fait main pour une durabilit\u00e9 accrue<\/li>\n<li>Un <strong>accessoire de moto<\/strong> parfait pour tout motard passionn\u00e9<\/li>\n<li>Un <strong>cadeau unique<\/strong> pour les bikers et les passionn\u00e9s de moto<\/li>\n<\/ul>\n<p>&nbsp;<\/p>\n","protected":false},"featured_media":12250,"comment_status":"open","ping_status":"closed","template":"","meta":[],"product_brand":[],"product_cat":[831],"product_tag":[1731,1951,1953,1945,1504,1712,1949,1502,1725,1508,1931,1861,2041,1947,1943,1999,1506],"class_list":{"0":"post-12261","1":"product","2":"type-product","3":"status-publish","4":"has-post-thumbnail","6":"product_cat-fouet-de-moto","7":"product_tag-accessoire-de-guidon","8":"product_tag-accessoire-de-moto","9":"product_tag-accessoires-de-moto","10":"product_tag-cadeau-de-moto","11":"product_tag-cadeau-motard","12":"product_tag-cuir-veritable","13":"product_tag-culture-moto","14":"product_tag-equipement-de-motard","15":"product_tag-fait-main","16":"product_tag-fouet-de-motard","17":"product_tag-fouet-en-cuir","18":"product_tag-haute-visibilite","19":"product_tag-liberation-rapide","20":"product_tag-personnalisation-de-moto","21":"product_tag-pieces-de-moto","22":"product_tag-securite-moto","23":"product_tag-style-motard","25":"first","26":"instock","27":"sale","28":"taxable","29":"shipping-taxable","30":"purchasable","31":"product-type-simple"},"_links":{"self":[{"href":"https:\/\/bantoro.com\/fr\/wp-json\/wp\/v2\/product\/12261","targetHints":{"allow":["GET"]}}],"collection":[{"href":"https:\/\/bantoro.com\/fr\/wp-json\/wp\/v2\/product"}],"about":[{"href":"https:\/\/bantoro.com\/fr\/wp-json\/wp\/v2\/types\/product"}],"replies":[{"embeddable":true,"href":"https:\/\/bantoro.com\/fr\/wp-json\/wp\/v2\/comments?post=12261"}],"wp:featuredmedia":[{"embeddable":true,"href":"https:\/\/bantoro.com\/fr\/wp-json\/wp\/v2\/media\/12250"}],"wp:attachment":[{"href":"https:\/\/bantoro.com\/fr\/wp-json\/wp\/v2\/media?parent=12261"}],"wp:term":[{"taxonomy":"product_brand","embeddable":true,"href":"https:\/\/bantoro.com\/fr\/wp-json\/wp\/v2\/product_brand?post=12261"},{"taxonomy":"product_cat","embeddable":true,"href":"https:\/\/bantoro.com\/fr\/wp-json\/wp\/v2\/product_cat?post=12261"},{"taxonomy":"product_tag","embeddable":true,"href":"https:\/\/bantoro.com\/fr\/wp-json\/wp\/v2\/product_tag?post=12261"}],"curies":[{"name":"wp","href":"https:\/\/api.w.org\/{rel}","templated":true}]}}