{"id":12241,"date":"2025-05-20T12:27:49","date_gmt":"2025-05-20T11:27:49","guid":{"rendered":"https:\/\/bantoro.com\/shop\/non%20class\u00e9\/fouet-de-motard-noir-et-blanc-de-42-pouces-fouet-get-back-pour-moto-en-cuir-veritable\/"},"modified":"2026-01-27T15:29:53","modified_gmt":"2026-01-27T15:29:53","slug":"motard-noir-et-blanc","status":"publish","type":"product","link":"https:\/\/bantoro.com\/fr\/boutique\/fouet-de-moto\/motard-noir-et-blanc\/","title":{"rendered":"Fouet de motard noir et blanc de 42 pouces \u2013 fouet Get Back pour moto en cuir v\u00e9ritable"},"content":{"rendered":"<h2>Fouet Get Back pour moto en cuir v\u00e9ritable fait main, \u00e0 fixer au guidon<\/h2>\n<p><strong>Le fouet de motard noir et blanc<\/strong> am\u00e9liore \u00e0 la fois le style et la s\u00e9curit\u00e9 de votre moto. Confectionn\u00e9 en <strong>cuir v\u00e9ritable<\/strong> et dot\u00e9 d\u2019un <strong>design haute visibilit\u00e9,<\/strong> ce fouet de 42 pouces est un accessoire indispensable pour tout motard passionn\u00e9. \u00c9quip\u00e9 d\u2019une <strong>boucle \u00e0 d\u00e9tache rapide<\/strong>, il s\u2019attache et se retire facilement du guidon de la moto. Ce fouet \u00ab Get Back \u00bb noir et blanc est couramment utilis\u00e9 par les motards pour am\u00e9liorer la visibilit\u00e9, pr\u00e9server la tradition et affirmer leur identit\u00e9 de biker. Il vous permet de personnaliser votre moto avec une touche traditionnelle et robuste. Fabriqu\u00e9 \u00e0 la main avec soin, ce fouet est con\u00e7u pour offrir <strong>durabilit\u00e9 et performances sup\u00e9rieures, <\/strong>que vous rouliez sur l\u2019autoroute ou que vous exposiez votre moto lors d\u2019un rassemblement de bikers.<\/p>\n<p>Le fouet poss\u00e8de une <strong>chute en cuir de 12 pouces<\/strong>, offrant une durabilit\u00e9 suppl\u00e9mentaire, et son design classique en <strong>cuir tress\u00e9 <\/strong>renforce l\u2019apparence audacieuse de votre moto. Non seulement ce fouet am\u00e9liore la visibilit\u00e9 de votre moto aupr\u00e8s des autres conducteurs, mais il sert \u00e9galement de <strong>marque distinctive pour les bikers<\/strong>. Que vous recherchiez un accessoire \u00e9l\u00e9gant pour votre moto ou un cadeau id\u00e9al pour un passionn\u00e9 de moto, d\u00e9couvrez notre gamme compl\u00e8te de fouets en cuir dans la collection <a title=\"Motorcycle Get Back Whips\" href=\"https:\/\/bantoro.com\/fr\/?attachment_id=4465\"><strong>Motorcycle Get Back Whip<\/strong><\/a>s. Ce fouet en cuir \u00ab Get Back \u00bb allie \u00e0 la fois esth\u00e9tique et fonctionnalit\u00e9.<\/p>\n<p>Pour en savoir plus sur l\u2019<strong>entretien et les soins des fouets<\/strong>, et pour d\u00e9couvrir plus en d\u00e9tail les origines, l\u2019utilit\u00e9 et la l\u00e9galit\u00e9 des fouets \u00ab\u202fGet Back\u202f\u00bb, consultez notre <strong><a title=\"Guide des fouets moto \u00ab\u202fGet Back\u202f\u00bb\" href=\"https:\/\/bantoro.com\/fr\/guide-des-fouets-get-back-pour-moto\/\">guide complet des fouets moto \u00ab\u202fGet Back\u202f\u00bb<\/a><\/strong>.<\/p>\n<p><strong>Achetez le fouet de motard noir et blanc<\/strong> et <strong>roulez avec style sur<\/strong> <strong>Bantoro.com<\/strong>.<\/p>\n","protected":false},"excerpt":{"rendered":"<p><strong>Fouet de motard noir et blanc<\/strong><\/p>\n<ul>\n<li><strong>Fouet de motard en cuir v\u00e9ritable<\/strong> pour plus de style et de s\u00e9curit\u00e9<\/li>\n<li><strong>42 inches long<\/strong> with <strong>12<\/strong><strong>-inch leather fall<\/strong> for optimal performance<\/li>\n<li><strong>Boucle \u00e0 d\u00e9tache rapide<\/strong> pour une fixation et un retrait faciles<\/li>\n<li><strong>Design haute visibilit\u00e9<\/strong> pour une meilleure s\u00e9curit\u00e9 sur la route<\/li>\n<li><strong>Cuir tress\u00e9<\/strong> fait main pour plus de durabilit\u00e9<\/li>\n<li>Un <strong>accessoire de moto<\/strong> parfait pour tout motard passionn\u00e9<\/li>\n<li>Un <strong>cadeau unique<\/strong> pour les bikers et les passionn\u00e9s de moto<\/li>\n<\/ul>\n<p>En savoir plus sur l\u2019entretien de votre nouveau <strong>fouet en cuir<\/strong> dans notre <strong><a href=\"https:\/\/bantoro.com\/ultimate-leather-bullwhip-care-guide\/\" target=\"_new\" rel=\"noopener\">Guide ultime d\u2019entretien des fouets en cuir.<\/a><\/strong><\/p>\n","protected":false},"featured_media":12214,"comment_status":"open","ping_status":"closed","template":"","meta":[],"product_brand":[],"product_cat":[831],"product_tag":[1731,1951,1953,1945,1504,1712,1949,1502,1725,1508,1931,1861,2041,1947,1943,1999,1506],"class_list":{"0":"post-12241","1":"product","2":"type-product","3":"status-publish","4":"has-post-thumbnail","6":"product_cat-fouet-de-moto","7":"product_tag-accessoire-de-guidon","8":"product_tag-accessoire-de-moto","9":"product_tag-accessoires-de-moto","10":"product_tag-cadeau-de-moto","11":"product_tag-cadeau-motard","12":"product_tag-cuir-veritable","13":"product_tag-culture-moto","14":"product_tag-equipement-de-motard","15":"product_tag-fait-main","16":"product_tag-fouet-de-motard","17":"product_tag-fouet-en-cuir","18":"product_tag-haute-visibilite","19":"product_tag-liberation-rapide","20":"product_tag-personnalisation-de-moto","21":"product_tag-pieces-de-moto","22":"product_tag-securite-moto","23":"product_tag-style-motard","25":"first","26":"instock","27":"sale","28":"taxable","29":"shipping-taxable","30":"purchasable","31":"product-type-simple"},"_links":{"self":[{"href":"https:\/\/bantoro.com\/fr\/wp-json\/wp\/v2\/product\/12241","targetHints":{"allow":["GET"]}}],"collection":[{"href":"https:\/\/bantoro.com\/fr\/wp-json\/wp\/v2\/product"}],"about":[{"href":"https:\/\/bantoro.com\/fr\/wp-json\/wp\/v2\/types\/product"}],"replies":[{"embeddable":true,"href":"https:\/\/bantoro.com\/fr\/wp-json\/wp\/v2\/comments?post=12241"}],"wp:featuredmedia":[{"embeddable":true,"href":"https:\/\/bantoro.com\/fr\/wp-json\/wp\/v2\/media\/12214"}],"wp:attachment":[{"href":"https:\/\/bantoro.com\/fr\/wp-json\/wp\/v2\/media?parent=12241"}],"wp:term":[{"taxonomy":"product_brand","embeddable":true,"href":"https:\/\/bantoro.com\/fr\/wp-json\/wp\/v2\/product_brand?post=12241"},{"taxonomy":"product_cat","embeddable":true,"href":"https:\/\/bantoro.com\/fr\/wp-json\/wp\/v2\/product_cat?post=12241"},{"taxonomy":"product_tag","embeddable":true,"href":"https:\/\/bantoro.com\/fr\/wp-json\/wp\/v2\/product_tag?post=12241"}],"curies":[{"name":"wp","href":"https:\/\/api.w.org\/{rel}","templated":true}]}}