{"id":12173,"date":"2025-09-12T11:14:17","date_gmt":"2025-09-12T10:14:17","guid":{"rendered":"https:\/\/bantoro.com\/shop\/non%20class\u00e9\/fouet-de-moto-en-cuir-noir-de-42-pouces-avec-boule-de-billard-et-systeme-de-detache-rapide-fouet-davertissement\/"},"modified":"2026-01-26T16:12:32","modified_gmt":"2026-01-26T16:12:32","slug":"fouet-motard-noir-boule-billard","status":"publish","type":"product","link":"https:\/\/bantoro.com\/fr\/boutique\/fouet-de-moto\/fouet-motard-noir-boule-billard\/","title":{"rendered":"Fouet de moto en cuir noir de 42 pouces avec boule de billard et syst\u00e8me de d\u00e9tache rapide fouet d\u2019avertissement"},"content":{"rendered":"<p data-start=\"309\" data-end=\"706\">Lib\u00e9rez votre esprit de rebelle avec ce <strong data-start=\"345\" data-end=\"387\">fouet de motard en cuir v\u00e9ritable de 42 pouces avec boule de billard,<\/strong> \u00e9galement appel\u00e9<strong data-start=\"405\" data-end=\"430\"> fouet \u00ab Get Back \u00bb en cuir<\/strong> \u2013 l\u2019accessoire id\u00e9al pour les motards qui aiment la route ouverte et la libert\u00e9 de la culture biker. Tress\u00e9 \u00e0 la main en <strong data-start=\"546\" data-end=\"570\">cuir 100 % v\u00e9ritable<\/strong>, ce <strong data-start=\"577\" data-end=\"596\"><a href=\"https:\/\/bantoro.com\/fr\/cat\u00e9gorie-produit\/fouet-de-moto\/\">fouet pour moto <\/a><\/strong>est dot\u00e9 d\u2019un noyau en nylon durable, offrant \u00e0 la fois souplesse et solidit\u00e9 pour r\u00e9sister \u00e0 l\u2019usure des longs trajets.<\/p>\n<figure id=\"attachment_12165\" aria-describedby=\"caption-attachment-12165\" style=\"width: 691px\" class=\"wp-caption aligncenter\"><img fetchpriority=\"high\" decoding=\"async\" class=\" wp-image-11292\" src=\"https:\/\/bantoro.com\/wp-content\/uploads\/2025\/09\/Black-42-Leather-Motorcycle-Whip-with-Pool-Ball-Quick-Release-300x168.webp\" alt=\"Fouet Fouet d\u2019avertissement avec boule de billard et d\u00e9tache rapide\" width=\"691\" height=\"387\" srcset=\"https:\/\/bantoro.com\/wp-content\/uploads\/2025\/09\/Black-42-Leather-Motorcycle-Whip-with-Pool-Ball-Quick-Release-300x168.webp 300w, https:\/\/bantoro.com\/wp-content\/uploads\/2025\/09\/Black-42-Leather-Motorcycle-Whip-with-Pool-Ball-Quick-Release-1024x573.webp 1024w, https:\/\/bantoro.com\/wp-content\/uploads\/2025\/09\/Black-42-Leather-Motorcycle-Whip-with-Pool-Ball-Quick-Release-768x430.webp 768w, https:\/\/bantoro.com\/wp-content\/uploads\/2025\/09\/Black-42-Leather-Motorcycle-Whip-with-Pool-Ball-Quick-Release-1536x860.webp 1536w, https:\/\/bantoro.com\/wp-content\/uploads\/2025\/09\/Black-42-Leather-Motorcycle-Whip-with-Pool-Ball-Quick-Release-600x336.webp 600w, https:\/\/bantoro.com\/wp-content\/uploads\/2025\/09\/Black-42-Leather-Motorcycle-Whip-with-Pool-Ball-Quick-Release.webp 1600w\" sizes=\"(max-width: 691px) 100vw, 691px\" \/><figcaption id=\"caption-attachment-12165\" class=\"wp-caption-text\">Fouet de motard noir avec boule de billard<\/figcaption><\/figure>\n<p data-start=\"708\" data-end=\"988\">Au bout de ce <strong data-start=\"727\" data-end=\"741\">fouet <\/strong>se trouve une <strong data-start=\"747\" data-end=\"786\">boule de billard v\u00e9ritable perc\u00e9e et filet\u00e9e, <\/strong>offrant cet aspect lourd et embl\u00e9matique que recherchent les motards. Que vous fassiez partie d\u2019un club de moto ou que vous rouliez en solo, ce <strong data-start=\"903\" data-end=\"932\">fouet de moto avec boule de billard<\/strong> ajoute instantan\u00e9ment personnalit\u00e9 et style robuste \u00e0 votre moto.<\/p>\n<p data-start=\"990\" data-end=\"1249\">\u00c9quip\u00e9 d\u2019une <strong data-start=\"1006\" data-end=\"1046\">boucle d\u00e9tachable en acier inoxydable<\/strong>, \u00e9galement appel\u00e9e panic snap, ce <strong data-start=\"1081\" data-end=\"1119\">fouet de moto \u00e0 d\u00e9tache rapide<\/strong> se fixe facilement \u00e0 votre levier de frein ou d\u2019embrayage. Il permet un d\u00e9tachement en une main en quelques secondes \u2013 id\u00e9al \u00e0 la fois pour le style et en cas d\u2019urgence.<\/p>\n<p data-start=\"1251\" data-end=\"1703\">Le <strong data-start=\"1255\" data-end=\"1279\">fouet en cuir de 42 pouces<\/strong> poss\u00e8de une longue frange fluide qui am\u00e9liore votre visibilit\u00e9 aupr\u00e8s des autres automobilistes lorsque le vent souffle. Il ne s\u2019agit donc pas seulement d\u2019un <strong data-start=\"1416\" data-end=\"1447\">accessoire de moto personnalis\u00e9 <\/strong>\u2013 c\u2019est \u00e9galement un <strong data-start=\"1472\" data-end=\"1498\">fouet de s\u00e9curit\u00e9<\/strong> pratique, alliant fonctionnalit\u00e9 et style. Le cuir noir tress\u00e9 et les tassels \u00e0 franges cr\u00e9ent une esth\u00e9tique audacieuse et vintage, <strong data-start=\"1640\" data-end=\"1680\">parfaite pour les choppers, cruisers, Bobbers, Harleys et toutes les motos personnalis\u00e9es. Vous voulez en savoir plus sur la tradition, la s\u00e9curit\u00e9 et l\u2019utilit\u00e9 des fouets de motard\u202f?<br \/>\nLisez notre guide complet sur les <a href=\"https:\/\/bantoro.com\/fr\/guide-des-fouets-get-back-pour-moto\/\">Fouets \u00ab Get Back \u00bb de moto<\/a>, couvrant leur histoire, leurs usages, leur l\u00e9galit\u00e9 et les diff\u00e9rents types.<\/strong><\/p>\n<p data-start=\"1705\" data-end=\"1913\">Que vous vous rendiez \u00e0 un rallye, \u00e0 une rencontre de club ou que vous rouliez simplement sur l\u2019autoroute, ce <strong data-start=\"1796\" data-end=\"1822\">fouet de moto \u00e0 franges<\/strong> fait une d\u00e9claration puissante. Il repr\u00e9sente la tradition, l\u2019identit\u00e9 et l\u2019esprit de la route.<\/p>\n<p data-start=\"1915\" data-end=\"2071\">D\u00e9couvrez ce fouet et bien d\u2019autres accessoires de motard personnalis\u00e9s sur <strong data-start=\"1958\" data-end=\"1973\"><a class=\"decorated-link\" href=\"https:\/\/bantoro.com\/fr\/\" target=\"_new\" rel=\"noopener\" data-start=\"1957\" data-end=\"1996\">Bantoro.com<\/a><\/strong> \u2013 votre destination pour des <strong data-start=\"2044\" data-end=\"2070\">fouets en cuir<\/strong> authentiques, faits main, pour motos.<\/p>\n","protected":false},"excerpt":{"rendered":"<ul>\n<li data-start=\"1988\" data-end=\"2065\"><strong data-start=\"1990\" data-end=\"2017\">Fouet de motard en cuir v\u00e9ritable <\/strong>\u2013 fabriqu\u00e9 en cuir 100 % v\u00e9ritable tress\u00e9 \u00e0 la main<\/li>\n<li data-start=\"2068\" data-end=\"2140\">Fouet Fouet d\u2019avertissement de 42 pouces pour moto \u2013 fouet int\u00e9gral avec franges en cuir flottantes<\/li>\n<li data-start=\"2143\" data-end=\"2220\"><strong data-start=\"2145\" data-end=\"2183\">Fouet de moto en cuir tress\u00e9 avec d\u00e9tache rapide<\/strong> \u2013 boucle panic snap en acier inoxydable<\/li>\n<li data-start=\"2223\" data-end=\"2298\"><strong data-start=\"2225\" data-end=\"2254\">Fouet de motard avec boule de billard<\/strong> \u2013 Manche avec v\u00e9ritable boule de billard perc\u00e9e et filet\u00e9e<\/li>\n<li data-start=\"2301\" data-end=\"2376\"><strong data-start=\"2303\" data-end=\"2329\">Fouet de moto \u00e0 franges<\/strong> \u2013 Am\u00e9liore la visibilit\u00e9 et renforce la pr\u00e9sence sur la route<\/li>\n<li data-start=\"2379\" data-end=\"2457\"><strong data-start=\"2381\" data-end=\"2412\">Accessoire de moto personnalis\u00e9 <\/strong>\u2013 Compl\u00e8te les cruisers, Harleys et choppers<\/li>\n<li data-start=\"2460\" data-end=\"2529\"><strong data-start=\"2462\" data-end=\"2486\">Fouet de club de moto<\/strong> \u2013 Parfait pour la culture biker et les sorties de club<\/li>\n<li data-start=\"2532\" data-end=\"2611\"><strong data-start=\"2534\" data-end=\"2558\">Fonctionnel et styl\u00e9<\/strong> \u2013 Con\u00e7u pour la s\u00e9curit\u00e9, l\u2019identit\u00e9 et le style classique des bikers<\/li>\n<\/ul>\n","protected":false},"featured_media":12166,"comment_status":"open","ping_status":"closed","template":"","meta":[],"product_brand":[],"product_cat":[831],"product_tag":[841,837,840,832,835,833,834,836,842,839,838],"class_list":{"0":"post-12173","1":"product","2":"type-product","3":"status-publish","4":"has-post-thumbnail","6":"product_cat-fouet-de-moto","7":"product_tag-accessoire-de-securite-pour-moto","8":"product_tag-accessoires-de-motard","9":"product_tag-equipement-de-moto-personnalise","10":"product_tag-fouet-get-back","11":"product_tag-fouet-avec-manche-boule-de-billard","12":"product_tag-fouet-de-motard-en-cuir","13":"product_tag-fouet-de-moto","14":"product_tag-fouet-de-moto-a-degagement-rapide","15":"product_tag-fouet-de-moto-vintage","16":"product_tag-fouet-pour-chopper","17":"product_tag-fouet-pour-cruiser","19":"first","20":"instock","21":"sale","22":"taxable","23":"shipping-taxable","24":"purchasable","25":"product-type-simple"},"_links":{"self":[{"href":"https:\/\/bantoro.com\/fr\/wp-json\/wp\/v2\/product\/12173","targetHints":{"allow":["GET"]}}],"collection":[{"href":"https:\/\/bantoro.com\/fr\/wp-json\/wp\/v2\/product"}],"about":[{"href":"https:\/\/bantoro.com\/fr\/wp-json\/wp\/v2\/types\/product"}],"replies":[{"embeddable":true,"href":"https:\/\/bantoro.com\/fr\/wp-json\/wp\/v2\/comments?post=12173"}],"wp:featuredmedia":[{"embeddable":true,"href":"https:\/\/bantoro.com\/fr\/wp-json\/wp\/v2\/media\/12166"}],"wp:attachment":[{"href":"https:\/\/bantoro.com\/fr\/wp-json\/wp\/v2\/media?parent=12173"}],"wp:term":[{"taxonomy":"product_brand","embeddable":true,"href":"https:\/\/bantoro.com\/fr\/wp-json\/wp\/v2\/product_brand?post=12173"},{"taxonomy":"product_cat","embeddable":true,"href":"https:\/\/bantoro.com\/fr\/wp-json\/wp\/v2\/product_cat?post=12173"},{"taxonomy":"product_tag","embeddable":true,"href":"https:\/\/bantoro.com\/fr\/wp-json\/wp\/v2\/product_tag?post=12173"}],"curies":[{"name":"wp","href":"https:\/\/api.w.org\/{rel}","templated":true}]}}