{"id":11832,"date":"2025-09-12T11:29:52","date_gmt":"2025-09-12T10:29:52","guid":{"rendered":"https:\/\/bantoro.com\/shop\/non%20class\u00e9\/rouge-et-noir-fouet-de-motard-en-cuir-pour-moto-de-42-pouces-avec-boule-de-billard-et-attache-a-degagement-rapide\/"},"modified":"2026-01-16T15:40:59","modified_gmt":"2026-01-16T15:40:59","slug":"fouet-motard-rouge-billard","status":"publish","type":"product","link":"https:\/\/bantoro.com\/fr\/boutique\/fouet-de-moto\/fouet-motard-rouge-billard\/","title":{"rendered":"Fouet de biker pour moto en cuir v\u00e9ritable \u2013 42\u2033 avec boule de billard et attache rapide rouge et noir"},"content":{"rendered":"<p data-start=\"309\" data-end=\"706\">Lib\u00e9rez votre esprit de hors-la-loi avec ce fouet de biker pour moto en cuir v\u00e9ritable de 42\u2033 \u2013 \u00e9galement appel\u00e9 leather get back whip \u2013 l\u2019accessoire ultime pour les motards qui vivent pour la route et la libert\u00e9 de la culture biker. Tress\u00e9 \u00e0 la main en cuir 100 % v\u00e9ritable, ce **fouet de biker avec boule de billard** poss\u00e8de un noyau en nylon durable, offrant \u00e0 la fois flexibilit\u00e9 et solidit\u00e9 pour r\u00e9sister \u00e0 l\u2019usure des longs trajets.<\/p>\n<p data-start=\"309\" data-end=\"706\">Au bout de ce fouet se trouve une <strong>v\u00e9ritable boule de billard perc\u00e9e et filet\u00e9e<\/strong>, offrant ce look embl\u00e9matique et pond\u00e9r\u00e9 que recherchent les motards. Que vous fassiez partie d\u2019un club de motards ou que vous rouliez en solo, ce fouet de biker pour moto avec boule de billard apporte instantan\u00e9ment personnalit\u00e9 et style robuste \u00e0 votre moto.<\/p>\n<p data-start=\"309\" data-end=\"706\">\n\u00c9quip\u00e9 d\u2019une boucle \u00e0 d\u00e9gagement rapide, ce fouet de biker en cuir v\u00e9ritable se fixe facilement et permet un d\u00e9tachement \u00e0 une main.<\/p>\n<p>Vous voulez en savoir plus sur la tradition des fouets de motard, leur utilisation et ce qui est l\u00e9gal dans votre r\u00e9gion ? Lisez notre guide complet sur <strong><a href=\"https:\/\/bantoro.com\/fr\/guide-des-fouets-get-back-pour-moto\/\">Motorcycle Get Back Whips : History<\/a>, Uses, Legality &amp; Types<\/strong> pour tout d\u00e9couvrir sur ce que les motards doivent savoir.<\/p>\n<p>\u00c9quip\u00e9 d\u2019une <strong>boucle \u00e0 d\u00e9gagement rapide en acier inoxydable<\/strong>, \u00e9galement appel\u00e9e <strong>panic snap<\/strong>, ce <strong>fouet de moto avec attache rapide<\/strong> se fixe facilement sur votre levier de frein ou d\u2019embrayage. Il permet un d\u00e9tachement \u00e0 une main en quelques secondes \u2013 id\u00e9al \u00e0 la fois pour le style et les situations d\u2019urgence.<\/p>\n<p>Le <strong>fouet en cuir de 42 pouces<\/strong> est dot\u00e9 d\u2019une longue frange qui flotte au vent, am\u00e9liorant votre visibilit\u00e9 pour les autres automobilistes. Cela en fait plus qu\u2019un simple accessoire de moto personnalis\u00e9 \u2013 c\u2019est \u00e9galement un <strong>fouet de s\u00e9curit\u00e9 pour moto<\/strong> pratique qui allie fonctionnalit\u00e9 et style. Le cuir tress\u00e9 rouge et noir et les pampilles de la frange cr\u00e9ent une esth\u00e9tique audacieuse et vintage, parfaitement adapt\u00e9e aux choppers, cruisers, Bobbers, Harleys et toutes les motos personnalis\u00e9es.<\/p>\n<p>Que vous vous rendiez \u00e0 un rallye, \u00e0 une rencontre de club ou que vous rouliez simplement sur l\u2019autoroute, ce <strong>fouet de moto \u00e0 franges<\/strong> fait une forte impression. Il repr\u00e9sente la tradition, l\u2019identit\u00e9 et l\u2019esprit de la route.<\/p>\n<p>Achetez ce fouet et d\u2019autres \u00e9quipements de biker personnalis\u00e9s sur <strong>Bantoro<\/strong>\u00a0\u2013 votre destination pour des <a href=\"https:\/\/bantoro.com\/fr\/cat\u00e9gorie-produit\/fouet-de-moto\/\">accessoires de moto<\/a> authentiques et faits main.<\/p>\n<p>&nbsp;<\/p>\n","protected":false},"excerpt":{"rendered":"<ul>\n<li data-start=\"1988\" data-end=\"2065\"><strong data-start=\"1990\" data-end=\"2017\">Fouet de motard en cuir v\u00e9ritable <\/strong>\u2013 fabriqu\u00e9 en cuir 100 % v\u00e9ritable tress\u00e9 \u00e0 la main<\/li>\n<li data-start=\"2068\" data-end=\"2140\"><strong data-start=\"2070\" data-end=\"2091\">Fouet\u00a0 Get Back\u00a0 de 42\u00a0pouces<\/strong> \u2013 Fouet int\u00e9gral avec franges en cuir flottantes<\/li>\n<li data-start=\"2143\" data-end=\"2220\"><strong data-start=\"2145\" data-end=\"2183\">Fouet de moto avec d\u00e9gagement rapide<\/strong> \u2013 Boucle panic snap en acier inoxydable<\/li>\n<li data-start=\"2223\" data-end=\"2298\"><strong data-start=\"2225\" data-end=\"2254\">Fouet de motard avec boule de billard<\/strong> \u2013 Manche avec v\u00e9ritable boule de billard perc\u00e9e et filet\u00e9e<\/li>\n<li data-start=\"2301\" data-end=\"2376\"><strong data-start=\"2303\" data-end=\"2329\">Fouet de moto \u00e0 franges<\/strong> \u2013 am\u00e9liore la visibilit\u00e9 et renforce la pr\u00e9sence sur la route<\/li>\n<li data-start=\"2379\" data-end=\"2457\"><strong data-start=\"2381\" data-end=\"2412\">Accessoire de moto personnalis\u00e9 <\/strong>\u2013 Compl\u00e8te les cruisers, Harleys et choppers<\/li>\n<li data-start=\"2460\" data-end=\"2529\"><strong data-start=\"2462\" data-end=\"2486\">Fouet de club de moto<\/strong> \u2013 Parfait pour la culture biker et les sorties de club<\/li>\n<li data-start=\"2532\" data-end=\"2611\"><strong data-start=\"2534\" data-end=\"2558\">Fonctionnel et styl\u00e9<\/strong> \u2013 Con\u00e7u pour la s\u00e9curit\u00e9, l\u2019identit\u00e9 et le style classique des bikers<\/li>\n<\/ul>\n","protected":false},"featured_media":11813,"comment_status":"open","ping_status":"closed","template":"","meta":[],"product_brand":[],"product_cat":[831],"product_tag":[841,837,840,832,835,833,834,836,842,839,838],"class_list":{"0":"post-11832","1":"product","2":"type-product","3":"status-publish","4":"has-post-thumbnail","6":"product_cat-fouet-de-moto","7":"product_tag-accessoire-de-securite-pour-moto","8":"product_tag-accessoires-de-motard","9":"product_tag-equipement-de-moto-personnalise","10":"product_tag-fouet-get-back","11":"product_tag-fouet-avec-manche-boule-de-billard","12":"product_tag-fouet-de-motard-en-cuir","13":"product_tag-fouet-de-moto","14":"product_tag-fouet-de-moto-a-degagement-rapide","15":"product_tag-fouet-de-moto-vintage","16":"product_tag-fouet-pour-chopper","17":"product_tag-fouet-pour-cruiser","19":"first","20":"outofstock","21":"sale","22":"taxable","23":"shipping-taxable","24":"purchasable","25":"product-type-simple"},"_links":{"self":[{"href":"https:\/\/bantoro.com\/fr\/wp-json\/wp\/v2\/product\/11832","targetHints":{"allow":["GET"]}}],"collection":[{"href":"https:\/\/bantoro.com\/fr\/wp-json\/wp\/v2\/product"}],"about":[{"href":"https:\/\/bantoro.com\/fr\/wp-json\/wp\/v2\/types\/product"}],"replies":[{"embeddable":true,"href":"https:\/\/bantoro.com\/fr\/wp-json\/wp\/v2\/comments?post=11832"}],"wp:featuredmedia":[{"embeddable":true,"href":"https:\/\/bantoro.com\/fr\/wp-json\/wp\/v2\/media\/11813"}],"wp:attachment":[{"href":"https:\/\/bantoro.com\/fr\/wp-json\/wp\/v2\/media?parent=11832"}],"wp:term":[{"taxonomy":"product_brand","embeddable":true,"href":"https:\/\/bantoro.com\/fr\/wp-json\/wp\/v2\/product_brand?post=11832"},{"taxonomy":"product_cat","embeddable":true,"href":"https:\/\/bantoro.com\/fr\/wp-json\/wp\/v2\/product_cat?post=11832"},{"taxonomy":"product_tag","embeddable":true,"href":"https:\/\/bantoro.com\/fr\/wp-json\/wp\/v2\/product_tag?post=11832"}],"curies":[{"name":"wp","href":"https:\/\/api.w.org\/{rel}","templated":true}]}}