{"id":11698,"date":"2025-03-01T11:00:56","date_gmt":"2025-03-01T11:00:56","guid":{"rendered":"https:\/\/bantoro.com\/shop\/non%20class\u00e9\/mitaines-en-cuir-de-peau-de-mouton-noir-confortables-de-qualite-premium\/"},"modified":"2026-01-05T13:18:10","modified_gmt":"2026-01-05T13:18:10","slug":"gants-en-cuir-sans-doigts","status":"publish","type":"product","link":"https:\/\/bantoro.com\/fr\/boutique\/gants\/gants-en-cuir-sans-doigts\/","title":{"rendered":"Mitaines en cuir de peau de mouton noir \u2013 Confortables, de qualit\u00e9 premium"},"content":{"rendered":"<p data-start=\"2236\" data-end=\"2599\">Am\u00e9liorez vos performances au quotidien avec nos<strong data-start=\"2279\" data-end=\"2324\"> gants sans doigts en cuir de mouton noir,<\/strong> con\u00e7us pour ceux qui exigent \u00e0 la fois<strong data-start=\"2360\" data-end=\"2386\"> confort et durabilit\u00e9.<\/strong> Fabriqu\u00e9s en cuir de mouton souple et haut de gamme, ces gants offrent flexibilit\u00e9, respirabilit\u00e9 et r\u00e9sistance durable \u2014 parfaits pour la conduite, le v\u00e9lo, la salle de sport, la moto et les sports de plein air.<\/p>\n<p data-start=\"2601\" data-end=\"2849\">Le <strong data-start=\"2605\" data-end=\"2627\">design demi-doigts<\/strong> assure une excellente dext\u00e9rit\u00e9 et une prise optimale, vous permettant de garder le contr\u00f4le que ce soit sur la route ou \u00e0 la salle de sport Con\u00e7us avec des <strong data-start=\"2748\" data-end=\"2787\">ouvertures au niveau des articulations et des panneaux respirants<\/strong>, ils gardent vos mains fra\u00eeches et s\u00e8ches pendant les activit\u00e9s intenses.<\/p>\n<p data-start=\"2851\" data-end=\"3071\">Gr\u00e2ce \u00e0 la <strong data-start=\"2856\" data-end=\"2885\">compatibilit\u00e9 avec les \u00e9crans tactiles<\/strong>, vous pouvez utiliser votre smartphone, GPS ou montre connect\u00e9e sans retirer vos gants. L\u2019<strong data-start=\"2973\" data-end=\"3014\">\u00e9lastique au poignet et la fermeture \u00e0 pression<\/strong> offrent un ajustement s\u00fbr et r\u00e9glable pour un confort tout au long de la journ\u00e9e.<\/p>\n<p data-start=\"3073\" data-end=\"3304\">Chaque paire est <strong data-start=\"3086\" data-end=\"3105\">cousue double<\/strong> pour une durabilit\u00e9 renforc\u00e9e, r\u00e9sistant \u00e0 l\u2019usure et conservant son aspect haut de gamme au fil du temps. La finition en cuir noir \u00e9l\u00e9gant compl\u00e8te parfaitement n\u2019importe quelle tenue \u2014 alliant sophistication moderne et style robuste. <\/p>\n<p data-start=\"3306\" data-end=\"3584\">Pr\u00e9sent\u00e9s dans un somptueux sac en velours, ces gants sont le cadeau parfait pour les hommes qui appr\u00e9cient le savoir-faire de qualit\u00e9 et la praticit\u00e9 au quotidien. Que ce soit pour la conduite, la moto ou les activit\u00e9s sportives, ils offrent l&rsquo;\u00e9quilibre id\u00e9al entre performance, protection et design intemporel.<\/p>\n<h2 data-start=\"3982\" data-end=\"4004\"><strong data-start=\"3988\" data-end=\"4004\">Caract\u00e9ristiques principales<\/strong><\/h2>\n<ul data-start=\"4006\" data-end=\"4514\">\n<li data-start=\"4006\" data-end=\"4067\">\n<p data-start=\"4008\" data-end=\"4067\">100\u202f% cuir de mouton haut de gamme pour le confort et la durabilit\u00e9<\/p>\n<\/li>\n<li data-start=\"4068\" data-end=\"4123\">\n<p data-start=\"4070\" data-end=\"4123\">Design sans doigts pour une meilleure prise en main et flexibilit\u00e9<\/p>\n<\/li>\n<li data-start=\"4124\" data-end=\"4171\">\n<p data-start=\"4126\" data-end=\"4171\">Orifices d\u2019a\u00e9ration respirants pour garder les mains au frais<\/p>\n<\/li>\n<li data-start=\"4172\" data-end=\"4229\">\n<p data-start=\"4174\" data-end=\"4229\">Embouts compatibles \u00e9cran tactile pour une utilisation facile des appareils<\/p>\n<\/li>\n<li data-start=\"4230\" data-end=\"4284\">\n<p data-start=\"4232\" data-end=\"4284\">Ajustement r\u00e9glable avec poignet \u00e9lastique et fermeture \u00e0 bouton-pression<\/p>\n<\/li>\n<li data-start=\"4285\" data-end=\"4329\">\n<p data-start=\"4287\" data-end=\"4329\">Coutures doubles pour une r\u00e9sistance \u00e0 l\u2019usure sur le long terme<\/p>\n<\/li>\n<li data-start=\"4330\" data-end=\"4374\">\n<p data-start=\"4332\" data-end=\"4374\">Finition noire \u00e9l\u00e9gante pour un style intemporel<\/p>\n<\/li>\n<li data-start=\"4375\" data-end=\"4433\">\n<p data-start=\"4377\" data-end=\"4433\">Parfait pour la conduite, le cyclisme, la salle de sport et les activit\u00e9s de plein air<\/p>\n<\/li>\n<li data-start=\"4434\" data-end=\"4469\">\n<p data-start=\"4436\" data-end=\"4469\">Pochette cadeau en velours de luxe incluse<\/p>\n<\/li>\n<li data-start=\"4470\" data-end=\"4514\">\n<p data-start=\"4472\" data-end=\"4514\">Exp\u00e9di\u00e9 depuis le Royaume-Uni avec livraison internationale<\/p>\n<\/li>\n<\/ul>\n<p data-start=\"4747\" data-end=\"5060\">De plus, nos gants sont exp\u00e9di\u00e9s depuis le <strong data-start=\"4793\" data-end=\"4811\">Royaume-Uni<\/strong>, avec une livraison <strong data-start=\"4818\" data-end=\"4837\">internationale disponibl<\/strong>e afin de garantir une exp\u00e9dition rapide. Veuillez v\u00e9rifier la r\u00e9glementation douani\u00e8re de votre pays avant d\u2019effectuer votre achat. Visitez <a href=\"https:\/\/bantoro.com\/fr\/\" target=\"_new\" rel=\"noopener\" data-start=\"4942\" data-end=\"4977\">Bantoro.com<\/a> pour d\u00e9couvrir d\u2019autres produits haut de gamme tels <strong data-start=\"5009\" data-end=\"5022\">que des fouets<\/strong>, <strong data-start=\"5041\" data-end=\"5059\">des carquois et des<\/strong> cartouchi\u00e8res.<\/p>\n","protected":false},"excerpt":{"rendered":"<ul>\n<li data-start=\"1329\" data-end=\"1406\">\n<p data-start=\"1331\" data-end=\"1406\">Cuir de mouton haut de gamme : cuir doux et durable pour un confort durable.<\/p>\n<\/li>\n<li data-start=\"1407\" data-end=\"1495\">\n<p data-start=\"1409\" data-end=\"1495\">Design sans doigts : offre prise, flexibilit\u00e9 et contr\u00f4le pour la conduite et le sport.<\/p>\n<\/li>\n<li data-start=\"1496\" data-end=\"1565\">\n<p data-start=\"1498\" data-end=\"1565\"><strong data-start=\"1498\" data-end=\"1517\">Ajustement respirant<\/strong> : les a\u00e9rations aux articulations maintiennent les mains au frais et sans transpiration.<\/p>\n<\/li>\n<li data-start=\"1566\" data-end=\"1627\">\n<p data-start=\"1568\" data-end=\"1627\"><strong data-start=\"1568\" data-end=\"1595\">Compatibles \u00e9cran tactile<\/strong> : utilisez facilement votre t\u00e9l\u00e9phone ou GPS.<\/p>\n<\/li>\n<li data-start=\"1628\" data-end=\"1715\">\n<p data-start=\"1630\" data-end=\"1715\"><strong data-start=\"1630\" data-end=\"1649\">Ajustement r\u00e9glable :<\/strong> fermeture \u00e0 bouton-pression en cuir et poignet \u00e9lastique pour un confort s\u00e9curis\u00e9.<\/p>\n<\/li>\n<li data-start=\"1716\" data-end=\"1798\">\n<p data-start=\"1718\" data-end=\"1798\"><strong data-start=\"1718\" data-end=\"1740\">\u00c9l\u00e9gant et durable :<\/strong> finition en cuir noir classique avec coutures renforc\u00e9es.<\/p>\n<\/li>\n<li data-start=\"1799\" data-end=\"1878\">\n<p data-start=\"1801\" data-end=\"1878\"><strong data-start=\"1801\" data-end=\"1819\">Utilisation polyvalente :<\/strong> id\u00e9al pour la conduite, le cyclisme, la salle de sport et les activit\u00e9s de plein air.<\/p>\n<\/li>\n<li data-start=\"1879\" data-end=\"1959\">\n<p data-start=\"1881\" data-end=\"1959\"><strong data-start=\"1881\" data-end=\"1896\">Pr\u00eat \u00e0 offrir :<\/strong> emball\u00e9 dans une pochette en velours de luxe \u2014 parfait comme cadeau pour hommes.<\/p>\n<\/li>\n<li data-start=\"1960\" data-end=\"2014\">\n<p data-start=\"1962\" data-end=\"2014\"><strong data-start=\"1962\" data-end=\"1980\">Exp\u00e9di\u00e9 depuis le Royaume-Uni<\/strong> : livraison rapide disponible dans le monde entier.<\/p>\n<\/li>\n<\/ul>\n","protected":false},"featured_media":11688,"comment_status":"open","ping_status":"closed","template":"","meta":[],"product_brand":[],"product_cat":[672],"product_tag":[737,819,736,814,673,674,815,740,816,817,732,818,822,675,734,735,813,820,821],"class_list":{"0":"post-11698","1":"product","2":"type-product","3":"status-publish","4":"has-post-thumbnail","6":"product_cat-gants","7":"product_tag-gants-a-ajustement-ajustable","8":"product_tag-gants-confortables","9":"product_tag-gants-dentrainement-de-gym","10":"product_tag-gants-de-conduite","11":"product_tag-gants-de-cyclisme","12":"product_tag-gants-de-moto","13":"product_tag-gants-de-sport","14":"product_tag-gants-demi-doigts","15":"product_tag-gants-durables","16":"product_tag-gants-elegants","17":"product_tag-gants-en-cuir-de-mouton","18":"product_tag-gants-en-cuir-haut-de-gamme","19":"product_tag-gants-en-cuir-noir","20":"product_tag-gants-en-cuir-pour-hommes","21":"product_tag-gants-pour-ecrans-tactiles","22":"product_tag-gants-respirants","23":"product_tag-gants-sans-doigts","24":"product_tag-idee-cadeau-de-luxe","25":"product_tag-livraison-internationale","27":"first","28":"instock","29":"sale","30":"featured","31":"taxable","32":"shipping-taxable","33":"purchasable","34":"product-type-variable"},"_links":{"self":[{"href":"https:\/\/bantoro.com\/fr\/wp-json\/wp\/v2\/product\/11698","targetHints":{"allow":["GET"]}}],"collection":[{"href":"https:\/\/bantoro.com\/fr\/wp-json\/wp\/v2\/product"}],"about":[{"href":"https:\/\/bantoro.com\/fr\/wp-json\/wp\/v2\/types\/product"}],"replies":[{"embeddable":true,"href":"https:\/\/bantoro.com\/fr\/wp-json\/wp\/v2\/comments?post=11698"}],"wp:featuredmedia":[{"embeddable":true,"href":"https:\/\/bantoro.com\/fr\/wp-json\/wp\/v2\/media\/11688"}],"wp:attachment":[{"href":"https:\/\/bantoro.com\/fr\/wp-json\/wp\/v2\/media?parent=11698"}],"wp:term":[{"taxonomy":"product_brand","embeddable":true,"href":"https:\/\/bantoro.com\/fr\/wp-json\/wp\/v2\/product_brand?post=11698"},{"taxonomy":"product_cat","embeddable":true,"href":"https:\/\/bantoro.com\/fr\/wp-json\/wp\/v2\/product_cat?post=11698"},{"taxonomy":"product_tag","embeddable":true,"href":"https:\/\/bantoro.com\/fr\/wp-json\/wp\/v2\/product_tag?post=11698"}],"curies":[{"name":"wp","href":"https:\/\/api.w.org\/{rel}","templated":true}]}}