{"id":11630,"date":"2025-09-25T12:15:22","date_gmt":"2025-09-25T11:15:22","guid":{"rendered":"https:\/\/bantoro.com\/shop\/non%20class\u00e9\/gants-de-conduite-en-cuir-pleine-fleur-marron-faits-main-qualite-premium\/"},"modified":"2026-01-15T16:25:41","modified_gmt":"2026-01-15T16:25:41","slug":"gant-de-conduite","status":"publish","type":"product","link":"https:\/\/bantoro.com\/fr\/boutique\/gants\/gant-de-conduite\/","title":{"rendered":"Gants de conduite en cuir pleine fleur marron faits main, qualit\u00e9 premium"},"content":{"rendered":"<p data-start=\"1995\" data-end=\"2166\">Am\u00e9liorez votre exp\u00e9rience de conduite avec nos <strong data-start=\"2036\" data-end=\"2088\">gants de conduite en cuir pleine fleur marron faits main<\/strong>, con\u00e7us pour ceux qui appr\u00e9cient le luxe, la performance et un design intemporel.<br \/>\n.<\/p>\n<p data-start=\"2168\" data-end=\"2429\">Chaque paire est fabriqu\u00e9e en cuir de vachette pleine fleur<strong data-start=\"2191\" data-end=\"2234\"><span style=\"box-sizing: border-box; margin: 0px; padding: 0px;\">,<\/span>\u00a0de qualit\u00e9 sup\u00e9rieure, offrant une durabilit\u00e9 naturelle<\/strong>, une grande flexibilit\u00e9 et une finition raffin\u00e9e qui se patine magnifiquement avec le temps. Ces gants sont id\u00e9aux pour <strong data-start=\"2359\" data-end=\"2426\">les hommes qui aiment la conduite, la moto ou le style automobile classique.<\/strong><\/p>\n<p data-start=\"2431\" data-end=\"2664\">Le <strong data-start=\"2435\" data-end=\"2456\">design perfor\u00e9<\/strong> am\u00e9liore la respirabilit\u00e9 et garde vos mains au frais, m\u00eame lors de longs trajets. Les ouvertures <strong data-start=\"2536\" data-end=\"2553\">embl\u00e9matiques aux jointures<\/strong> offrent \u00e0 la fois confort et un look vintage, tandis que la <strong data-start=\"2601\" data-end=\"2630\">fermeture au poignet par bouton-pression<\/strong> assure un ajustement s\u00fbr et sur mesure.<\/p>\n<p data-start=\"2666\" data-end=\"2934\">Profitez d\u2019un contr\u00f4le sup\u00e9rieur gr\u00e2ce \u00e0 l<strong data-start=\"2698\" data-end=\"2718\">\u2019int\u00e9rieur non doubl\u00e9<\/strong>, offrant une prise naturelle sur le volant ou le guidon de la moto. De plus, avec des bouts de <strong data-start=\"2805\" data-end=\"2842\">doigts compatibles avec les \u00e9crans tactiles<\/strong>, vous pouvez utiliser facilement votre smartphone ou votre GPS \u2014 sans avoir \u00e0 retirer vos gants.<\/p>\n<p data-start=\"2936\" data-end=\"3093\">Chaque paire est livr\u00e9e dans une<strong data-start=\"2957\" data-end=\"2985\"> pochette de rangement protectrice<\/strong>, faisant de ces gants un cadeau parfait pour les passionn\u00e9s de voitures, les motards et les hommes qui appr\u00e9cient l\u2019artisanat classique.<\/p>\n<h2 data-start=\"3468\" data-end=\"3490\"><strong data-start=\"3474\" data-end=\"3490\">Caract\u00e9ristiques principales des gants de conduite<\/strong><\/h2>\n<ul data-start=\"3491\" data-end=\"3906\">\n<li data-start=\"3491\" data-end=\"3534\">\n<p data-start=\"3493\" data-end=\"3534\">Cuir de vachette pleine fleur 100 % premium<\/p>\n<\/li>\n<li data-start=\"3535\" data-end=\"3567\">\n<p data-start=\"3537\" data-end=\"3567\">Faits main par des artisans qualifi\u00e9s<\/p>\n<\/li>\n<li data-start=\"3568\" data-end=\"3612\">\n<p data-start=\"3570\" data-end=\"3612\">Design perfor\u00e9 respirant pour plus de confort<\/p>\n<\/li>\n<li data-start=\"3613\" data-end=\"3653\">\n<p data-start=\"3615\" data-end=\"3653\">Motif d&rsquo;ouvertures aux jointures pour plus de flexibilit\u00e9<\/p>\n<\/li>\n<li data-start=\"3654\" data-end=\"3690\">\n<p data-start=\"3656\" data-end=\"3690\">Fermeture au poignet \u00e0 bouton-pression s\u00e9curis\u00e9e<\/p>\n<\/li>\n<li data-start=\"3691\" data-end=\"3732\">\n<p data-start=\"3693\" data-end=\"3732\">Non doubl\u00e9 pour une prise en main et un contr\u00f4le accrus<\/p>\n<\/li>\n<li data-start=\"3733\" data-end=\"3770\">\n<p data-start=\"3735\" data-end=\"3770\">Bouts de doigts compatibles avec les \u00e9crans tactiles<\/p>\n<\/li>\n<li data-start=\"3771\" data-end=\"3809\">\n<p data-start=\"3773\" data-end=\"3809\">Livr\u00e9 avec une pochette de rangement \u00e9l\u00e9gante<\/p>\n<\/li>\n<li data-start=\"3810\" data-end=\"3855\">\n<p data-start=\"3812\" data-end=\"3855\">Finition marron classique au charme intemporel<\/p>\n<\/li>\n<li data-start=\"3856\" data-end=\"3906\">\n<p data-start=\"3858\" data-end=\"3906\">Parfait pour la conduite, la moto et les cadeaux<\/p>\n<\/li>\n<\/ul>\n<p>Vous souhaitez d\u00e9couvrir d\u2019autres styles ? Explorez notre <strong data-start=\"756\" data-end=\"858\"><a class=\"decorated-link\" href=\"https:\/\/bantoro.com\/fr\/cat\u00e9gorie-produit\/gants\/\" target=\"_new\" rel=\"noopener\" data-start=\"758\" data-end=\"856\">collection de gants de conduite en cuir faits main<\/a><\/strong> pour trouver des mod\u00e8les \u00e9l\u00e9gants con\u00e7us pour la conduite, la moto et un usage quotidien raffin\u00e9.<\/p>\n<p data-start=\"3095\" data-end=\"3240\">D\u00e9couvrez l&rsquo;alliance de l&rsquo;<strong data-start=\"3119\" data-end=\"3149\">\u00e9l\u00e9gance et de la fonctionnalit\u00e9<\/strong><br \/>\nAvec la collection de cuir de luxe Bantoro \u2014 o\u00f9 chaque conduite devient une d\u00e9claration de style.<\/p>\n<p>D\u00e9couvrez une s\u00e9lection plus large d&rsquo;articles de maroquinerie de luxe faits main et de gants de conduite chez Bantoro, o\u00f9 le savoir-faire intemporel\u00a0<span style=\"box-sizing: border-box; margin: 0px; padding: 0px;\">rencontre<\/span>\u00a0l&rsquo;\u00e9l\u00e9gance du quotidien.<\/p>\n","protected":false},"excerpt":{"rendered":"<h3 style=\"font-size: 20px;\">Quelques caract\u00e9ristiques intelligentes des gants de conduite<\/h3>\n<ul>\n<li data-start=\"1212\" data-end=\"1282\"><strong data-start=\"1212\" data-end=\"1243\">Cuir pleine fleur premium<\/strong> : 100 % vachette pour une durabilit\u00e9 optimale.<\/li>\n<li data-start=\"1285\" data-end=\"1353\"><strong data-start=\"1285\" data-end=\"1312\">Artisanat fait main<\/strong> : cousu par des artisans pour une qualit\u00e9 sup\u00e9rieure.<\/li>\n<li data-start=\"1356\" data-end=\"1418\"><strong data-start=\"1356\" data-end=\"1378\">Design respirant<\/strong> : les perforations gardent les mains fra\u00eeches et s\u00e8ches.<\/li>\n<li data-start=\"1421\" data-end=\"1480\"><strong data-start=\"1421\" data-end=\"1444\">Style avec des ouvertures aux jointures<\/strong> : ajustement flexible avec un look vintage.<\/li>\n<li data-start=\"1483\" data-end=\"1532\"><strong data-start=\"1483\" data-end=\"1500\">Fermeture \u00e0 bouton-pression<\/strong> : ajustement s\u00e9curis\u00e9 et r\u00e9glable au poignet.<\/li>\n<li data-start=\"1535\" data-end=\"1597\"><strong data-start=\"1535\" data-end=\"1556\">Int\u00e9rieur non doubl\u00e9<\/strong> : prise en main et contr\u00f4le am\u00e9lior\u00e9s pour la conduite.<\/li>\n<li data-start=\"1600\" data-end=\"1666\"><strong data-start=\"1600\" data-end=\"1627\">Compatible avec les \u00e9crans tactiles<\/strong> : utilisez vos appareils sans retirer vos gants.<\/li>\n<li data-start=\"1669\" data-end=\"1738\"><strong data-start=\"1669\" data-end=\"1696\">Pochette de rangement incluse<\/strong> : \u00e9l\u00e9gante et pratique pour un usage quotidien.<\/li>\n<li data-start=\"1741\" data-end=\"1804\"><strong data-start=\"1741\" data-end=\"1763\">\u00c9l\u00e9gance intemporelle<\/strong> : id\u00e9ale pour les passionn\u00e9s de voitures et les motards.<\/li>\n<\/ul>\n","protected":false},"featured_media":11624,"comment_status":"open","ping_status":"closed","template":"","meta":[],"product_brand":[],"product_cat":[672],"product_tag":[792,794,787,788,793,789,790,786,791,675],"class_list":{"0":"post-11630","1":"product","2":"type-product","3":"status-publish","4":"has-post-thumbnail","6":"product_cat-gants","7":"product_tag-accessoires-pour-voiture","8":"product_tag-gants-compatibles-avec-les-ecrans-tactiles","9":"product_tag-gants-de-conduite-en-cuir-faits-main","10":"product_tag-gants-de-conduite-respirants","11":"product_tag-gants-de-motard","12":"product_tag-gants-de-voiture-vintage","13":"product_tag-gants-en-cuir-de-luxe","14":"product_tag-gants-en-cuir-marron","15":"product_tag-gants-en-cuir-pleine-fleur","16":"product_tag-gants-en-cuir-pour-hommes","18":"first","19":"instock","20":"sale","21":"featured","22":"taxable","23":"shipping-taxable","24":"purchasable","25":"product-type-variable"},"_links":{"self":[{"href":"https:\/\/bantoro.com\/fr\/wp-json\/wp\/v2\/product\/11630","targetHints":{"allow":["GET"]}}],"collection":[{"href":"https:\/\/bantoro.com\/fr\/wp-json\/wp\/v2\/product"}],"about":[{"href":"https:\/\/bantoro.com\/fr\/wp-json\/wp\/v2\/types\/product"}],"replies":[{"embeddable":true,"href":"https:\/\/bantoro.com\/fr\/wp-json\/wp\/v2\/comments?post=11630"}],"wp:featuredmedia":[{"embeddable":true,"href":"https:\/\/bantoro.com\/fr\/wp-json\/wp\/v2\/media\/11624"}],"wp:attachment":[{"href":"https:\/\/bantoro.com\/fr\/wp-json\/wp\/v2\/media?parent=11630"}],"wp:term":[{"taxonomy":"product_brand","embeddable":true,"href":"https:\/\/bantoro.com\/fr\/wp-json\/wp\/v2\/product_brand?post=11630"},{"taxonomy":"product_cat","embeddable":true,"href":"https:\/\/bantoro.com\/fr\/wp-json\/wp\/v2\/product_cat?post=11630"},{"taxonomy":"product_tag","embeddable":true,"href":"https:\/\/bantoro.com\/fr\/wp-json\/wp\/v2\/product_tag?post=11630"}],"curies":[{"name":"wp","href":"https:\/\/api.w.org\/{rel}","templated":true}]}}