{"id":11525,"date":"2025-03-01T08:23:42","date_gmt":"2025-03-01T08:23:42","guid":{"rendered":"https:\/\/bantoro.com\/shop\/non%20class\u00e9\/gants-de-conduite-sans-doigts-en-cuir-dagneau-rouge-qualite-superieure\/"},"modified":"2026-02-18T12:05:27","modified_gmt":"2026-02-18T12:05:27","slug":"gants-de-conduite-rouges","status":"publish","type":"product","link":"https:\/\/bantoro.com\/fr\/boutique\/gants\/gants-de-conduite-rouges\/","title":{"rendered":"Gants de conduite sans doigts en cuir d&rsquo;agneau rouge \u2013 Qualit\u00e9 sup\u00e9rieure"},"content":{"rendered":"<p data-start=\"2657\" data-end=\"2937\">Ajoutez performance et \u00e9l\u00e9gance \u00e0 votre \u00e9quipement avec ces <strong data-start=\"2710\" data-end=\"2761\">gants de conduite rouges sans doigts en cuir de mouton<\/strong>. Confectionn\u00e9s \u00e0 la main en cuir souple de qualit\u00e9 premium, ces gants allient <strong data-start=\"2830\" data-end=\"2868\">style, flexibilit\u00e9 et r\u00e9sistance<\/strong>, parfaits pour <strong data-start=\"2882\" data-end=\"2936\">la conduite, le cyclisme, les entra\u00eenements en salle et les sports de plein air<\/strong>.<\/p>\n<p data-start=\"2939\" data-end=\"3253\">Con\u00e7us pour un confort actif, ces <strong data-start=\"2974\" data-end=\"3003\">gants en cuir respirants<\/strong> sont dot\u00e9s de <strong data-start=\"3012\" data-end=\"3048\">perforations aux articulations et de panneaux d\u2019a\u00e9ration<\/strong>, gardant vos mains au frais et sans transpiration m\u00eame lors de longs trajets. Le\u00a0<strong>design sans doigts<\/strong>\u00a0offre une meilleure adh\u00e9rence et une plus grande dext\u00e9rit\u00e9\u2014id\u00e9al pour\u00a0<strong>les conducteurs, cyclistes et motards<\/strong> qui recherchent le contr\u00f4le et le confort.<\/p>\n<p data-start=\"3255\" data-end=\"3508\">La <strong data-start=\"3259\" data-end=\"3312\">sangle en cuir r\u00e9glable et le poignet \u00e9lastiqu\u00e9<\/strong> assurent un ajustement pr\u00e9cis et confortable, tandis que les <strong data-start=\"3352\" data-end=\"3377\">coutures doubles<\/strong> garantissent solidit\u00e9 et durabilit\u00e9. Gr\u00e2ce \u00e0 la <strong data-start=\"3425\" data-end=\"3454\">compatibilit\u00e9 avec les \u00e9crans tactiles<\/strong>, vous restez connect\u00e9 sans retirer vos gants.<\/p>\n<p data-start=\"3255\" data-end=\"3508\"><span style=\"box-sizing: border-box; margin: 0px; padding: 0px;\">D\u00e9couvrez notre collection compl\u00e8te de\u00a0<a href=\"https:\/\/bantoro.com\/fr\/cat\u00e9gorie-produit\/gants\/\" target=\"_blank\" rel=\"noopener\">gants en cuir pour homme<\/a> de haute qualit\u00e9, comprenant des gants de conduite, des mod\u00e8les sans doigts et des mod\u00e8les de s\u00e9curit\u00e9 en cuir premium.<\/span><\/p>\n<p data-start=\"3510\" data-end=\"3835\">Finition dans une <strong data-start=\"3524\" data-end=\"3540\">teinte rouge audacieuse<\/strong>, ces gants sont aussi \u00e9l\u00e9gants que fonctionnels. Qu\u2019ils soient associ\u00e9s \u00e0 une tenue d\u00e9contract\u00e9e ou de moto, ils offrent un look intemporel et premium. Parfaite \u00e0 offrir, chaque paire est pr\u00e9sent\u00e9e dans une <strong data-start=\"3722\" data-end=\"3745\">pochette en velours luxueuse<\/strong>, ce qui en fait un cadeau attentionn\u00e9 pour les hommes qui appr\u00e9cient <strong data-start=\"3796\" data-end=\"3834\">l\u2019artisanat du cuir de haute qualit\u00e9<\/strong>.<\/p>\n<p data-start=\"2808\" data-end=\"3148\"><strong data-start=\"2808\" data-end=\"2831\">Exp\u00e9di\u00e9s depuis le Royaume-Uni<\/strong>, ces gants b\u00e9n\u00e9ficient d\u2019options de livraison rapide dans le monde entier, vous garantissant une r\u00e9ception dans les meilleurs d\u00e9lais. Veuillez v\u00e9rifier la r\u00e9glementation douani\u00e8re locale avant l\u2019achat. N\u2019oubliez pas non plus de visiter <a href=\"https:\/\/bantoro.com\/fr\/\" target=\"_new\" rel=\"noopener\" data-start=\"3029\" data-end=\"3060\">Bantoro<\/a> pour d\u00e9couvrir une large gamme de produits premium, notamment des fouets, des carquois et des cartouchi\u00e8res.<\/p>\n<p data-start=\"3150\" data-end=\"3404\">Avec ces <strong data-start=\"3161\" data-end=\"3187\">gants de qualit\u00e9 premium<\/strong>, vous profiterez d\u2019un \u00e9quilibre parfait entre performance, confort et style. Que ce soit pour la <strong data-start=\"3275\" data-end=\"3295\">conduite de moto<\/strong>, le <strong data-start=\"3297\" data-end=\"3308\">cyclisme<\/strong> ou simplement pour afficher un style \u00e9l\u00e9gant au volant, ces gants sont indispensables pour toute personne active.<\/p>\n<p data-start=\"3150\" data-end=\"3404\"><strong>Caract\u00e9ristiques principales :<\/strong><br data-start=\"1607\" data-end=\"1610\" \/>\u2022 Cuir d&rsquo;agneau haut de gamme pour un confort et une durabilit\u00e9 exceptionnels<br data-start=\"1671\" data-end=\"1674\" \/>\u2022 Manchons sans doigts pour une meilleure prise en main et une direction pr\u00e9cise<br data-start=\"1727\" data-end=\"1730\" \/>\u2022 A\u00e9rations respirantes pour une transpiration et une sensation de chaleur r\u00e9duites<br data-start=\"1780\" data-end=\"1783\" \/>\u2022 Extr\u00e9mit\u00e9s des doigts compatibles avec les \u00e9crans tactiles pour plus de praticit\u00e9<br data-start=\"1836\" data-end=\"1839\" \/>\u2022 Fermeture s\u00e9curis\u00e9e par bouton-pression en cuir<br data-start=\"1883\" data-end=\"1886\" \/>\u2022 Coutures doubles pour une durabilit\u00e9 accrue<br data-start=\"1932\" data-end=\"1935\" \/>\u2022 \u00c9l\u00e9gante finition rouge pour un look affirm\u00e9<br data-start=\"1988\" data-end=\"1991\" \/>\u2022 Id\u00e9al pour la conduite, le v\u00e9lo et la salle de sport<br data-start=\"2032\" data-end=\"2035\" \/>\u2022 Emballage luxueux \u2013 un cadeau parfait<br data-start=\"2073\" data-end=\"2076\" \/>\u2022 Livraison rapide dans le monde entier depuis le Royaume-Uni<\/p>\n<p data-start=\"3150\" data-end=\"3404\"><div class=\"wp-gr rpi wpac\" data-id=\"6687\" data-layout=\"slider\" data-exec=\"false\" data-options='{&quot;text_size&quot;:&quot;&quot;,&quot;trans&quot;:{&quot;read more&quot;:&quot;plus&quot;}}'><svg xmlns=\"http:\/\/www.w3.org\/2000\/svg\" style=\"display:none!important\"><symbol id=\"grw-tripadvisor\" viewBox=\"0 0 713.496 713.496\"><g><circle fill=\"#34E0A1\" cx=\"356.749\" cy=\"356.748\" r=\"356.748\"\/><path d=\"M577.095,287.152l43.049-46.836h-95.465c-47.792-32.646-105.51-51.659-167.931-51.659   c-62.342,0-119.899,19.054-167.612,51.659H93.432l43.049,46.836c-26.387,24.075-42.929,58.754-42.929,97.259   c0,72.665,58.914,131.578,131.579,131.578c34.519,0,65.968-13.313,89.446-35.077l42.172,45.919l42.172-45.879   c23.478,21.764,54.887,35.037,89.406,35.037c72.665,0,131.658-58.913,131.658-131.578   C620.024,345.866,603.483,311.188,577.095,287.152z M225.17,473.458c-49.188,0-89.047-39.859-89.047-89.047   s39.86-89.048,89.047-89.048c49.187,0,89.047,39.86,89.047,89.048S274.357,473.458,225.17,473.458z M356.788,381.82   c0-58.595-42.61-108.898-98.853-130.383c30.413-12.716,63.776-19.771,98.813-19.771s68.439,7.055,98.853,19.771   C399.399,272.962,356.788,323.226,356.788,381.82z M488.367,473.458c-49.188,0-89.048-39.859-89.048-89.047   s39.86-89.048,89.048-89.048s89.047,39.86,89.047,89.048S537.554,473.458,488.367,473.458z M488.367,337.694   c-25.79,0-46.677,20.887-46.677,46.677c0,25.789,20.887,46.676,46.677,46.676c25.789,0,46.676-20.887,46.676-46.676   C535.042,358.621,514.156,337.694,488.367,337.694z M271.846,384.411c0,25.789-20.887,46.676-46.676,46.676   s-46.676-20.887-46.676-46.676c0-25.79,20.887-46.677,46.676-46.677C250.959,337.694,271.846,358.621,271.846,384.411z\"\/><\/g><\/symbol><symbol id=\"grw-google\" viewBox=\"0 0 512 512\"><g fill=\"none\" fill-rule=\"evenodd\"><path d=\"M482.56 261.36c0-16.73-1.5-32.83-4.29-48.27H256v91.29h127.01c-5.47 29.5-22.1 54.49-47.09 71.23v59.21h76.27c44.63-41.09 70.37-101.59 70.37-173.46z\" fill=\"#4285f4\"\/><path d=\"M256 492c63.72 0 117.14-21.13 156.19-57.18l-76.27-59.21c-21.13 14.16-48.17 22.53-79.92 22.53-61.47 0-113.49-41.51-132.05-97.3H45.1v61.15c38.83 77.13 118.64 130.01 210.9 130.01z\" fill=\"#34a853\"\/><path d=\"M123.95 300.84c-4.72-14.16-7.4-29.29-7.4-44.84s2.68-30.68 7.4-44.84V150.01H45.1C29.12 181.87 20 217.92 20 256c0 38.08 9.12 74.13 25.1 105.99l78.85-61.15z\" fill=\"#fbbc05\"\/><path d=\"M256 113.86c34.65 0 65.76 11.91 90.22 35.29l67.69-67.69C373.03 43.39 319.61 20 256 20c-92.25 0-172.07 52.89-210.9 130.01l78.85 61.15c18.56-55.78 70.59-97.3 132.05-97.3z\" fill=\"#ea4335\"\/><path d=\"M20 20h472v472H20V20z\"\/><\/g><\/symbol><\/svg><div class=\"grw-row grw-row-m\" data-options='{\"speed\":3,\"autoplay\":true,\"mousestop\":true,\"breakpoints\":\"\"}'><div class=\"grw-header\"><div class=\"grw-header-inner rpi-flx rpi-row12\"><div class=\"grw-img-wrap\"><img loading=\"lazy\" decoding=\"async\" class=\"grw-img\" src=\"https:\/\/bantoro.com\/wp-content\/uploads\/2025\/10\/ChIJM3b-yYR7dkgRjDIICmtuNhA.jpg\" loading=\"lazy\" alt=\"Bantoro place picture\" width=\"50\" height=\"50\" onerror=\"if(this.src!='data:image\/gif;base64,R0lGODlhAQABAIAAAAAAAP\/\/\/yH5BAEAAAAALAAAAAABAAEAAAIBRAA7')this.src='data:image\/gif;base64,R0lGODlhAQABAIAAAAAAAP\/\/\/yH5BAEAAAAALAAAAAABAAEAAAIBRAA7';\" ><\/div><div class=\"rpi-flx rpi-col8\"><div class=\"wp-google-name\"><a href=\"https:\/\/maps.google.com\/?cid=1168242559358087820&#038;g_mp=CiVnb29nbGUubWFwcy5wbGFjZXMudjEuUGxhY2VzLkdldFBsYWNlEAIYBCAA\" target=\"_blank\" rel=\"nofollow noopener\">Bantoro<\/a><\/div><span class=\"rpi-stars\" style=\"--rating:5.0\">5.0<\/span><div class=\"wp-google-based\">Bas\u00e9 sur 10 avis<\/div><div class=\"wp-google-powered\">powered by <span><span style=\"color:#3c6df0!important\">G<\/span><span style=\"color:#d93025!important\">o<\/span><span style=\"color:#fb8e28!important\">o<\/span><span style=\"color:#3c6df0!important\">g<\/span><span style=\"color:#188038!important\">l<\/span><span style=\"color:#d93025!important\">e<\/span><\/span><\/div><div class=\"wp-google-wr\"><a href=\"https:\/\/search.google.com\/local\/writereview?placeid=ChIJM3b-yYR7dkgRjDIICmtuNhA\" target=\"_blank\" rel=\"nofollow noopener\" onclick=\"return rplg_leave_review_window.call(this)\">notez-nous sur<svg height=\"16\" width=\"16\" role=\"none\"><use href=\"#grw-google\"><\/use><\/svg><\/a><\/div><\/div><\/div><\/div><div class=\"rpi-slides-root grw-content\"><div class=\"grw-content-inner\"><button class=\"rpi-ltgt rpi-lt grw-prev\" tabindex=\"0\"><\/button><div class=\"rpi-slides grw-reviews rpi-slides-bite\" data-count=\"8\" data-offset=\"8\"><div class=\"rpi-slide grw-review\"><div class=\"rpi-flx rpi-col12 grw-review-inner grw-backgnd\"><div class=\"rpi-flx rpi-row12-center\"><div class=\"grw-img-wrap\"><img loading=\"lazy\" decoding=\"async\" class=\"grw-img\" src=\"https:\/\/bantoro.com\/wp-content\/uploads\/2025\/12\/ChIJM3b-yYR7dkgRjDIICmtuNhA_4705f87278d0d2e2d7b258d9eaf4b772.jpg\" loading=\"lazy\" alt=\"Monsieur Madame profile picture\" width=\"50\" height=\"50\" onerror=\"if(this.src!='https:\/\/bantoro.com\/wp-content\/plugins\/widget-google-reviews\/assets\/img\/guest.png')this.src='https:\/\/bantoro.com\/wp-content\/plugins\/widget-google-reviews\/assets\/img\/guest.png';\" ><\/div><div class=\"rpi-flx rpi-col6\"><a href=\"https:\/\/www.google.com\/maps\/contrib\/114954446570644655024\/reviews\" class=\"wp-google-name\" target=\"_blank\" rel=\"nofollow noopener\">Monsieur Madame<\/a><div class=\"wp-google-time\" data-time=\"1765220071\">18:54 08 Dec 25<\/div><\/div><\/div><span class=\"rpi-stars\" style=\"--rating:5\"><\/span><div class=\"rpi-flx rpi-col4\"><div class=\"wp-google-feedback grw-scroll\" ><span class=\"wp-google-text\">My first whip purchased from Bantoro is magnificent. Thank you again for the advice on softening the leather, a work in progress that is happening naturally! I am not disappointed! Thank you! And the shipping and delivery were excellent!<\/span><\/div><\/div><svg height=\"16\" width=\"16\" role=\"none\"><use href=\"#grw-google\"\/><\/svg><\/div><\/div><div class=\"rpi-slide grw-review\"><div class=\"rpi-flx rpi-col12 grw-review-inner grw-backgnd\"><div class=\"rpi-flx rpi-row12-center\"><div class=\"grw-img-wrap\"><img loading=\"lazy\" decoding=\"async\" class=\"grw-img\" src=\"https:\/\/bantoro.com\/wp-content\/uploads\/2025\/12\/ChIJM3b-yYR7dkgRjDIICmtuNhA_2d410a2efbe6e50a66f553fbfb4e2dcd-1.jpg\" loading=\"lazy\" alt=\"Mark Stobinski profile picture\" width=\"50\" height=\"50\" onerror=\"if(this.src!='https:\/\/bantoro.com\/wp-content\/plugins\/widget-google-reviews\/assets\/img\/guest.png')this.src='https:\/\/bantoro.com\/wp-content\/plugins\/widget-google-reviews\/assets\/img\/guest.png';\" ><\/div><div class=\"rpi-flx rpi-col6\"><a href=\"https:\/\/www.google.com\/maps\/contrib\/118047338980668183212\/reviews\" class=\"wp-google-name\" target=\"_blank\" rel=\"nofollow noopener\">Mark Stobinski<\/a><div class=\"wp-google-time\" data-time=\"1763387596\">13:53 17 Nov 25<\/div><\/div><\/div><span class=\"rpi-stars\" style=\"--rating:5\"><\/span><div class=\"rpi-flx rpi-col4\"><div class=\"wp-google-feedback grw-scroll\" ><span class=\"wp-google-text\">Great quality! Prompt delivery and excellent customer service &#x1f44c;<\/span><\/div><\/div><svg height=\"16\" width=\"16\" role=\"none\"><use href=\"#grw-google\"\/><\/svg><\/div><\/div><div class=\"rpi-slide grw-review\"><div class=\"rpi-flx rpi-col12 grw-review-inner grw-backgnd\"><div class=\"rpi-flx rpi-row12-center\"><div class=\"grw-img-wrap\"><img loading=\"lazy\" decoding=\"async\" class=\"grw-img\" src=\"https:\/\/bantoro.com\/wp-content\/uploads\/2025\/11\/ChIJM3b-yYR7dkgRjDIICmtuNhA_b342d3f3a8c35a539395a923aeeec004.jpg\" loading=\"lazy\" alt=\"frederic maury profile picture\" width=\"50\" height=\"50\" onerror=\"if(this.src!='https:\/\/bantoro.com\/wp-content\/plugins\/widget-google-reviews\/assets\/img\/guest.png')this.src='https:\/\/bantoro.com\/wp-content\/plugins\/widget-google-reviews\/assets\/img\/guest.png';\" ><\/div><div class=\"rpi-flx rpi-col6\"><a href=\"https:\/\/www.google.com\/maps\/contrib\/104846865639996355174\/reviews\" class=\"wp-google-name\" target=\"_blank\" rel=\"nofollow noopener\">frederic maury<\/a><div class=\"wp-google-time\" data-time=\"1763126311\">13:18 14 Nov 25<\/div><\/div><\/div><span class=\"rpi-stars\" style=\"--rating:5\"><\/span><div class=\"rpi-flx rpi-col4\"><div class=\"wp-google-feedback grw-scroll\" ><span class=\"wp-google-text\">Perfect<\/span><\/div><\/div><svg height=\"16\" width=\"16\" role=\"none\"><use href=\"#grw-google\"\/><\/svg><\/div><\/div><div class=\"rpi-slide grw-review\"><div class=\"rpi-flx rpi-col12 grw-review-inner grw-backgnd\"><div class=\"rpi-flx rpi-row12-center\"><div class=\"grw-img-wrap\"><img loading=\"lazy\" decoding=\"async\" class=\"grw-img\" src=\"https:\/\/bantoro.com\/wp-content\/uploads\/2025\/12\/ChIJM3b-yYR7dkgRjDIICmtuNhA_3854cd81855f3e590af9c32c37c40f24.jpg\" loading=\"lazy\" alt=\"Tabrez Chaudhry profile picture\" width=\"50\" height=\"50\" onerror=\"if(this.src!='https:\/\/bantoro.com\/wp-content\/plugins\/widget-google-reviews\/assets\/img\/guest.png')this.src='https:\/\/bantoro.com\/wp-content\/plugins\/widget-google-reviews\/assets\/img\/guest.png';\" ><\/div><div class=\"rpi-flx rpi-col6\"><a href=\"https:\/\/www.google.com\/maps\/contrib\/107585139158611216832\/reviews\" class=\"wp-google-name\" target=\"_blank\" rel=\"nofollow noopener\">Tabrez Chaudhry<\/a><div class=\"wp-google-time\" data-time=\"1760886242\">15:04 19 Oct 25<\/div><\/div><\/div><span class=\"rpi-stars\" style=\"--rating:5\"><\/span><div class=\"rpi-flx rpi-col4\"><div class=\"wp-google-feedback grw-scroll\" ><span class=\"wp-google-text\">I recently bought the 4ft paracord whip from Bantoro, and I\u2019m seriously impressed! The quality is fantastic, especially for the price \u2014 it feels well-balanced, durable, and beautifully made. After a few practice swings, I managed to get some very loud cracks, which honestly surprised me for a whip this size.<br \/><br \/>It\u2019s clear that real craftsmanship went into this \u2014 the handle feels solid, the braiding is tight, and the overall finish is top-notch. Whether you\u2019re just starting out or have experience with whips, this one is an amazing choice.<br \/><br \/>Highly recommended! Great product, great price, and an even better crack!<\/span><\/div><\/div><svg height=\"16\" width=\"16\" role=\"none\"><use href=\"#grw-google\"\/><\/svg><\/div><\/div><div class=\"rpi-slide grw-review\"><div class=\"rpi-flx rpi-col12 grw-review-inner grw-backgnd\"><div class=\"rpi-flx rpi-row12-center\"><div class=\"grw-img-wrap\"><img loading=\"lazy\" decoding=\"async\" class=\"grw-img\" src=\"https:\/\/bantoro.com\/wp-content\/uploads\/2025\/11\/ChIJM3b-yYR7dkgRjDIICmtuNhA_6c523e3143fe7f71a03080716ca7e174.jpg\" loading=\"lazy\" alt=\"raffaele angiolillo profile picture\" width=\"50\" height=\"50\" onerror=\"if(this.src!='https:\/\/bantoro.com\/wp-content\/plugins\/widget-google-reviews\/assets\/img\/guest.png')this.src='https:\/\/bantoro.com\/wp-content\/plugins\/widget-google-reviews\/assets\/img\/guest.png';\" ><\/div><div class=\"rpi-flx rpi-col6\"><a href=\"https:\/\/www.google.com\/maps\/contrib\/106855690530126946960\/reviews\" class=\"wp-google-name\" target=\"_blank\" rel=\"nofollow noopener\">raffaele angiolillo<\/a><div class=\"wp-google-time\" data-time=\"1760610599\">10:29 16 Oct 25<\/div><\/div><\/div><span class=\"rpi-stars\" style=\"--rating:5\"><\/span><div class=\"rpi-flx rpi-col4\"><div class=\"wp-google-feedback grw-scroll\" ><\/div><\/div><svg height=\"16\" width=\"16\" role=\"none\"><use href=\"#grw-google\"\/><\/svg><\/div><\/div><div class=\"rpi-slide grw-review\"><div class=\"rpi-flx rpi-col12 grw-review-inner grw-backgnd\"><div class=\"rpi-flx rpi-row12-center\"><div class=\"grw-img-wrap\"><img loading=\"lazy\" decoding=\"async\" class=\"grw-img\" src=\"https:\/\/bantoro.com\/wp-content\/uploads\/2025\/12\/ChIJM3b-yYR7dkgRjDIICmtuNhA_af9fcb954676c01d8cfb9b0c0705f1f4.jpg\" loading=\"lazy\" alt=\"Mishall Sheikh profile picture\" width=\"50\" height=\"50\" onerror=\"if(this.src!='https:\/\/bantoro.com\/wp-content\/plugins\/widget-google-reviews\/assets\/img\/guest.png')this.src='https:\/\/bantoro.com\/wp-content\/plugins\/widget-google-reviews\/assets\/img\/guest.png';\" ><\/div><div class=\"rpi-flx rpi-col6\"><a href=\"https:\/\/www.google.com\/maps\/contrib\/107371261956443386050\/reviews\" class=\"wp-google-name\" target=\"_blank\" rel=\"nofollow noopener\">Mishall Sheikh<\/a><div class=\"wp-google-time\" data-time=\"1758109370\">11:42 17 Sep 25<\/div><\/div><\/div><span class=\"rpi-stars\" style=\"--rating:5\"><\/span><div class=\"rpi-flx rpi-col4\"><div class=\"wp-google-feedback grw-scroll\" ><span class=\"wp-google-text\">I recently purchased this rose-style flogger and I couldn\u2019t be more impressed. From the moment I unboxed it, the attention to detail and craftsmanship stood out. The handle is tightly braided with a comfortable grip, making it easy to control during use.<br \/><br \/>What makes this piece truly unique is the design \u2014 the ends are styled like roses, which gives it an elegant and eye-catching look. It feels sturdy and well-made, with each strand braided neatly and finished with precision. The combination of red and black leather is bold, classy, and adds to its overall appeal.<br \/><br \/>The flogger is well-balanced, not too heavy, and the handle fits nicely in hand, so it\u2019s easy to swing without strain. The strands move smoothly and consistently, showing that the maker really paid attention to both function and form.<br \/><br \/>Overall, this is more than just a functional tool \u2014 it\u2019s a statement piece. Whether for display, collection, or practical use, it offers excellent quality and value for money. I highly recommend it to anyone looking for a unique, beautifully designed leather flogger.<\/span><\/div><\/div><svg height=\"16\" width=\"16\" role=\"none\"><use href=\"#grw-google\"\/><\/svg><\/div><\/div><div class=\"rpi-slide grw-review\"><div class=\"rpi-flx rpi-col12 grw-review-inner grw-backgnd\"><div class=\"rpi-flx rpi-row12-center\"><div class=\"grw-img-wrap\"><img loading=\"lazy\" decoding=\"async\" class=\"grw-img\" src=\"https:\/\/bantoro.com\/wp-content\/uploads\/2025\/12\/ChIJM3b-yYR7dkgRjDIICmtuNhA_d57cea4f5d369870d23c6a77cd44b594.jpg\" loading=\"lazy\" alt=\"Arslan iqbal profile picture\" width=\"50\" height=\"50\" onerror=\"if(this.src!='https:\/\/bantoro.com\/wp-content\/plugins\/widget-google-reviews\/assets\/img\/guest.png')this.src='https:\/\/bantoro.com\/wp-content\/plugins\/widget-google-reviews\/assets\/img\/guest.png';\" ><\/div><div class=\"rpi-flx rpi-col6\"><a href=\"https:\/\/www.google.com\/maps\/contrib\/100655828524371317724\/reviews\" class=\"wp-google-name\" target=\"_blank\" rel=\"nofollow noopener\">Arslan iqbal<\/a><div class=\"wp-google-time\" data-time=\"1758108379\">11:26 17 Sep 25<\/div><\/div><\/div><span class=\"rpi-stars\" style=\"--rating:5\"><\/span><div class=\"rpi-flx rpi-col4\"><div class=\"wp-google-feedback grw-scroll\" ><span class=\"wp-google-text\">\u201cI ordered the Kangaroo Leather Bullwhip from Bantoro and I\u2019m really impressed with the craftsmanship. The leather feels durable but flexible, and the detailing shows it was made with care. It arrived well-packaged and quicker than I expected. I\u2019ve used it a few times already and the handling is smooth and balanced. Definitely a high-quality product, and I\u2019d recommend it to anyone looking for a professional bullwhip.\u201d<\/span><\/div><\/div><svg height=\"16\" width=\"16\" role=\"none\"><use href=\"#grw-google\"\/><\/svg><\/div><\/div><div class=\"rpi-slide grw-review\"><div class=\"rpi-flx rpi-col12 grw-review-inner grw-backgnd\"><div class=\"rpi-flx rpi-row12-center\"><div class=\"grw-img-wrap\"><img loading=\"lazy\" decoding=\"async\" class=\"grw-img\" src=\"https:\/\/bantoro.com\/wp-content\/uploads\/2025\/12\/ChIJM3b-yYR7dkgRjDIICmtuNhA_e9b9367f57b68d569fce83302aee2451.jpg\" loading=\"lazy\" alt=\"javeria rafiq profile picture\" width=\"50\" height=\"50\" onerror=\"if(this.src!='https:\/\/bantoro.com\/wp-content\/plugins\/widget-google-reviews\/assets\/img\/guest.png')this.src='https:\/\/bantoro.com\/wp-content\/plugins\/widget-google-reviews\/assets\/img\/guest.png';\" ><\/div><div class=\"rpi-flx rpi-col6\"><a href=\"https:\/\/www.google.com\/maps\/contrib\/113390004004234537574\/reviews\" class=\"wp-google-name\" target=\"_blank\" rel=\"nofollow noopener\">javeria rafiq<\/a><div class=\"wp-google-time\" data-time=\"1738327691\">12:48 31 Jan 25<\/div><\/div><\/div><span class=\"rpi-stars\" style=\"--rating:5\"><\/span><div class=\"rpi-flx rpi-col4\"><div class=\"wp-google-feedback grw-scroll\" ><span class=\"wp-google-text\">I recently bought the Kangaroo Bullwhip from Bantoro, and I\u2019m extremely impressed! The craftsmanship is top-notch, and the kangaroo leather feels both strong and supple. It\u2019s perfectly balanced, making it easy to handle, and the crack is crisp and precise. A huge thank you to the Bantoro team for their excellent guidance throughout the purchase process. Overall, it\u2019s a fantastic whip for anyone looking for quality and durability. Highly recommended!<\/span><\/div><\/div><svg height=\"16\" width=\"16\" role=\"none\"><use href=\"#grw-google\"\/><\/svg><\/div><\/div><\/div><button class=\"rpi-ltgt rpi-gt grw-next\" tabindex=\"0\"><\/button><div class=\"rpi-dots-wrap\"><div class=\"rpi-dots\"><\/div><\/div><\/div><\/div><\/div><script>(function(p){if(!p)return;let w=p.offsetWidth,m=function(a,b){return Math.min(a,b)===a};p.querySelector('.grw-row').classList.replace('grw-row-m','grw-row-'+(m(w,510)?'xs':m(w,750)?'x':m(w,1100)?'s':m(w,1450)?'m':m(w,1800)?'l':'xl'))})(document.currentScript?.parentElement)<\/script><\/div><\/p>\n","protected":false},"excerpt":{"rendered":"<p data-start=\"1902\" data-end=\"2005\">Profitez d&rsquo;un confort et d&rsquo;un contr\u00f4le sup\u00e9rieurs avec nos gants de conduite sans doigts en cuir de mouton rouge.<\/p>\n<ul>\n<li data-start=\"2008\" data-end=\"2081\">Cuir de qualit\u00e9 sup\u00e9rieure : Le cuir de mouton souple garantit une durabilit\u00e9 exceptionnelle.<\/li>\n<li data-start=\"2084\" data-end=\"2158\">Prise en main am\u00e9lior\u00e9e : La conception sans doigts offre une meilleure direction et une meilleure maniabilit\u00e9.<\/li>\n<li data-start=\"2161\" data-end=\"2222\">Respirant : Les a\u00e9rations au niveau des articulations gardent vos mains au frais et au sec.<\/li>\n<li data-start=\"2225\" data-end=\"2282\">Compatible avec les \u00e9crans tactiles : utilisez facilement votre t\u00e9l\u00e9phone ou votre GPS.<\/li>\n<li data-start=\"2285\" data-end=\"2343\">Ajustement r\u00e9glable : Poignet \u00e9lastique + fermeture \u00e0 pression.<\/li>\n<li data-start=\"2346\" data-end=\"2412\">\u00c9l\u00e9gant et r\u00e9sistant : Finition rouge classique avec double couture.<\/li>\n<li data-start=\"2415\" data-end=\"2483\">Cadeau id\u00e9al : Livr\u00e9 dans une luxueuse pochette en velours, exp\u00e9di\u00e9 du Royaume-Uni.<\/li>\n<\/ul>\n","protected":false},"featured_media":11512,"comment_status":"open","ping_status":"closed","template":"","meta":[],"product_brand":[],"product_cat":[672],"product_tag":[737,745,736,739,733,673,674,744,741,740,732,675,738,743,734,735,746,742],"class_list":{"0":"post-11525","1":"product","2":"type-product","3":"status-publish","4":"has-post-thumbnail","6":"product_cat-gants","7":"product_tag-gants-a-ajustement-ajustable","8":"product_tag-gants-a-la-mode","9":"product_tag-gants-dentrainement-de-gym","10":"product_tag-gants-de-conduite-confortables","11":"product_tag-gants-de-conduite-sans-doigts","12":"product_tag-gants-de-cyclisme","13":"product_tag-gants-de-moto","14":"product_tag-gants-de-qualite-superieure","15":"product_tag-gants-de-sports-de-plein-air","16":"product_tag-gants-demi-doigts","17":"product_tag-gants-en-cuir-de-mouton","18":"product_tag-gants-en-cuir-pour-hommes","19":"product_tag-gants-en-cuir-resistant","20":"product_tag-gants-legers-en-cuir","21":"product_tag-gants-pour-ecrans-tactiles","22":"product_tag-gants-respirants","23":"product_tag-gants-rouges-elegants","24":"product_tag-idee-cadeau-pour-hommes","26":"first","27":"instock","28":"sale","29":"featured","30":"taxable","31":"shipping-taxable","32":"purchasable","33":"product-type-variable"},"_links":{"self":[{"href":"https:\/\/bantoro.com\/fr\/wp-json\/wp\/v2\/product\/11525","targetHints":{"allow":["GET"]}}],"collection":[{"href":"https:\/\/bantoro.com\/fr\/wp-json\/wp\/v2\/product"}],"about":[{"href":"https:\/\/bantoro.com\/fr\/wp-json\/wp\/v2\/types\/product"}],"replies":[{"embeddable":true,"href":"https:\/\/bantoro.com\/fr\/wp-json\/wp\/v2\/comments?post=11525"}],"wp:featuredmedia":[{"embeddable":true,"href":"https:\/\/bantoro.com\/fr\/wp-json\/wp\/v2\/media\/11512"}],"wp:attachment":[{"href":"https:\/\/bantoro.com\/fr\/wp-json\/wp\/v2\/media?parent=11525"}],"wp:term":[{"taxonomy":"product_brand","embeddable":true,"href":"https:\/\/bantoro.com\/fr\/wp-json\/wp\/v2\/product_brand?post=11525"},{"taxonomy":"product_cat","embeddable":true,"href":"https:\/\/bantoro.com\/fr\/wp-json\/wp\/v2\/product_cat?post=11525"},{"taxonomy":"product_tag","embeddable":true,"href":"https:\/\/bantoro.com\/fr\/wp-json\/wp\/v2\/product_tag?post=11525"}],"curies":[{"name":"wp","href":"https:\/\/api.w.org\/{rel}","templated":true}]}}