{"id":11479,"date":"2025-09-15T11:31:41","date_gmt":"2025-09-15T10:31:41","guid":{"rendered":"https:\/\/bantoro.com\/shop\/non%20class\u00e9\/fouet-en-cuir-de-kangourou-marron-et-jaune-de-qualite-superieure-fouet-a-16-brins\/"},"modified":"2026-03-04T12:13:51","modified_gmt":"2026-03-04T12:13:51","slug":"serpent-en-cuir-jaune","status":"publish","type":"product","link":"https:\/\/bantoro.com\/fr\/boutique\/fouets-en-cuir-de-kangourou\/serpent-en-cuir-jaune\/","title":{"rendered":"Fouet en cuir de kangourou marron et jaune de qualit\u00e9 sup\u00e9rieure \u2013 Fouet \u00e0 16 brins"},"content":{"rendered":"<p data-start=\"2476\" data-end=\"2577\" data-rm-block-id=\"block-1\"><strong data-start=\"2476\" data-end=\"2577\">Ma\u00eetrisez la performance avec le fouet serpent en cuir de kangourou haut de gamme \u2013 Fouet de taureau \u00e0 16 brins marron et jaune<\/strong><\/p>\n<p data-start=\"2579\" data-end=\"2917\" data-rm-block-id=\"block-2\">Si vous recherchez un <strong data-start=\"2603\" data-end=\"2634\">fouet professionnel alliant<\/strong> robustesse, souplesse et esth\u00e9tique remarquable, le <strong data-start=\"2704\" data-end=\"2743\">fouet serpent en cuir de kangourou Premium <\/strong>est le choix id\u00e9al. Con\u00e7u pour une performance optimale, ce <strong data-start=\"2812\" data-end=\"2852\">fouet serpent artisanal, orn\u00e9 d&rsquo;un motif brun et jaune, <\/strong>offre un \u00e9quilibre exceptionnel entre esth\u00e9tique, pr\u00e9cision et puissance. <\/p>\n<p data-start=\"2919\" data-end=\"3216\" data-rm-block-id=\"block-3\">Fabriqu\u00e9 en <strong data-start=\"2932\" data-end=\"2960\">cuir de kangourou v\u00e9ritable<\/strong>, ce fouet est l\u00e9ger et incroyablement r\u00e9sistant, id\u00e9al pour les d\u00e9butants comme pour les professionnels. Sa <strong data-start=\"3060\" data-end=\"3086\">lani\u00e8re tress\u00e9e \u00e0 16 brins<\/strong> assure un profil effil\u00e9 et une transmission d&rsquo;\u00e9nergie optimale, ce qui le rend parfait pour les <strong data-start=\"3060\" data-end=\"3086\"><\/strong>, le tir sur cible ou les d\u00e9monstrations sc\u00e9niques. <\/p>\n<p data-start=\"3218\" data-end=\"3555\" data-rm-block-id=\"block-4\">Le <strong data-start=\"3222\" data-end=\"3274\">manche en cuir renforc\u00e9 d\u2019acier inoxydable de 9 pouces <\/strong>assure un \u00e9quilibre et un contr\u00f4le sup\u00e9rieurs, permettant une manipulation pr\u00e9cise m\u00eame avec des longueurs plus importantes. Que vous choisissiez un <strong data-start=\"3389\" data-end=\"3402\">fouet de 4 pieds<\/strong> ou un fouet professionnel de<strong data-start=\"3418\" data-end=\"3451\"> 8 pieds<\/strong>, chaque pi\u00e8ce est <strong data-start=\"3467\" data-end=\"3507\">soigneusement fabriqu\u00e9e par des artisans qualifi\u00e9s,<\/strong> garantissant une finition unique et une qualit\u00e9 premium. <\/p>\n<p data-start=\"3557\" data-end=\"3576\" data-rm-block-id=\"block-5\">Chaque fouet comprend :<\/p>\n<ul>\n<li data-start=\"3579\" data-end=\"3604\" data-rm-block-id=\"block-6\"> Une ceinture en cuir<\/li>\n<li data-start=\"3607\" data-end=\"3623\" data-rm-block-id=\"block-7\"> 2 chutes de rechange<\/li>\n<li data-start=\"3626\" data-end=\"3658\" data-rm-block-id=\"block-8\"> Crackers\/poppers (d&rsquo;une valeur d&rsquo;environ 20 \u00a3)<\/li>\n<li data-start=\"3661\" data-end=\"3713\" data-rm-block-id=\"block-9\"> Une dragonne de s\u00e9curit\u00e9 pour un contr\u00f4le et un rangement s\u00fbrs<\/li>\n<\/ul>\n<p data-start=\"3715\" data-end=\"3972\" data-rm-block-id=\"block-10\">Disponible en longueurs de <strong data-start=\"3739\" data-end=\"3756\">4 \u00e0 8 pieds<\/strong>, ce <strong data-start=\"3763\" data-end=\"3801\">fouet en cuir de kangourou \u00e0 16 brins <\/strong>est con\u00e7u pour la performance, l\u2019utilisation sur sc\u00e8ne, l\u2019entra\u00eenement et l\u2019exposition. La <strong data-start=\"3869\" data-end=\"3907\">combinaison de couleurs marron et jaune<\/strong> du cuir renforce l\u2019impact visuel du fouet lors des spectacles et des comp\u00e9titions. <\/p>\n<p data-start=\"3974\" data-end=\"4241\" data-rm-block-id=\"block-11\">Pr\u00e9servez votre investissement gr\u00e2ce \u00e0 notre <a class=\"decorated-link\" href=\"https:\/\/bantoro.com\/ultimate-leather-bullwhip-care-guide\/\" target=\"_new\" rel=\"noopener\" data-start=\"4017\" data-end=\"4105\">guide complet d\u2019entretien des fouets bullwhip en cuir <\/a>et apprenez \u00e0 <a class=\"decorated-link\" href=\"https:\/\/bantoro.com\/fr\/rodage-fouet-et-maitrise-du-fouet\/\" target=\"_new\" rel=\"noopener\" data-start=\"4123\" data-end=\"4216\">roder correctement votre fouet<\/a> afin d\u2019obtenir des performances optimales.<\/p>\n<p data-start=\"4248\" data-end=\"4287\" data-rm-block-id=\"block-12\"><strong data-start=\"4248\" data-end=\"4287\">Pourquoi choisir notre fouet en peau de serpent kangourou ?<\/strong><\/p>\n<ul>\n<li data-start=\"4290\" data-end=\"4346\" data-rm-block-id=\"block-13\"> Fouet en cuir fa\u00e7on serpent pour des mouvements fluides et un \u00e9quilibre parfait<\/li>\n<li data-start=\"4349\" data-end=\"4422\" data-rm-block-id=\"block-14\"> Un craquement sonore puissant, id\u00e9al pour la formation, les spectacles et les d\u00e9monstrations.<\/li>\n<li data-start=\"4425\" data-end=\"4486\" data-rm-block-id=\"block-15\"> Con\u00e7u avec pr\u00e9cision pour un contr\u00f4le, une r\u00e9activit\u00e9 et un confort optimaux<\/li>\n<li data-start=\"4489\" data-end=\"4558\" data-rm-block-id=\"block-16\"> Sa couleur brune et jaune unique lui conf\u00e8re un attrait esth\u00e9tique saisissant.<\/li>\n<li data-start=\"4561\" data-end=\"4601\" data-rm-block-id=\"block-17\"> Longueurs personnalis\u00e9es disponibles sur demande<\/li>\n<\/ul>\n<p data-start=\"4603\" data-end=\"4834\" data-rm-block-id=\"block-18\">Que vous soyez passionn\u00e9 de fouets, cascadeur professionnel ou entra\u00eeneur, ce <strong data-start=\"4674\" data-end=\"4717\">fouet serpent en cuir de kangourou fabriqu\u00e9 \u00e0 la main<\/strong> offre des performances exceptionnelles. D\u00e9couvrez notre<a class=\"decorated-link\" href=\"https:\/\/bantoro.com\/fr\/cat\u00e9gorie-produit\/fouets-en-cuir-de-kangourou\/\" target=\"_new\" rel=\"noopener\" data-start=\"991\" data-end=\"1096\"> collection de fouets en cuir de kangourou<\/a> pour explorer d\u2019autres mod\u00e8les premium et profiter de guides d\u2019experts. <\/p>\n","protected":false},"excerpt":{"rendered":"<div class=\"flex-1 overflow-hidden @container\/thread\">\n<div class=\"h-full\">\n<div class=\"react-scroll-to-bottom--css-pzhyc-79elbk h-full\">\n<div class=\"react-scroll-to-bottom--css-pzhyc-1n7m0yu\">\n<div class=\"flex flex-col text-sm md:pb-9\">\n<article class=\"w-full scroll-mb-[var(--thread-trailing-height,150px)] text-token-text-primary focus-visible:outline-2 focus-visible:outline-offset-[-4px]\" dir=\"auto\" data-testid=\"conversation-turn-3\" data-scroll-anchor=\"true\">\n<div class=\"m-auto text-base py-[18px] px-3 md:px-4 w-full md:px-5 lg:px-4 xl:px-5\">\n<div class=\"mx-auto flex flex-1 gap-4 text-base md:gap-5 lg:gap-6 md:max-w-3xl\">\n<div class=\"group\/conversation-turn relative flex w-full min-w-0 flex-col agent-turn\">\n<div class=\"flex-col gap-1 md:gap-3\">\n<div class=\"flex max-w-full flex-col flex-grow\">\n<div class=\"min-h-8 text-message flex w-full flex-col items-end gap-2 whitespace-normal break-words text-start [.text-message+&amp;]:mt-5\" dir=\"auto\" data-message-author-role=\"assistant\" data-message-id=\"2fc00b39-7fe8-4360-b466-4fd367c3fc2f\" data-message-model-slug=\"gpt-4o-mini\">\n<div class=\"flex w-full flex-col gap-1 empty:hidden first:pt-[3px]\">\n<div class=\"markdown prose w-full break-words dark:prose-invert light\">\n<ul>\n<li data-start=\"1849\" data-end=\"1933\"> Fouet serpent en cuir tress\u00e9 \u00e0 16 brins, fabriqu\u00e9 artisanalement pour un mouvement fluide et une puissance de claquement optimale.<\/li>\n<li data-start=\"1936\" data-end=\"2020\"> Fabriqu\u00e9 en <strong data-start=\"1949\" data-end=\"1974\">cuir marron et jaune<\/strong> \u2013 audacieux, accrocheur et de qualit\u00e9 professionnelle<\/li>\n<li data-start=\"2023\" data-end=\"2102\"> Produit des <strong data-start=\"2035\" data-end=\"2050\">craquements sonores<\/strong> puissants, id\u00e9aux pour les spectacles, l&rsquo;entra\u00eenement et les performances sc\u00e9niques.<\/li>\n<li data-start=\"2105\" data-end=\"2164\"> Disponible en plusieurs longueurs \u2013 de <strong data-start=\"2145\" data-end=\"2162\">4 \u00e0 8 pieds<\/strong><\/li>\n<li data-start=\"2167\" data-end=\"2245\"> Comprend un ensemble complet : porte-fouet en cuir, sangle de poignet, cracheurs de rechange et lani\u00e8res<\/li>\n<li data-start=\"2248\" data-end=\"2302\"> <strong data-start=\"2259\" data-end=\"2273\">Fouet serpent<\/strong> durable con\u00e7u pour une utilisation intensive<\/li>\n<\/ul>\n<p>&nbsp;<\/p>\n<\/div>\n<\/div>\n<\/div>\n<\/div>\n<\/div>\n<\/div>\n<\/div>\n<\/div>\n<\/article>\n<\/div>\n<\/div>\n<\/div>\n<\/div>\n<\/div>\n","protected":false},"featured_media":11469,"comment_status":"open","ping_status":"closed","template":"","meta":[],"product_brand":[],"product_cat":[721],"product_tag":[722,727,731,723,728,726,724,725,729,730],"class_list":{"0":"post-11479","1":"product","2":"type-product","3":"status-publish","4":"has-post-thumbnail","6":"product_cat-fouets-en-cuir-de-kangourou","7":"product_tag-claquement-de-fouet","8":"product_tag-fouet-a-16-brins","9":"product_tag-fouet-brun-et-jaune","10":"product_tag-fouet-de-kangourou","11":"product_tag-fouet-de-performance","12":"product_tag-fouet-en-cuir-fabrique-a-la-main","13":"product_tag-fouet-professionnel","14":"product_tag-fouet-serpent","15":"product_tag-long-fouet","16":"product_tag-stage-whip","18":"first","19":"instock","20":"sale","21":"featured","22":"taxable","23":"shipping-taxable","24":"purchasable","25":"product-type-variable"},"_links":{"self":[{"href":"https:\/\/bantoro.com\/fr\/wp-json\/wp\/v2\/product\/11479","targetHints":{"allow":["GET"]}}],"collection":[{"href":"https:\/\/bantoro.com\/fr\/wp-json\/wp\/v2\/product"}],"about":[{"href":"https:\/\/bantoro.com\/fr\/wp-json\/wp\/v2\/types\/product"}],"replies":[{"embeddable":true,"href":"https:\/\/bantoro.com\/fr\/wp-json\/wp\/v2\/comments?post=11479"}],"wp:featuredmedia":[{"embeddable":true,"href":"https:\/\/bantoro.com\/fr\/wp-json\/wp\/v2\/media\/11469"}],"wp:attachment":[{"href":"https:\/\/bantoro.com\/fr\/wp-json\/wp\/v2\/media?parent=11479"}],"wp:term":[{"taxonomy":"product_brand","embeddable":true,"href":"https:\/\/bantoro.com\/fr\/wp-json\/wp\/v2\/product_brand?post=11479"},{"taxonomy":"product_cat","embeddable":true,"href":"https:\/\/bantoro.com\/fr\/wp-json\/wp\/v2\/product_cat?post=11479"},{"taxonomy":"product_tag","embeddable":true,"href":"https:\/\/bantoro.com\/fr\/wp-json\/wp\/v2\/product_tag?post=11479"}],"curies":[{"name":"wp","href":"https:\/\/api.w.org\/{rel}","templated":true}]}}