{"id":9068,"date":"2023-07-26T21:15:27","date_gmt":"2023-07-26T20:15:27","guid":{"rendered":"https:\/\/bantoro.com\/politique-de-remboursement-et-de-retour\/"},"modified":"2026-01-22T12:06:33","modified_gmt":"2026-01-22T12:06:33","slug":"politique-de-remboursement-et-de-retour","status":"publish","type":"page","link":"https:\/\/bantoro.com\/fr\/politique-de-remboursement-et-de-retour\/","title":{"rendered":"Politique de remboursement et de retour"},"content":{"rendered":"\t\t<div data-elementor-type=\"wp-page\" data-elementor-id=\"9068\" class=\"elementor elementor-9068 elementor-12\">\n\t\t\t\t<div class=\"elementor-element elementor-element-0693855 e-flex e-con-boxed e-con e-parent\" data-id=\"0693855\" data-element_type=\"container\" data-e-type=\"container\">\n\t\t\t\t\t<div class=\"e-con-inner\">\n\t\t\t\t<div class=\"elementor-element elementor-element-e1fe313 elementor-widget elementor-widget-heading\" data-id=\"e1fe313\" data-element_type=\"widget\" data-e-type=\"widget\" data-widget_type=\"heading.default\">\n\t\t\t\t\t<h1 class=\"elementor-heading-title elementor-size-default\">Politique de remboursement et de retour<\/h1>\t\t\t\t<\/div>\n\t\t\t\t\t<\/div>\n\t\t\t\t<\/div>\n\t\t<div class=\"elementor-element elementor-element-6047afd4 e-flex e-con-boxed e-con e-parent\" data-id=\"6047afd4\" data-element_type=\"container\" data-e-type=\"container\">\n\t\t\t\t\t<div class=\"e-con-inner\">\n\t\t\t\t<div class=\"elementor-element elementor-element-214cb671 elementor-widget elementor-widget-text-editor\" data-id=\"214cb671\" data-element_type=\"widget\" data-e-type=\"widget\" data-widget_type=\"text-editor.default\">\n\t\t\t\t\t\t\t\t\t<p>Chez Bantoro Ltd, nous nous engageons \u00e0 garantir que nos clients soient pleinement satisfaits de leurs achats. Nous comprenons que parfois, un produit peut ne pas r\u00e9pondre \u00e0 vos attentes ou peut n\u00e9cessiter un \u00e9change ou un remboursement. Notre politique de remboursement et de retour a \u00e9t\u00e9 con\u00e7ue pour fournir un processus clair et \u00e9quitable pour le traitement des retours et des remboursements, garantissant que votre exp\u00e9rience avec nous reste positive, m\u00eame en cas de retour.  <\/p>\n<h4>Conditions de retour<\/h4>\n<p>Notre politique de remboursement et de retour est valable pendant 28 jours \u00e0 compter de la date d&rsquo;achat. Si 28 jours se sont \u00e9coul\u00e9s depuis votre achat, nous ne pouvons malheureusement pas vous offrir de remboursement ou d&rsquo;\u00e9change. Pour \u00eatre admissible \u00e0 un retour, les conditions suivantes doivent \u00eatre remplies :  <\/p>\n<ol>\n<li><strong>Contact initial<\/strong> : Veuillez lancer la proc\u00e9dure de retour en nous contactant \u00e0 l\u2019adresse <a rel=\"noreferrer\">admin@bantoro.com<\/a> dans un d\u00e9lai de 28 jours. Nous vous guiderons \u00e0 travers les \u00e9tapes n\u00e9cessaires pour retourner votre article. L\u2019approbation du retour doit \u00eatre obtenue avant de retourner l\u2019article.  <\/li>\n<li><strong>\u00c9tat de l&rsquo;article<\/strong> : L&rsquo;article doit \u00eatre inutilis\u00e9 et dans l&rsquo;\u00e9tat exact dans lequel vous l&rsquo;avez re\u00e7u. Tout signe d&rsquo;utilisation, d&rsquo;usure ou de modification disqualifiera l&rsquo;article et le rendra inadmissible au remboursement ou \u00e0 l&rsquo;\u00e9change. <\/li>\n<li><strong>Emballage d&rsquo;origine<\/strong> : Le produit doit \u00eatre retourn\u00e9 dans son emballage d&rsquo;origine, y compris tous les accessoires, la documentation ou autres articles qui l&rsquo;accompagnaient. Un emballage endommag\u00e9, alt\u00e9r\u00e9 ou manquant peut entra\u00eener une d\u00e9duction de votre remboursement. <\/li>\n<li><strong>Frais d&rsquo;exp\u00e9dition de retour<\/strong> : Le client est responsable de la prise en charge des frais d&rsquo;exp\u00e9dition de retour. Les frais d&rsquo;exp\u00e9dition ne sont pas remboursables, et dans le cas d&rsquo;un remboursement, les frais d&rsquo;exp\u00e9dition de retour seront d\u00e9duits du montant du remboursement. Il est \u00e9galement de la responsabilit\u00e9 du client de s&rsquo;assurer que le retour est tra\u00e7able. Nous vous recommandons d&rsquo;utiliser un service d&rsquo;exp\u00e9dition fiable qui fournit des informations de suivi, car nous ne garantissons pas la r\u00e9ception des articles retourn\u00e9s.   <\/li>\n<li><strong>Adresse de retour<\/strong> : Veuillez envoyer votre retour \u00e0 l&rsquo;adresse suivante :\n<p><a href=\"https:\/\/bantoro.com\/fr\/\">Bantoro Ltd<\/a><br>40 Kings Road<br>Slough<br>Berkshire<br>SL1 2PT<br>United Kingdom<\/p>\n<\/li>\n<\/ol>\n<h4>Processus de remboursement<\/h4>\n<p>Une fois que nous aurons re\u00e7u votre article retourn\u00e9, il sera soumis \u00e0 une inspection pour v\u00e9rifier son \u00e9tat. Vous serez averti par e-mail une fois que nous aurons re\u00e7u l&rsquo;article et si votre demande de remboursement a \u00e9t\u00e9 approuv\u00e9e ou rejet\u00e9e. <\/p>\n<ul>\n<li><strong>Remboursements approuv\u00e9s<\/strong> : Si votre remboursement est approuv\u00e9, il sera trait\u00e9 et un cr\u00e9dit sera appliqu\u00e9 \u00e0 votre mode de paiement initial. Veuillez noter que le d\u00e9lai de traitement peut varier en fonction de votre mode de paiement et de votre institution financi\u00e8re. <\/li>\n<li><strong>Remboursements refus\u00e9s<\/strong>&nbsp;: Si votre retour ne satisfait pas aux conditions \u00e9nonc\u00e9es dans notre politique, votre demande de remboursement sera refus\u00e9e. Dans ce cas, vous pouvez choisir de vous faire renvoyer l\u2019article \u00e0 vos propres frais. <\/li>\n<\/ul>\n<h4>Remboursements tardifs ou manquants<\/h4>\n<p>Si vous n&rsquo;avez pas re\u00e7u votre remboursement dans le d\u00e9lai pr\u00e9vu, veuillez suivre les \u00e9tapes suivantes :<\/p>\n<ol>\n<li><strong>V\u00e9rification du compte bancaire<\/strong> : V\u00e9rifiez votre compte bancaire pour vous assurer que le remboursement n&rsquo;a pas \u00e9t\u00e9 trait\u00e9 sans notification.<\/li>\n<li><strong>Soci\u00e9t\u00e9 de carte de cr\u00e9dit<\/strong>&nbsp;: Contactez votre soci\u00e9t\u00e9 de carte de cr\u00e9dit, car il peut s\u2019\u00e9couler un certain temps avant que votre remboursement ne soit officiellement cr\u00e9dit\u00e9 sur votre compte.<\/li>\n<li><strong>Contact bancaire<\/strong> : Contactez votre banque, car il peut y avoir des retards de traitement de leur c\u00f4t\u00e9 qui pourraient retarder le remboursement.<\/li>\n<li><span style=\"font-weight: bold;\">Paypal<\/span>&nbsp;: Contactez PayPal, <span style=\"font-family: var( --e-global-typography-text-font-family ), Sans-serif; font-weight: var( --e-global-typography-text-font-weight ); text-align: var(--text-align);\">car il peut y avoir des retards de traitement de leur c\u00f4t\u00e9 qui pourraient retarder le <\/span>remboursement.<\/li>\n<li><strong>Contactez-nous<\/strong> : Si vous avez suivi toutes ces \u00e9tapes et que vous n&rsquo;avez toujours pas re\u00e7u votre remboursement, veuillez nous contacter \u00e0 l&rsquo;adresse <a rel=\"noreferrer\">admin@bantoro.com<\/a>. Nous vous aiderons \u00e0 r\u00e9soudre le probl\u00e8me. <\/li>\n<\/ol>\n<h4>Articles en solde<\/h4>\n<p>Veuillez noter que seuls les articles \u00e0 prix courant sont admissibles \u00e0 un remboursement. Les articles en solde, les produits en liquidation ou les articles achet\u00e9s avec des rabais promotionnels ne sont pas remboursables. Ces articles sont une vente finale et ne peuvent \u00eatre retourn\u00e9s ou \u00e9chang\u00e9s que s&rsquo;ils sont d\u00e9fectueux ou endommag\u00e9s \u00e0 la r\u00e9ception.  <\/p>\n<h4>\u00c9changes<\/h4>\n<p>Nous ne rempla\u00e7ons les articles que s&rsquo;ils sont d\u00e9fectueux ou endommag\u00e9s. Si vous devez \u00e9changer un article contre le m\u00eame produit, veuillez nous contacter \u00e0 l&rsquo;adresse <a rel=\"noreferrer\">admin@bantoro.com<\/a>. Une fois que nous aurons confirm\u00e9 l&rsquo;\u00e9change, envoyez votre article \u00e0 :  <\/p>\n<p>Bantoro Ltd<br>40 Kings Road<br>Slough<br>Berkshire<br>SL1 2PT<br>United Kingdom<\/p>\n<p>Veuillez noter que, selon votre lieu de r\u00e9sidence, le d\u00e9lai de r\u00e9ception de votre produit \u00e9chang\u00e9 peut varier. Pour les articles plus chers, nous vous recommandons d&rsquo;utiliser un service d&rsquo;exp\u00e9dition tra\u00e7able ou de souscrire une assurance d&rsquo;exp\u00e9dition pour assurer une livraison en toute s\u00e9curit\u00e9.<\/p>\n<h4>Assurance d&rsquo;exp\u00e9dition de retour<\/h4>\n<p>Si vous retournez un article d&rsquo;une valeur importante, envisagez d&rsquo;utiliser un service d&rsquo;exp\u00e9dition tra\u00e7able ou de souscrire une assurance d&rsquo;exp\u00e9dition. Cela prot\u00e9gera votre retour en cas de perte ou de dommage pendant le transport. <a href=\"https:\/\/www.trustpilot.com\/review\/bantoro.com\">Bantoro Ltd<\/a> ne garantit pas la r\u00e9ception des articles retourn\u00e9s et ne peut \u00eatre tenu responsable des retours perdus ou endommag\u00e9s lors de l&rsquo;exp\u00e9dition. <\/p>\n<h4>Coordonn\u00e9es<\/h4>\n<p>Pour toute question ou pr\u00e9occupation concernant notre politique de remboursement et de retour, n&rsquo;h\u00e9sitez pas \u00e0 nous contacter \u00e0 l&rsquo;adresse <a rel=\"noreferrer\">admin@bantoro.com<\/a>. Nous sommes l\u00e0 pour vous aider \u00e0 r\u00e9soudre tout probl\u00e8me que vous pourriez rencontrer et pour nous assurer que votre exp\u00e9rience d&rsquo;achat avec Bantoro Ltd est satisfaisante.<\/p>\n<h4>Mises \u00e0 jour de la politique<\/h4>\n<p>Cette politique de remboursement et de retour est susceptible d&rsquo;\u00eatre modifi\u00e9e sans pr\u00e9avis. Veuillez consulter la politique p\u00e9riodiquement pour prendre connaissance des mises \u00e0 jour ou des modifications qui pourraient affecter vos droits et responsabilit\u00e9s concernant les retours et les remboursements. <\/p>\t\t\t\t\t\t\t\t<\/div>\n\t\t<div class=\"elementor-element elementor-element-f0dd1f9 e-con-full e-flex e-con e-child\" data-id=\"f0dd1f9\" data-element_type=\"container\" data-e-type=\"container\">\n\t\t\t\t<div class=\"elementor-element elementor-element-163b2f2 elementor-widget elementor-widget-heading\" data-id=\"163b2f2\" data-element_type=\"widget\" data-e-type=\"widget\" data-widget_type=\"heading.default\">\n\t\t\t\t\t<h6 class=\"elementor-heading-title elementor-size-default\">Nous t\u00e9l\u00e9phoner<\/h6>\t\t\t\t<\/div>\n\t\t\t\t<div class=\"elementor-element elementor-element-e3d2a60 elementor-widget elementor-widget-text-editor\" data-id=\"e3d2a60\" data-element_type=\"widget\" data-e-type=\"widget\" data-widget_type=\"text-editor.default\">\n\t\t\t\t\t\t\t\t\t<p>+447743172049<\/p><div> <\/div>\t\t\t\t\t\t\t\t<\/div>\n\t\t\t\t<\/div>\n\t\t\t\t\t<\/div>\n\t\t\t\t<\/div>\n\t\t\t\t<\/div>\n\t\t","protected":false},"excerpt":{"rendered":"<p>Politique de remboursement et de retour Chez Bantoro Ltd, nous nous engageons \u00e0 garantir que nos clients soient pleinement satisfaits&#8230;<\/p>\n","protected":false},"author":1,"featured_media":0,"parent":0,"menu_order":0,"comment_status":"closed","ping_status":"closed","template":"","meta":{"footnotes":""},"class_list":["post-9068","page","type-page","status-publish","hentry"],"rttpg_featured_image_url":null,"rttpg_author":{"display_name":"Bantoro","author_link":"https:\/\/bantoro.com\/fr\/author\/rizonmobile\/"},"rttpg_comment":0,"rttpg_category":" <a href=\"https:\/\/bantoro.com\/fr\/?taxonomy=translation_priority&#038;term=facultatif\" rel=\"tag\">Facultatif<\/a>","rttpg_excerpt":"Politique de remboursement et de retour Chez Bantoro Ltd, nous nous engageons \u00e0 garantir que nos clients soient pleinement satisfaits...","_links":{"self":[{"href":"https:\/\/bantoro.com\/fr\/wp-json\/wp\/v2\/pages\/9068","targetHints":{"allow":["GET"]}}],"collection":[{"href":"https:\/\/bantoro.com\/fr\/wp-json\/wp\/v2\/pages"}],"about":[{"href":"https:\/\/bantoro.com\/fr\/wp-json\/wp\/v2\/types\/page"}],"author":[{"embeddable":true,"href":"https:\/\/bantoro.com\/fr\/wp-json\/wp\/v2\/users\/1"}],"replies":[{"embeddable":true,"href":"https:\/\/bantoro.com\/fr\/wp-json\/wp\/v2\/comments?post=9068"}],"version-history":[{"count":0,"href":"https:\/\/bantoro.com\/fr\/wp-json\/wp\/v2\/pages\/9068\/revisions"}],"wp:attachment":[{"href":"https:\/\/bantoro.com\/fr\/wp-json\/wp\/v2\/media?parent=9068"}],"curies":[{"name":"wp","href":"https:\/\/api.w.org\/{rel}","templated":true}]}}