{"id":9066,"date":"2024-08-09T14:32:54","date_gmt":"2024-08-09T13:32:54","guid":{"rendered":"https:\/\/bantoro.com\/politique-de-confidentialite\/"},"modified":"2026-01-22T12:04:32","modified_gmt":"2026-01-22T12:04:32","slug":"politique-de-confidentialite","status":"publish","type":"page","link":"https:\/\/bantoro.com\/fr\/politique-de-confidentialite\/","title":{"rendered":"Politique de confidentialit\u00e9"},"content":{"rendered":"\t\t<div data-elementor-type=\"wp-page\" data-elementor-id=\"9066\" class=\"elementor elementor-9066 elementor-3189\">\n\t\t\t\t<div class=\"elementor-element elementor-element-9bd847a e-flex e-con-boxed e-con e-parent\" data-id=\"9bd847a\" data-element_type=\"container\" data-e-type=\"container\">\n\t\t\t\t\t<div class=\"e-con-inner\">\n\t\t\t\t<div class=\"elementor-element elementor-element-a8972c6 elementor-widget elementor-widget-heading\" data-id=\"a8972c6\" data-element_type=\"widget\" data-e-type=\"widget\" data-widget_type=\"heading.default\">\n\t\t\t\t\t<h1 class=\"elementor-heading-title elementor-size-default\"><h3>Politique de confidentialit\u00e9<\/h3><\/h1>\t\t\t\t<\/div>\n\t\t\t\t\t<\/div>\n\t\t\t\t<\/div>\n\t\t<div class=\"elementor-element elementor-element-1d6df37 e-flex e-con-boxed e-con e-parent\" data-id=\"1d6df37\" data-element_type=\"container\" data-e-type=\"container\">\n\t\t\t\t\t<div class=\"e-con-inner\">\n\t\t\t\t<div class=\"elementor-element elementor-element-341f5bf elementor-widget elementor-widget-text-editor\" data-id=\"341f5bf\" data-element_type=\"widget\" data-e-type=\"widget\" data-widget_type=\"text-editor.default\">\n\t\t\t\t\t\t\t\t\t<p>Cette Politique de confidentialit\u00e9 d\u00e9crit comment <a href=\"https:\/\/bantoro.com\/fr\/\" target=\"_blank\" rel=\"noopener\">Bantoro.com<\/a> collecte, utilise et prot\u00e8ge les informations personnelles que vous fournissez lorsque vous utilisez notre site web.<\/p>\n<h4>Sujets abord\u00e9s :<\/h4>\n<ul>\n<li>Quelles informations collectons-nous ?<\/li>\n<li>Comment utilisons-nous vos informations ?<\/li>\n<li>Pr\u00e9f\u00e9rences marketing<\/li>\n<li>Acc\u00e9der \u00e0 vos informations et les corriger<\/li>\n<li>Liens vers d&rsquo;autres sites web<\/li>\n<li>Mises \u00e0 jour de notre Politique de confidentialit\u00e9<\/li>\n<li>Comment nous <a href=\"https:\/\/bantoro.com\/fr\/nous-contacter\/\" target=\"_blank\" rel=\"noopener\">contacter<\/a><\/li>\n<li>Cookies<\/li>\n<li>Liste des cookies que nous collectons<\/li>\n<\/ul>\n<h4>Quelles informations collectons-nous ?<\/h4>\n<p>Nous recueillons des informations lorsque vous visitez notre site web, vous vous inscrivez, passez une commande, vous abonnez \u00e0 notre liste de diffusion ou participez \u00e0 des sondages ou des concours. Les informations que nous collectons peuvent inclure : <\/p>\n<ul>\n<li><strong>Coordonn\u00e9es<\/strong> : Nom, adresse e-mail, adresse postale, num\u00e9ro de t\u00e9l\u00e9phone<\/li>\n<li><strong>Informations d\u00e9mographiques<\/strong> : Lieu, pr\u00e9f\u00e9rences, int\u00e9r\u00eats<\/li>\n<li><strong>Autres informations<\/strong> : Donn\u00e9es pertinentes pour les enqu\u00eates aupr\u00e8s des clients ou les offres<\/li>\n<li><strong>Donn\u00e9es d&rsquo;utilisation du site web<\/strong> : Collect\u00e9es via des cookies (voir notre liste de cookies ci-dessous)<\/li>\n<\/ul>\n<h4>Comment utilisons-nous vos informations ?<\/h4>\n<p>Vos informations sont utilis\u00e9es pour traiter les commandes, g\u00e9rer votre compte et personnaliser votre exp\u00e9rience sur notre site. Avec votre consentement, nous pouvons vous envoyer des e-mails concernant des produits et services susceptibles de vous int\u00e9resser. Bien que Bantoro.com ne partage pas vos informations avec des tiers, nous pouvons les utiliser pour fournir des recommandations personnalis\u00e9es via des plateformes tierces. Lors du traitement des commandes, nous pouvons \u00e9galement partager vos informations avec des agences de r\u00e9f\u00e9rence de cr\u00e9dit et de pr\u00e9vention de la fraude.   <\/p>\n<h4>Pr\u00e9f\u00e9rences marketing<\/h4>\n<p>Avec votre permission, nous pouvons vous envoyer des communications marketing sur les produits susceptibles de vous int\u00e9resser. Vous pouvez vous d\u00e9sinscrire des e-mails marketing \u00e0 tout moment en mettant \u00e0 jour vos pr\u00e9f\u00e9rences via le lien dans tout e-mail marketing ou en contactant notre \u00e9quipe d&rsquo;assistance. <\/p>\n<h4>Acc\u00e9der \u00e0 vos informations et les corriger<\/h4>\n<p>Vous avez le droit de demander une copie des informations personnelles que nous d\u00e9tenons \u00e0 votre sujet. Si vous souhaitez obtenir une copie ou corriger des inexactitudes, veuillez nous contacter \u00e0 l&rsquo;adresse <a rel=\"noreferrer\">support@bantoro.com<\/a>. Nous nous effor\u00e7ons de maintenir vos informations exactes et \u00e0 jour.  <\/p>\n<h4>Liens vers d&rsquo;autres sites web<\/h4>\n<p>Notre site web peut contenir des liens vers des sites web externes. Cette Politique de confidentialit\u00e9 s&rsquo;applique uniquement \u00e0 Bantoro.com, nous vous encourageons donc \u00e0 consulter les politiques de confidentialit\u00e9 de tous les sites li\u00e9s que vous visitez. <\/p>\n<h4>Mises \u00e0 jour de notre Politique de confidentialit\u00e9<\/h4>\n<p>Nous r\u00e9visons et mettons \u00e0 jour r\u00e9guli\u00e8rement notre Politique de confidentialit\u00e9. Toute modification sera affich\u00e9e sur cette page. La derni\u00e8re mise \u00e0 jour date du 9 ao\u00fbt 2024.  <\/p>\n<h4>Comment nous contacter<\/h4>\n<p>Pour toute question concernant notre Politique de confidentialit\u00e9 ou les informations que nous d\u00e9tenons \u00e0 votre sujet, veuillez nous <a href=\"https:\/\/bantoro.com\/fr\/nous-contacter\/\" target=\"_blank\" rel=\"noopener\">contacter<\/a> :<\/p>\n<ul>\n<li><strong>E-mail<\/strong> : <a rel=\"noreferrer\">admin@bantoro.com<\/a><\/li>\n<li><strong>T\u00e9l\u00e9phone<\/strong> : +44 7743172049 (du lundi au vendredi, de 10h \u00e0 16h GMT)<\/li>\n<li><strong>Courrier<\/strong> : <a href=\"https:\/\/www.trustpilot.com\/review\/bantoro.com\">Bantoro Ltd<\/a>, 40 Kings Road, Slough, Berkshire SL1 2PT, Royaume-Uni<\/li>\n<\/ul>\n<h4>Cookies<\/h4>\n<p>Les cookies sont de petits fichiers stock\u00e9s sur votre appareil pour nous aider \u00e0 analyser le trafic web et \u00e0 personnaliser votre exp\u00e9rience de navigation. Nous utilisons des cookies pour comprendre quelles pages vous sont utiles et pour am\u00e9liorer notre site web en fonction de ces informations. Vous pouvez choisir d&rsquo;accepter ou de refuser les cookies via les param\u00e8tres de votre navigateur, bien que le refus puisse limiter votre exp\u00e9rience sur le site web.  <\/p>\t\t\t\t\t\t\t\t<\/div>\n\t\t\t\t\t<\/div>\n\t\t\t\t<\/div>\n\t\t<div class=\"elementor-element elementor-element-09d0b4e e-flex e-con-boxed e-con e-parent\" data-id=\"09d0b4e\" data-element_type=\"container\" data-e-type=\"container\">\n\t\t\t\t\t<div class=\"e-con-inner\">\n\t\t\t\t<div class=\"elementor-element elementor-element-89a25a8 elementor-widget__width-initial elementor-widget elementor-widget-image\" data-id=\"89a25a8\" data-element_type=\"widget\" data-e-type=\"widget\" data-widget_type=\"image.default\">\n\t\t\t\t\t\t\t\t\t\t\t\t\t\t\t<img fetchpriority=\"high\" decoding=\"async\" width=\"512\" height=\"512\" src=\"https:\/\/bantoro.com\/wp-content\/uploads\/2024\/06\/cropped-Bull-Logo_ONLY-_White_background_200.png\" class=\"attachment-large size-large wp-image-9065\" alt=\"termes et conditions\" srcset=\"https:\/\/bantoro.com\/wp-content\/uploads\/2024\/06\/cropped-Bull-Logo_ONLY-_White_background_200.png 512w, https:\/\/bantoro.com\/wp-content\/uploads\/2024\/06\/cropped-Bull-Logo_ONLY-_White_background_200-300x300.png 300w, https:\/\/bantoro.com\/wp-content\/uploads\/2024\/06\/cropped-Bull-Logo_ONLY-_White_background_200-150x150.png 150w, https:\/\/bantoro.com\/wp-content\/uploads\/2024\/06\/cropped-Bull-Logo_ONLY-_White_background_200-100x100.png 100w, https:\/\/bantoro.com\/wp-content\/uploads\/2024\/06\/cropped-Bull-Logo_ONLY-_White_background_200-50x50.png 50w, https:\/\/bantoro.com\/wp-content\/uploads\/2024\/06\/cropped-Bull-Logo_ONLY-_White_background_200-270x270.png 270w, https:\/\/bantoro.com\/wp-content\/uploads\/2024\/06\/cropped-Bull-Logo_ONLY-_White_background_200-192x192.png 192w, https:\/\/bantoro.com\/wp-content\/uploads\/2024\/06\/cropped-Bull-Logo_ONLY-_White_background_200-180x180.png 180w, https:\/\/bantoro.com\/wp-content\/uploads\/2024\/06\/cropped-Bull-Logo_ONLY-_White_background_200-32x32.png 32w\" sizes=\"(max-width: 512px) 100vw, 512px\" \/>\t\t\t\t\t\t\t\t\t\t\t\t\t\t\t<\/div>\n\t\t\t\t\t<\/div>\n\t\t\t\t<\/div>\n\t\t\t\t<\/div>\n\t\t","protected":false},"excerpt":{"rendered":"<p>Politique de confidentialit\u00e9 Cette Politique de confidentialit\u00e9 d\u00e9crit comment Bantoro.com collecte, utilise et prot\u00e8ge les informations personnelles que vous fournissez&#8230;<\/p>\n","protected":false},"author":1,"featured_media":0,"parent":0,"menu_order":0,"comment_status":"closed","ping_status":"closed","template":"","meta":{"footnotes":""},"class_list":["post-9066","page","type-page","status-publish","hentry"],"rttpg_featured_image_url":null,"rttpg_author":{"display_name":"Bantoro","author_link":"https:\/\/bantoro.com\/fr\/author\/rizonmobile\/"},"rttpg_comment":0,"rttpg_category":" <a href=\"https:\/\/bantoro.com\/fr\/?taxonomy=translation_priority&#038;term=facultatif\" rel=\"tag\">Facultatif<\/a>","rttpg_excerpt":"Politique de confidentialit\u00e9 Cette Politique de confidentialit\u00e9 d\u00e9crit comment Bantoro.com collecte, utilise et prot\u00e8ge les informations personnelles que vous fournissez...","_links":{"self":[{"href":"https:\/\/bantoro.com\/fr\/wp-json\/wp\/v2\/pages\/9066","targetHints":{"allow":["GET"]}}],"collection":[{"href":"https:\/\/bantoro.com\/fr\/wp-json\/wp\/v2\/pages"}],"about":[{"href":"https:\/\/bantoro.com\/fr\/wp-json\/wp\/v2\/types\/page"}],"author":[{"embeddable":true,"href":"https:\/\/bantoro.com\/fr\/wp-json\/wp\/v2\/users\/1"}],"replies":[{"embeddable":true,"href":"https:\/\/bantoro.com\/fr\/wp-json\/wp\/v2\/comments?post=9066"}],"version-history":[{"count":0,"href":"https:\/\/bantoro.com\/fr\/wp-json\/wp\/v2\/pages\/9066\/revisions"}],"wp:attachment":[{"href":"https:\/\/bantoro.com\/fr\/wp-json\/wp\/v2\/media?parent=9066"}],"curies":[{"name":"wp","href":"https:\/\/api.w.org\/{rel}","templated":true}]}}