{"id":9063,"date":"2023-01-07T10:48:33","date_gmt":"2023-01-07T10:48:33","guid":{"rendered":"https:\/\/bantoro.com\/nous-contacter\/"},"modified":"2026-03-31T11:57:34","modified_gmt":"2026-03-31T10:57:34","slug":"nous-contacter","status":"publish","type":"page","link":"https:\/\/bantoro.com\/fr\/nous-contacter\/","title":{"rendered":"Nous contacter"},"content":{"rendered":"\t\t<div data-elementor-type=\"wp-page\" data-elementor-id=\"9063\" class=\"elementor elementor-9063 elementor-378\">\n\t\t\t\t<div class=\"elementor-element elementor-element-1e5b30d6 e-flex e-con-boxed e-con e-parent\" data-id=\"1e5b30d6\" data-element_type=\"container\" data-e-type=\"container\">\n\t\t\t\t\t<div class=\"e-con-inner\">\n\t\t\t\t<div class=\"elementor-element elementor-element-51e39324 elementor-widget elementor-widget-heading\" data-id=\"51e39324\" data-element_type=\"widget\" data-e-type=\"widget\" data-widget_type=\"heading.default\">\n\t\t\t\t\t<h2 class=\"elementor-heading-title elementor-size-default\">Contacter l'\u00e9quipe Bantoro<\/h2>\t\t\t\t<\/div>\n\t\t\t\t\t<\/div>\n\t\t\t\t<\/div>\n\t\t<div class=\"elementor-element elementor-element-76f8a4d3 e-flex e-con-boxed e-con e-parent\" data-id=\"76f8a4d3\" data-element_type=\"container\" data-e-type=\"container\">\n\t\t\t\t\t<div class=\"e-con-inner\">\n\t\t<div class=\"elementor-element elementor-element-123ac903 e-con-full e-flex e-con e-child\" data-id=\"123ac903\" data-element_type=\"container\" data-e-type=\"container\">\n\t\t\t\t<div class=\"elementor-element elementor-element-4cd1f871 elementor-widget elementor-widget-text-editor\" data-id=\"4cd1f871\" data-element_type=\"widget\" data-e-type=\"widget\" data-widget_type=\"text-editor.default\">\n\t\t\t\t\t\t\t\t\t<h6>Appelez-nous<br>+447743172049<\/h6>\t\t\t\t\t\t\t\t<\/div>\n\t\t\t\t<\/div>\n\t\t<div class=\"elementor-element elementor-element-42b18847 e-con-full e-flex e-con e-child\" data-id=\"42b18847\" data-element_type=\"container\" data-e-type=\"container\">\n\t\t\t\t<div class=\"elementor-element elementor-element-32012c01 elementor-widget elementor-widget-text-editor\" data-id=\"32012c01\" data-element_type=\"widget\" data-e-type=\"widget\" data-widget_type=\"text-editor.default\">\n\t\t\t\t\t\t\t\t\t<h6>Contactez-nous sur WhatsApp<br>+447743172049<\/h6>\t\t\t\t\t\t\t\t<\/div>\n\t\t\t\t<\/div>\n\t\t<div class=\"elementor-element elementor-element-1836ad60 e-con-full e-flex e-con e-child\" data-id=\"1836ad60\" data-element_type=\"container\" data-e-type=\"container\">\n\t\t\t\t<div class=\"elementor-element elementor-element-79fbb349 elementor-widget elementor-widget-text-editor\" data-id=\"79fbb349\" data-element_type=\"widget\" data-e-type=\"widget\" data-widget_type=\"text-editor.default\">\n\t\t\t\t\t\t\t\t\t<h6>Envoyez-nous un e-mail<br>+447743172049<\/h6>\t\t\t\t\t\t\t\t<\/div>\n\t\t\t\t<\/div>\n\t\t\t\t\t<\/div>\n\t\t\t\t<\/div>\n\t\t<div class=\"elementor-element elementor-element-182653f7 e-flex e-con-boxed e-con e-parent\" data-id=\"182653f7\" data-element_type=\"container\" data-e-type=\"container\">\n\t\t\t\t\t<div class=\"e-con-inner\">\n\t\t\t\t<div class=\"elementor-element elementor-element-4de6bc96 elementor-widget elementor-widget-heading\" data-id=\"4de6bc96\" data-element_type=\"widget\" data-e-type=\"widget\" data-widget_type=\"heading.default\">\n\t\t\t\t\t<h3 class=\"elementor-heading-title elementor-size-default\">Remplissez ce formulaire pour nous contacter\u2026 \u200b<\/h3>\t\t\t\t<\/div>\n\t\t\t\t\t<\/div>\n\t\t\t\t<\/div>\n\t\t<div class=\"elementor-element elementor-element-63dde7ee e-con-full e-flex e-con e-parent\" data-id=\"63dde7ee\" data-element_type=\"container\" data-e-type=\"container\">\n\t\t\t\t<div class=\"elementor-element elementor-element-a3b5808 elementor-widget elementor-widget-ha-cf7 happy-addon ha-cf7\" data-id=\"a3b5808\" data-element_type=\"widget\" data-e-type=\"widget\" data-widget_type=\"ha-cf7.default\">\n\t\t\t\t\t\n<div class=\"wpcf7 no-js\" id=\"wpcf7-f13415-o1\" lang=\"en-US\" dir=\"ltr\" data-wpcf7-id=\"13415\">\n<div class=\"screen-reader-response\"><p role=\"status\" aria-live=\"polite\" aria-atomic=\"true\"><\/p> <ul><\/ul><\/div>\n<form action=\"\/fr\/wp-json\/wp\/v2\/pages\/9063#wpcf7-f13415-o1\" method=\"post\" class=\"wpcf7-form init ha-cf7-form\" aria-label=\"Contact form\" novalidate=\"novalidate\" data-status=\"init\">\n<fieldset class=\"hidden-fields-container\"><input type=\"hidden\" name=\"_wpcf7\" value=\"13415\" \/><input type=\"hidden\" name=\"_wpcf7_version\" value=\"6.1.5\" \/><input type=\"hidden\" name=\"_wpcf7_locale\" value=\"en_US\" \/><input type=\"hidden\" name=\"_wpcf7_unit_tag\" value=\"wpcf7-f13415-o1\" \/><input type=\"hidden\" name=\"_wpcf7_container_post\" value=\"0\" \/><input type=\"hidden\" name=\"_wpcf7_posted_data_hash\" value=\"\" \/>\n<\/fieldset>\n<p><label> Your name<br \/>\n<span class=\"wpcf7-form-control-wrap\" data-name=\"your-name\"><input size=\"40\" maxlength=\"400\" class=\"wpcf7-form-control wpcf7-text wpcf7-validates-as-required\" autocomplete=\"name\" aria-required=\"true\" aria-invalid=\"false\" value=\"\" type=\"text\" name=\"your-name\" \/><\/span> <\/label>\n<\/p>\n<p><label> Your email<br \/>\n<span class=\"wpcf7-form-control-wrap\" data-name=\"your-email\"><input size=\"40\" maxlength=\"400\" class=\"wpcf7-form-control wpcf7-email wpcf7-validates-as-required wpcf7-text wpcf7-validates-as-email\" autocomplete=\"email\" aria-required=\"true\" aria-invalid=\"false\" value=\"\" type=\"email\" name=\"your-email\" \/><\/span> <\/label>\n<\/p>\n<p><label> Subject<br \/>\n<span class=\"wpcf7-form-control-wrap\" data-name=\"your-subject\"><input size=\"40\" maxlength=\"400\" class=\"wpcf7-form-control wpcf7-text wpcf7-validates-as-required\" aria-required=\"true\" aria-invalid=\"false\" value=\"\" type=\"text\" name=\"your-subject\" \/><\/span> <\/label>\n<\/p>\n<p><label> Your message<br \/>\n<span class=\"wpcf7-form-control-wrap\" data-name=\"your-message\"><textarea cols=\"40\" rows=\"10\" maxlength=\"2000\" class=\"wpcf7-form-control wpcf7-textarea\" aria-invalid=\"false\" name=\"your-message\"><\/textarea><\/span> <\/label>\n<\/p>\n<p><input class=\"wpcf7-form-control wpcf7-submit has-spinner\" type=\"submit\" value=\"Submit\" \/>\n<\/p><div class=\"wpcf7-response-output\" aria-hidden=\"true\"><\/div>\n<\/form>\n<\/div>\n\t\t\t\t<\/div>\n\t\t\t\t<\/div>\n\t\t<div class=\"elementor-element elementor-element-7a1f17fe e-flex e-con-boxed e-con e-parent\" data-id=\"7a1f17fe\" data-element_type=\"container\" data-e-type=\"container\">\n\t\t\t\t\t<div class=\"e-con-inner\">\n\t\t\t\t<div class=\"elementor-element elementor-element-6f9c0383 elementor-widget elementor-widget-text-editor\" data-id=\"6f9c0383\" data-element_type=\"widget\" data-e-type=\"widget\" data-widget_type=\"text-editor.default\">\n\t\t\t\t\t\t\t\t\t<p>Chez Bantoro, nous sommes fiers de proposer non seulement des fouets de haute qualit\u00e9, mais aussi un service client exceptionnel. Que vous souhaitiez passer une commande personnalis\u00e9e, que vous ayez des questions sur nos produits ou que vous ayez besoin d&rsquo;aide concernant une commande existante, notre \u00e9quipe d\u00e9vou\u00e9e est l\u00e0 pour vous aider. <\/p><h3>Prenez contact avec Bantoro<\/h3><p>Nous comprenons que la commodit\u00e9 est essentielle, c&rsquo;est pourquoi nous vous proposons plusieurs moyens de nous contacter. Choisissez la m\u00e9thode qui vous convient le mieux : <\/p><p><strong>Assistance par e-mail<\/strong><br>Vous avez une demande d\u00e9taill\u00e9e ou une requ\u00eate sp\u00e9cifique ? \u00c9crivez-nous \u00e0 admin@bantoro.com. Notre \u00e9quipe exp\u00e9riment\u00e9e est pr\u00eate \u00e0 r\u00e9pondre \u00e0 toutes vos questions concernant nos produits, les commandes personnalis\u00e9es ou les demandes g\u00e9n\u00e9rales. Nous nous effor\u00e7ons de r\u00e9pondre dans les 24 heures pour vous fournir rapidement les informations dont vous avez besoin.   <\/p><p><strong>Assistance t\u00e9l\u00e9phonique<\/strong><br>Vous pr\u00e9f\u00e9rez parler directement \u00e0 quelqu&rsquo;un ? Appelez-nous pendant nos heures de bureau au Royaume-Uni (de 9h00 \u00e0 17h00, du lundi au vendredi) au +447743172049. Nos repr\u00e9sentants du service client sont \u00e0 votre disposition pour r\u00e9pondre \u00e0 vos questions, vous recommander des produits et vous aider pour tout probl\u00e8me li\u00e9 \u00e0 votre commande.<\/p><p><strong>Assistance WhatsApp<\/strong><br>Pour une communication rapide et facile, contactez-nous sur WhatsApp au +447743172049. Que vous ayez besoin d&rsquo;une r\u00e9ponse rapide \u00e0 une simple question ou que vous souhaitiez discuter des options de commande personnalis\u00e9e, notre \u00e9quipe n&rsquo;est qu&rsquo;\u00e0 un message pr\u00e8s.<\/p><p><b>\u00c9crivez-nous<\/b><br>Vous pouvez nous \u00e9crire \u00e0 l&rsquo;adresse suivante : 40 Kings Road, Slough SL1 2PT, Royaume-Uni.<\/p><p><span style=\"color: #2b2b2b; font-family: Domine, sans-serif; font-size: 30px; font-weight: bold;\">Commandes de fouets personnalis\u00e9s<\/span><\/p><p>Vous recherchez un fouet unique ? Chez Bantoro, nous sommes sp\u00e9cialis\u00e9s dans la fabrication de fouets personnalis\u00e9s adapt\u00e9s \u00e0 vos sp\u00e9cifications exactes. Nos artisans qualifi\u00e9s apportent le plus grand soin \u00e0 la fabrication de chaque fouet, garantissant qu&rsquo;il r\u00e9pond aux plus hauts standards de qualit\u00e9 et de durabilit\u00e9.  <\/p><p><strong>Personnalisez votre fouet<\/strong><br>Lors d&rsquo;une commande personnalis\u00e9e chez Bantoro, vous pouvez personnaliser plusieurs aspects de votre fouet :<\/p><ul><li><strong>Couleur<\/strong> : Choisissez parmi une large gamme de couleurs pour correspondre \u00e0 votre style personnel ou vos pr\u00e9f\u00e9rences th\u00e9matiques.<\/li><li><strong>Design<\/strong> : Que vous souhaitiez un design traditionnel ou quelque chose de plus complexe, nos artisans peuvent incorporer des motifs de tressage personnalis\u00e9s, des designs de poign\u00e9e et d&rsquo;autres caract\u00e9ristiques uniques.<\/li><li><strong>Longueur<\/strong> : Des fouets courts et maniables aux fouets longs et puissants, s\u00e9lectionnez la longueur parfaite qui correspond \u00e0 vos besoins.<\/li><\/ul><p>Il vous suffit de nous communiquer vos pr\u00e9f\u00e9rences, et nous travaillerons en \u00e9troite collaboration avec vous pour donner vie \u00e0 votre vision.<\/p><h3>Suivi des commandes et informations de livraison<\/h3><p>Nous savons qu&rsquo;il est important de suivre votre commande et de la recevoir \u00e0 temps. Bantoro propose un suivi de commande fiable et des services de livraison efficaces pour vous permettre de savoir exactement quand votre fouet arrivera. <\/p><p><strong>Suivre votre commande<\/strong><br>Pour v\u00e9rifier l&rsquo;\u00e9tat de votre commande en temps r\u00e9el, visitez notre page [<a href=\"https:\/\/bantoro.com\/fr\/suivi-de-commande\/\" target=\"_blank\" rel=\"noopener\">Suivre la commande<\/a>] et saisissez les d\u00e9tails de votre commande. Vous recevrez des informations actualis\u00e9es sur l&rsquo;avancement de votre envoi.  <a style=\"font-weight: var( --e-global-typography-text-font-weight ); text-align: var(--text-align);\" href=\"https:\/\/bantoro.com\/fr\/suivi-de-commande\/\" target=\"_blank\" rel=\"noopener\">lien<\/a><\/p><p><strong>Commandes au Royaume-Uni<\/strong><br>La plupart des commandes au Royaume-Uni sont trait\u00e9es et exp\u00e9di\u00e9es dans les 24 heures, avec une livraison g\u00e9n\u00e9ralement effectu\u00e9e dans les 48 heures via Royal Mail. Nous mettons un point d&rsquo;honneur \u00e0 ce que votre fouet vous parvienne rapidement et en toute s\u00e9curit\u00e9. <\/p><p><strong>Commandes internationales<\/strong><br>Pour nos clients internationaux, les d\u00e9lais de livraison peuvent varier en fonction du pays de destination. Bantoro travaille avec des partenaires d&rsquo;exp\u00e9dition internationaux de confiance pour garantir que votre commande arrive en toute s\u00e9curit\u00e9 et dans les meilleurs d\u00e9lais. Pour des informations plus d\u00e9taill\u00e9es sur les d\u00e9lais d&rsquo;exp\u00e9dition internationaux, veuillez contacter notre \u00e9quipe d&rsquo;assistance. <span style=\"font-family: var( --e-global-typography-text-font-family ), Sans-serif; font-weight: var( --e-global-typography-text-font-weight ); text-align: var(--text-align);\">Consultez \u00e9galement nos <\/span><a style=\"font-weight: var( --e-global-typography-text-font-weight ); text-align: var(--text-align);\" href=\"https:\/\/bantoro.com\/fr\/conditions-generales\/\" target=\"_blank\" rel=\"noopener\">conditions g\u00e9n\u00e9rales<\/a><span style=\"font-family: var( --e-global-typography-text-font-family ), Sans-serif; font-weight: var( --e-global-typography-text-font-weight ); text-align: var(--text-align);\">.<\/span>  <\/p><h3>Pourquoi choisir Bantoro ?<\/h3><p>Bantoro est plus qu&rsquo;un simple fournisseur de fouets ; nous sommes une \u00e9quipe d&rsquo;artisans passionn\u00e9s et de professionnels du service client\u00e8le, d\u00e9vou\u00e9s \u00e0 vous offrir la meilleure exp\u00e9rience possible. Que vous soyez un utilisateur de fouet exp\u00e9riment\u00e9 ou un d\u00e9butant, notre objectif est de vous assurer de trouver le fouet parfait et de recevoir le soutien dont vous avez besoin tout au long de votre parcours. Veuillez consulter notre page <a href=\"https:\/\/bantoro.com\/fr\/a-propos-de-nous\/\" target=\"_blank\" rel=\"noopener\">\u00e0 propos de nous<\/a> pour plus d&rsquo;informations.  <\/p><p>Pour toute question, commande ou assistance, n&rsquo;h\u00e9sitez pas \u00e0 <a href=\"https:\/\/bantoro.com\/fr\/nous-contacter\/\" target=\"_blank\" rel=\"noopener\">nous contacter<\/a>. Nous sommes impatients de vous servir et de rendre votre exp\u00e9rience avec Bantoro exceptionnelle. <\/p><p><strong>Contactez-nous d\u00e8s aujourd&rsquo;hui<\/strong><br>E-mail : admin@bantoro.com<br>T\u00e9l\u00e9phone : +44 (0) 7743172049<br>WhatsApp : +44 (0) 7743172049<\/p>\t\t\t\t\t\t\t\t<\/div>\n\t\t\t\t\t<\/div>\n\t\t\t\t<\/div>\n\t\t<div class=\"elementor-element elementor-element-30889184 e-flex e-con-boxed e-con e-parent\" data-id=\"30889184\" data-element_type=\"container\" data-e-type=\"container\">\n\t\t\t\t\t<div class=\"e-con-inner\">\n\t\t\t\t<div class=\"elementor-element elementor-element-42042464 elementor-widget elementor-widget-text-editor\" data-id=\"42042464\" data-element_type=\"widget\" data-e-type=\"widget\" data-widget_type=\"text-editor.default\">\n\t\t\t\t\t\t\t\t\t<h4>Suivez-nous sur les r\u00e9seaux sociaux !<\/h4><p>\u00cates-vous pr\u00eat \u00e0 embarquer pour un voyage passionnant avec nous ? Rejoignez notre communaut\u00e9 en ligne dynamique, restez inform\u00e9 et faites partie de notre famille grandissante ! Voici comment vous pouvez vous connecter avec nous sur diverses plateformes de m\u00e9dias sociaux : <\/p>\t\t\t\t\t\t\t\t<\/div>\n\t\t\t\t\t<\/div>\n\t\t\t\t<\/div>\n\t\t<div class=\"elementor-element elementor-element-5e17450d e-flex e-con-boxed e-con e-parent\" data-id=\"5e17450d\" data-element_type=\"container\" data-e-type=\"container\">\n\t\t\t\t\t<div class=\"e-con-inner\">\n\t\t\t\t<div class=\"elementor-element elementor-element-5cb83b42 elementor-shape-rounded elementor-grid-0 e-grid-align-center elementor-widget elementor-widget-social-icons\" data-id=\"5cb83b42\" data-element_type=\"widget\" data-e-type=\"widget\" data-widget_type=\"social-icons.default\">\n\t\t\t\t\t\t\t<div class=\"elementor-social-icons-wrapper elementor-grid\" role=\"list\">\n\t\t\t\t\t\t\t<span class=\"elementor-grid-item\" role=\"listitem\">\n\t\t\t\t\t<a class=\"elementor-icon elementor-social-icon elementor-social-icon-facebook elementor-repeater-item-be2c88b\" href=\"https:\/\/www.facebook.com\/profile.php?id=100090454632295\" target=\"_blank\" rel=\"noopener\">\n\t\t\t\t\t\t<span class=\"elementor-screen-only\">Facebook<\/span>\n\t\t\t\t\t\t<svg aria-hidden=\"true\" class=\"e-font-icon-svg e-fab-facebook\" viewBox=\"0 0 512 512\" xmlns=\"http:\/\/www.w3.org\/2000\/svg\"><path d=\"M504 256C504 119 393 8 256 8S8 119 8 256c0 123.78 90.69 226.38 209.25 245V327.69h-63V256h63v-54.64c0-62.15 37-96.48 93.67-96.48 27.14 0 55.52 4.84 55.52 4.84v61h-31.28c-30.8 0-40.41 19.12-40.41 38.73V256h68.78l-11 71.69h-57.78V501C413.31 482.38 504 379.78 504 256z\"><\/path><\/svg>\t\t\t\t\t<\/a>\n\t\t\t\t<\/span>\n\t\t\t\t\t\t\t<span class=\"elementor-grid-item\" role=\"listitem\">\n\t\t\t\t\t<a class=\"elementor-icon elementor-social-icon elementor-social-icon-twitter elementor-repeater-item-8eaf621\" href=\"https:\/\/twitter.com\/Bantoro_com\" target=\"_blank\" rel=\"noopener\">\n\t\t\t\t\t\t<span class=\"elementor-screen-only\">Twitter<\/span>\n\t\t\t\t\t\t<svg aria-hidden=\"true\" class=\"e-font-icon-svg e-fab-twitter\" viewBox=\"0 0 512 512\" xmlns=\"http:\/\/www.w3.org\/2000\/svg\"><path d=\"M459.37 151.716c.325 4.548.325 9.097.325 13.645 0 138.72-105.583 298.558-298.558 298.558-59.452 0-114.68-17.219-161.137-47.106 8.447.974 16.568 1.299 25.34 1.299 49.055 0 94.213-16.568 130.274-44.832-46.132-.975-84.792-31.188-98.112-72.772 6.498.974 12.995 1.624 19.818 1.624 9.421 0 18.843-1.3 27.614-3.573-48.081-9.747-84.143-51.98-84.143-102.985v-1.299c13.969 7.797 30.214 12.67 47.431 13.319-28.264-18.843-46.781-51.005-46.781-87.391 0-19.492 5.197-37.36 14.294-52.954 51.655 63.675 129.3 105.258 216.365 109.807-1.624-7.797-2.599-15.918-2.599-24.04 0-57.828 46.782-104.934 104.934-104.934 30.213 0 57.502 12.67 76.67 33.137 23.715-4.548 46.456-13.32 66.599-25.34-7.798 24.366-24.366 44.833-46.132 57.827 21.117-2.273 41.584-8.122 60.426-16.243-14.292 20.791-32.161 39.308-52.628 54.253z\"><\/path><\/svg>\t\t\t\t\t<\/a>\n\t\t\t\t<\/span>\n\t\t\t\t\t\t\t<span class=\"elementor-grid-item\" role=\"listitem\">\n\t\t\t\t\t<a class=\"elementor-icon elementor-social-icon elementor-social-icon-youtube elementor-repeater-item-a953d73\" href=\"https:\/\/www.youtube.com\/channel\/UCRrFeYTOEbKx65ewYi7Gzkg\" target=\"_blank\" rel=\"noopener\">\n\t\t\t\t\t\t<span class=\"elementor-screen-only\">Youtube<\/span>\n\t\t\t\t\t\t<svg aria-hidden=\"true\" class=\"e-font-icon-svg e-fab-youtube\" viewBox=\"0 0 576 512\" xmlns=\"http:\/\/www.w3.org\/2000\/svg\"><path d=\"M549.655 124.083c-6.281-23.65-24.787-42.276-48.284-48.597C458.781 64 288 64 288 64S117.22 64 74.629 75.486c-23.497 6.322-42.003 24.947-48.284 48.597-11.412 42.867-11.412 132.305-11.412 132.305s0 89.438 11.412 132.305c6.281 23.65 24.787 41.5 48.284 47.821C117.22 448 288 448 288 448s170.78 0 213.371-11.486c23.497-6.321 42.003-24.171 48.284-47.821 11.412-42.867 11.412-132.305 11.412-132.305s0-89.438-11.412-132.305zm-317.51 213.508V175.185l142.739 81.205-142.739 81.201z\"><\/path><\/svg>\t\t\t\t\t<\/a>\n\t\t\t\t<\/span>\n\t\t\t\t\t\t\t<span class=\"elementor-grid-item\" role=\"listitem\">\n\t\t\t\t\t<a class=\"elementor-icon elementor-social-icon elementor-social-icon-pinterest elementor-repeater-item-c0aa9c1\" href=\"https:\/\/www.pinterest.co.uk\/Bantorocom\/\" target=\"_blank\" rel=\"noopener\">\n\t\t\t\t\t\t<span class=\"elementor-screen-only\">Pinterest<\/span>\n\t\t\t\t\t\t<svg aria-hidden=\"true\" class=\"e-font-icon-svg e-fab-pinterest\" viewBox=\"0 0 496 512\" xmlns=\"http:\/\/www.w3.org\/2000\/svg\"><path d=\"M496 256c0 137-111 248-248 248-25.6 0-50.2-3.9-73.4-11.1 10.1-16.5 25.2-43.5 30.8-65 3-11.6 15.4-59 15.4-59 8.1 15.4 31.7 28.5 56.8 28.5 74.8 0 128.7-68.8 128.7-154.3 0-81.9-66.9-143.2-152.9-143.2-107 0-163.9 71.8-163.9 150.1 0 36.4 19.4 81.7 50.3 96.1 4.7 2.2 7.2 1.2 8.3-3.3.8-3.4 5-20.3 6.9-28.1.6-2.5.3-4.7-1.7-7.1-10.1-12.5-18.3-35.3-18.3-56.6 0-54.7 41.4-107.6 112-107.6 60.9 0 103.6 41.5 103.6 100.9 0 67.1-33.9 113.6-78 113.6-24.3 0-42.6-20.1-36.7-44.8 7-29.5 20.5-61.3 20.5-82.6 0-19-10.2-34.9-31.4-34.9-24.9 0-44.9 25.7-44.9 60.2 0 22 7.4 36.8 7.4 36.8s-24.5 103.8-29 123.2c-5 21.4-3 51.6-.9 71.2C65.4 450.9 0 361.1 0 256 0 119 111 8 248 8s248 111 248 248z\"><\/path><\/svg>\t\t\t\t\t<\/a>\n\t\t\t\t<\/span>\n\t\t\t\t\t\t\t<span class=\"elementor-grid-item\" role=\"listitem\">\n\t\t\t\t\t<a class=\"elementor-icon elementor-social-icon elementor-social-icon-instagram elementor-repeater-item-f808d21\" href=\"https:\/\/www.instagram.com\/bantorocom\/\" target=\"_blank\" rel=\"noopener\">\n\t\t\t\t\t\t<span class=\"elementor-screen-only\">Instagram<\/span>\n\t\t\t\t\t\t<svg aria-hidden=\"true\" class=\"e-font-icon-svg e-fab-instagram\" viewBox=\"0 0 448 512\" xmlns=\"http:\/\/www.w3.org\/2000\/svg\"><path d=\"M224.1 141c-63.6 0-114.9 51.3-114.9 114.9s51.3 114.9 114.9 114.9S339 319.5 339 255.9 287.7 141 224.1 141zm0 189.6c-41.1 0-74.7-33.5-74.7-74.7s33.5-74.7 74.7-74.7 74.7 33.5 74.7 74.7-33.6 74.7-74.7 74.7zm146.4-194.3c0 14.9-12 26.8-26.8 26.8-14.9 0-26.8-12-26.8-26.8s12-26.8 26.8-26.8 26.8 12 26.8 26.8zm76.1 27.2c-1.7-35.9-9.9-67.7-36.2-93.9-26.2-26.2-58-34.4-93.9-36.2-37-2.1-147.9-2.1-184.9 0-35.8 1.7-67.6 9.9-93.9 36.1s-34.4 58-36.2 93.9c-2.1 37-2.1 147.9 0 184.9 1.7 35.9 9.9 67.7 36.2 93.9s58 34.4 93.9 36.2c37 2.1 147.9 2.1 184.9 0 35.9-1.7 67.7-9.9 93.9-36.2 26.2-26.2 34.4-58 36.2-93.9 2.1-37 2.1-147.8 0-184.8zM398.8 388c-7.8 19.6-22.9 34.7-42.6 42.6-29.5 11.7-99.5 9-132.1 9s-102.7 2.6-132.1-9c-19.6-7.8-34.7-22.9-42.6-42.6-11.7-29.5-9-99.5-9-132.1s-2.6-102.7 9-132.1c7.8-19.6 22.9-34.7 42.6-42.6 29.5-11.7 99.5-9 132.1-9s102.7-2.6 132.1 9c19.6 7.8 34.7 22.9 42.6 42.6 11.7 29.5 9 99.5 9 132.1s2.7 102.7-9 132.1z\"><\/path><\/svg>\t\t\t\t\t<\/a>\n\t\t\t\t<\/span>\n\t\t\t\t\t\t\t<span class=\"elementor-grid-item\" role=\"listitem\">\n\t\t\t\t\t<a class=\"elementor-icon elementor-social-icon elementor-social-icon-twitter elementor-repeater-item-a9f421c\" href=\"https:\/\/twitter.com\/Bantoro_com\" target=\"_blank\" rel=\"noopener\">\n\t\t\t\t\t\t<span class=\"elementor-screen-only\">Twitter<\/span>\n\t\t\t\t\t\t<svg aria-hidden=\"true\" class=\"e-font-icon-svg e-fab-twitter\" viewBox=\"0 0 512 512\" xmlns=\"http:\/\/www.w3.org\/2000\/svg\"><path d=\"M459.37 151.716c.325 4.548.325 9.097.325 13.645 0 138.72-105.583 298.558-298.558 298.558-59.452 0-114.68-17.219-161.137-47.106 8.447.974 16.568 1.299 25.34 1.299 49.055 0 94.213-16.568 130.274-44.832-46.132-.975-84.792-31.188-98.112-72.772 6.498.974 12.995 1.624 19.818 1.624 9.421 0 18.843-1.3 27.614-3.573-48.081-9.747-84.143-51.98-84.143-102.985v-1.299c13.969 7.797 30.214 12.67 47.431 13.319-28.264-18.843-46.781-51.005-46.781-87.391 0-19.492 5.197-37.36 14.294-52.954 51.655 63.675 129.3 105.258 216.365 109.807-1.624-7.797-2.599-15.918-2.599-24.04 0-57.828 46.782-104.934 104.934-104.934 30.213 0 57.502 12.67 76.67 33.137 23.715-4.548 46.456-13.32 66.599-25.34-7.798 24.366-24.366 44.833-46.132 57.827 21.117-2.273 41.584-8.122 60.426-16.243-14.292 20.791-32.161 39.308-52.628 54.253z\"><\/path><\/svg>\t\t\t\t\t<\/a>\n\t\t\t\t<\/span>\n\t\t\t\t\t\t\t<span class=\"elementor-grid-item\" role=\"listitem\">\n\t\t\t\t\t<a class=\"elementor-icon elementor-social-icon elementor-social-icon-whatsapp elementor-repeater-item-b9e0401\" href=\"https:\/\/w.app\/RPcpAi\" target=\"_blank\">\n\t\t\t\t\t\t<span class=\"elementor-screen-only\">Whatsapp<\/span>\n\t\t\t\t\t\t<svg aria-hidden=\"true\" class=\"e-font-icon-svg e-fab-whatsapp\" viewBox=\"0 0 448 512\" xmlns=\"http:\/\/www.w3.org\/2000\/svg\"><path d=\"M380.9 97.1C339 55.1 283.2 32 223.9 32c-122.4 0-222 99.6-222 222 0 39.1 10.2 77.3 29.6 111L0 480l117.7-30.9c32.4 17.7 68.9 27 106.1 27h.1c122.3 0 224.1-99.6 224.1-222 0-59.3-25.2-115-67.1-157zm-157 341.6c-33.2 0-65.7-8.9-94-25.7l-6.7-4-69.8 18.3L72 359.2l-4.4-7c-18.5-29.4-28.2-63.3-28.2-98.2 0-101.7 82.8-184.5 184.6-184.5 49.3 0 95.6 19.2 130.4 54.1 34.8 34.9 56.2 81.2 56.1 130.5 0 101.8-84.9 184.6-186.6 184.6zm101.2-138.2c-5.5-2.8-32.8-16.2-37.9-18-5.1-1.9-8.8-2.8-12.5 2.8-3.7 5.6-14.3 18-17.6 21.8-3.2 3.7-6.5 4.2-12 1.4-32.6-16.3-54-29.1-75.5-66-5.7-9.8 5.7-9.1 16.3-30.3 1.8-3.7.9-6.9-.5-9.7-1.4-2.8-12.5-30.1-17.1-41.2-4.5-10.8-9.1-9.3-12.5-9.5-3.2-.2-6.9-.2-10.6-.2-3.7 0-9.7 1.4-14.8 6.9-5.1 5.6-19.4 19-19.4 46.3 0 27.3 19.9 53.7 22.6 57.4 2.8 3.7 39.1 59.7 94.8 83.8 35.2 15.2 49 16.5 66.6 13.9 10.7-1.6 32.8-13.4 37.4-26.4 4.6-13 4.6-24.1 3.2-26.4-1.3-2.5-5-3.9-10.5-6.6z\"><\/path><\/svg>\t\t\t\t\t<\/a>\n\t\t\t\t<\/span>\n\t\t\t\t\t<\/div>\n\t\t\t\t\t\t<\/div>\n\t\t\t\t\t<\/div>\n\t\t\t\t<\/div>\n\t\t\t\t<\/div>\n\t\t","protected":false},"excerpt":{"rendered":"<p>Contacter l&rsquo;\u00e9quipe Bantoro Appelez-nous+447743172049 Contactez-nous sur WhatsApp+447743172049 Envoyez-nous un e-mail+447743172049 Remplissez ce formulaire pour nous contacter\u2026 \u200b Your name Your&#8230;<\/p>\n","protected":false},"author":1,"featured_media":0,"parent":0,"menu_order":0,"comment_status":"closed","ping_status":"closed","template":"","meta":{"footnotes":""},"class_list":["post-9063","page","type-page","status-publish","hentry"],"rttpg_featured_image_url":null,"rttpg_author":{"display_name":"Bantoro","author_link":"https:\/\/bantoro.com\/fr\/author\/rizonmobile\/"},"rttpg_comment":0,"rttpg_category":" <a href=\"https:\/\/bantoro.com\/fr\/?taxonomy=translation_priority&#038;term=facultatif\" rel=\"tag\">Facultatif<\/a>","rttpg_excerpt":"Contacter l&rsquo;\u00e9quipe Bantoro Appelez-nous+447743172049 Contactez-nous sur WhatsApp+447743172049 Envoyez-nous un e-mail+447743172049 Remplissez ce formulaire pour nous contacter\u2026 \u200b Your name Your...","_links":{"self":[{"href":"https:\/\/bantoro.com\/fr\/wp-json\/wp\/v2\/pages\/9063","targetHints":{"allow":["GET"]}}],"collection":[{"href":"https:\/\/bantoro.com\/fr\/wp-json\/wp\/v2\/pages"}],"about":[{"href":"https:\/\/bantoro.com\/fr\/wp-json\/wp\/v2\/types\/page"}],"author":[{"embeddable":true,"href":"https:\/\/bantoro.com\/fr\/wp-json\/wp\/v2\/users\/1"}],"replies":[{"embeddable":true,"href":"https:\/\/bantoro.com\/fr\/wp-json\/wp\/v2\/comments?post=9063"}],"version-history":[{"count":2,"href":"https:\/\/bantoro.com\/fr\/wp-json\/wp\/v2\/pages\/9063\/revisions"}],"predecessor-version":[{"id":13566,"href":"https:\/\/bantoro.com\/fr\/wp-json\/wp\/v2\/pages\/9063\/revisions\/13566"}],"wp:attachment":[{"href":"https:\/\/bantoro.com\/fr\/wp-json\/wp\/v2\/media?parent=9063"}],"curies":[{"name":"wp","href":"https:\/\/api.w.org\/{rel}","templated":true}]}}