{"id":9056,"date":"2023-10-11T13:28:18","date_gmt":"2023-10-11T12:28:18","guid":{"rendered":"https:\/\/bantoro.com\/a-propos-de-nous\/"},"modified":"2026-01-22T11:43:06","modified_gmt":"2026-01-22T11:43:06","slug":"a-propos-de-nous","status":"publish","type":"page","link":"https:\/\/bantoro.com\/fr\/a-propos-de-nous\/","title":{"rendered":"\u00c0 propos de nous"},"content":{"rendered":"\t\t<div data-elementor-type=\"wp-page\" data-elementor-id=\"9056\" class=\"elementor elementor-9056 elementor-1052\">\n\t\t\t\t<div class=\"elementor-element elementor-element-b027520 e-flex e-con-boxed e-con e-parent\" data-id=\"b027520\" data-element_type=\"container\" data-e-type=\"container\">\n\t\t\t\t\t<div class=\"e-con-inner\">\n\t\t\t\t<div class=\"elementor-element elementor-element-34180dd elementor-widget elementor-widget-heading\" data-id=\"34180dd\" data-element_type=\"widget\" data-e-type=\"widget\" data-widget_type=\"heading.default\">\n\t\t\t\t\t<h1 class=\"elementor-heading-title elementor-size-default\">\u00c0 propos de nous<\/h1>\t\t\t\t<\/div>\n\t\t\t\t\t<\/div>\n\t\t\t\t<\/div>\n\t\t<div class=\"elementor-element elementor-element-ab06ae3 e-flex e-con-boxed e-con e-parent\" data-id=\"ab06ae3\" data-element_type=\"container\" data-e-type=\"container\">\n\t\t\t\t\t<div class=\"e-con-inner\">\n\t\t\t\t<div class=\"elementor-element elementor-element-8c5cf7b elementor-widget elementor-widget-text-editor\" data-id=\"8c5cf7b\" data-element_type=\"widget\" data-e-type=\"widget\" data-widget_type=\"text-editor.default\">\n\t\t\t\t\t\t\t\t\t<p data-pm-slice=\"1 1 []\">Bienvenue chez <strong>Bantoro Ltd<\/strong>, un nom distingu\u00e9 dans le monde des produits en cuir faits main. Avec plus de deux d\u00e9cennies d&rsquo;exp\u00e9rience, nous avons b\u00e2ti une r\u00e9putation d&rsquo;excellence, de pr\u00e9cision et d&rsquo;innovation. En tant qu&rsquo;entreprise familiale bas\u00e9e au Royaume-Uni, avec une unit\u00e9 de fabrication d\u00e9di\u00e9e \u00e0 Sialkot, au Pakistan, Bantoro Ltd allie l&rsquo;artisanat traditionnel aux techniques modernes pour cr\u00e9er des articles en cuir haut de gamme qui r\u00e9sistent \u00e0 l&rsquo;\u00e9preuve du temps.  <\/p>\t\t\t\t\t\t\t\t<\/div>\n\t\t\t\t\t<\/div>\n\t\t\t\t<\/div>\n\t\t<div class=\"elementor-element elementor-element-c68493c e-flex e-con-boxed e-con e-parent\" data-id=\"c68493c\" data-element_type=\"container\" data-e-type=\"container\">\n\t\t\t\t\t<div class=\"e-con-inner\">\n\t\t<div class=\"elementor-element elementor-element-01bb472 e-con-full e-flex e-con e-child\" data-id=\"01bb472\" data-element_type=\"container\" data-e-type=\"container\">\n\t\t\t\t<div class=\"elementor-element elementor-element-6dc1d8d elementor-widget elementor-widget-heading\" data-id=\"6dc1d8d\" data-element_type=\"widget\" data-e-type=\"widget\" data-widget_type=\"heading.default\">\n\t\t\t\t\t<h2 class=\"elementor-heading-title elementor-size-default\">Nos produits<\/h2>\t\t\t\t<\/div>\n\t\t\t\t<\/div>\n\t\t\t\t\t<\/div>\n\t\t\t\t<\/div>\n\t\t<div class=\"elementor-element elementor-element-6b1050a e-flex e-con-boxed e-con e-parent\" data-id=\"6b1050a\" data-element_type=\"container\" data-e-type=\"container\">\n\t\t\t\t\t<div class=\"e-con-inner\">\n\t\t\t\t<div class=\"elementor-element elementor-element-c5f0e46 elementor-widget elementor-widget-text-editor\" data-id=\"c5f0e46\" data-element_type=\"widget\" data-e-type=\"widget\" data-widget_type=\"text-editor.default\">\n\t\t\t\t\t\t\t\t\t<p data-pm-slice=\"1 3 []\">Chez Bantoro Ltd, nous nous sp\u00e9cialisons dans la fabrication de produits en cuir de haute qualit\u00e9, m\u00e9ticuleusement con\u00e7us pour r\u00e9pondre aux exigences des passionn\u00e9s, des professionnels et des collectionneurs. Notre gamme de produits comprend : <\/p><ul data-spread=\"true\"><li><p><strong>Fouets en cuir et fouets de dressage<\/strong> : Fabriqu\u00e9s \u00e0 la main avec du cuir de premi\u00e8re qualit\u00e9, nos fouets sont r\u00e9put\u00e9s pour leur durabilit\u00e9, leur flexibilit\u00e9 et leurs performances exceptionnelles. Nous proposons une vari\u00e9t\u00e9 de fouets, notamment : <\/p><ul data-spread=\"false\"><li><p>Fouets de dressage en cuir de kangourou<\/p><\/li><li><p>Fouets de dressage en cuir<\/p><\/li><li><p>Floggers en cuir<\/p><\/li><li><p>Fouets de stockman en cuir<\/p><\/li><li><p>Mini fouets de poche<\/p><\/li><li><p>Fouets de moto<\/p><\/li><li><p>Fouets serpents (lest\u00e9s)<\/p><\/li><li><p>Fouets de dressage en nylon paracorde<\/p><\/li><li><p>Fouets en cuir (60 \u00e0 90 cm)<\/p><\/li><li><p>Accessoires pour fouets de dressage<\/p><\/li><\/ul><\/li><li><p><strong>Carquois d&rsquo;archerie<\/strong> : Con\u00e7us pour allier style et fonctionnalit\u00e9, nos carquois d&rsquo;archerie en cuir offrent une solution haut de gamme pour transporter les fl\u00e8ches tout en am\u00e9liorant l&rsquo;exp\u00e9rience globale des archers.<\/p><\/li><li><p><strong>Sacs de chasse en cuir et plus<\/strong> : Nos sacs de chasse en cuir et autres accessoires en cuir expertement fabriqu\u00e9s allient durabilit\u00e9 et sophistication, offrant le m\u00e9lange parfait entre praticit\u00e9 et attrait esth\u00e9tique.<\/p><\/li><\/ul>\t\t\t\t\t\t\t\t<\/div>\n\t\t\t\t\t<\/div>\n\t\t\t\t<\/div>\n\t\t<div class=\"elementor-element elementor-element-dfe2298 e-flex e-con-boxed e-con e-parent\" data-id=\"dfe2298\" data-element_type=\"container\" data-e-type=\"container\">\n\t\t\t\t\t<div class=\"e-con-inner\">\n\t\t<div class=\"elementor-element elementor-element-fbc6fb3 e-con-full e-flex e-con e-child\" data-id=\"fbc6fb3\" data-element_type=\"container\" data-e-type=\"container\">\n\t\t\t\t<div class=\"elementor-element elementor-element-9720836 elementor-widget elementor-widget-heading\" data-id=\"9720836\" data-element_type=\"widget\" data-e-type=\"widget\" data-widget_type=\"heading.default\">\n\t\t\t\t\t<h2 class=\"elementor-heading-title elementor-size-default\">Pr\u00e9sence marketing<\/h2>\t\t\t\t<\/div>\n\t\t\t\t<\/div>\n\t\t\t\t\t<\/div>\n\t\t\t\t<\/div>\n\t\t<div class=\"elementor-element elementor-element-04d0aad e-flex e-con-boxed e-con e-parent\" data-id=\"04d0aad\" data-element_type=\"container\" data-e-type=\"container\">\n\t\t\t\t\t<div class=\"e-con-inner\">\n\t\t\t\t<div class=\"elementor-element elementor-element-902dbc1 elementor-widget elementor-widget-text-editor\" data-id=\"902dbc1\" data-element_type=\"widget\" data-e-type=\"widget\" data-widget_type=\"text-editor.default\">\n\t\t\t\t\t\t\t\t\t<p data-pm-slice=\"1 1 []\">Pour garantir que nos produits soient accessibles \u00e0 un public mondial, nous vendons via plusieurs plateformes de commerce \u00e9lectronique, notamment <strong>Amazon, Etsy, eBay<\/strong>, et notre site officiel <a href=\"https:\/\/www.bantoro.com\"><strong>www.bantoro.com<\/strong><\/a>. Cette approche multicanale nous permet de r\u00e9pondre \u00e0 une client\u00e8le diversifi\u00e9e, des amateurs aux professionnels. <\/p>\t\t\t\t\t\t\t\t<\/div>\n\t\t\t\t\t<\/div>\n\t\t\t\t<\/div>\n\t\t<div class=\"elementor-element elementor-element-da44f86 e-flex e-con-boxed e-con e-parent\" data-id=\"da44f86\" data-element_type=\"container\" data-e-type=\"container\">\n\t\t\t\t\t<div class=\"e-con-inner\">\n\t\t<div class=\"elementor-element elementor-element-6be5982 e-con-full e-flex e-con e-child\" data-id=\"6be5982\" data-element_type=\"container\" data-e-type=\"container\">\n\t\t\t\t<div class=\"elementor-element elementor-element-eba4beb elementor-widget elementor-widget-heading\" data-id=\"eba4beb\" data-element_type=\"widget\" data-e-type=\"widget\" data-widget_type=\"heading.default\">\n\t\t\t\t\t<h2 class=\"elementor-heading-title elementor-size-default\">Notre vision<\/h2>\t\t\t\t<\/div>\n\t\t\t\t<\/div>\n\t\t\t\t\t<\/div>\n\t\t\t\t<\/div>\n\t\t<div class=\"elementor-element elementor-element-e0a31aa e-flex e-con-boxed e-con e-parent\" data-id=\"e0a31aa\" data-element_type=\"container\" data-e-type=\"container\">\n\t\t\t\t\t<div class=\"e-con-inner\">\n\t\t\t\t<div class=\"elementor-element elementor-element-0fca589 elementor-widget elementor-widget-text-editor\" data-id=\"0fca589\" data-element_type=\"widget\" data-e-type=\"widget\" data-widget_type=\"text-editor.default\">\n\t\t\t\t\t\t\t\t\t<p data-pm-slice=\"1 1 []\">Alors que nous continuons \u00e0 cro\u00eetre, notre vision est d&rsquo;\u00e9largir notre gamme de produits et de renforcer notre pr\u00e9sence sur les march\u00e9s internationaux. Nous nous engageons \u00e0 innover dans l&rsquo;industrie du cuir, en cr\u00e9ant des designs uniques qui pr\u00e9servent les techniques traditionnelles tout en int\u00e9grant les avanc\u00e9es modernes. Notre d\u00e9vouement \u00e0 l&rsquo;excellence garantit que chaque produit refl\u00e8te la plus haute qualit\u00e9 et authenticit\u00e9.  <\/p>\t\t\t\t\t\t\t\t<\/div>\n\t\t\t\t\t<\/div>\n\t\t\t\t<\/div>\n\t\t<div class=\"elementor-element elementor-element-4b1f83b e-flex e-con-boxed e-con e-parent\" data-id=\"4b1f83b\" data-element_type=\"container\" data-e-type=\"container\">\n\t\t\t\t\t<div class=\"e-con-inner\">\n\t\t<div class=\"elementor-element elementor-element-4cb09fa e-con-full e-flex e-con e-child\" data-id=\"4cb09fa\" data-element_type=\"container\" data-e-type=\"container\">\n\t\t\t\t<div class=\"elementor-element elementor-element-1263f22 elementor-widget elementor-widget-heading\" data-id=\"1263f22\" data-element_type=\"widget\" data-e-type=\"widget\" data-widget_type=\"heading.default\">\n\t\t\t\t\t<h2 class=\"elementor-heading-title elementor-size-default\">Engagement envers la qualit\u00e9<\/h2>\t\t\t\t<\/div>\n\t\t\t\t<\/div>\n\t\t\t\t\t<\/div>\n\t\t\t\t<\/div>\n\t\t<div class=\"elementor-element elementor-element-a89c980 e-flex e-con-boxed e-con e-parent\" data-id=\"a89c980\" data-element_type=\"container\" data-e-type=\"container\">\n\t\t\t\t\t<div class=\"e-con-inner\">\n\t\t\t\t<div class=\"elementor-element elementor-element-4ef07b2 elementor-widget elementor-widget-text-editor\" data-id=\"4ef07b2\" data-element_type=\"widget\" data-e-type=\"widget\" data-widget_type=\"text-editor.default\">\n\t\t\t\t\t\t\t\t\t<p data-pm-slice=\"1 1 []\">Chez Bantoro Ltd, la qualit\u00e9 n&rsquo;est pas seulement une norme ; c&rsquo;est notre philosophie. De la s\u00e9lection minutieuse des mati\u00e8res premi\u00e8res aux mains de nos artisans qualifi\u00e9s, chaque produit subit un contr\u00f4le qualit\u00e9 rigoureux pour r\u00e9pondre \u00e0 nos normes \u00e9lev\u00e9es. Notre cuir est sourc\u00e9 de mani\u00e8re \u00e9thique, trait\u00e9 et transform\u00e9 pour maintenir sa durabilit\u00e9 et son \u00e9l\u00e9gance. Cet engagement in\u00e9branlable envers l&rsquo;artisanat nous distingue dans l&rsquo;industrie.   <\/p>\t\t\t\t\t\t\t\t<\/div>\n\t\t\t\t\t<\/div>\n\t\t\t\t<\/div>\n\t\t<div class=\"elementor-element elementor-element-a6c0994 e-flex e-con-boxed e-con e-parent\" data-id=\"a6c0994\" data-element_type=\"container\" data-e-type=\"container\">\n\t\t\t\t\t<div class=\"e-con-inner\">\n\t\t<div class=\"elementor-element elementor-element-ef3c025 e-con-full e-flex e-con e-child\" data-id=\"ef3c025\" data-element_type=\"container\" data-e-type=\"container\">\n\t\t\t\t<div class=\"elementor-element elementor-element-601c625 elementor-widget elementor-widget-heading\" data-id=\"601c625\" data-element_type=\"widget\" data-e-type=\"widget\" data-widget_type=\"heading.default\">\n\t\t\t\t\t<h2 class=\"elementor-heading-title elementor-size-default\">Satisfaction client<\/h2>\t\t\t\t<\/div>\n\t\t\t\t<\/div>\n\t\t\t\t\t<\/div>\n\t\t\t\t<\/div>\n\t\t<div class=\"elementor-element elementor-element-af48dcc e-flex e-con-boxed e-con e-parent\" data-id=\"af48dcc\" data-element_type=\"container\" data-e-type=\"container\">\n\t\t\t\t\t<div class=\"e-con-inner\">\n\t\t\t\t<div class=\"elementor-element elementor-element-544fb08 elementor-widget elementor-widget-text-editor\" data-id=\"544fb08\" data-element_type=\"widget\" data-e-type=\"widget\" data-widget_type=\"text-editor.default\">\n\t\t\t\t\t\t\t\t\t<p data-pm-slice=\"1 1 []\">La satisfaction du client est au c\u0153ur de tout ce que nous faisons. Nous sommes fiers d&rsquo;offrir un service client exceptionnel, assurant une exp\u00e9dition rapide, une communication fluide et un support r\u00e9actif. La confiance et la fid\u00e9lit\u00e9 de nos clients nous poussent \u00e0 maintenir l&rsquo;excellence dans tous les aspects de notre activit\u00e9. Ne vous fiez pas seulement \u00e0 notre parole &#8211; lisez ce que nos clients ont \u00e0 dire sur des plateformes comme <strong>Trustpilot, eBay, Amazon et Etsy<\/strong>.   <\/p>\t\t\t\t\t\t\t\t<\/div>\n\t\t\t\t\t<\/div>\n\t\t\t\t<\/div>\n\t\t<div class=\"elementor-element elementor-element-038b3e5 e-flex e-con-boxed e-con e-parent\" data-id=\"038b3e5\" data-element_type=\"container\" data-e-type=\"container\">\n\t\t\t\t\t<div class=\"e-con-inner\">\n\t\t<div class=\"elementor-element elementor-element-8d9989f e-con-full e-flex e-con e-child\" data-id=\"8d9989f\" data-element_type=\"container\" data-e-type=\"container\">\n\t\t\t\t<div class=\"elementor-element elementor-element-56e199b elementor-widget elementor-widget-heading\" data-id=\"56e199b\" data-element_type=\"widget\" data-e-type=\"widget\" data-widget_type=\"heading.default\">\n\t\t\t\t\t<h2 class=\"elementor-heading-title elementor-size-default\">Notre \u00e9quipe<\/h2>\t\t\t\t<\/div>\n\t\t\t\t<\/div>\n\t\t\t\t\t<\/div>\n\t\t\t\t<\/div>\n\t\t<div class=\"elementor-element elementor-element-2e99f0b e-flex e-con-boxed e-con e-parent\" data-id=\"2e99f0b\" data-element_type=\"container\" data-e-type=\"container\">\n\t\t\t\t\t<div class=\"e-con-inner\">\n\t\t\t\t<div class=\"elementor-element elementor-element-b8cc3af elementor-widget elementor-widget-text-editor\" data-id=\"b8cc3af\" data-element_type=\"widget\" data-e-type=\"widget\" data-widget_type=\"text-editor.default\">\n\t\t\t\t\t\t\t\t\t<p data-pm-slice=\"1 1 []\">Bantoro Ltd est plus qu&rsquo;une simple entreprise ; c&rsquo;est une famille. Ce qui a commenc\u00e9 comme une petite op\u00e9ration s&rsquo;est transform\u00e9 en une \u00e9quipe d\u00e9vou\u00e9e de plus de <strong>40 personnes talentueuses<\/strong> au Royaume-Uni et \u00e0 Sialkot, au Pakistan. Nous c\u00e9l\u00e9brons la diversit\u00e9, la cr\u00e9ativit\u00e9 et une passion partag\u00e9e pour l&rsquo;artisanat. Alors que nous continuons \u00e0 nous d\u00e9velopper, nous accueillons des esprits innovants pour rejoindre notre aventure. Si vous pensez que vous seriez un excellent atout, contactez-nous !    <\/p>\t\t\t\t\t\t\t\t<\/div>\n\t\t\t\t\t<\/div>\n\t\t\t\t<\/div>\n\t\t<div class=\"elementor-element elementor-element-50b7875 e-flex e-con-boxed e-con e-parent\" data-id=\"50b7875\" data-element_type=\"container\" data-e-type=\"container\">\n\t\t\t\t\t<div class=\"e-con-inner\">\n\t\t<div class=\"elementor-element elementor-element-d4917d6 e-con-full e-flex e-con e-child\" data-id=\"d4917d6\" data-element_type=\"container\" data-e-type=\"container\">\n\t\t\t\t<div class=\"elementor-element elementor-element-b7e5566 elementor-widget elementor-widget-heading\" data-id=\"b7e5566\" data-element_type=\"widget\" data-e-type=\"widget\" data-widget_type=\"heading.default\">\n\t\t\t\t\t<h2 class=\"elementor-heading-title elementor-size-default\">Rejoignez l'exp\u00e9rience Bantoro<\/h2>\t\t\t\t<\/div>\n\t\t\t\t<\/div>\n\t\t\t\t\t<\/div>\n\t\t\t\t<\/div>\n\t\t<div class=\"elementor-element elementor-element-8974b87 e-flex e-con-boxed e-con e-parent\" data-id=\"8974b87\" data-element_type=\"container\" data-e-type=\"container\">\n\t\t\t\t\t<div class=\"e-con-inner\">\n\t\t\t\t<div class=\"elementor-element elementor-element-af04938 elementor-widget elementor-widget-text-editor\" data-id=\"af04938\" data-element_type=\"widget\" data-e-type=\"widget\" data-widget_type=\"text-editor.default\">\n\t\t\t\t\t\t\t\t\t<p data-pm-slice=\"1 1 []\">Bantoro Ltd est un gardien de la tradition, un champion de la qualit\u00e9 et un pionnier de l&rsquo;innovation. Que vous soyez un collectionneur chevronn\u00e9, un professionnel ou un passionn\u00e9, nos produits sont con\u00e7us pour offrir une excellence in\u00e9gal\u00e9e. Explorez notre collection et faites l&rsquo;exp\u00e9rience de l&rsquo;artisanat intemporel de <strong>Bantoro<\/strong>.  <\/p><p>Pour toute demande, collaboration ou opportunit\u00e9 de carri\u00e8re, visitez <a href=\"https:\/\/www.bantoro.com\"><strong>www.bantoro.com<\/strong><\/a> ou contactez-nous directement. Nous sommes impatients de vous servir ! <\/p>\t\t\t\t\t\t\t\t<\/div>\n\t\t\t\t\t<\/div>\n\t\t\t\t<\/div>\n\t\t\t\t<\/div>\n\t\t","protected":false},"excerpt":{"rendered":"<p>\u00c0 propos de nous Bienvenue chez Bantoro Ltd, un nom distingu\u00e9 dans le monde des produits en cuir faits main&#8230;.<\/p>\n","protected":false},"author":1,"featured_media":0,"parent":0,"menu_order":0,"comment_status":"closed","ping_status":"closed","template":"","meta":{"footnotes":""},"class_list":["post-9056","page","type-page","status-publish","hentry"],"rttpg_featured_image_url":null,"rttpg_author":{"display_name":"Bantoro","author_link":"https:\/\/bantoro.com\/fr\/author\/rizonmobile\/"},"rttpg_comment":0,"rttpg_category":" <a href=\"https:\/\/bantoro.com\/fr\/?taxonomy=translation_priority&#038;term=facultatif\" rel=\"tag\">Facultatif<\/a>","rttpg_excerpt":"\u00c0 propos de nous Bienvenue chez Bantoro Ltd, un nom distingu\u00e9 dans le monde des produits en cuir faits main....","_links":{"self":[{"href":"https:\/\/bantoro.com\/fr\/wp-json\/wp\/v2\/pages\/9056","targetHints":{"allow":["GET"]}}],"collection":[{"href":"https:\/\/bantoro.com\/fr\/wp-json\/wp\/v2\/pages"}],"about":[{"href":"https:\/\/bantoro.com\/fr\/wp-json\/wp\/v2\/types\/page"}],"author":[{"embeddable":true,"href":"https:\/\/bantoro.com\/fr\/wp-json\/wp\/v2\/users\/1"}],"replies":[{"embeddable":true,"href":"https:\/\/bantoro.com\/fr\/wp-json\/wp\/v2\/comments?post=9056"}],"version-history":[{"count":0,"href":"https:\/\/bantoro.com\/fr\/wp-json\/wp\/v2\/pages\/9056\/revisions"}],"wp:attachment":[{"href":"https:\/\/bantoro.com\/fr\/wp-json\/wp\/v2\/media?parent=9056"}],"curies":[{"name":"wp","href":"https:\/\/api.w.org\/{rel}","templated":true}]}}