{"id":12231,"date":"2022-11-23T20:28:08","date_gmt":"2022-11-23T20:28:08","guid":{"rendered":"https:\/\/bantoro.com\/liste-de-souhaits\/"},"modified":"2026-02-26T11:04:00","modified_gmt":"2026-02-26T11:04:00","slug":"liste-de-souhaits","status":"publish","type":"page","link":"https:\/\/bantoro.com\/fr\/liste-de-souhaits\/","title":{"rendered":"Liste de souhaits"},"content":{"rendered":"\t\t<div data-elementor-type=\"wp-page\" data-elementor-id=\"12231\" class=\"elementor elementor-12231 elementor-15\">\n\t\t\t\t<div class=\"elementor-element elementor-element-34ecd70c e-flex e-con-boxed e-con e-parent\" data-id=\"34ecd70c\" data-element_type=\"container\" data-e-type=\"container\">\n\t\t\t\t\t<div class=\"e-con-inner\">\n\t\t\t\t<div class=\"elementor-element elementor-element-4b067f72 elementor-widget elementor-widget-shortcode\" data-id=\"4b067f72\" data-element_type=\"widget\" data-e-type=\"widget\" data-widget_type=\"shortcode.default\">\n\t\t\t\t\t\t\t<div class=\"elementor-shortcode\"><div class=\"tinv-wishlist woocommerce tinv-wishlist-clear\">\r\n\t<div class=\"tinv-header\">\r\n\t<h2>My Wishlist<\/h2>\r\n\t<\/div>\r\n\t\t<p class=\"cart-empty woocommerce-info\">\r\n\t\t\t\t\tVotre liste de souhaits est vide.\t\t\t<\/p>\r\n\r\n\t\r\n\t<p class=\"return-to-shop\">\r\n\t\t<a class=\"button wc-backward\"\r\n\t\t   href=\"https:\/\/bantoro.com\/fr\/boutique\/\">Retour \u00e0 la boutique<\/a>\r\n\t<\/p>\r\n<\/div>\r\n<\/div>\n\t\t\t\t\t\t<\/div>\n\t\t\t\t\t<\/div>\n\t\t\t\t<\/div>\n\t\t<div class=\"elementor-element elementor-element-6b32f99 e-flex e-con-boxed e-con e-parent\" data-id=\"6b32f99\" data-element_type=\"container\" data-e-type=\"container\">\n\t\t\t\t\t<div class=\"e-con-inner\">\n\t\t\t\t<div class=\"elementor-element elementor-element-b889172 elementor-widget elementor-widget-text-editor\" data-id=\"b889172\" data-element_type=\"widget\" data-e-type=\"widget\" data-widget_type=\"text-editor.default\">\n\t\t\t\t\t\t\t\t\t<h3>Cr\u00e9ez votre liste de souhaits sur Bantoro.com<\/h3><p>Chez Bantoro.com, nous comprenons que la s\u00e9lection du bullwhip, du fouet ou du flogger parfait en cuir ou en nylon est un processus personnel et parfois d\u00e9lib\u00e9r\u00e9. Que vous soyez un passionn\u00e9, un collectionneur ou un praticien chevronn\u00e9, nos produits repr\u00e9sentent plus que de simples achats&nbsp;; ils incarnent l&rsquo;artisanat, la tradition et la recherche de l&rsquo;excellence. Pour rendre votre exp\u00e9rience d&rsquo;achat fluide et adapt\u00e9e \u00e0 vos besoins, nous avons introduit la fonctionnalit\u00e9 de liste de souhaits sur Bantoro.com.  <\/p><h4>Qu&rsquo;est-ce qu&rsquo;une liste de souhaits&nbsp;?<\/h4><p>Une liste de souhaits est votre collection personnalis\u00e9e de produits qui attirent votre attention ou suscitent votre int\u00e9r\u00eat. C&rsquo;est un endroit pour enregistrer les articles que vous envisagez, afin de pouvoir les consulter facilement plus tard. Consid\u00e9rez-la comme votre propre galerie des plus beaux bullwhips, fouets et floggers en cuir et en nylon de Bantoro.com, o\u00f9 vous pouvez suivre les articles qui vous int\u00e9ressent, sans pression d&rsquo;achat imm\u00e9diat.  <\/p><h4>Pourquoi utiliser une liste de souhaits&nbsp;?<\/h4><ol><li><p><strong>Gagnez du temps<\/strong>&nbsp;: Trouver le fouet parfait prend du temps. Vous pouvez rencontrer plusieurs produits qui vous attirent, mais vous n&rsquo;\u00eates pas tout \u00e0 fait pr\u00eat \u00e0 prendre une d\u00e9cision. Au lieu d&rsquo;essayer de vous en souvenir ou de les rechercher \u00e0 nouveau plus tard, ajoutez-les simplement \u00e0 votre liste de souhaits. De cette fa\u00e7on, tous vos articles pr\u00e9f\u00e9r\u00e9s sont organis\u00e9s au m\u00eame endroit, ce qui rend votre prochaine visite rapide et facile.   <\/p><\/li><li><p><strong>Planifiez vos futurs achats<\/strong>&nbsp;: Votre liste de souhaits n&rsquo;est pas seulement un espace de stockage&nbsp;; c&rsquo;est un outil de planification. Vous avez peut-\u00eatre un bullwhip sp\u00e9cifique en t\u00eate pour un futur achat, un cadeau pour quelqu&rsquo;un de sp\u00e9cial ou une am\u00e9lioration de votre collection. En le conservant dans votre liste de souhaits, vous pouvez facilement suivre la disponibilit\u00e9, les soldes et les changements de prix, en vous assurant de faire l&rsquo;achat au bon moment.  <\/p><\/li><li><p><strong>D\u00e9finissez vos priorit\u00e9s<\/strong>&nbsp;: Avec autant de produits de haute qualit\u00e9 disponibles sur Bantoro.com, il peut \u00eatre difficile d&rsquo;en choisir un seul. Votre liste de souhaits vous permet de hi\u00e9rarchiser vos s\u00e9lections, de comparer les fonctionnalit\u00e9s et de prendre des d\u00e9cisions \u00e9clair\u00e9es. Au fil du temps, vous pouvez affiner votre liste, en vous concentrant sur les articles qui r\u00e9pondent vraiment \u00e0 vos besoins et pr\u00e9f\u00e9rences.  <\/p><\/li><li><p><strong>Partagez avec vos amis et votre famille<\/strong>&nbsp;: Les listes de souhaits sont \u00e9galement parfaites pour le partage. Que vous fassiez allusion au cadeau d&rsquo;anniversaire parfait ou que vous collaboriez \u00e0 un achat group\u00e9, vous pouvez facilement partager votre liste de souhaits avec vos amis et votre famille. Cela garantit qu&rsquo;ils savent exactement ce que vous voulez, et cela \u00e9limine les conjectures en mati\u00e8re de cadeaux.  <\/p><\/li><li><p><strong>Restez inform\u00e9<\/strong>&nbsp;: Lorsque vous ajoutez des articles \u00e0 votre liste de souhaits, vous ne faites pas que les enregistrer&nbsp;; vous restez \u00e9galement connect\u00e9 \u00e0 eux. Notre syst\u00e8me peut vous informer des mises \u00e0 jour importantes, par exemple lorsque le produit souhait\u00e9 est de nouveau en stock, est en solde ou s&rsquo;il existe une offre \u00e0 dur\u00e9e limit\u00e9e. De cette fa\u00e7on, vous ne manquerez jamais l&rsquo;occasion d&rsquo;obtenir le produit que vous convoitez.  <\/p><\/li><\/ol><h4>Comment utiliser votre liste de souhaits<\/h4><p>L&rsquo;utilisation de la fonctionnalit\u00e9 de liste de souhaits sur Bantoro.com est simple et intuitive&nbsp;:<\/p><ol><li><p><strong>Cr\u00e9ez un compte<\/strong>&nbsp;: Si ce n&rsquo;est pas d\u00e9j\u00e0 fait, inscrivez-vous pour obtenir un compte gratuit sur Bantoro.com. Votre liste de souhaits sera li\u00e9e \u00e0 votre compte d&rsquo;utilisateur, vous pourrez donc y acc\u00e9der \u00e0 tout moment, depuis n&rsquo;importe quel appareil. <\/p><\/li><li><p><strong>Parcourez et ajoutez des articles<\/strong>&nbsp;: Lorsque vous explorerez notre vaste collection de bullwhips, de fouets et de floggers en cuir et en nylon, vous verrez un bouton \u00ab&nbsp;Ajouter \u00e0 la liste de souhaits&nbsp;\u00bb sur chaque page de produit. Cliquez simplement sur le bouton pour ajouter l&rsquo;article \u00e0 votre liste de souhaits. <\/p><\/li><li><p><strong>Affichez et g\u00e9rez votre liste de souhaits<\/strong>&nbsp;: Vous pouvez consulter votre liste de souhaits \u00e0 tout moment en vous connectant \u00e0 votre compte et en cliquant sur le lien \u00ab&nbsp;Liste de souhaits&nbsp;\u00bb. \u00c0 partir de l\u00e0, vous pouvez voir tous les articles que vous avez enregistr\u00e9s, supprimer les articles que vous ne voulez plus ou d\u00e9placer des articles vers votre panier lorsque vous \u00eates pr\u00eat \u00e0 effectuer un achat. <\/p><\/li><li><p><strong>Partagez votre liste de souhaits<\/strong>&nbsp;: Si vous souhaitez partager votre liste de souhaits avec d&rsquo;autres, vous trouverez des options pour l&rsquo;envoyer par e-mail ou sur les r\u00e9seaux sociaux. Vous pouvez \u00e9galement g\u00e9n\u00e9rer un lien partageable que tout le monde peut utiliser pour consulter votre liste de souhaits. <\/p><\/li><\/ol><h4>Pourquoi Bantoro.com&nbsp;?<\/h4><p>Chez Bantoro.com, nous sommes fiers d&rsquo;offrir une s\u00e9lection de bullwhips, de fouets et de floggers en cuir et en nylon de haute qualit\u00e9. Chaque produit est fabriqu\u00e9 avec soin et pr\u00e9cision, refl\u00e9tant notre engagement envers la qualit\u00e9 et la satisfaction du client. En utilisant la fonctionnalit\u00e9 de liste de souhaits, vous prenez le contr\u00f4le de votre exp\u00e9rience d&rsquo;achat, ce qui vous permet de trouver et d&rsquo;acheter plus facilement les articles qui vous int\u00e9ressent le plus.  <\/p><p>Que vous soyez un nouveau client ou un client fid\u00e8le, votre liste de souhaits est un outil essentiel pour rendre votre exp\u00e9rience d&rsquo;achat sur Bantoro.com aussi agr\u00e9able et fluide que possible. Commencez \u00e0 cr\u00e9er votre liste de souhaits d\u00e8s aujourd&rsquo;hui et faites le premier pas vers l&rsquo;acquisition du fouet ou du flogger parfait qui convient \u00e0 votre style et \u00e0 vos besoins. <\/p>\t\t\t\t\t\t\t\t<\/div>\n\t\t\t\t\t<\/div>\n\t\t\t\t<\/div>\n\t\t\t\t<\/div>\n\t\t","protected":false},"excerpt":{"rendered":"<p>Cr\u00e9ez votre liste de souhaits sur Bantoro.com Chez Bantoro.com, nous comprenons que la s\u00e9lection du bullwhip, du fouet ou du&#8230;<\/p>\n","protected":false},"author":1,"featured_media":0,"parent":0,"menu_order":0,"comment_status":"closed","ping_status":"closed","template":"","meta":{"footnotes":""},"class_list":["post-12231","page","type-page","status-publish","hentry"],"rttpg_featured_image_url":null,"rttpg_author":{"display_name":"Bantoro","author_link":"https:\/\/bantoro.com\/fr\/author\/rizonmobile\/"},"rttpg_comment":0,"rttpg_category":" <a href=\"https:\/\/bantoro.com\/fr\/?taxonomy=translation_priority&#038;term=facultatif\" rel=\"tag\">Facultatif<\/a>","rttpg_excerpt":"Cr\u00e9ez votre liste de souhaits sur Bantoro.com Chez Bantoro.com, nous comprenons que la s\u00e9lection du bullwhip, du fouet ou du...","_links":{"self":[{"href":"https:\/\/bantoro.com\/fr\/wp-json\/wp\/v2\/pages\/12231","targetHints":{"allow":["GET"]}}],"collection":[{"href":"https:\/\/bantoro.com\/fr\/wp-json\/wp\/v2\/pages"}],"about":[{"href":"https:\/\/bantoro.com\/fr\/wp-json\/wp\/v2\/types\/page"}],"author":[{"embeddable":true,"href":"https:\/\/bantoro.com\/fr\/wp-json\/wp\/v2\/users\/1"}],"replies":[{"embeddable":true,"href":"https:\/\/bantoro.com\/fr\/wp-json\/wp\/v2\/comments?post=12231"}],"version-history":[{"count":0,"href":"https:\/\/bantoro.com\/fr\/wp-json\/wp\/v2\/pages\/12231\/revisions"}],"wp:attachment":[{"href":"https:\/\/bantoro.com\/fr\/wp-json\/wp\/v2\/media?parent=12231"}],"curies":[{"name":"wp","href":"https:\/\/api.w.org\/{rel}","templated":true}]}}