{"id":12180,"date":"2023-01-07T10:47:58","date_gmt":"2023-01-07T10:47:58","guid":{"rendered":"https:\/\/bantoro.com\/suivi-de-commande\/"},"modified":"2026-01-27T15:32:51","modified_gmt":"2026-01-27T15:32:51","slug":"suivi-de-commande","status":"publish","type":"page","link":"https:\/\/bantoro.com\/fr\/suivi-de-commande\/","title":{"rendered":"Suivi de commande"},"content":{"rendered":"\t\t<div data-elementor-type=\"wp-page\" data-elementor-id=\"12180\" class=\"elementor elementor-12180 elementor-376\">\n\t\t\t\t<div class=\"elementor-element elementor-element-7a835125 e-flex e-con-boxed e-con e-parent\" data-id=\"7a835125\" data-element_type=\"container\" data-e-type=\"container\">\n\t\t\t\t\t<div class=\"e-con-inner\">\n\t\t\t\t<div class=\"elementor-element elementor-element-7ce8e5a4 elementor-widget elementor-widget-text-editor\" data-id=\"7ce8e5a4\" data-element_type=\"widget\" data-e-type=\"widget\" data-widget_type=\"text-editor.default\">\n\t\t\t\t\t\t\t\t\t<p><\/p>\n<p class=\"has-woostify-heading-color has-text-color has-woostify-heading-3-font-size\">Suivez votre commande<\/p>\n<p><\/p>\n<p><br><div class=\"woocommerce\"><\/div><br><\/p>\n<p><\/p>\n<div class=\"wp-block-spacer\" style=\"height: 42px;\" aria-hidden=\"true\"> <\/div>\n<p><\/p>\n<p><\/p>\n<p>Nous faisons tout notre possible pour exp\u00e9dier les commandes le jour m\u00eame. En p\u00e9riode de forte affluence, l\u2019exp\u00e9dition peut toutefois prendre un peu plus de temps. Toutes les commandes sont envoy\u00e9es depuis le Royaume-Uni via le service postal Royal Mail. Vous pouvez suivre votre commande \u00e0 l\u2019aide des tableaux ci-dessous, selon votre pays.  <\/p>\n<p><\/p>\n<p><\/p>\n<p>Suivez votre commande en fonction de votre pays. Les d\u00e9lais de livraison varient selon la destination. Retrouvez ci-dessous les liens de suivi correspondant \u00e0 votre commande.  <\/p>\n<p><\/p>\n<p><\/p>\n<div class=\"wp-block-spacer\" style=\"height: 42px;\" aria-hidden=\"true\"> <\/div>\n<p><\/p>\n<p><\/p>\n<p class=\"has-woostify-heading-color has-text-color has-woostify-heading-3-font-size\">D\u00e9lais de livraison et liens de suivi selon votre pays<\/p>\n<p><\/p>\n<p><\/p>\n<figure class=\"wp-block-table is-style-stripes\">\n<table class=\"has-woostify-heading-color has-text-color\">\n<thead>\n<tr>\n<th>Pays<\/th>\n<th>D\u00e9lai de livraison<\/th>\n<th>Lien de suivi<\/th>\n<\/tr>\n<\/thead>\n<tbody>\n<tr>\n<td> <\/td>\n<td> <\/td>\n<td> <\/td>\n<\/tr>\n<tr>\n<td>Royaume-Uni<\/td> \n<td>1 \u00e0 2 jours<\/td>\n<a href=\"https:\/\/www.royalmail.com\/track-your-item\" target=\"_blank\" rel=\"noreferrer noopener\"><\/a><td>https:\/\/www.royalmail.com\/track-your-item<\/td>\n<\/tr>\n<tr>\n<td>Australie<\/td>\n<td><\/td><td>5 \u00e0 7 jours<\/td>\n<a href=\"https:\/\/auspost.com.au\/mypost\/track\/#\/search\" target=\"_blank\" rel=\"noreferrer noopener\">https:\/\/auspost.com.au\/mypost\/track\/#\/search<\/a><br>\n<\/tr>\n<tr>\n<td>Autriche<\/td> \n<td>3 \u00e0 5 jours<\/td>\n<td><a href=\"https:\/\/www.post.at\/en\/s\/track-and-trace-search\" target=\"_blank\" rel=\"noreferrer noopener\"> https:\/\/www.post.at\/en\/s\/track-and-trace-search<\/a><\/td>\n<\/tr>\n<tr>\n<td>Belgique<\/td>\n<td>3 \u00e0 5 jours<\/td>\n<a href=\"https:\/\/track.bpost.cloud\/btr\/web\/#\/search?itemCode=LE561185647GB&amp;lang=en\" target=\"_blank\" rel=\"noreferrer noopener\"><\/a><td>https:\/\/track.bpost.cloud\/btr\/web\/#\/search?itemCode=LE561185647GB&amp;lang=en<\/td>\n<\/tr>\n<tr>\n<td>Canada<\/td>\n<td>5 \u00e0 7 jours<\/td>\n<a href=\"https:\/\/www.canadapost-postescanada.ca\/track-reperage\/en#\/home\" target=\"_blank\" rel=\"noreferrer noopener\"><\/a><td>https:\/\/www.canadapost-postescanada.ca\/track-reperage\/en#\/home<\/td>\n<\/tr>\n<tr>\n<td>France<\/td>\n<td>3 \u00e0 5 jours<\/td>\n<a href=\"https:\/\/www.laposte.fr\/outils\/suivre-vos-envois?\" target=\"_blank\" rel=\"noreferrer noopener\"><\/a><td>https:\/\/www.laposte.fr\/outils\/suivre-vos-envois?<\/td>\n<\/tr>\n<tr>\n<td>Allemagne<\/td>\n<td>3 \u00e0 5 jours<\/td>\n<a href=\"https:\/\/www.deutschepost.de\/sendung\/simpleQuery.html?\" target=\"_blank\" rel=\"noreferrer noopener\"><\/a><td>https:\/\/www.deutschepost.de\/sendung\/simpleQuery.html?<\/td>\n<\/tr>\n<tr>\n<td>Islande<\/td> \n<td>5 \u00e0 7 jours ouvr\u00e9s<\/td>\n<a href=\"https:\/\/posturinn.is\/en\/individuals\/receiving\/track-shipment\/\" target=\"_blank\" rel=\"noreferrer noopener\"><\/a><td>https:\/\/posturinn.is\/en\/individuals\/receiving\/track-shipment\/<\/td>\n<\/tr>\n<tr>\n<td>Italie<\/td> \n<td>3 \u00e0 5 jours<\/td>\n<a href=\"https:\/\/www.poste.it\/cerca\/index.html#\/risultati-spedizioni\/\" target=\"_blank\" rel=\"noreferrer noopener\"><\/a><td>https:\/\/www.poste.it\/cerca\/index.html#\/risultati-spedizioni\/<\/td>\n<\/tr>\n<tr>\n<td>Pays-Bas<\/td>\n<td>3 \u00e0 5 jours<\/td>\n<a href=\"https:\/\/tracking.postnl.nl\/track-and-trace\/#\/search\" target=\"_blank\" rel=\"noreferrer noopener\"><\/a><td>https:\/\/tracking.postnl.nl\/track-and-trace\/#\/search<\/td>\n<\/tr>\n<tr>\n<td>Norv\u00e8ge<\/td>\n<td>5 \u00e0 7 jours<\/td>\n<a href=\"https:\/\/www.posten.no\/en\/\" target=\"_blank\" rel=\"noreferrer noopener\"><\/a><td>https:\/\/www.posten.no\/en\/<\/td>\n<\/tr>\n<tr>\n<td>Portugal<\/td>\n<td>3 \u00e0 5 jours<\/td>\n<a href=\"https:\/\/www.ctt.pt\/feapl_2\/app\/open\/objectSearch\/objectSearch.jspx?request_locale=en\" target=\"_blank\" rel=\"noreferrer noopener\"><\/a><td>https:\/\/www.ctt.pt\/feapl_2\/app\/open\/objectSearch\/objectSearch.jspx?request_locale=en<\/td>\n<\/tr>\n<tr>\n<td>Espagne<\/td>\n<td>3 \u00e0 5 jours<\/td>\n<a href=\"https:\/\/www.correos.es\/es\/es\/particulares\" target=\"_blank\" rel=\"noreferrer noopener\"><\/a><td>https:\/\/www.correos.es\/es\/es\/particulares<\/td>\n<\/tr>\n<tr>\n<td>Suisse<\/td>\n<td>5 \u00e0 7 jours<\/td>\n<a href=\"https:\/\/service.post.ch\/ekp-web\/ui\/list\" target=\"_blank\" rel=\"noreferrer noopener\"><\/a><td>https:\/\/service.post.ch\/ekp-web\/ui\/list<\/td>\n<\/tr>\n<tr>\n<td>\u00c9tats-Unis<\/td>\n<td>5 \u00e0 7 jours<\/td>\n<a href=\"https:\/\/tools.usps.com\/go\/TrackConfirmAction_input\" target=\"_blank\" rel=\"noreferrer noopener\"><\/a><td>https:\/\/tools.usps.com\/go\/TrackConfirmAction_input<\/td>\n<\/tr>\n<\/tbody>\n<\/table>\n<\/figure>\n<p><\/p>\n<p><\/p>\n<p><\/p>\n<p><\/p>\n<div class=\"wp-block-spacer\" style=\"height: 42px;\" aria-hidden=\"true\"> <\/div>\n<p><\/p>\n<p><\/p>\n<p>Pour les envois internationaux, veuillez noter que des droits de douane et taxes peuvent s\u2019appliquer \u00e0 votre colis. L\u2019acheteur est responsable du paiement de ces frais et doit \u00e9galement contacter les autorit\u00e9s locales pour r\u00e9cup\u00e9rer son colis.  <\/p>\n<p><\/p>\n<p><\/p>\n<div class=\"wp-block-spacer\" style=\"height: 42px;\" aria-hidden=\"true\"> <\/div>\n<p><\/p>\n<p><\/p>\n<p><\/p>\n<p><\/p>\n<p class=\"has-woostify-heading-color has-text-color has-woostify-heading-3-font-size\"><strong>Commandes Royaume-Uni<\/strong><\/p>\n<p><\/p>\n<p><\/p>\n<p>Toutes les commandes au Royaume-Uni sont envoy\u00e9es via un service fiable avec suivi sous 48 heures. Nous faisons de votre satisfaction une priorit\u00e9 et veillons \u00e0 ce que votre commande vous parvienne \u00e0 temps. Si vous n\u2019avez pas re\u00e7u votre commande au bout de 4 jours apr\u00e8s l\u2019exp\u00e9dition, veuillez suivre les \u00e9tapes suivantes :  <\/p>\n<p><\/p>\n<p><\/p>\n<ol>\n<li style=\"list-style-type: none;\">\n<ol><\/ol>\n<\/li>\n<\/ol>\n<ol>\n<li style=\"list-style-type: none;\">\n<ol>\n<li><strong>Suivez votre colis en ligne :<\/strong> Rendez-vous sur notre site et entrez le num\u00e9ro de suivi fourni pour obtenir des informations en temps r\u00e9el sur la localisation et le d\u00e9lai de livraison estim\u00e9. <\/li>\n<\/ol>\n<\/li>\n<\/ol>\n<p><\/p>\n<p><\/p>\n<ol>\n<li style=\"list-style-type: none;\">\n<ol>\n<li>Contactez votre service Royal Mail local : Si le suivi ne vous apporte pas suffisamment d\u2019informations ou si vous avez besoin d\u2019aide, n\u2019h\u00e9sitez pas \u00e0 contacter votre bureau Royal Mail local.<\/li>\n<\/ol>\n<\/li>\n<\/ol>\n<p><\/p>\n<p><\/p>\n<ol>\n<li style=\"list-style-type: none;\">\n<ol>\n<li><strong>Impossible de localiser votre colis : <\/strong>Dans le cas rare o\u00f9 vous ne parviendriez pas \u00e0 suivre votre colis ou si vous avez besoin d\u2019aide concernant votre commande, n\u2019h\u00e9sitez pas \u00e0 nous contacter \u00e0 <strong>admin@bantoro.com<\/strong>. Notre \u00e9quipe du service client est l\u00e0 pour vous aider.<br><a href=\"mailto:admin@bantoro.com\">mailto:admin@bantoro.com<\/a> Notre \u00e9quipe du service client est l\u00e0 pour vous aider.<\/li>\n<\/ol>\n<\/li>\n<\/ol>\n<p><\/p>\n<p><\/p>\n<p><\/p>\n<div class=\"wp-block-spacer\" style=\"height: 42px;\" aria-hidden=\"true\"> <\/div>\n<p><\/p>\n<p><\/p>\n<p class=\"has-woostify-heading-color has-text-color has-woostify-heading-3-font-size\"><strong>Commandes internationales<\/strong><\/p>\n<p><\/p>\n<p><\/p>\n<p>Pour nos pr\u00e9cieux clients internationaux, nous comprenons que les d\u00e9lais de livraison peuvent varier. Toutes les commandes internationales sont exp\u00e9di\u00e9es avec soin, et nous visons votre enti\u00e8re satisfaction. Si vous n\u2019avez pas re\u00e7u votre commande internationale dans un d\u00e9lai de 10 jours ouvr\u00e9s \u00e0 compter de la date d\u2019exp\u00e9dition, veuillez suivre les consignes ci-dessous :  <\/p>\n<p><\/p>\n<p><\/p>\n<ol>\n<li style=\"list-style-type: none;\">\n<ol><\/ol>\n<\/li>\n<\/ol>\n<ol>\n<li style=\"list-style-type: none;\">\n<ol>\n<li><strong>V\u00e9rifiez le statut de suivi en ligne : <\/strong>Rendez-vous sur notre site web et utilisez le num\u00e9ro de suivi fourni pour surveiller l\u2019acheminement de votre colis. Cela vous permettra de rester inform\u00e9 de l\u2019\u00e9tat et de la localisation de votre commande. <\/li>\n<\/ol>\n<\/li>\n<\/ol>\n<p><\/p>\n<p><\/p>\n<ol>\n<li style=\"list-style-type: none;\">\n<ol>\n<li>Contactez le service postal local : Si les informations de suivi indiquent un probl\u00e8me ou si votre colis est retenu par les douanes, veuillez contacter votre service postal local afin d\u2019obtenir de l\u2019aide pour la lib\u00e9ration de votre colis.<\/li>\n<\/ol>\n<\/li>\n<\/ol>\n<p><\/p>\n<p><\/p>\n<ol>\n<li style=\"list-style-type: none;\">\n<ol>\n<li><strong>Demandes li\u00e9es aux douanes : <\/strong>Si vous avez besoin d\u2019aide concernant des questions li\u00e9es aux douanes, n\u2019h\u00e9sitez pas \u00e0 nous contacter par e-mail \u00e0 <strong>admin@bantoro.com<\/strong>. Nous sommes l\u00e0 pour vous accompagner tout au long du processus.<br><a href=\"mailto:admin@bantoro.com\">mailto:admin@bantoro.com<\/a> Nous sommes l\u00e0 pour vous accompagner tout au long du processus<\/li>\n<\/ol>\n<\/li>\n<\/ol>\n<p><\/p>\n<p><\/p>\n<ol>\n<li style=\"list-style-type: none;\">\n<ol>\n<li><strong>Colis perdu : <\/strong>Dans le cas malheureux o\u00f9 votre colis serait perdu et ne pourrait pas \u00eatre localis\u00e9, nous ouvrirons une r\u00e9clamation pour colis perdu aupr\u00e8s du service postal concern\u00e9. Selon les circonstances, nous vous proposerons soit un remboursement, soit un remplacement. <\/li>\n<\/ol>\n<\/li>\n<\/ol>\n<p><\/p>\n<p><\/p>\n<p><\/p>\n<p>Votre satisfaction et votre tranquillit\u00e9 d\u2019esprit sont importantes pour nous, et nous nous engageons \u00e0 vous offrir une exp\u00e9rience d\u2019achat fluide et agr\u00e9able. Si vous avez des questions ou besoin d\u2019aide concernant votre commande, n\u2019h\u00e9sitez pas \u00e0 nous contacter \u00e0 <strong>admin@bantoro.com<\/strong>. Nous sommes l\u00e0 pour vous accompagner \u00e0 chaque \u00e9tape.<br><a href=\"mailto:admin@bantoro.com\">mailto:admin@bantoro.com<\/a>  <\/p>\n<p>Dans le cas o\u00f9 votre commande serait manquante et ne pourrait pas \u00eatre localis\u00e9e, nous ouvrirons une r\u00e9clamation pour colis perdu aupr\u00e8s du service postal concern\u00e9. Selon les circonstances, nous vous proposerons soit un remboursement, soit un remplacement. Votre satisfaction et votre tranquillit\u00e9 d\u2019esprit sont notre priorit\u00e9, et nous mettons tout en \u0153uvre pour vous offrir une exp\u00e9rience d\u2019achat fluide et sans souci. Pour toute question ou assistance concernant votre commande, n\u2019h\u00e9sitez pas \u00e0 nous contacter \u00e0 admin@bantoro.com. Nous sommes l\u00e0 pour vous accompagner \u00e0 chaque \u00e9tape. <\/p>\n<p><\/p>\t\t\t\t\t\t\t\t<\/div>\n\t\t\t\t\t<\/div>\n\t\t\t\t<\/div>\n\t\t\t\t<\/div>\n\t\t","protected":false},"excerpt":{"rendered":"<p>Suivez votre commande Nous faisons tout notre possible pour exp\u00e9dier les commandes le jour m\u00eame. En p\u00e9riode de forte affluence,&#8230;<\/p>\n","protected":false},"author":1,"featured_media":0,"parent":0,"menu_order":0,"comment_status":"closed","ping_status":"closed","template":"","meta":{"footnotes":""},"class_list":["post-12180","page","type-page","status-publish","hentry"],"rttpg_featured_image_url":null,"rttpg_author":{"display_name":"Bantoro","author_link":"https:\/\/bantoro.com\/fr\/author\/rizonmobile\/"},"rttpg_comment":0,"rttpg_category":" <a href=\"https:\/\/bantoro.com\/fr\/?taxonomy=translation_priority&#038;term=facultatif\" rel=\"tag\">Facultatif<\/a>","rttpg_excerpt":"Suivez votre commande Nous faisons tout notre possible pour exp\u00e9dier les commandes le jour m\u00eame. En p\u00e9riode de forte affluence,...","_links":{"self":[{"href":"https:\/\/bantoro.com\/fr\/wp-json\/wp\/v2\/pages\/12180","targetHints":{"allow":["GET"]}}],"collection":[{"href":"https:\/\/bantoro.com\/fr\/wp-json\/wp\/v2\/pages"}],"about":[{"href":"https:\/\/bantoro.com\/fr\/wp-json\/wp\/v2\/types\/page"}],"author":[{"embeddable":true,"href":"https:\/\/bantoro.com\/fr\/wp-json\/wp\/v2\/users\/1"}],"replies":[{"embeddable":true,"href":"https:\/\/bantoro.com\/fr\/wp-json\/wp\/v2\/comments?post=12180"}],"version-history":[{"count":0,"href":"https:\/\/bantoro.com\/fr\/wp-json\/wp\/v2\/pages\/12180\/revisions"}],"wp:attachment":[{"href":"https:\/\/bantoro.com\/fr\/wp-json\/wp\/v2\/media?parent=12180"}],"curies":[{"name":"wp","href":"https:\/\/api.w.org\/{rel}","templated":true}]}}