{"id":11145,"date":"2024-10-14T09:09:35","date_gmt":"2024-10-14T08:09:35","guid":{"rendered":"https:\/\/bantoro.com\/reglementations-generales-sur-la-securite-des-produits\/"},"modified":"2025-12-12T14:21:32","modified_gmt":"2025-12-12T14:21:32","slug":"reglementations-generales-sur-la-securite-des-produits","status":"publish","type":"page","link":"https:\/\/bantoro.com\/fr\/reglementations-generales-sur-la-securite-des-produits\/","title":{"rendered":"R\u00e9glementations g\u00e9n\u00e9rales sur la s\u00e9curit\u00e9 des produits"},"content":{"rendered":"\t\t<div data-elementor-type=\"wp-page\" data-elementor-id=\"11145\" class=\"elementor elementor-11145 elementor-4558\">\n\t\t\t\t<div class=\"elementor-element elementor-element-fb98f94 e-flex e-con-boxed e-con e-parent\" data-id=\"fb98f94\" data-element_type=\"container\" data-e-type=\"container\">\n\t\t\t\t\t<div class=\"e-con-inner\">\n\t\t<div class=\"elementor-element elementor-element-9934f8a e-con-full e-flex e-con e-child\" data-id=\"9934f8a\" data-element_type=\"container\" data-e-type=\"container\">\n\t\t\t\t<div class=\"elementor-element elementor-element-3f9f6b4 elementor-widget elementor-widget-heading\" data-id=\"3f9f6b4\" data-element_type=\"widget\" data-e-type=\"widget\" data-widget_type=\"heading.default\">\n\t\t\t\t\t<h1 class=\"elementor-heading-title elementor-size-default\">R\u00e9glementations g\u00e9n\u00e9rales sur la s\u00e9curit\u00e9 des produits<\/h1>\t\t\t\t<\/div>\n\t\t\t\t<\/div>\n\t\t<div class=\"elementor-element elementor-element-4f61a45 e-con-full e-flex e-con e-child\" data-id=\"4f61a45\" data-element_type=\"container\" data-e-type=\"container\">\n\t\t\t\t<div class=\"elementor-element elementor-element-aba83fb elementor-widget elementor-widget-image\" data-id=\"aba83fb\" data-element_type=\"widget\" data-e-type=\"widget\" data-widget_type=\"image.default\">\n\t\t\t\t\t\t\t\t\t\t\t\t\t\t\t<img fetchpriority=\"high\" decoding=\"async\" width=\"298\" height=\"169\" src=\"https:\/\/bantoro.com\/wp-content\/uploads\/2024\/10\/gpsr_logo-png.webp\" class=\"attachment-large size-large wp-image-11095\" alt=\"R\u00e9glementations g\u00e9n\u00e9rales sur la s\u00e9curit\u00e9 des produits\" \/>\t\t\t\t\t\t\t\t\t\t\t\t\t\t\t<\/div>\n\t\t\t\t<\/div>\n\t\t\t\t\t<\/div>\n\t\t\t\t<\/div>\n\t\t<div class=\"elementor-element elementor-element-23f98f7 e-flex e-con-boxed e-con e-parent\" data-id=\"23f98f7\" data-element_type=\"container\" data-e-type=\"container\">\n\t\t\t\t\t<div class=\"e-con-inner\">\n\t\t\t\t<div class=\"elementor-element elementor-element-9f8c724 elementor-widget elementor-widget-text-editor\" data-id=\"9f8c724\" data-element_type=\"widget\" data-e-type=\"widget\" data-widget_type=\"text-editor.default\">\n\t\t\t\t\t\t\t\t\t<ul><li>Fouets &#8211; Informations de s\u00e9curit\u00e9<\/li><li>Floggers &#8211; Informations de s\u00e9curit\u00e9<\/li><li>Carquois d&rsquo;archerie &#8211; Informations de s\u00e9curit\u00e9<\/li><li>Sacs &#8211; Informations de s\u00e9curit\u00e9<\/li><\/ul>\t\t\t\t\t\t\t\t<\/div>\n\t\t\t\t\t<\/div>\n\t\t\t\t<\/div>\n\t\t<div class=\"elementor-element elementor-element-338a649 e-flex e-con-boxed e-con e-parent\" data-id=\"338a649\" data-element_type=\"container\" data-e-type=\"container\">\n\t\t\t\t\t<div class=\"e-con-inner\">\n\t\t\t\t<div class=\"elementor-element elementor-element-be42379 elementor-widget elementor-widget-heading\" data-id=\"be42379\" data-element_type=\"widget\" data-e-type=\"widget\" data-widget_type=\"heading.default\">\n\t\t\t\t\t<h2 class=\"elementor-heading-title elementor-size-default\">Informations de s\u00e9curit\u00e9 sur les fouets<\/h2>\t\t\t\t<\/div>\n\t\t\t\t\t<\/div>\n\t\t\t\t<\/div>\n\t\t<div class=\"elementor-element elementor-element-d8e701c e-flex e-con-boxed e-con e-parent\" data-id=\"d8e701c\" data-element_type=\"container\" data-e-type=\"container\">\n\t\t\t\t\t<div class=\"e-con-inner\">\n\t\t\t\t<div class=\"elementor-element elementor-element-7a7edf2 elementor-widget elementor-widget-text-editor\" data-id=\"7a7edf2\" data-element_type=\"widget\" data-e-type=\"widget\" data-widget_type=\"text-editor.default\">\n\t\t\t\t\t\t\t\t\t<p><b>Produit&nbsp;:<\/b><span style=\"font-weight: 400;\"> Fouet en cuir\/nylon\/Fouet de Stock\/Fouet serpent<\/span><span style=\"font-weight: 400;\"><br><\/span><b>Fabricant&nbsp;:<\/b><span style=\"font-weight: 400;\"><a href=\"https:\/\/bantoro.com\/fr\/\"> Bantoro<\/a> Limited<\/span><span style=\"font-weight: 400;\"><br><\/span><b>Mod\u00e8le&nbsp;:<\/b><span style=\"font-weight: 400;\"> Divers fouets en cuir fabriqu\u00e9s \u00e0 la main<\/span><\/p><p><span style=\"font-weight: 400;\">Le fouet en cuir est un outil fabriqu\u00e9 \u00e0 la main con\u00e7u pour les utilisateurs qualifi\u00e9s. Il est fabriqu\u00e9 \u00e0 partir de cuir de haute qualit\u00e9 et est destin\u00e9 \u00e0 \u00eatre utilis\u00e9 dans des environnements contr\u00f4l\u00e9s. En raison de son potentiel de blessure, le strict respect des consignes de s\u00e9curit\u00e9 est n\u00e9cessaire pour garantir une utilisation responsable.  <\/span><\/p><h4><b>1. Risques potentiels<\/b><\/h4><ul><li style=\"font-weight: 400;\" aria-level=\"1\"><b>Risque de blessure grave&nbsp;:<\/b><span style=\"font-weight: 400;\"> Les fouets en cuir sont capables de causer de graves dommages physiques. Lorsqu&rsquo;ils sont utilis\u00e9s de mani\u00e8re inappropri\u00e9e, ils peuvent lac\u00e9rer la peau, provoquer des ecchymoses ou m\u00eame casser des os si une force suffisante est appliqu\u00e9e.<\/span><\/li><li style=\"font-weight: 400;\" aria-level=\"1\"><b>Lac\u00e9rations et coupures de la peau&nbsp;:<\/b><span style=\"font-weight: 400;\"> L&rsquo;extr\u00e9mit\u00e9 (ou \u00ab&nbsp;claquoir&nbsp;\u00bb) du fouet peut se d\u00e9placer \u00e0 des vitesses extr\u00eamement \u00e9lev\u00e9es, coupant ou brisant potentiellement la peau humaine. Les utilisateurs doivent faire preuve d&rsquo;une extr\u00eame prudence lors de la manipulation du fouet et s&rsquo;assurer qu&rsquo;ils ma\u00eetrisent son utilisation.<\/span><\/li><\/ul><h4><b>2. Environnement d&rsquo;utilisation<\/b><\/h4><ul><li style=\"font-weight: 400;\" aria-level=\"1\"><b>Exigence d&rsquo;espace ouvert&nbsp;:<\/b><span style=\"font-weight: 400;\"> Les fouets en cuir ne doivent \u00eatre utilis\u00e9s que dans de grands espaces ouverts pour assurer la s\u00e9curit\u00e9 des autres. Il existe un risque important de frapper accidentellement des personnes \u00e0 proximit\u00e9 si le fouet est utilis\u00e9 dans des espaces confin\u00e9s ou bond\u00e9s.<\/span><\/li><li style=\"font-weight: 400;\" aria-level=\"1\"><b>Environnement d\u00e9gag\u00e9&nbsp;:<\/b><span style=\"font-weight: 400;\"> Assurez-vous qu&rsquo;il n&rsquo;y a pas d&rsquo;obstacles ou d&rsquo;objets \u00e0 proximit\u00e9 qui pourraient \u00eatre endommag\u00e9s, et aucune personne ou animal dans la port\u00e9e effective du fouet (g\u00e9n\u00e9ralement au moins 3 m\u00e8tres dans toutes les directions).<\/span><\/li><\/ul><h4><b>3. Exp\u00e9rience utilisateur recommand\u00e9e<\/b><\/h4><ul><li style=\"font-weight: 400;\" aria-level=\"1\"><b>Formation et exp\u00e9rience&nbsp;:<\/b><span style=\"font-weight: 400;\"> Les fouets en cuir doivent id\u00e9alement \u00eatre utilis\u00e9s par des personnes ayant re\u00e7u une formation appropri\u00e9e ou ayant de l&rsquo;exp\u00e9rience dans la manipulation des fouets. Les utilisateurs novices doivent s&rsquo;entra\u00eener dans un environnement s\u00fbr et contr\u00f4l\u00e9 avec une force minimale jusqu&rsquo;\u00e0 ce qu&rsquo;ils d\u00e9veloppent les comp\u00e9tences n\u00e9cessaires.<\/span><\/li><li style=\"font-weight: 400;\" aria-level=\"1\"><b>\u00c9quipement de protection individuelle (EPI)&nbsp;:<\/b><span style=\"font-weight: 400;\"> Il est conseill\u00e9 de porter un \u00e9quipement de protection, tel qu&rsquo;une protection oculaire et des v\u00eatements \u00e0 manches longues, pendant l&rsquo;utilisation afin de minimiser le risque de blessure auto-inflig\u00e9e.<\/span><\/li><\/ul><h4><b>4. Consignes de manipulation s\u00e9curitaire<\/b><\/h4><ul><li style=\"font-weight: 400;\" aria-level=\"1\"><b>Inspecter avant utilisation&nbsp;:<\/b><span style=\"font-weight: 400;\"> Inspectez toujours le fouet avant chaque utilisation pour d\u00e9tecter tout signe d&rsquo;usure ou de dommage, en particulier sur le manche et l&rsquo;extr\u00e9mit\u00e9 du fouet. Un fouet endommag\u00e9 peut se comporter de mani\u00e8re impr\u00e9visible et augmenter le risque de blessure.<\/span><\/li><li style=\"font-weight: 400;\" aria-level=\"1\"><b>Prise appropri\u00e9e&nbsp;:<\/b><span style=\"font-weight: 400;\"> Assurez-vous d&rsquo;avoir une prise ferme sur le manche. Le fait de glisser ou de perdre le contr\u00f4le du fouet peut entra\u00eener des coups involontaires, augmentant ainsi le risque de blessure pour vous-m\u00eame ou pour les autres.<\/span><\/li><li style=\"font-weight: 400;\" aria-level=\"1\"><b>Mouvements contr\u00f4l\u00e9s&nbsp;:<\/b><span style=\"font-weight: 400;\"> \u00c9vitez d&rsquo;exercer une force excessive lorsque vous faites claquer le fouet. Les mouvements \u00e0 grande vitesse peuvent rendre le fouet plus difficile \u00e0 contr\u00f4ler et augmenter consid\u00e9rablement le risque de blessure.<\/span><\/li><\/ul><h4><b>5. Stockage et entretien<\/b><\/h4><ul><li style=\"font-weight: 400;\" aria-level=\"1\"><b>Stockage s\u00e9curitaire&nbsp;:<\/b><span style=\"font-weight: 400;\"> Conservez le fouet dans un endroit s\u00fbr, \u00e0 l&rsquo;abri des enfants ou des personnes non form\u00e9es. Le fouet doit \u00eatre stock\u00e9 dans un endroit sec, \u00e0 l&rsquo;abri de l&rsquo;humidit\u00e9 ou des sources de chaleur, afin de maintenir la qualit\u00e9 et la durabilit\u00e9 du cuir.<\/span><\/li><li style=\"font-weight: 400;\" aria-level=\"1\"><b>Entretien r\u00e9gulier&nbsp;:<\/b><span style=\"font-weight: 400;\"> Appliquez p\u00e9riodiquement des revitalisants pour cuir afin d&#8217;emp\u00eacher le fouet de se dess\u00e9cher et de se fissurer, ce qui peut compromettre ses performances et sa s\u00e9curit\u00e9. Pour plus d&rsquo;informations, consultez https:\/\/bantoro.com\/ultimate-leather-bullwhip-care-guide\/<\/span><\/li><\/ul><h4><b>6. Restrictions l\u00e9gales<\/b><\/h4><ul><li style=\"font-weight: 400;\" aria-level=\"1\"><b>Ne convient pas aux mineurs&nbsp;:<\/b><span style=\"font-weight: 400;\"> Ce produit n&rsquo;est pas un jouet et ne doit pas \u00eatre utilis\u00e9 par des personnes de moins de 18&nbsp;ans sans la surveillance d&rsquo;un adulte et une formation ad\u00e9quate.<\/span><\/li><li style=\"font-weight: 400;\" aria-level=\"1\"><b>Utilisation responsable&nbsp;:<\/b><span style=\"font-weight: 400;\"> Le fouet en cuir doit \u00eatre utilis\u00e9 de mani\u00e8re responsable et jamais d&rsquo;une mani\u00e8re qui pourrait causer du tort \u00e0 autrui. L&rsquo;utilisation abusive du produit \u00e0 des fins violentes ou malveillantes peut entra\u00eener des cons\u00e9quences juridiques.<\/span><\/li><\/ul><h4><b>7. Avis de non-responsabilit\u00e9<\/b><\/h4><p><span style=\"font-weight: 400;\"><a href=\"https:\/\/www.trustpilot.com\/review\/bantoro.com\">Bantoro Limited<\/a> n&rsquo;est pas responsable des blessures ou des dommages r\u00e9sultant d&rsquo;une utilisation inappropri\u00e9e ou imprudente du fouet en cuir. Il est de la responsabilit\u00e9 de l&rsquo;utilisateur de s&rsquo;assurer que le produit est utilis\u00e9 en toute s\u00e9curit\u00e9 et conform\u00e9ment aux directives fournies. <\/span><\/p><p><span style=\"font-weight: 400;\">En respectant ces r\u00e8gles de s\u00e9curit\u00e9, les utilisateurs peuvent profiter du savoir-faire et des performances d&rsquo;un fouet en cuir tout en minimisant le risque de blessure pour eux-m\u00eames ou pour les autres.<\/span><\/p><p><span style=\"font-weight: 400;\">Si vous avez besoin de plus d&rsquo;informations ou si vous avez d&rsquo;autres questions, veuillez contacter admin@bantoro.com<\/span><\/p>\t\t\t\t\t\t\t\t<\/div>\n\t\t\t\t\t<\/div>\n\t\t\t\t<\/div>\n\t\t\t\t<\/div>\n\t\t","protected":false},"excerpt":{"rendered":"<p>R\u00e9glementations g\u00e9n\u00e9rales sur la s\u00e9curit\u00e9 des produits Fouets &#8211; Informations de s\u00e9curit\u00e9 Floggers &#8211; Informations de s\u00e9curit\u00e9 Carquois d&rsquo;archerie &#8211;&#8230;<\/p>\n","protected":false},"author":1,"featured_media":11147,"parent":0,"menu_order":0,"comment_status":"closed","ping_status":"closed","template":"","meta":{"footnotes":""},"class_list":["post-11145","page","type-page","status-publish","has-post-thumbnail","hentry"],"rttpg_featured_image_url":{"full":["https:\/\/bantoro.com\/wp-content\/uploads\/2024\/10\/GPSR_main_image-png.webp",2240,1260,false],"landscape":["https:\/\/bantoro.com\/wp-content\/uploads\/2024\/10\/GPSR_main_image-png.webp",2240,1260,false],"portraits":["https:\/\/bantoro.com\/wp-content\/uploads\/2024\/10\/GPSR_main_image-png.webp",2240,1260,false],"thumbnail":["https:\/\/bantoro.com\/wp-content\/uploads\/2024\/10\/GPSR_main_image-150x150.webp",150,150,true],"medium":["https:\/\/bantoro.com\/wp-content\/uploads\/2024\/10\/GPSR_main_image-300x169.webp",300,169,true],"large":["https:\/\/bantoro.com\/wp-content\/uploads\/2024\/10\/GPSR_main_image-1024x576.webp",1024,576,true],"1536x1536":["https:\/\/bantoro.com\/wp-content\/uploads\/2024\/10\/GPSR_main_image-1536x864.webp",1536,864,true],"2048x2048":["https:\/\/bantoro.com\/wp-content\/uploads\/2024\/10\/GPSR_main_image-2048x1152.webp",2048,1152,true],"woocommerce_thumbnail":["https:\/\/bantoro.com\/wp-content\/uploads\/2024\/10\/GPSR_main_image-300x300.webp",300,300,true],"woocommerce_single":["https:\/\/bantoro.com\/wp-content\/uploads\/2024\/10\/GPSR_main_image-600x338.webp",600,338,true],"woocommerce_gallery_thumbnail":["https:\/\/bantoro.com\/wp-content\/uploads\/2024\/10\/GPSR_main_image-100x100.webp",100,100,true],"variation_swatches_image_size":["https:\/\/bantoro.com\/wp-content\/uploads\/2024\/10\/GPSR_main_image-50x50.webp",50,50,true],"variation_swatches_tooltip_size":["https:\/\/bantoro.com\/wp-content\/uploads\/2024\/10\/GPSR_main_image-100x100.webp",100,100,true]},"rttpg_author":{"display_name":"Bantoro","author_link":"https:\/\/bantoro.com\/fr\/author\/rizonmobile\/"},"rttpg_comment":0,"rttpg_category":" <a href=\"https:\/\/bantoro.com\/fr\/?taxonomy=translation_priority&#038;term=facultatif\" rel=\"tag\">Facultatif<\/a>","rttpg_excerpt":"R\u00e9glementations g\u00e9n\u00e9rales sur la s\u00e9curit\u00e9 des produits Fouets &#8211; Informations de s\u00e9curit\u00e9 Floggers &#8211; Informations de s\u00e9curit\u00e9 Carquois d&rsquo;archerie &#8211;...","_links":{"self":[{"href":"https:\/\/bantoro.com\/fr\/wp-json\/wp\/v2\/pages\/11145","targetHints":{"allow":["GET"]}}],"collection":[{"href":"https:\/\/bantoro.com\/fr\/wp-json\/wp\/v2\/pages"}],"about":[{"href":"https:\/\/bantoro.com\/fr\/wp-json\/wp\/v2\/types\/page"}],"author":[{"embeddable":true,"href":"https:\/\/bantoro.com\/fr\/wp-json\/wp\/v2\/users\/1"}],"replies":[{"embeddable":true,"href":"https:\/\/bantoro.com\/fr\/wp-json\/wp\/v2\/comments?post=11145"}],"version-history":[{"count":0,"href":"https:\/\/bantoro.com\/fr\/wp-json\/wp\/v2\/pages\/11145\/revisions"}],"wp:featuredmedia":[{"embeddable":true,"href":"https:\/\/bantoro.com\/fr\/wp-json\/wp\/v2\/media\/11147"}],"wp:attachment":[{"href":"https:\/\/bantoro.com\/fr\/wp-json\/wp\/v2\/media?parent=11145"}],"curies":[{"name":"wp","href":"https:\/\/api.w.org\/{rel}","templated":true}]}}