{"id":15129,"date":"2024-07-16T09:14:35","date_gmt":"2024-07-16T08:14:35","guid":{"rendered":"https:\/\/bantoro.com\/shop\/unkategorisiert\/rot-schwarze-handgefertigte-nagaika-kamtscha-peitsche-25-ft-kosaken-lederpeitsche\/"},"modified":"2026-05-14T11:21:07","modified_gmt":"2026-05-14T10:21:07","slug":"nagaika-kamtscha-peitsche","status":"publish","type":"product","link":"https:\/\/bantoro.com\/de\/shop\/lederpeitschen-2-bis-3-fus\/nagaika-kamtscha-peitsche\/","title":{"rendered":"Rot-schwarze handgefertigte Nagaika-Kamtscha-Peitsche, 2,5 ft, Kosaken-Lederpeitsche"},"content":{"rendered":"\n<div class=\"epyt-video-wrapper\"><iframe  id=\"_ytid_90270\"  width=\"800\" height=\"450\"  data-origwidth=\"800\" data-origheight=\"450\" src=\"https:\/\/www.youtube.com\/embed\/vWo-j6mSOxY[\/embedyt]?enablejsapi=1&#038;autoplay=0&#038;cc_load_policy=0&#038;iv_load_policy=1&#038;loop=0&#038;fs=1&#038;playsinline=0&#038;controls=1&#038;disablekb=0&#038;color=red&#038;cc_lang_pref=&#038;rel=0&#038;autohide=2&#038;theme=dark&#038;\" class=\"__youtube_prefs__  epyt-is-override  no-lazyload\" data-vol=\"50\"  title=\"YouTube player\"  allow=\"fullscreen; accelerometer; autoplay; clipboard-write; encrypted-media; gyroscope; picture-in-picture; web-share\" referrerpolicy=\"strict-origin-when-cross-origin\" allowfullscreen data-no-lazy=\"1\" data-skipgform_ajax_framebjll=\"\"><\/iframe><\/div>\n<p>Entdecke die <strong>rot-schwarze, handgefertigte Nagaika-Kamtscha-Peitsche<\/strong> \u2013 eine professionell gefertigte <strong>Kosaken-Kamtscha-Peitsche,<\/strong> entwickelt f\u00fcr Langlebigkeit, Balance und hervorragende Peitschenknall-Leistung.<br \/>\nDiese handgefertigte Nagaika mit <strong>12-facher Flechtung besteht<\/strong> aus <strong>100 % echtem Vollnarbenleder<\/strong> und bietet dadurch hohe Festigkeit, Flexibilit\u00e4t und zuverl\u00e4ssige Handhabung \u2013 ideal f\u00fcr Sammler, Vorf\u00fchrende und Liebhaber gleicherma\u00dfen.<br \/>\nMit einer <strong>Gesamtl\u00e4nge von 2,5 Fu\u00df<\/strong> (ca. 30 Zoll) liefert diese r<strong>ussische Kosaken-Nagaika<\/strong> einen <strong>scharfen Knall<\/strong> bei gleichzeitig hervorragender Kontrolle und hochwertiger Verarbeitung.<br \/>\nOb zum \u00dcben des Peitschenknalls oder als hochwertiges Lederst\u00fcck f\u00fcr die Sammlung \u2013 diese handgefertigte Peitsche bietet ein <strong>erstklassiges Erlebnis.<\/strong><\/p>\n<p>Nicht sicher, welche Peitschenl\u00e4nge f\u00fcr deine Bed\u00fcrfnisse die richtige ist? Schau dir unseren Leitfaden \u201e<a href=\"https:\/\/bantoro.com\/peitschen-laengen-groessenleitfaden\/\">Peitschenl\u00e4ngen erkl\u00e4rt\u201c an.<\/a><\/p>\n<p>Entdecke weitere kompakte Designs in unserer Kollektion \u201e<a href=\"https:\/\/bantoro.com\/de\/produkt-kategorie\/lederpeitschen-2-bis-3-fus\/\">Lederpeitschen (2 bis 3 Fu\u00df)\u201c.<\/a><\/p>\n<p>F\u00fcr weitere Informationen zur Pflege von <strong>Peitschen <\/strong>und um sicherzustellen, dass deine Nagaika-Peitsche in bestem Zustand bleibt, besuche den <strong><a href=\"https:\/\/bantoro.com\/ultimativer Leder-Bullwhip-Pflegeleitfaden\/\" target=\"_new\" rel=\"noopener\">Leitfaden \u201ePeitschenpflege\u201c.<\/a><\/strong><br \/>\nTipps zum Eintragen deiner neuen Peitsche und zur Verbesserung deiner Technik findest du in unserem Leitfaden \u201e<strong><a href=\"https:\/\/bantoro.com\/Bullwhip einspielen &amp; die Peitsche meistern\/\" target=\"_new\" rel=\"noopener\">Peitsche einarbeiten\u201c.<\/a><\/strong><\/p>\n<p>Bestelle deine <strong>Kosaken-Kamtscha-Peitsche <\/strong>noch heute bei <strong><a href=\"https:\/\/bantoro.com\/de\/\">Bantoro<\/a><\/strong>, deiner vertrauensw\u00fcrdigen Quelle f\u00fcr hochwertige handgefertigte Lederwaren.<\/p>\n<h3>H\u00e4ufig gestellte Fragen<\/h3>\n<p data-start=\"4165\" data-end=\"4192\"><strong>Was ist eine Nagaika-Peitsche?<br \/>\n<\/strong><\/p>\n<p data-start=\"4194\" data-end=\"4328\">Eine Nagaika-Peitsche ist eine traditionelle russische Kosaken-Lederpeitsche, die f\u00fcr ihr kompaktes Design, ihre Flexibilit\u00e4t und ihre F\u00e4higkeit zum Peitschenknallen bekannt ist.<\/p>\n<p data-start=\"4330\" data-end=\"4366\"><strong>Ist diese Nagaika-Kamtscha-Peitsche handgefertigt?<br \/>\n<\/strong><\/p>\n<p data-start=\"4368\" data-end=\"4488\">Ja, diese handgefertigte Nagaika-Kamtscha-Peitsche wird aus echtem Vollnarbenleder gefertigt und verf\u00fcgt \u00fcber ein robustes, 12-fach geflochtenes Design.<\/p>\n<p data-start=\"4490\" data-end=\"4529\"><strong>Wof\u00fcr wird diese Kosakenpeitsche verwendet?<br \/>\n<\/strong><\/p>\n<p data-start=\"4531\" data-end=\"4670\">Diese Kosaken-Lederpeitsche im Cossack-Stil wird h\u00e4ufig f\u00fcr Peitschenknall-\u00dcbungen, Sammlerzwecke, traditionelle Pr\u00e4sentationen und Vorf\u00fchrungen verwendet.<\/p>\n<p data-start=\"4672\" data-end=\"4720\"><strong>Erzeugt diese Nagaika-Peitsche einen lauten Knall?<br \/>\n<\/strong><\/p>\n<p data-start=\"4722\" data-end=\"4846\">Ja, die geflochtene Lederkonstruktion und das ausgewogene Design tragen dazu bei, trotz der kompakten L\u00e4nge von 2,5 Fu\u00df einen scharfen, lauten Knall zu erzeugen.<\/p>\n<p><span data-teams=\"true\"><div class=\"brtpmj_reviews_container\"><div class=\"brtpmj_businessheader\">\r\n\t\t\t\t\t\t<img decoding=\"async\" src=\"\/\/s3-eu-west-1.amazonaws.com\/tpd\/logos\/6617aecf4e6fa9ea40f2b01a\/0x0.png\" alt=\"Bantoro\">\r\n\t\t\t\t\t\t<h2 class=\"brtpmj_business_name\">Bantoro<\/h2>\r\n\t\t\t\t\t<\/div><p class=\"brtpmj_business_ratings\">\r\n\t\t\t\t\t\t<span class=\"brtpmj_br_score\">4.8<\/span>\r\n\t\t\t\t\t\t<span class=\"brtpmj_br_score_img\"><img decoding=\"async\" src=\"https:\/\/bantoro.com\/wp-content\/plugins\/better-business-reviews\/assets\/stars-5.svg\" alt=\"5 stars\"><\/span>\r\n\t\t\t\t\t\t<span class=\"brtpmj_br_count\">39 Reviews<\/span>\r\n\t\t\t\t\t<\/p><div class=\"\"><div class=\"brtpmj_all_reviews brtpmj_grid_container\"><div class=\"brtpmj_single_rvw\">\r\n\t\t\t\t\t\t\t\t\t\r\n\t\t\t\t\t\t<div class=\"brtpmj_sr_author_overview\">\r\n\t\t\t\t\t\t\t\r\n\t\t\t\t\t\t\t<div class=\"brtpmj_sr_ab_img\"><span>LvV<\/span><\/div>\r\n\t\t\t\t\t\t\t<div class=\"brtpmj_sr_ab_name_date\">\r\n\t\t\t\t\t\t\t\t<span class=\"brtpmj_sr_ab_name\">LB vd Vuurst<\/span>\r\n\t\t\t\t\t\t\t\t<span class=\"brtpmj_sr_ab_date\">2025-08-15<\/span>\r\n\t\t\t\t\t\t\t<\/div>\r\n\t\t\t\t\t\t\t\r\n\t\t\t\t\t\t<\/div>\r\n\t\t\t\t\t\t\r\n\t\t\t\t\t\t<div class=\"brtpmj_sr_rating\">\r\n\t\t\t\t\t\t\t<span class=\"brtpmj_br_score_img\"><img decoding=\"async\" src=\"https:\/\/bantoro.com\/wp-content\/plugins\/better-business-reviews\/assets\/stars-5.svg\" alt=\"5 stars\"><\/span>\r\n\t\t\t\t\t\t<\/div>\r\n\t\t\t\t\t\t\r\n\t\t\t\t\t\t<div class=\"brtpmj_sr_title\">\r\n\t\t\t\t\t\t\t<h4>Great communication fast shipping<\/h4>\r\n\t\t\t\t\t\t<\/div>\r\n\t\t\t\t\t\t\r\n\t\t\t\t\t\t<div class=\"brtpmj_sr_title\">\r\n\t\t\t\t\t\t\t<p>I placed an order of 2 items but one of the items what we asked for wasnt available. Within 12 hours i got an email with a other suggestions, and so we did a different order. It was shipped really, really fast. And the communication was great. Thank you Jane. Everything recieved and we are happy.<\/p>\r\n\t\t\t\t\t\t<\/div>\r\n\t\t\t\t\t\t\r\n\t\t\t\t\t<\/div><div class=\"brtpmj_single_rvw\">\r\n\t\t\t\t\t\t\t\t\t\r\n\t\t\t\t\t\t<div class=\"brtpmj_sr_author_overview\">\r\n\t\t\t\t\t\t\t\r\n\t\t\t\t\t\t\t<div class=\"brtpmj_sr_ab_img\"><img decoding=\"async\" src=\"https:\/\/user-images.trustpilot.com\/6896a2719600690944faa5c3\/73x73.png\"><\/div>\r\n\t\t\t\t\t\t\t<div class=\"brtpmj_sr_ab_name_date\">\r\n\t\t\t\t\t\t\t\t<span class=\"brtpmj_sr_ab_name\">Jang Yun Boo<\/span>\r\n\t\t\t\t\t\t\t\t<span class=\"brtpmj_sr_ab_date\">2025-08-09<\/span>\r\n\t\t\t\t\t\t\t<\/div>\r\n\t\t\t\t\t\t\t\r\n\t\t\t\t\t\t<\/div>\r\n\t\t\t\t\t\t\r\n\t\t\t\t\t\t<div class=\"brtpmj_sr_rating\">\r\n\t\t\t\t\t\t\t<span class=\"brtpmj_br_score_img\"><img decoding=\"async\" src=\"https:\/\/bantoro.com\/wp-content\/plugins\/better-business-reviews\/assets\/stars-5.svg\" alt=\"5 stars\"><\/span>\r\n\t\t\t\t\t\t<\/div>\r\n\t\t\t\t\t\t\r\n\t\t\t\t\t\t<div class=\"brtpmj_sr_title\">\r\n\t\t\t\t\t\t\t<h4>Lots of Thanks from south Korea Seoul<\/h4>\r\n\t\t\t\t\t\t<\/div>\r\n\t\t\t\t\t\t\r\n\t\t\t\t\t\t<div class=\"brtpmj_sr_title\">\r\n\t\t\t\t\t\t\t<p>Lots of Thanks from south Korea Seoul. well look after service. good tracking infomation. We received item perfectly good shape. very happy about it is all real leather and good quality.<\/p>\r\n\t\t\t\t\t\t<\/div>\r\n\t\t\t\t\t\t\r\n\t\t\t\t\t<\/div><div class=\"brtpmj_single_rvw\">\r\n\t\t\t\t\t\t\t\t\t\r\n\t\t\t\t\t\t<div class=\"brtpmj_sr_author_overview\">\r\n\t\t\t\t\t\t\t\r\n\t\t\t\t\t\t\t<div class=\"brtpmj_sr_ab_img\"><img decoding=\"async\" src=\"https:\/\/user-images.trustpilot.com\/60363e1eeea92f001b60a322\/73x73.png\"><\/div>\r\n\t\t\t\t\t\t\t<div class=\"brtpmj_sr_ab_name_date\">\r\n\t\t\t\t\t\t\t\t<span class=\"brtpmj_sr_ab_name\">~ E ~<\/span>\r\n\t\t\t\t\t\t\t\t<span class=\"brtpmj_sr_ab_date\">2025-08-06<\/span>\r\n\t\t\t\t\t\t\t<\/div>\r\n\t\t\t\t\t\t\t\r\n\t\t\t\t\t\t<\/div>\r\n\t\t\t\t\t\t\r\n\t\t\t\t\t\t<div class=\"brtpmj_sr_rating\">\r\n\t\t\t\t\t\t\t<span class=\"brtpmj_br_score_img\"><img decoding=\"async\" src=\"https:\/\/bantoro.com\/wp-content\/plugins\/better-business-reviews\/assets\/stars-5.svg\" alt=\"5 stars\"><\/span>\r\n\t\t\t\t\t\t<\/div>\r\n\t\t\t\t\t\t\r\n\t\t\t\t\t\t<div class=\"brtpmj_sr_title\">\r\n\t\t\t\t\t\t\t<h4>This is my second order<\/h4>\r\n\t\t\t\t\t\t<\/div>\r\n\t\t\t\t\t\t\r\n\t\t\t\t\t\t<div class=\"brtpmj_sr_title\">\r\n\t\t\t\t\t\t\t<p>This is my second order. Previously I was very happy and satisfied with everything. This time Bantoro even achieved a higher level of customer satisfaction. I needed a whip for the upcoming weekend. And when I contacted the customer service, they could not promise me a guaranteed delivery date other than an expected ETA of 3 - 5 days, also due to possible customs delays. Totally understandable. I had faith in Bantoro because last time, it took only four days from the UK to NL. I ordered the whip on monday and it was shipped the same day because they wanted to make sure I got it on time. It was delivered on wednesday early afternoon!!! Still love the quality of the whip for a great price, and your customer service is next level. Thanks Bantoro!<\/p>\r\n\t\t\t\t\t\t<\/div>\r\n\t\t\t\t\t\t\r\n\t\t\t\t\t<\/div><\/div><\/div><\/div><\/span><\/p>\n<p>&nbsp;<\/p>\n","protected":false},"excerpt":{"rendered":"<ul>\n<li data-start=\"4527\" data-end=\"4583\"><strong>Rot-schwarze<\/strong> handgefertigte Nagaika-Kamtscha-Peitsche, 2,5 ft (78 cm)<\/li>\n<li data-start=\"4584\" data-end=\"4655\">Gefertigt aus echtem <strong>Vollnarbenleder <\/strong>mit robuster 12-facher Flechtung.<\/li>\n<li data-start=\"4656\" data-end=\"4723\"><strong>Traditionelle Kosaken-Lederpeitsche<\/strong> zum Peitschenknallen und f\u00fcr Sammlerzwecke.<\/li>\n<li data-start=\"4724\" data-end=\"4784\">Kompakte Peitsche im <strong>russischen Stil mit<\/strong> scharfer Knallleistung.<\/li>\n<li data-start=\"4785\" data-end=\"4826\">Eine <strong>optionale Leder-G\u00fcrtelschlaufe<\/strong> ist erh\u00e4ltlich.<\/li>\n<li data-start=\"4827\" data-end=\"4895\">Geeignet f\u00fcr <strong>Peitschenknallen<\/strong>, Sammlerzwecke und traditionelle Pr\u00e4sentation.<\/li>\n<\/ul>\n","protected":false},"featured_media":15121,"comment_status":"open","ping_status":"closed","template":"","meta":[],"product_brand":[],"product_cat":[1271,1233],"product_tag":[989,1842,1898,1967,1631,1917,1982,1160,1675,1809],"class_list":{"0":"post-15129","1":"product","2":"type-product","3":"status-publish","4":"has-post-thumbnail","6":"product_cat-lederpeitschen-2-bis-3-fus","7":"product_cat-leder-flogger","8":"product_tag-bullwhip","9":"product_tag-handgemachte-peitsche","10":"product_tag-kamcha-peitsche","11":"product_tag-knallpeitsche","12":"product_tag-kosakenpeitsche","13":"product_tag-lederpeitsche-4","14":"product_tag-nagaika-peitsche","15":"product_tag-professionelle-peitsche","16":"product_tag-reitsport","17":"product_tag-russische-peitsche","19":"first","20":"instock","21":"sale","22":"taxable","23":"shipping-taxable","24":"purchasable","25":"product-type-simple"},"_links":{"self":[{"href":"https:\/\/bantoro.com\/de\/wp-json\/wp\/v2\/product\/15129","targetHints":{"allow":["GET"]}}],"collection":[{"href":"https:\/\/bantoro.com\/de\/wp-json\/wp\/v2\/product"}],"about":[{"href":"https:\/\/bantoro.com\/de\/wp-json\/wp\/v2\/types\/product"}],"replies":[{"embeddable":true,"href":"https:\/\/bantoro.com\/de\/wp-json\/wp\/v2\/comments?post=15129"}],"wp:featuredmedia":[{"embeddable":true,"href":"https:\/\/bantoro.com\/de\/wp-json\/wp\/v2\/media\/15121"}],"wp:attachment":[{"href":"https:\/\/bantoro.com\/de\/wp-json\/wp\/v2\/media?parent=15129"}],"wp:term":[{"taxonomy":"product_brand","embeddable":true,"href":"https:\/\/bantoro.com\/de\/wp-json\/wp\/v2\/product_brand?post=15129"},{"taxonomy":"product_cat","embeddable":true,"href":"https:\/\/bantoro.com\/de\/wp-json\/wp\/v2\/product_cat?post=15129"},{"taxonomy":"product_tag","embeddable":true,"href":"https:\/\/bantoro.com\/de\/wp-json\/wp\/v2\/product_tag?post=15129"}],"curies":[{"name":"wp","href":"https:\/\/api.w.org\/{rel}","templated":true}]}}