{"id":15107,"date":"2024-06-28T14:09:26","date_gmt":"2024-06-28T13:09:26","guid":{"rendered":"https:\/\/bantoro.com\/shop\/unkategorisiert\/schwarzer-roter-mini-lederpeitsche-3-fuss-taschenformat-laut-knallende-bullwhip\/"},"modified":"2026-05-13T13:27:45","modified_gmt":"2026-05-13T12:27:45","slug":"mini-lederpeitsche-aus-rotem-leder","status":"publish","type":"product","link":"https:\/\/bantoro.com\/de\/shop\/taschenformat-mini-peitschen\/mini-lederpeitsche-aus-rotem-leder\/","title":{"rendered":"Schwarzer &amp; roter Mini-Lederpeitsche \u2013 3 Fu\u00df, Taschenformat, laut knallende Bullwhip"},"content":{"rendered":"<p>Entfesseln Sie den Meister der Peitsche in sich mit dieser <strong>schwarzen und roten Mini-Lederpeitsche<\/strong> \u2014 die perfekte Kombination aus Portabilit\u00e4t, Kraft und lautem Knallverhalten. Mit einer <strong>L\u00e4nge von<\/strong> <strong>3 Fu\u00df (91 cm)<\/strong> erzeugt diese Miniatur-Taschen-Bullwhip trotz ihrer kompakten Gr\u00f6\u00dfe einen lauten, scharfen Knall und ist damit ideal f\u00fcr Peitschentraining, Sammler und Enthusiasten. Handgefertigt aus <strong>100 % echtem Vollnarbenleder<\/strong> sorgt diese 6-fach geflochtene Lederpeitsche f\u00fcr Langlebigkeit, Flexibilit\u00e4t und <strong>zuverl\u00e4ssige Handhabung.<\/strong><\/p>\n<p>Ob Sie ein erfahrener Peitschenk\u00fcnstler sind oder gerade erst anfangen, diese kleine, aber effektive Mini-Bullwhip ist ein Must-have. Der gut ausbalancierte Griff verf\u00fcgt \u00fcber einen stabilen 4-Zoll-Kern und eine praktische Handgelenkschlaufe f\u00fcr einfache Kontrolle. Perfekt zum Mitnehmen in der Tasche, erm\u00f6glicht diese kompakte Peitsche das \u00dcben jederzeit und \u00fcberall. Sie sind sich nicht sicher, welche Peitschenl\u00e4nge die richtige f\u00fcr Sie ist? Entdecken Sie unseren <a href=\"https:\/\/bantoro.com\/peitschen-laengen-groessenleitfaden\/\">Leitfaden \u201ePeitschenl\u00e4nge erkl\u00e4rt\u201c.<\/a><\/p>\n<p>Entdecken Sie weitere kompakte Designs in unserer<a href=\"https:\/\/bantoro.com\/Produktkategorie\/taschengro\u00dfe-mini-peitschen\/\"> Kollektion \u201eMini-Peitschen im Taschenformat\u201c.<\/a><\/p>\n<p><strong>Eigenschaften:<\/strong><\/p>\n<ul>\n<li><strong>Miniatur-Bullwhip mit 3 Fu\u00df<\/strong> (91 cm) \u2014 klein genug f\u00fcr die Tasche, aber gro\u00df genug f\u00fcr beeindruckende Knalleffekte.<\/li>\n<li><strong>Handgefertigt aus echtem Vollnarbenleder <\/strong>\u2014 flexibel, langlebig und strapazierf\u00e4hig.<\/li>\n<li><strong>6-fach geflochtenes Design<\/strong> \u2014 fachm\u00e4nnisch geflochtene Lederstreifen f\u00fcr St\u00e4rke und \u00c4sthetik.<\/li>\n<li>Lautes Knallverhalten \u2014 ideal f\u00fcr Peitschentraining und Vorf\u00fchrungen.<\/li>\n<li><strong>Gut ausbalancierter Griff <\/strong>\u2014 mit einem 4-Zoll-Griff f\u00fcr optimale Kontrolle.<\/li>\n<li><strong>Praktische Handgelenkschlaufe<\/strong> \u2014 unterst\u00fctzt die Kontrolle und sorgt f\u00fcr eine sichere Handhabung.<\/li>\n<li><strong>Cracker-L\u00e4nge: 9 Zoll <\/strong>\u2014 die Peitschenl\u00e4nge schlie\u00dft den Cracker nicht mit ein.<\/li>\n<li><strong>Kompakt und tragbar <\/strong>\u2014 ideal f\u00fcr mobiles Peitschentraining und \u00dcbungen.<\/li>\n<li><strong>Sitz in Gro\u00dfbritannien <\/strong>\u2014 bitte pr\u00fcfen Sie vor dem Kauf Ihre lokalen Zoll- und Handelsbestimmungen.<\/li>\n<li><strong>Handgefertigte Exzellenz<\/strong> \u2014 jede Peitsche wird mit Pr\u00e4zision f\u00fcr Zuverl\u00e4ssigkeit und Leistung gefertigt.<\/li>\n<\/ul>\n<p>F\u00fcgen Sie diese kompakte, aber kraftvolle <strong>schwarze und rote Mini-Lederpeitsche<\/strong> Ihrer Sammlung hinzu und erleben Sie die Kunst des Peitschenknallens. Schauen Sie sich unseren Leitfaden zum <strong><a href=\"https:\/\/bantoro.com\/Bullwhip einspielen &amp; die Peitsche meistern\/\" target=\"_new\" rel=\"noopener\">\u201eEinlaufen Ihrer Bullwhip\u201c und zur \u201eMeisterung Ihrer Peitsche<\/a><\/strong>\u201c an, um Expertentipps zu erhalten und das Beste aus Ihrer neuen Peitsche herauszuholen.<\/p>\n<p>F\u00fcr umfassende Pflegehinweise besuchen Sie unbedingt unseren <strong><a href=\"https:\/\/bantoro.com\/ultimativer Leder-Bullwhip-Pflegeleitfaden\/\" target=\"_new\" rel=\"noopener\">ultimativen Leder-Bullwhip-Pflegeleitfaden.<\/a><\/strong><\/p>\n<h3>H\u00e4ufig gestellte Fragen<\/h3>\n<p data-start=\"5367\" data-end=\"5400\" data-section-id=\"11a3gcx\"><strong>Wof\u00fcr wird eine Mini-Peitsche verwendet?<br \/>\n<\/strong><\/p>\n<p data-start=\"5402\" data-end=\"5512\">Mini-Peitschen werden h\u00e4ufig f\u00fcr Peitschentraining, Sammlungen, Vorf\u00fchrungen und mobiles Peitschentraining verwendet.<\/p>\n<p data-start=\"5575\" data-end=\"5622\" data-section-id=\"o0w9b6\"><strong>Ist diese Taschenpeitsche f\u00fcr Anf\u00e4nger geeignet?<\/strong><\/p>\n<p data-start=\"5624\" data-end=\"5726\">Ja, diese kompakte Mini-Lederpeitsche eignet sich f\u00fcr Anf\u00e4nger, Sammler und erfahrene Peitschenanwender.<\/p>\n<p data-start=\"5794\" data-end=\"5843\" data-section-id=\"i78q69\"><strong>Erzeugt diese Mini-Bullwhip einen lauten Knall?<\/strong><\/p>\n<p data-start=\"5845\" data-end=\"5959\">Ja, trotz ihrer kompakten L\u00e4nge von 3 Fu\u00df ist diese Mini-Bullwhip f\u00fcr ein lautes Knallverhalten und Peitschentraining ausgelegt.<\/p>\n<p data-start=\"5845\" data-end=\"5959\"><div class=\"brtpmj_reviews_container\"><div class=\"brtpmj_businessheader\">\r\n\t\t\t\t\t\t<img decoding=\"async\" src=\"\/\/s3-eu-west-1.amazonaws.com\/tpd\/logos\/6617aecf4e6fa9ea40f2b01a\/0x0.png\" alt=\"Bantoro\">\r\n\t\t\t\t\t\t<h2 class=\"brtpmj_business_name\">Bantoro<\/h2>\r\n\t\t\t\t\t<\/div><p class=\"brtpmj_business_ratings\">\r\n\t\t\t\t\t\t<span class=\"brtpmj_br_score\">4.8<\/span>\r\n\t\t\t\t\t\t<span class=\"brtpmj_br_score_img\"><img decoding=\"async\" src=\"https:\/\/bantoro.com\/wp-content\/plugins\/better-business-reviews\/assets\/stars-5.svg\" alt=\"5 stars\"><\/span>\r\n\t\t\t\t\t\t<span class=\"brtpmj_br_count\">39 Reviews<\/span>\r\n\t\t\t\t\t<\/p><div class=\"\"><div class=\"brtpmj_all_reviews\"><div class=\"brtpmj_single_rvw\">\r\n\t\t\t\t\t\t\t\t\t\r\n\t\t\t\t\t\t<div class=\"brtpmj_sr_author_overview\">\r\n\t\t\t\t\t\t\t\r\n\t\t\t\t\t\t\t<div class=\"brtpmj_sr_ab_img\"><span>LvV<\/span><\/div>\r\n\t\t\t\t\t\t\t<div class=\"brtpmj_sr_ab_name_date\">\r\n\t\t\t\t\t\t\t\t<span class=\"brtpmj_sr_ab_name\">LB vd Vuurst<\/span>\r\n\t\t\t\t\t\t\t\t<span class=\"brtpmj_sr_ab_date\">2025-08-15<\/span>\r\n\t\t\t\t\t\t\t<\/div>\r\n\t\t\t\t\t\t\t\r\n\t\t\t\t\t\t<\/div>\r\n\t\t\t\t\t\t\r\n\t\t\t\t\t\t<div class=\"brtpmj_sr_rating\">\r\n\t\t\t\t\t\t\t<span class=\"brtpmj_br_score_img\"><img decoding=\"async\" src=\"https:\/\/bantoro.com\/wp-content\/plugins\/better-business-reviews\/assets\/stars-5.svg\" alt=\"5 stars\"><\/span>\r\n\t\t\t\t\t\t<\/div>\r\n\t\t\t\t\t\t\r\n\t\t\t\t\t\t<div class=\"brtpmj_sr_title\">\r\n\t\t\t\t\t\t\t<h4>Great communication fast shipping<\/h4>\r\n\t\t\t\t\t\t<\/div>\r\n\t\t\t\t\t\t\r\n\t\t\t\t\t\t<div class=\"brtpmj_sr_title\">\r\n\t\t\t\t\t\t\t<p>I placed an order of 2 items but one of the items what we asked for wasnt available. Within 12 hours i got an email with a other suggestions, and so we did a different order. It was shipped really, really fast. And the communication was great. Thank you Jane. Everything recieved and we are happy.<\/p>\r\n\t\t\t\t\t\t<\/div>\r\n\t\t\t\t\t\t\r\n\t\t\t\t\t<\/div><div class=\"brtpmj_single_rvw\">\r\n\t\t\t\t\t\t\t\t\t\r\n\t\t\t\t\t\t<div class=\"brtpmj_sr_author_overview\">\r\n\t\t\t\t\t\t\t\r\n\t\t\t\t\t\t\t<div class=\"brtpmj_sr_ab_img\"><img decoding=\"async\" src=\"https:\/\/user-images.trustpilot.com\/6896a2719600690944faa5c3\/73x73.png\"><\/div>\r\n\t\t\t\t\t\t\t<div class=\"brtpmj_sr_ab_name_date\">\r\n\t\t\t\t\t\t\t\t<span class=\"brtpmj_sr_ab_name\">Jang Yun Boo<\/span>\r\n\t\t\t\t\t\t\t\t<span class=\"brtpmj_sr_ab_date\">2025-08-09<\/span>\r\n\t\t\t\t\t\t\t<\/div>\r\n\t\t\t\t\t\t\t\r\n\t\t\t\t\t\t<\/div>\r\n\t\t\t\t\t\t\r\n\t\t\t\t\t\t<div class=\"brtpmj_sr_rating\">\r\n\t\t\t\t\t\t\t<span class=\"brtpmj_br_score_img\"><img decoding=\"async\" src=\"https:\/\/bantoro.com\/wp-content\/plugins\/better-business-reviews\/assets\/stars-5.svg\" alt=\"5 stars\"><\/span>\r\n\t\t\t\t\t\t<\/div>\r\n\t\t\t\t\t\t\r\n\t\t\t\t\t\t<div class=\"brtpmj_sr_title\">\r\n\t\t\t\t\t\t\t<h4>Lots of Thanks from south Korea Seoul<\/h4>\r\n\t\t\t\t\t\t<\/div>\r\n\t\t\t\t\t\t\r\n\t\t\t\t\t\t<div class=\"brtpmj_sr_title\">\r\n\t\t\t\t\t\t\t<p>Lots of Thanks from south Korea Seoul. well look after service. good tracking infomation. We received item perfectly good shape. very happy about it is all real leather and good quality.<\/p>\r\n\t\t\t\t\t\t<\/div>\r\n\t\t\t\t\t\t\r\n\t\t\t\t\t<\/div><div class=\"brtpmj_single_rvw\">\r\n\t\t\t\t\t\t\t\t\t\r\n\t\t\t\t\t\t<div class=\"brtpmj_sr_author_overview\">\r\n\t\t\t\t\t\t\t\r\n\t\t\t\t\t\t\t<div class=\"brtpmj_sr_ab_img\"><img decoding=\"async\" src=\"https:\/\/user-images.trustpilot.com\/60363e1eeea92f001b60a322\/73x73.png\"><\/div>\r\n\t\t\t\t\t\t\t<div class=\"brtpmj_sr_ab_name_date\">\r\n\t\t\t\t\t\t\t\t<span class=\"brtpmj_sr_ab_name\">~ E ~<\/span>\r\n\t\t\t\t\t\t\t\t<span class=\"brtpmj_sr_ab_date\">2025-08-06<\/span>\r\n\t\t\t\t\t\t\t<\/div>\r\n\t\t\t\t\t\t\t\r\n\t\t\t\t\t\t<\/div>\r\n\t\t\t\t\t\t\r\n\t\t\t\t\t\t<div class=\"brtpmj_sr_rating\">\r\n\t\t\t\t\t\t\t<span class=\"brtpmj_br_score_img\"><img decoding=\"async\" src=\"https:\/\/bantoro.com\/wp-content\/plugins\/better-business-reviews\/assets\/stars-5.svg\" alt=\"5 stars\"><\/span>\r\n\t\t\t\t\t\t<\/div>\r\n\t\t\t\t\t\t\r\n\t\t\t\t\t\t<div class=\"brtpmj_sr_title\">\r\n\t\t\t\t\t\t\t<h4>This is my second order<\/h4>\r\n\t\t\t\t\t\t<\/div>\r\n\t\t\t\t\t\t\r\n\t\t\t\t\t\t<div class=\"brtpmj_sr_title\">\r\n\t\t\t\t\t\t\t<p>This is my second order. Previously I was very happy and satisfied with everything. This time Bantoro even achieved a higher level of customer satisfaction. I needed a whip for the upcoming weekend. And when I contacted the customer service, they could not promise me a guaranteed delivery date other than an expected ETA of 3 - 5 days, also due to possible customs delays. Totally understandable. I had faith in Bantoro because last time, it took only four days from the UK to NL. I ordered the whip on monday and it was shipped the same day because they wanted to make sure I got it on time. It was delivered on wednesday early afternoon!!! Still love the quality of the whip for a great price, and your customer service is next level. Thanks Bantoro!<\/p>\r\n\t\t\t\t\t\t<\/div>\r\n\t\t\t\t\t\t\r\n\t\t\t\t\t<\/div><\/div><\/div><\/div><\/p>\n","protected":false},"excerpt":{"rendered":"<ul>\n<li data-start=\"6269\" data-end=\"6312\">Mini-Bullwhip aus <strong>schwarzem und rotem Leder,<\/strong> 3 Fu\u00df (91 cm)<\/li>\n<li data-start=\"6313\" data-end=\"6377\">Handgefertigte Peitsche aus <strong>echtem Leder<\/strong> mit strapazierf\u00e4higer 6-fach Flechtung<\/li>\n<li data-start=\"6378\" data-end=\"6434\"><strong>Lautes Knallverhalten<\/strong> f\u00fcr Peitschentraining und Vorf\u00fchrungen<\/li>\n<li data-start=\"6435\" data-end=\"6496\">Kompakte Bullwhip im <strong>Taschenformat <\/strong>f\u00fcr Sammler und Enthusiasten<\/li>\n<li data-start=\"6497\" data-end=\"6555\">Gut ausbalancierter <strong>4-Zoll-Griff mit<\/strong> Handgelenkschlaufe f\u00fcr mehr Kontrolle<\/li>\n<li data-start=\"6556\" data-end=\"6618\"><strong>Ca. 9 Zoll Cracker-L\u00e4nge <\/strong>(die Peitschenl\u00e4nge schlie\u00dft den Cracker nicht mit ein)<\/li>\n<li data-start=\"6619\" data-end=\"6680\">Handgefertigt f\u00fcr <strong>Haltbarkeit<\/strong>, <strong>Flexibilit\u00e4t <\/strong>und <strong>zuverl\u00e4ssige <\/strong><strong>Handhabung<\/strong><\/li>\n<\/ul>\n","protected":false},"featured_media":15099,"comment_status":"open","ping_status":"closed","template":"","meta":[],"product_brand":[],"product_cat":[1275],"product_tag":[989,1702,1756,1652,1814,1924,1974,1105,1301,1996,1675,1997],"class_list":{"0":"post-15107","1":"product","2":"type-product","3":"status-publish","4":"has-post-thumbnail","6":"product_cat-taschenformat-mini-peitschen","7":"product_tag-bullwhip","8":"product_tag-flexible-peitsche","9":"product_tag-kleine-peitsche","10":"product_tag-knallende-peitsche","11":"product_tag-kurze-peitsche","12":"product_tag-lange-peitsche","13":"product_tag-lautes-knallen-der-peitsche","14":"product_tag-mini-peitsche","15":"product_tag-peitsche","16":"product_tag-peitsche-im-taschenformat","17":"product_tag-reitsport","18":"product_tag-taschenpeitsche","20":"first","21":"instock","22":"sale","23":"taxable","24":"shipping-taxable","25":"purchasable","26":"product-type-simple"},"_links":{"self":[{"href":"https:\/\/bantoro.com\/de\/wp-json\/wp\/v2\/product\/15107","targetHints":{"allow":["GET"]}}],"collection":[{"href":"https:\/\/bantoro.com\/de\/wp-json\/wp\/v2\/product"}],"about":[{"href":"https:\/\/bantoro.com\/de\/wp-json\/wp\/v2\/types\/product"}],"replies":[{"embeddable":true,"href":"https:\/\/bantoro.com\/de\/wp-json\/wp\/v2\/comments?post=15107"}],"wp:featuredmedia":[{"embeddable":true,"href":"https:\/\/bantoro.com\/de\/wp-json\/wp\/v2\/media\/15099"}],"wp:attachment":[{"href":"https:\/\/bantoro.com\/de\/wp-json\/wp\/v2\/media?parent=15107"}],"wp:term":[{"taxonomy":"product_brand","embeddable":true,"href":"https:\/\/bantoro.com\/de\/wp-json\/wp\/v2\/product_brand?post=15107"},{"taxonomy":"product_cat","embeddable":true,"href":"https:\/\/bantoro.com\/de\/wp-json\/wp\/v2\/product_cat?post=15107"},{"taxonomy":"product_tag","embeddable":true,"href":"https:\/\/bantoro.com\/de\/wp-json\/wp\/v2\/product_tag?post=15107"}],"curies":[{"name":"wp","href":"https:\/\/api.w.org\/{rel}","templated":true}]}}