{"id":15042,"date":"2025-06-17T13:35:00","date_gmt":"2025-06-17T12:35:00","guid":{"rendered":"https:\/\/bantoro.com\/shop\/unkategorisiert\/sichere-nomex-hitzebestaendige-fliegerhandschuhe-lederhandflaechen-gruen-oder-schwarz\/"},"modified":"2026-05-11T14:10:38","modified_gmt":"2026-05-11T13:10:38","slug":"nomex-hitzebestaendige-handschuhe","status":"publish","type":"product","link":"https:\/\/bantoro.com\/de\/shop\/handschuhe\/nomex-hitzebestaendige-handschuhe\/","title":{"rendered":"Sichere Nomex-hitzebest\u00e4ndige Fliegerhandschuhe \u2013 Lederhandfl\u00e4chen (Gr\u00fcn oder Schwarz)"},"content":{"rendered":"<p data-start=\"2143\" data-end=\"2510\">Erleben Sie fortschrittlichen Schutz mit unseren sicheren <strong>Nomex\u00ae-hitzebest\u00e4ndigen Handschuhen<\/strong>. Diese professionellen Nomex\u00ae-Flughandschuhe sind f\u00fcr taktische Eins\u00e4tze, die Luftfahrt sowie Hochrisiko-Operationen entwickelt, bei denen Flammbest\u00e4ndigkeit entscheidend ist. Sie wurden f\u00fcr anspruchsvolle Umgebungen mit hohen Temperaturen konzipiert und bieten au\u00dfergew\u00f6hnliche Sicherheit und Langlebigkeit.<br data-start=\"2306\" data-end=\"2309\" \/>Hergestellt aus <strong>100 % DuPont\u2122 Nomex\u00ae dienen<\/strong> diese Handschuhe als zuverl\u00e4ssige feuerfeste Handschuhe f\u00fcr Piloten, Feuerwehrleute, Ersthelfer und Strafverfolgungsbeh\u00f6rden, die unter extremen Hitzebedingungen arbeiten. Diese Handschuhe bieten hervorragende <strong data-start=\"2380\" data-end=\"2409\">Flammen- und Hitzebest\u00e4ndigkeit<\/strong> und sind damit ideal f\u00fcr <strong data-start=\"2433\" data-end=\"2507\">Flugbesatzungen, SWAT-Teams, Milit\u00e4rpersonal und Industriearbeiter geeignet.<\/strong><\/p>\n<p data-start=\"2512\" data-end=\"2780\">Die Lederhandfl\u00e4chenkonstruktion bietet hervorragenden Grip, Kontrolle und Abriebfestigkeit und gew\u00e4hrleistet Sicherheit und Pr\u00e4zision bei kritischen Aufgaben.<br data-start=\"2660\" data-end=\"2663\" \/>Verl\u00e4ngerte Stulpen bieten zus\u00e4tzlichen Schutz f\u00fcr Unterarme und Handgelenke vor offenen Flammen, Funken und Strahlungshitze. Diese Nomex-Schwei\u00dfhandschuhe und taktischen Schie\u00dfhandschuhe bieten verbesserten Halt, ohne die Fingerfertigkeit einzuschr\u00e4nken.<\/p>\n<p data-start=\"2782\" data-end=\"3084\">Leicht und dennoch strapazierf\u00e4hig sorgt das Nomex\u00ae-Gewebe f\u00fcr <strong data-start=\"2833\" data-end=\"2866\">Atmungsaktivit\u00e4t und Flexibilit\u00e4t<\/strong>, h\u00e4lt die H\u00e4nde k\u00fchl und gew\u00e4hrleistet gleichzeitig maximale Fingerfertigkeit.<br data-start=\"2928\" data-end=\"2931\" \/>Diese Handschuhe verf\u00fcgen au\u00dferdem \u00fcber <strong data-start=\"2957\" data-end=\"3002\">antistatische und flammhemmende Eigenschaften <\/strong>und sind damit sicher f\u00fcr den Einsatz in der <strong data-start=\"3032\" data-end=\"3081\">Luftfahrt, in elektrischen sowie industriellen Bereichen<\/strong>.<\/p>\n<p data-start=\"3086\" data-end=\"3233\">Verf\u00fcgbar in <strong data-start=\"3099\" data-end=\"3117\">Gr\u00fcn oder Schwarz <\/strong>sowie in mehreren Gr\u00f6\u00dfen (S\u2013XL) \u2013 diese Handschuhe sind nach<strong data-start=\"3167\" data-end=\"3197\"> US-Milit\u00e4rspezifikationen<\/strong> f\u00fcr taktische und Schutzausr\u00fcstung entwickelt.<\/p>\n<h2 data-start=\"3608\" data-end=\"3630\"><strong data-start=\"3614\" data-end=\"3630\">Hauptmerkmale<\/strong><\/h2>\n<ul data-start=\"3631\" data-end=\"4127\">\n<li data-start=\"3631\" data-end=\"3694\">\n<p data-start=\"3633\" data-end=\"3694\">Hergestellt aus 100 % DuPont\u2122 Nomex\u00ae f\u00fcr zertifizierten Hitzeschutz.<\/p>\n<\/li>\n<li data-start=\"3695\" data-end=\"3753\">\n<p data-start=\"3697\" data-end=\"3753\">Genuine Lederhandfl\u00e4chen f\u00fcr hervorragenden Grip und Langlebigkeit<\/p>\n<\/li>\n<li data-start=\"3754\" data-end=\"3811\">\n<p data-start=\"3756\" data-end=\"3811\">Flammhemmende, antistatische und atmungsaktive Konstruktion<\/p>\n<\/li>\n<li data-start=\"3812\" data-end=\"3864\">\n<p data-start=\"3814\" data-end=\"3864\">Verl\u00e4ngerte Stulpe f\u00fcr zus\u00e4tzlichen Schutz von Handgelenk und Unterarm<\/p>\n<\/li>\n<li data-start=\"3865\" data-end=\"3920\">\n<p data-start=\"3867\" data-end=\"3920\">Entspricht den US-Milit\u00e4rspezifikationen (taktische Qualit\u00e4t)<\/p>\n<\/li>\n<li data-start=\"3921\" data-end=\"3979\">\n<p data-start=\"3923\" data-end=\"3979\">Ideal f\u00fcr Luftfahrt, Flugbesatzungen, Milit\u00e4r, Feuerwehr und Schwei\u00dfarbeiten.<\/p>\n<\/li>\n<li data-start=\"3980\" data-end=\"4036\">\n<p data-start=\"3982\" data-end=\"4036\">Leicht, flexibel und komfortabel f\u00fcr langes Tragen.<\/p>\n<\/li>\n<li data-start=\"4037\" data-end=\"4080\">\n<p data-start=\"4039\" data-end=\"4080\">Erh\u00e4ltlich in Gr\u00fcn oder Schwarz, Gr\u00f6\u00dfen S\u2013XL.<\/p>\n<\/li>\n<li data-start=\"4081\" data-end=\"4127\">\n<p data-start=\"4083\" data-end=\"4127\">Professionelle, hochleistungsf\u00e4hige Schutzausr\u00fcstung.<\/p>\n<\/li>\n<li data-start=\"4081\" data-end=\"4127\">Entwickelt als professionelle Nomex-Flughandschuhe f\u00fcr taktische Hochtemperatur-Umgebungen.<\/li>\n<\/ul>\n<p data-start=\"3235\" data-end=\"3402\">W\u00e4hlen <strong data-start=\"3242\" data-end=\"3274\">Sie die sicheren Nomex\u00ae-Handschuhe von Bantoro<\/strong> f\u00fcr un\u00fcbertroffene Sicherheit, Komfort und professionelle Leistung \u2013 weltweit f\u00fcr ihre Zuverl\u00e4ssigkeit unter extremen Bedingungen gesch\u00e4tzt.<\/p>\n<p data-start=\"2280\" data-end=\"2340\">Entdecken Sie unser gesamtes Sortiment an professionellen<a href=\"https:\/\/bantoro.com\/de\/produkt-kategorie\/handschuhe\/\"> taktischen und hitzebest\u00e4ndigen Handschuhen<\/a> f\u00fcr weitere Schutzausr\u00fcstungsoptionen.<\/p>\n<p data-start=\"2280\" data-end=\"2340\"><div class=\"wp-gr rpi wpac\" data-id=\"6687\" data-layout=\"slider\" data-exec=\"false\" data-options='{&quot;text_size&quot;:&quot;&quot;,&quot;trans&quot;:{&quot;read more&quot;:&quot;weiterlesen&quot;}}'><svg xmlns=\"http:\/\/www.w3.org\/2000\/svg\" style=\"display:none!important\"><symbol id=\"grw-tripadvisor\" viewBox=\"0 0 713.496 713.496\"><g><circle fill=\"#34E0A1\" cx=\"356.749\" cy=\"356.748\" r=\"356.748\"\/><path d=\"M577.095,287.152l43.049-46.836h-95.465c-47.792-32.646-105.51-51.659-167.931-51.659   c-62.342,0-119.899,19.054-167.612,51.659H93.432l43.049,46.836c-26.387,24.075-42.929,58.754-42.929,97.259   c0,72.665,58.914,131.578,131.579,131.578c34.519,0,65.968-13.313,89.446-35.077l42.172,45.919l42.172-45.879   c23.478,21.764,54.887,35.037,89.406,35.037c72.665,0,131.658-58.913,131.658-131.578   C620.024,345.866,603.483,311.188,577.095,287.152z M225.17,473.458c-49.188,0-89.047-39.859-89.047-89.047   s39.86-89.048,89.047-89.048c49.187,0,89.047,39.86,89.047,89.048S274.357,473.458,225.17,473.458z M356.788,381.82   c0-58.595-42.61-108.898-98.853-130.383c30.413-12.716,63.776-19.771,98.813-19.771s68.439,7.055,98.853,19.771   C399.399,272.962,356.788,323.226,356.788,381.82z M488.367,473.458c-49.188,0-89.048-39.859-89.048-89.047   s39.86-89.048,89.048-89.048s89.047,39.86,89.047,89.048S537.554,473.458,488.367,473.458z M488.367,337.694   c-25.79,0-46.677,20.887-46.677,46.677c0,25.789,20.887,46.676,46.677,46.676c25.789,0,46.676-20.887,46.676-46.676   C535.042,358.621,514.156,337.694,488.367,337.694z M271.846,384.411c0,25.789-20.887,46.676-46.676,46.676   s-46.676-20.887-46.676-46.676c0-25.79,20.887-46.677,46.676-46.677C250.959,337.694,271.846,358.621,271.846,384.411z\"\/><\/g><\/symbol><symbol id=\"grw-google\" viewBox=\"0 0 512 512\"><g fill=\"none\" fill-rule=\"evenodd\"><path d=\"M482.56 261.36c0-16.73-1.5-32.83-4.29-48.27H256v91.29h127.01c-5.47 29.5-22.1 54.49-47.09 71.23v59.21h76.27c44.63-41.09 70.37-101.59 70.37-173.46z\" fill=\"#4285f4\"\/><path d=\"M256 492c63.72 0 117.14-21.13 156.19-57.18l-76.27-59.21c-21.13 14.16-48.17 22.53-79.92 22.53-61.47 0-113.49-41.51-132.05-97.3H45.1v61.15c38.83 77.13 118.64 130.01 210.9 130.01z\" fill=\"#34a853\"\/><path d=\"M123.95 300.84c-4.72-14.16-7.4-29.29-7.4-44.84s2.68-30.68 7.4-44.84V150.01H45.1C29.12 181.87 20 217.92 20 256c0 38.08 9.12 74.13 25.1 105.99l78.85-61.15z\" fill=\"#fbbc05\"\/><path d=\"M256 113.86c34.65 0 65.76 11.91 90.22 35.29l67.69-67.69C373.03 43.39 319.61 20 256 20c-92.25 0-172.07 52.89-210.9 130.01l78.85 61.15c18.56-55.78 70.59-97.3 132.05-97.3z\" fill=\"#ea4335\"\/><path d=\"M20 20h472v472H20V20z\"\/><\/g><\/symbol><\/svg><div class=\"grw-row grw-row-m\" data-options='{\"speed\":3,\"autoplay\":true,\"mousestop\":true,\"breakpoints\":\"\"}'><div class=\"grw-header\"><div class=\"grw-header-inner rpi-flx rpi-row12\"><div class=\"grw-img-wrap\"><img loading=\"lazy\" decoding=\"async\" class=\"grw-img\" src=\"https:\/\/bantoro.com\/wp-content\/uploads\/2025\/10\/ChIJM3b-yYR7dkgRjDIICmtuNhA.jpg\" loading=\"lazy\" alt=\"Ortsbild von \u201eBantoro\u201c\" width=\"50\" height=\"50\" onerror=\"if(this.src!='data:image\/gif;base64,R0lGODlhAQABAIAAAAAAAP\/\/\/yH5BAEAAAAALAAAAAABAAEAAAIBRAA7')this.src='data:image\/gif;base64,R0lGODlhAQABAIAAAAAAAP\/\/\/yH5BAEAAAAALAAAAAABAAEAAAIBRAA7';\" ><\/div><div class=\"rpi-flx rpi-col8\"><div class=\"wp-google-name\"><a href=\"https:\/\/maps.google.com\/?cid=1168242559358087820&#038;g_mp=CiVnb29nbGUubWFwcy5wbGFjZXMudjEuUGxhY2VzLkdldFBsYWNlEAIYBCAA\" target=\"_blank\" rel=\"nofollow noopener\">Bantoro<\/a><\/div><span class=\"rpi-stars\" style=\"--rating:5.0\">5.0<\/span><div class=\"wp-google-based\">Basierend auf 10 Bewertungen<\/div><div class=\"wp-google-powered\">powered by <span><span style=\"color:#3c6df0!important\">G<\/span><span style=\"color:#d93025!important\">o<\/span><span style=\"color:#fb8e28!important\">o<\/span><span style=\"color:#3c6df0!important\">g<\/span><span style=\"color:#188038!important\">l<\/span><span style=\"color:#d93025!important\">e<\/span><\/span><\/div><div class=\"wp-google-wr\"><a href=\"https:\/\/search.google.com\/local\/writereview?placeid=ChIJM3b-yYR7dkgRjDIICmtuNhA\" target=\"_blank\" rel=\"nofollow noopener\" onclick=\"return rplg_leave_review_window.call(this)\">bewerte uns auf<svg height=\"16\" width=\"16\" role=\"none\"><use href=\"#grw-google\"><\/use><\/svg><\/a><\/div><\/div><\/div><\/div><div class=\"rpi-slides-root grw-content\"><div class=\"grw-content-inner\"><button class=\"rpi-ltgt rpi-lt grw-prev\" tabindex=\"0\"><\/button><div class=\"rpi-slides grw-reviews rpi-slides-bite\" data-count=\"8\" data-offset=\"8\"><div class=\"rpi-slide grw-review\"><div class=\"rpi-flx rpi-col12 grw-review-inner grw-backgnd\"><div class=\"rpi-flx rpi-row12-center\"><div class=\"grw-img-wrap\"><img loading=\"lazy\" decoding=\"async\" class=\"grw-img\" src=\"https:\/\/bantoro.com\/wp-content\/uploads\/2025\/12\/ChIJM3b-yYR7dkgRjDIICmtuNhA_4705f87278d0d2e2d7b258d9eaf4b772.jpg\" loading=\"lazy\" alt=\"Profilbild von \u201eMonsieur Madame\u201c\" width=\"50\" height=\"50\" onerror=\"if(this.src!='https:\/\/bantoro.com\/wp-content\/plugins\/widget-google-reviews\/assets\/img\/guest.png')this.src='https:\/\/bantoro.com\/wp-content\/plugins\/widget-google-reviews\/assets\/img\/guest.png';\" ><\/div><div class=\"rpi-flx rpi-col6\"><a href=\"https:\/\/www.google.com\/maps\/contrib\/114954446570644655024\/reviews\" class=\"wp-google-name\" target=\"_blank\" rel=\"nofollow noopener\">Monsieur Madame<\/a><div class=\"wp-google-time\" data-time=\"1765220071\">18:54 08 Dec 25<\/div><\/div><\/div><span class=\"rpi-stars\" style=\"--rating:5\"><\/span><div class=\"rpi-flx rpi-col4\"><div class=\"wp-google-feedback grw-scroll\" ><span class=\"wp-google-text\">My first whip purchased from Bantoro is magnificent. Thank you again for the advice on softening the leather, a work in progress that is happening naturally! I am not disappointed! Thank you! And the shipping and delivery were excellent!<\/span><\/div><\/div><svg height=\"16\" width=\"16\" role=\"none\"><use href=\"#grw-google\"\/><\/svg><\/div><\/div><div class=\"rpi-slide grw-review\"><div class=\"rpi-flx rpi-col12 grw-review-inner grw-backgnd\"><div class=\"rpi-flx rpi-row12-center\"><div class=\"grw-img-wrap\"><img loading=\"lazy\" decoding=\"async\" class=\"grw-img\" src=\"https:\/\/bantoro.com\/wp-content\/uploads\/2025\/12\/ChIJM3b-yYR7dkgRjDIICmtuNhA_2d410a2efbe6e50a66f553fbfb4e2dcd-1.jpg\" loading=\"lazy\" alt=\"Profilbild von \u201eMark Stobinski\u201c\" width=\"50\" height=\"50\" onerror=\"if(this.src!='https:\/\/bantoro.com\/wp-content\/plugins\/widget-google-reviews\/assets\/img\/guest.png')this.src='https:\/\/bantoro.com\/wp-content\/plugins\/widget-google-reviews\/assets\/img\/guest.png';\" ><\/div><div class=\"rpi-flx rpi-col6\"><a href=\"https:\/\/www.google.com\/maps\/contrib\/118047338980668183212\/reviews\" class=\"wp-google-name\" target=\"_blank\" rel=\"nofollow noopener\">Mark Stobinski<\/a><div class=\"wp-google-time\" data-time=\"1763387596\">13:53 17 Nov 25<\/div><\/div><\/div><span class=\"rpi-stars\" style=\"--rating:5\"><\/span><div class=\"rpi-flx rpi-col4\"><div class=\"wp-google-feedback grw-scroll\" ><span class=\"wp-google-text\">Great quality! Prompt delivery and excellent customer service &#x1f44c;<\/span><\/div><\/div><svg height=\"16\" width=\"16\" role=\"none\"><use href=\"#grw-google\"\/><\/svg><\/div><\/div><div class=\"rpi-slide grw-review\"><div class=\"rpi-flx rpi-col12 grw-review-inner grw-backgnd\"><div class=\"rpi-flx rpi-row12-center\"><div class=\"grw-img-wrap\"><img loading=\"lazy\" decoding=\"async\" class=\"grw-img\" src=\"https:\/\/bantoro.com\/wp-content\/uploads\/2025\/11\/ChIJM3b-yYR7dkgRjDIICmtuNhA_b342d3f3a8c35a539395a923aeeec004.jpg\" loading=\"lazy\" alt=\"Profilbild von \u201efrederic maury\u201c\" width=\"50\" height=\"50\" onerror=\"if(this.src!='https:\/\/bantoro.com\/wp-content\/plugins\/widget-google-reviews\/assets\/img\/guest.png')this.src='https:\/\/bantoro.com\/wp-content\/plugins\/widget-google-reviews\/assets\/img\/guest.png';\" ><\/div><div class=\"rpi-flx rpi-col6\"><a href=\"https:\/\/www.google.com\/maps\/contrib\/104846865639996355174\/reviews\" class=\"wp-google-name\" target=\"_blank\" rel=\"nofollow noopener\">frederic maury<\/a><div class=\"wp-google-time\" data-time=\"1763126311\">13:18 14 Nov 25<\/div><\/div><\/div><span class=\"rpi-stars\" style=\"--rating:5\"><\/span><div class=\"rpi-flx rpi-col4\"><div class=\"wp-google-feedback grw-scroll\" ><span class=\"wp-google-text\">Perfect<\/span><\/div><\/div><svg height=\"16\" width=\"16\" role=\"none\"><use href=\"#grw-google\"\/><\/svg><\/div><\/div><div class=\"rpi-slide grw-review\"><div class=\"rpi-flx rpi-col12 grw-review-inner grw-backgnd\"><div class=\"rpi-flx rpi-row12-center\"><div class=\"grw-img-wrap\"><img loading=\"lazy\" decoding=\"async\" class=\"grw-img\" src=\"https:\/\/bantoro.com\/wp-content\/uploads\/2025\/12\/ChIJM3b-yYR7dkgRjDIICmtuNhA_3854cd81855f3e590af9c32c37c40f24.jpg\" loading=\"lazy\" alt=\"Profilbild von \u201eTabrez Chaudhry\u201c\" width=\"50\" height=\"50\" onerror=\"if(this.src!='https:\/\/bantoro.com\/wp-content\/plugins\/widget-google-reviews\/assets\/img\/guest.png')this.src='https:\/\/bantoro.com\/wp-content\/plugins\/widget-google-reviews\/assets\/img\/guest.png';\" ><\/div><div class=\"rpi-flx rpi-col6\"><a href=\"https:\/\/www.google.com\/maps\/contrib\/107585139158611216832\/reviews\" class=\"wp-google-name\" target=\"_blank\" rel=\"nofollow noopener\">Tabrez Chaudhry<\/a><div class=\"wp-google-time\" data-time=\"1760886242\">15:04 19 Oct 25<\/div><\/div><\/div><span class=\"rpi-stars\" style=\"--rating:5\"><\/span><div class=\"rpi-flx rpi-col4\"><div class=\"wp-google-feedback grw-scroll\" ><span class=\"wp-google-text\">I recently bought the 4ft paracord whip from Bantoro, and I\u2019m seriously impressed! The quality is fantastic, especially for the price \u2014 it feels well-balanced, durable, and beautifully made. After a few practice swings, I managed to get some very loud cracks, which honestly surprised me for a whip this size.<br \/><br \/>It\u2019s clear that real craftsmanship went into this \u2014 the handle feels solid, the braiding is tight, and the overall finish is top-notch. Whether you\u2019re just starting out or have experience with whips, this one is an amazing choice.<br \/><br \/>Highly recommended! Great product, great price, and an even better crack!<\/span><\/div><\/div><svg height=\"16\" width=\"16\" role=\"none\"><use href=\"#grw-google\"\/><\/svg><\/div><\/div><div class=\"rpi-slide grw-review\"><div class=\"rpi-flx rpi-col12 grw-review-inner grw-backgnd\"><div class=\"rpi-flx rpi-row12-center\"><div class=\"grw-img-wrap\"><img loading=\"lazy\" decoding=\"async\" class=\"grw-img\" src=\"https:\/\/bantoro.com\/wp-content\/uploads\/2025\/11\/ChIJM3b-yYR7dkgRjDIICmtuNhA_6c523e3143fe7f71a03080716ca7e174.jpg\" loading=\"lazy\" alt=\"Profilbild von \u201eraffaele angiolillo\u201c\" width=\"50\" height=\"50\" onerror=\"if(this.src!='https:\/\/bantoro.com\/wp-content\/plugins\/widget-google-reviews\/assets\/img\/guest.png')this.src='https:\/\/bantoro.com\/wp-content\/plugins\/widget-google-reviews\/assets\/img\/guest.png';\" ><\/div><div class=\"rpi-flx rpi-col6\"><a href=\"https:\/\/www.google.com\/maps\/contrib\/106855690530126946960\/reviews\" class=\"wp-google-name\" target=\"_blank\" rel=\"nofollow noopener\">raffaele angiolillo<\/a><div class=\"wp-google-time\" data-time=\"1760610599\">10:29 16 Oct 25<\/div><\/div><\/div><span class=\"rpi-stars\" style=\"--rating:5\"><\/span><div class=\"rpi-flx rpi-col4\"><div class=\"wp-google-feedback grw-scroll\" ><\/div><\/div><svg height=\"16\" width=\"16\" role=\"none\"><use href=\"#grw-google\"\/><\/svg><\/div><\/div><div class=\"rpi-slide grw-review\"><div class=\"rpi-flx rpi-col12 grw-review-inner grw-backgnd\"><div class=\"rpi-flx rpi-row12-center\"><div class=\"grw-img-wrap\"><img loading=\"lazy\" decoding=\"async\" class=\"grw-img\" src=\"https:\/\/bantoro.com\/wp-content\/uploads\/2025\/12\/ChIJM3b-yYR7dkgRjDIICmtuNhA_af9fcb954676c01d8cfb9b0c0705f1f4.jpg\" loading=\"lazy\" alt=\"Profilbild von \u201eMishall Sheikh\u201c\" width=\"50\" height=\"50\" onerror=\"if(this.src!='https:\/\/bantoro.com\/wp-content\/plugins\/widget-google-reviews\/assets\/img\/guest.png')this.src='https:\/\/bantoro.com\/wp-content\/plugins\/widget-google-reviews\/assets\/img\/guest.png';\" ><\/div><div class=\"rpi-flx rpi-col6\"><a href=\"https:\/\/www.google.com\/maps\/contrib\/107371261956443386050\/reviews\" class=\"wp-google-name\" target=\"_blank\" rel=\"nofollow noopener\">Mishall Sheikh<\/a><div class=\"wp-google-time\" data-time=\"1758109370\">11:42 17 Sep 25<\/div><\/div><\/div><span class=\"rpi-stars\" style=\"--rating:5\"><\/span><div class=\"rpi-flx rpi-col4\"><div class=\"wp-google-feedback grw-scroll\" ><span class=\"wp-google-text\">I recently purchased this rose-style flogger and I couldn\u2019t be more impressed. From the moment I unboxed it, the attention to detail and craftsmanship stood out. The handle is tightly braided with a comfortable grip, making it easy to control during use.<br \/><br \/>What makes this piece truly unique is the design \u2014 the ends are styled like roses, which gives it an elegant and eye-catching look. It feels sturdy and well-made, with each strand braided neatly and finished with precision. The combination of red and black leather is bold, classy, and adds to its overall appeal.<br \/><br \/>The flogger is well-balanced, not too heavy, and the handle fits nicely in hand, so it\u2019s easy to swing without strain. The strands move smoothly and consistently, showing that the maker really paid attention to both function and form.<br \/><br \/>Overall, this is more than just a functional tool \u2014 it\u2019s a statement piece. Whether for display, collection, or practical use, it offers excellent quality and value for money. I highly recommend it to anyone looking for a unique, beautifully designed leather flogger.<\/span><\/div><\/div><svg height=\"16\" width=\"16\" role=\"none\"><use href=\"#grw-google\"\/><\/svg><\/div><\/div><div class=\"rpi-slide grw-review\"><div class=\"rpi-flx rpi-col12 grw-review-inner grw-backgnd\"><div class=\"rpi-flx rpi-row12-center\"><div class=\"grw-img-wrap\"><img loading=\"lazy\" decoding=\"async\" class=\"grw-img\" src=\"https:\/\/bantoro.com\/wp-content\/uploads\/2025\/12\/ChIJM3b-yYR7dkgRjDIICmtuNhA_d57cea4f5d369870d23c6a77cd44b594.jpg\" loading=\"lazy\" alt=\"Profilbild von \u201eArslan iqbal\u201c\" width=\"50\" height=\"50\" onerror=\"if(this.src!='https:\/\/bantoro.com\/wp-content\/plugins\/widget-google-reviews\/assets\/img\/guest.png')this.src='https:\/\/bantoro.com\/wp-content\/plugins\/widget-google-reviews\/assets\/img\/guest.png';\" ><\/div><div class=\"rpi-flx rpi-col6\"><a href=\"https:\/\/www.google.com\/maps\/contrib\/100655828524371317724\/reviews\" class=\"wp-google-name\" target=\"_blank\" rel=\"nofollow noopener\">Arslan iqbal<\/a><div class=\"wp-google-time\" data-time=\"1758108379\">11:26 17 Sep 25<\/div><\/div><\/div><span class=\"rpi-stars\" style=\"--rating:5\"><\/span><div class=\"rpi-flx rpi-col4\"><div class=\"wp-google-feedback grw-scroll\" ><span class=\"wp-google-text\">\u201cI ordered the Kangaroo Leather Bullwhip from Bantoro and I\u2019m really impressed with the craftsmanship. The leather feels durable but flexible, and the detailing shows it was made with care. It arrived well-packaged and quicker than I expected. I\u2019ve used it a few times already and the handling is smooth and balanced. Definitely a high-quality product, and I\u2019d recommend it to anyone looking for a professional bullwhip.\u201d<\/span><\/div><\/div><svg height=\"16\" width=\"16\" role=\"none\"><use href=\"#grw-google\"\/><\/svg><\/div><\/div><div class=\"rpi-slide grw-review\"><div class=\"rpi-flx rpi-col12 grw-review-inner grw-backgnd\"><div class=\"rpi-flx rpi-row12-center\"><div class=\"grw-img-wrap\"><img loading=\"lazy\" decoding=\"async\" class=\"grw-img\" src=\"https:\/\/bantoro.com\/wp-content\/uploads\/2025\/12\/ChIJM3b-yYR7dkgRjDIICmtuNhA_e9b9367f57b68d569fce83302aee2451.jpg\" loading=\"lazy\" alt=\"Profilbild von \u201ejaveria rafiq\u201c\" width=\"50\" height=\"50\" onerror=\"if(this.src!='https:\/\/bantoro.com\/wp-content\/plugins\/widget-google-reviews\/assets\/img\/guest.png')this.src='https:\/\/bantoro.com\/wp-content\/plugins\/widget-google-reviews\/assets\/img\/guest.png';\" ><\/div><div class=\"rpi-flx rpi-col6\"><a href=\"https:\/\/www.google.com\/maps\/contrib\/113390004004234537574\/reviews\" class=\"wp-google-name\" target=\"_blank\" rel=\"nofollow noopener\">javeria rafiq<\/a><div class=\"wp-google-time\" data-time=\"1738327691\">12:48 31 Jan 25<\/div><\/div><\/div><span class=\"rpi-stars\" style=\"--rating:5\"><\/span><div class=\"rpi-flx rpi-col4\"><div class=\"wp-google-feedback grw-scroll\" ><span class=\"wp-google-text\">I recently bought the Kangaroo Bullwhip from Bantoro, and I\u2019m extremely impressed! The craftsmanship is top-notch, and the kangaroo leather feels both strong and supple. It\u2019s perfectly balanced, making it easy to handle, and the crack is crisp and precise. A huge thank you to the Bantoro team for their excellent guidance throughout the purchase process. Overall, it\u2019s a fantastic whip for anyone looking for quality and durability. Highly recommended!<\/span><\/div><\/div><svg height=\"16\" width=\"16\" role=\"none\"><use href=\"#grw-google\"\/><\/svg><\/div><\/div><\/div><button class=\"rpi-ltgt rpi-gt grw-next\" tabindex=\"0\"><\/button><div class=\"rpi-dots-wrap\"><div class=\"rpi-dots\"><\/div><\/div><\/div><\/div><\/div><script>(function(p){if(!p)return;let w=p.offsetWidth,m=function(a,b){return Math.min(a,b)===a};p.querySelector('.grw-row').classList.replace('grw-row-m','grw-row-'+(m(w,510)?'xs':m(w,750)?'x':m(w,1100)?'s':m(w,1450)?'m':m(w,1800)?'l':'xl'))})(document.currentScript?.parentElement)<\/script><\/div><\/p>\n","protected":false},"excerpt":{"rendered":"<ul>\n<li data-start=\"1367\" data-end=\"1461\"><strong data-start=\"1367\" data-end=\"1393\">Nomex-Hitzeschutz<\/strong>: Hergestellt aus zertifiziertem DuPont\u2122 Nomex\u00ae f\u00fcr hervorragende Flammenbest\u00e4ndigkeit.<\/li>\n<li data-start=\"1464\" data-end=\"1546\"><strong data-start=\"1464\" data-end=\"1489\">Taktische Leistung:<\/strong> Gesch\u00e4tzt von Milit\u00e4r-, SWAT- und Luftfahrtprofis.<\/li>\n<li data-start=\"1464\" data-end=\"1546\"><strong>Flugbereiter Schutz:<\/strong> Professionelle Nomex-Flughandschuhe, entwickelt f\u00fcr Piloten, Ersthelfer und Brandschutzeins\u00e4tze.<\/li>\n<li data-start=\"1549\" data-end=\"1621\"><strong data-start=\"1549\" data-end=\"1567\">Lederhandfl\u00e4chen:<\/strong> Bieten starken Grip und Flexibilit\u00e4t unter Belastung.<\/li>\n<li data-start=\"1624\" data-end=\"1698\">Verl\u00e4ngertes Stulpendesign: Sch\u00fctzt Handgelenk und Unterarm vor Hitzebelastung.<\/li>\n<li data-start=\"1701\" data-end=\"1788\"><strong data-start=\"1701\" data-end=\"1734\">Flammhemmend und antistatisch<\/strong>: Ideal f\u00fcr Luftfahrt, Schwei\u00dfen und industrielle Sicherheit.<\/li>\n<li data-start=\"1791\" data-end=\"1861\"><strong data-start=\"1791\" data-end=\"1819\">Mehrere Gr\u00f6\u00dfen und Farben:<\/strong> W\u00e4hlen Sie zwischen Gr\u00fcn oder Schwarz, Gr\u00f6\u00dfen S\u2013XL.<\/li>\n<li data-start=\"1864\" data-end=\"1943\">Professionelle Handschuhe: Entwickelt f\u00fcr Komfort, Sicherheit und Leistung.<\/li>\n<\/ul>\n","protected":false},"featured_media":11821,"comment_status":"open","ping_status":"closed","template":"","meta":[],"product_brand":[],"product_cat":[747],"product_tag":[1878,1700,1701,1911,1693,1732,1960,1194,1773],"class_list":{"0":"post-15042","1":"product","2":"type-product","3":"status-publish","4":"has-post-thumbnail","6":"product_cat-handschuhe","7":"product_tag-arbeitsschutzhandschuhe","8":"product_tag-feuerfeste-arbeitshandschuhe","9":"product_tag-flammschutz-handschuhe","10":"product_tag-handflachenhandschuhe-aus-leder","11":"product_tag-handschuhe-mit-verlangertem-manschettenbund","12":"product_tag-hitzebestandige-handschuhe","13":"product_tag-militarhandschuhe","14":"product_tag-swat-handschuhe","15":"product_tag-taktische-schutzhandschuhe","17":"first","18":"instock","19":"sale","20":"featured","21":"taxable","22":"shipping-taxable","23":"purchasable","24":"product-type-variable"},"_links":{"self":[{"href":"https:\/\/bantoro.com\/de\/wp-json\/wp\/v2\/product\/15042","targetHints":{"allow":["GET"]}}],"collection":[{"href":"https:\/\/bantoro.com\/de\/wp-json\/wp\/v2\/product"}],"about":[{"href":"https:\/\/bantoro.com\/de\/wp-json\/wp\/v2\/types\/product"}],"replies":[{"embeddable":true,"href":"https:\/\/bantoro.com\/de\/wp-json\/wp\/v2\/comments?post=15042"}],"wp:featuredmedia":[{"embeddable":true,"href":"https:\/\/bantoro.com\/de\/wp-json\/wp\/v2\/media\/11821"}],"wp:attachment":[{"href":"https:\/\/bantoro.com\/de\/wp-json\/wp\/v2\/media?parent=15042"}],"wp:term":[{"taxonomy":"product_brand","embeddable":true,"href":"https:\/\/bantoro.com\/de\/wp-json\/wp\/v2\/product_brand?post=15042"},{"taxonomy":"product_cat","embeddable":true,"href":"https:\/\/bantoro.com\/de\/wp-json\/wp\/v2\/product_cat?post=15042"},{"taxonomy":"product_tag","embeddable":true,"href":"https:\/\/bantoro.com\/de\/wp-json\/wp\/v2\/product_tag?post=15042"}],"curies":[{"name":"wp","href":"https:\/\/api.w.org\/{rel}","templated":true}]}}