{"id":14965,"date":"2023-07-12T16:00:26","date_gmt":"2023-07-12T15:00:26","guid":{"rendered":"https:\/\/bantoro.com\/shop\/unkategorisiert\/kaenguruleder-bullwhip-aus-leder-braun-schwarz-rot-4-ft-24-ft-professionelle-qualitaet\/"},"modified":"2026-05-09T13:16:20","modified_gmt":"2026-05-09T12:16:20","slug":"braun-rot-schwarz","status":"publish","type":"product","link":"https:\/\/bantoro.com\/de\/shop\/kanguru-leder-bullwhips\/braun-rot-schwarz\/","title":{"rendered":"K\u00e4nguruleder-Bullwhip aus Leder Braun Schwarz Rot 4 ft\u201324 ft | Professionelle Qualit\u00e4t"},"content":{"rendered":"\n<div class=\"epyt-video-wrapper\"><iframe  id=\"_ytid_13084\"  width=\"800\" height=\"450\"  data-origwidth=\"800\" data-origheight=\"450\" src=\"https:\/\/www.youtube.com\/embed\/4H7ynanQzac[\/embedyt]?enablejsapi=1&#038;autoplay=0&#038;cc_load_policy=0&#038;iv_load_policy=1&#038;loop=0&#038;fs=1&#038;playsinline=0&#038;controls=1&#038;disablekb=0&#038;color=red&#038;cc_lang_pref=&#038;rel=0&#038;autohide=2&#038;theme=dark&#038;\" class=\"__youtube_prefs__  epyt-is-override  no-lazyload\" data-vol=\"50\"  title=\"YouTube player\"  allow=\"fullscreen; accelerometer; autoplay; clipboard-write; encrypted-media; gyroscope; picture-in-picture; web-share\" referrerpolicy=\"strict-origin-when-cross-origin\" allowfullscreen data-no-lazy=\"1\" data-skipgform_ajax_framebjll=\"\"><\/iframe><\/div>\n<p>Erleben Sie h\u00f6chste Handwerkskunst und Leistung mit unserer <strong>braun-schwarz-roten K\u00e4nguruleder-Bullwhip<\/strong>, erh\u00e4ltlich in verschiedenen L\u00e4ngen von 4 Fu\u00df bis 24 Fu\u00df. Handgefertigt aus <strong>hochwertigem K\u00e4nguruleder<\/strong>, ist diese professionelle <strong>16-fach geflochtene<\/strong> Bullwhip auf <strong>Haltbarkeit, Flexibilit\u00e4t, Balance und einen lauten Knall <\/strong>bei jeder Nutzung ausgelegt. Ob professioneller Peitschenk\u00fcnstler, Peitschenschlag-Enthusiast, Sammler oder Anf\u00e4nger \u2013 diese <strong>robuste Leder-Bullwhip<\/strong> ist ideal, um Ihre F\u00e4higkeiten zu perfektionieren.<\/p>\n<p>Der <strong>gut ausbalancierte Griff<\/strong> verf\u00fcgt \u00fcber <strong>einen Edelstahlkern<\/strong> und einen <strong>9-Zoll-Griff,<\/strong> der hervorragende Balance, pr\u00e4zise Handhabung und maximale Kontrolle w\u00e4hrend der Nutzung gew\u00e4hrleistet. Diese <strong>professionelle Bullwhip wird au\u00dferdem<\/strong> mit einem<strong> Leder-G\u00fcrtelhalter<\/strong>, 2 <strong>Ersatz-Falls <\/strong>sowie <strong>Crackern\/Poppers<\/strong> geliefert, die zusammen einen Wert von \u00a320 haben. Diese professionelle Leder-Bullwhip l\u00e4sst sich leicht aufrollen und verstauen und ist f\u00fcr Peitschenschlag-Training, Vorf\u00fchrungen und Sammlungen konzipiert.<br \/>\nEntdecken Sie unser <a href=\"https:\/\/bantoro.com\/Produktkategorie K\u00e4nguruleder-Bullwhips\">vollst\u00e4ndiges Sortiment an K\u00e4nguruleder-Bullwhips,<\/a> um verschiedene Farben, Gr\u00f6\u00dfen und professionelle Performance-Stile zu vergleichen.<br \/>\nF\u00fcr zus\u00e4tzliche Pflege- und Wartungstipps besuchen Sie unseren <a href=\"https:\/\/bantoro.com\/ultimativer Leder-Bullwhip-Pflegeleitfaden\/\" target=\"_new\" rel=\"noopener\">ultimativen Pflegeleitfaden f\u00fcr Leder-Bullwhips<\/a> sowie den <a href=\"https:\/\/bantoro.com\/Bullwhip einspielen &amp; die Peitsche meistern\/\" target=\"_new\" rel=\"noopener\">Leitfaden zum Einspielen Ihrer Bullwhip.<\/a> Sie sind sich nicht sicher, welche Gr\u00f6\u00dfe die richtige f\u00fcr Sie ist? Lesen Sie unseren \u201e<a href=\"https:\/\/bantoro.com\/peitschen-laengen-groessenleitfaden\/\">Peitschenl\u00e4nge erkl\u00e4rt \u2013 vollst\u00e4ndiger Bantoro Gr\u00f6\u00dfenleitfaden\u201c.<\/a><\/p>\n<p>Perfekt f\u00fcr alle, die eine langlebige Peitsche mit lautem Knall suchen \u2013 diese K\u00e4nguruleder-Bullwhip ist ein Must-have f\u00fcr Sammler und Enthusiasten.<\/p>\n<h3 data-start=\"6572\" data-end=\"6578\" data-section-id=\"1hryhf7\">FAQ<\/h3>\n<p data-start=\"6580\" data-end=\"6632\" data-section-id=\"q3nq31\"><strong>Was macht K\u00e4nguruleder ideal f\u00fcr Bullwhips?<\/strong><\/p>\n<p data-start=\"6633\" data-end=\"6777\">K\u00e4nguruleder bietet au\u00dfergew\u00f6hnliche Haltbarkeit, Flexibilit\u00e4t und Leistung und ist daher ein bevorzugtes Material f\u00fcr Bullwhips in professioneller Qualit\u00e4t.<\/p>\n<p data-start=\"6779\" data-end=\"6820\" data-section-id=\"1hocyeb\"><strong>Welche Bullwhip-L\u00e4nge ist am besten f\u00fcr Anf\u00e4nger und zum Peitschenschlagen geeignet?<\/strong><\/p>\n<p data-start=\"6821\" data-end=\"6963\">K\u00fcrzere Bullwhips bieten schnellere Kontrolle, w\u00e4hrend l\u00e4ngere Bullwhips lautere Knalle und gr\u00f6\u00dfere Reichweite erzeugen. Gr\u00f6\u00dfen sind von 4 ft bis 24 ft erh\u00e4ltlich.<\/p>\n<p data-start=\"6965\" data-end=\"7009\" data-section-id=\"1f0zs5v\"><strong>Ist diese Bullwhip f\u00fcr Anf\u00e4nger geeignet?<\/strong><\/p>\n<p data-start=\"7010\" data-end=\"7129\">Ja, diese gut ausbalancierte 16-fach geflochtene Bullwhip ist f\u00fcr Anf\u00e4nger, Sammler und professionelle Peitschenschlag-Enthusiasten geeignet.<\/p>\n<p><span data-teams=\"true\"><div class=\"brtpmj_reviews_container\"><div class=\"brtpmj_businessheader\">\r\n\t\t\t\t\t\t<img decoding=\"async\" src=\"\/\/s3-eu-west-1.amazonaws.com\/tpd\/logos\/6617aecf4e6fa9ea40f2b01a\/0x0.png\" alt=\"Bantoro\">\r\n\t\t\t\t\t\t<h2 class=\"brtpmj_business_name\">Bantoro<\/h2>\r\n\t\t\t\t\t<\/div><p class=\"brtpmj_business_ratings\">\r\n\t\t\t\t\t\t<span class=\"brtpmj_br_score\">4.8<\/span>\r\n\t\t\t\t\t\t<span class=\"brtpmj_br_score_img\"><img decoding=\"async\" src=\"https:\/\/bantoro.com\/wp-content\/plugins\/better-business-reviews\/assets\/stars-5.svg\" alt=\"5 stars\"><\/span>\r\n\t\t\t\t\t\t<span class=\"brtpmj_br_count\">39 Reviews<\/span>\r\n\t\t\t\t\t<\/p><div class=\"\"><div class=\"brtpmj_all_reviews\"><div class=\"brtpmj_single_rvw\">\r\n\t\t\t\t\t\t\t\t\t\r\n\t\t\t\t\t\t<div class=\"brtpmj_sr_author_overview\">\r\n\t\t\t\t\t\t\t\r\n\t\t\t\t\t\t\t<div class=\"brtpmj_sr_ab_img\"><span>LvV<\/span><\/div>\r\n\t\t\t\t\t\t\t<div class=\"brtpmj_sr_ab_name_date\">\r\n\t\t\t\t\t\t\t\t<span class=\"brtpmj_sr_ab_name\">LB vd Vuurst<\/span>\r\n\t\t\t\t\t\t\t\t<span class=\"brtpmj_sr_ab_date\">2025-08-15<\/span>\r\n\t\t\t\t\t\t\t<\/div>\r\n\t\t\t\t\t\t\t\r\n\t\t\t\t\t\t<\/div>\r\n\t\t\t\t\t\t\r\n\t\t\t\t\t\t<div class=\"brtpmj_sr_rating\">\r\n\t\t\t\t\t\t\t<span class=\"brtpmj_br_score_img\"><img decoding=\"async\" src=\"https:\/\/bantoro.com\/wp-content\/plugins\/better-business-reviews\/assets\/stars-5.svg\" alt=\"5 stars\"><\/span>\r\n\t\t\t\t\t\t<\/div>\r\n\t\t\t\t\t\t\r\n\t\t\t\t\t\t<div class=\"brtpmj_sr_title\">\r\n\t\t\t\t\t\t\t<h4>Great communication fast shipping<\/h4>\r\n\t\t\t\t\t\t<\/div>\r\n\t\t\t\t\t\t\r\n\t\t\t\t\t\t<div class=\"brtpmj_sr_title\">\r\n\t\t\t\t\t\t\t<p>I placed an order of 2 items but one of the items what we asked for wasnt available. Within 12 hours i got an email with a other suggestions, and so we did a different order. It was shipped really, really fast. And the communication was great. Thank you Jane. Everything recieved and we are happy.<\/p>\r\n\t\t\t\t\t\t<\/div>\r\n\t\t\t\t\t\t\r\n\t\t\t\t\t<\/div><div class=\"brtpmj_single_rvw\">\r\n\t\t\t\t\t\t\t\t\t\r\n\t\t\t\t\t\t<div class=\"brtpmj_sr_author_overview\">\r\n\t\t\t\t\t\t\t\r\n\t\t\t\t\t\t\t<div class=\"brtpmj_sr_ab_img\"><img decoding=\"async\" src=\"https:\/\/user-images.trustpilot.com\/6896a2719600690944faa5c3\/73x73.png\"><\/div>\r\n\t\t\t\t\t\t\t<div class=\"brtpmj_sr_ab_name_date\">\r\n\t\t\t\t\t\t\t\t<span class=\"brtpmj_sr_ab_name\">Jang Yun Boo<\/span>\r\n\t\t\t\t\t\t\t\t<span class=\"brtpmj_sr_ab_date\">2025-08-09<\/span>\r\n\t\t\t\t\t\t\t<\/div>\r\n\t\t\t\t\t\t\t\r\n\t\t\t\t\t\t<\/div>\r\n\t\t\t\t\t\t\r\n\t\t\t\t\t\t<div class=\"brtpmj_sr_rating\">\r\n\t\t\t\t\t\t\t<span class=\"brtpmj_br_score_img\"><img decoding=\"async\" src=\"https:\/\/bantoro.com\/wp-content\/plugins\/better-business-reviews\/assets\/stars-5.svg\" alt=\"5 stars\"><\/span>\r\n\t\t\t\t\t\t<\/div>\r\n\t\t\t\t\t\t\r\n\t\t\t\t\t\t<div class=\"brtpmj_sr_title\">\r\n\t\t\t\t\t\t\t<h4>Lots of Thanks from south Korea Seoul<\/h4>\r\n\t\t\t\t\t\t<\/div>\r\n\t\t\t\t\t\t\r\n\t\t\t\t\t\t<div class=\"brtpmj_sr_title\">\r\n\t\t\t\t\t\t\t<p>Lots of Thanks from south Korea Seoul. well look after service. good tracking infomation. We received item perfectly good shape. very happy about it is all real leather and good quality.<\/p>\r\n\t\t\t\t\t\t<\/div>\r\n\t\t\t\t\t\t\r\n\t\t\t\t\t<\/div><div class=\"brtpmj_single_rvw\">\r\n\t\t\t\t\t\t\t\t\t\r\n\t\t\t\t\t\t<div class=\"brtpmj_sr_author_overview\">\r\n\t\t\t\t\t\t\t\r\n\t\t\t\t\t\t\t<div class=\"brtpmj_sr_ab_img\"><img decoding=\"async\" src=\"https:\/\/user-images.trustpilot.com\/60363e1eeea92f001b60a322\/73x73.png\"><\/div>\r\n\t\t\t\t\t\t\t<div class=\"brtpmj_sr_ab_name_date\">\r\n\t\t\t\t\t\t\t\t<span class=\"brtpmj_sr_ab_name\">~ E ~<\/span>\r\n\t\t\t\t\t\t\t\t<span class=\"brtpmj_sr_ab_date\">2025-08-06<\/span>\r\n\t\t\t\t\t\t\t<\/div>\r\n\t\t\t\t\t\t\t\r\n\t\t\t\t\t\t<\/div>\r\n\t\t\t\t\t\t\r\n\t\t\t\t\t\t<div class=\"brtpmj_sr_rating\">\r\n\t\t\t\t\t\t\t<span class=\"brtpmj_br_score_img\"><img decoding=\"async\" src=\"https:\/\/bantoro.com\/wp-content\/plugins\/better-business-reviews\/assets\/stars-5.svg\" alt=\"5 stars\"><\/span>\r\n\t\t\t\t\t\t<\/div>\r\n\t\t\t\t\t\t\r\n\t\t\t\t\t\t<div class=\"brtpmj_sr_title\">\r\n\t\t\t\t\t\t\t<h4>This is my second order<\/h4>\r\n\t\t\t\t\t\t<\/div>\r\n\t\t\t\t\t\t\r\n\t\t\t\t\t\t<div class=\"brtpmj_sr_title\">\r\n\t\t\t\t\t\t\t<p>This is my second order. Previously I was very happy and satisfied with everything. This time Bantoro even achieved a higher level of customer satisfaction. I needed a whip for the upcoming weekend. And when I contacted the customer service, they could not promise me a guaranteed delivery date other than an expected ETA of 3 - 5 days, also due to possible customs delays. Totally understandable. I had faith in Bantoro because last time, it took only four days from the UK to NL. I ordered the whip on monday and it was shipped the same day because they wanted to make sure I got it on time. It was delivered on wednesday early afternoon!!! Still love the quality of the whip for a great price, and your customer service is next level. Thanks Bantoro!<\/p>\r\n\t\t\t\t\t\t<\/div>\r\n\t\t\t\t\t\t\r\n\t\t\t\t\t<\/div><\/div><\/div><\/div><\/span><\/p>\n","protected":false},"excerpt":{"rendered":"<ul>\n<li><strong>Premium 16-fach geflochtene K\u00e4nguruleder<\/strong>-Bullwhip, handgefertigt f\u00fcr Haltbarkeit und laute Knallleistung.<\/li>\n<li>Erh\u00e4ltlich in Gr\u00f6\u00dfen von 4 ft bis 24 ft (1,2 m bis 7,3 m).<\/li>\n<li>Hergestellt aus echtem K\u00e4nguruleder f\u00fcr Flexibilit\u00e4t, Balance und Kontrolle.<\/li>\n<li>9-Zoll-Griff mit Edelstahlkern f\u00fcr pr\u00e4zise Handhabung.<\/li>\n<li>Inklusive Leder-G\u00fcrtelhalter, 2 Ersatz-Falls sowie Crackern\/Poppers im Wert von \u00a320.<\/li>\n<li>Ideal f\u00fcr <strong>Peitschenschlag-Enthusiasten<\/strong>, <strong>professionelle Bullwhip<\/strong>&#8211;<strong>Nutzer <\/strong>und Sammler.<\/li>\n<\/ul>\n","protected":false},"featured_media":14940,"comment_status":"closed","ping_status":"closed","template":"","meta":[],"product_brand":[],"product_cat":[1203],"product_tag":[1497,1060,1770,1059,1652,1963,1301,949,1685,1675],"class_list":{"0":"post-14965","1":"product","2":"type-product","3":"status-publish","4":"has-post-thumbnail","6":"product_cat-kanguru-leder-bullwhips","7":"product_tag-bauchstuetze-innen","8":"product_tag-bullwhip-aus-kanguruleder-2","9":"product_tag-griff-mit-stahlkern","10":"product_tag-kanguru-peitsche","11":"product_tag-knallende-peitsche","12":"product_tag-lauter-peitsche","13":"product_tag-peitsche","14":"product_tag-peitsche-mit-16-zopfen","15":"product_tag-reitpeitsche","16":"product_tag-reitsport","18":"first","19":"instock","20":"sale","21":"featured","22":"taxable","23":"shipping-taxable","24":"purchasable","25":"product-type-variable","26":"has-default-attributes"},"_links":{"self":[{"href":"https:\/\/bantoro.com\/de\/wp-json\/wp\/v2\/product\/14965","targetHints":{"allow":["GET"]}}],"collection":[{"href":"https:\/\/bantoro.com\/de\/wp-json\/wp\/v2\/product"}],"about":[{"href":"https:\/\/bantoro.com\/de\/wp-json\/wp\/v2\/types\/product"}],"replies":[{"embeddable":true,"href":"https:\/\/bantoro.com\/de\/wp-json\/wp\/v2\/comments?post=14965"}],"wp:featuredmedia":[{"embeddable":true,"href":"https:\/\/bantoro.com\/de\/wp-json\/wp\/v2\/media\/14940"}],"wp:attachment":[{"href":"https:\/\/bantoro.com\/de\/wp-json\/wp\/v2\/media?parent=14965"}],"wp:term":[{"taxonomy":"product_brand","embeddable":true,"href":"https:\/\/bantoro.com\/de\/wp-json\/wp\/v2\/product_brand?post=14965"},{"taxonomy":"product_cat","embeddable":true,"href":"https:\/\/bantoro.com\/de\/wp-json\/wp\/v2\/product_cat?post=14965"},{"taxonomy":"product_tag","embeddable":true,"href":"https:\/\/bantoro.com\/de\/wp-json\/wp\/v2\/product_tag?post=14965"}],"curies":[{"name":"wp","href":"https:\/\/api.w.org\/{rel}","templated":true}]}}