{"id":14905,"date":"2024-12-27T12:20:20","date_gmt":"2024-12-27T12:20:20","guid":{"rendered":"https:\/\/bantoro.com\/shop\/unkategorisiert\/schwarzer-30-falls-leder-thuddy-flogger-fuer-impact-play-premium-bdsm-flogger\/"},"modified":"2026-05-09T11:07:06","modified_gmt":"2026-05-09T10:07:06","slug":"schwarzer-thuddy-flogger","status":"publish","type":"product","link":"https:\/\/bantoro.com\/de\/shop\/leder-flogger\/schwarzer-thuddy-flogger\/","title":{"rendered":"Schwarzer Leder Thuddy Flogger mit 30 Riemen f\u00fcr Impact Play \u2013 Premium BDSM-Flogger"},"content":{"rendered":"<p>Entfesseln Sie intensive Lust und erkunden Sie die Welt des BDSM mit unserem handgefertigten <strong>Schwarz Leather Thuddy Flogger<\/strong>. Gefertigt aus hochwertigem Vollleder, bietet dieser Flogger unvergleichliche Langlebigkeit und eine luxuri\u00f6se Haptik f\u00fcr langanhaltendes Vergn\u00fcgen w\u00e4hrend Ihrer Bondage-Sessions.<\/p>\n<p>Dieser <strong>Thuddy Flogger<\/strong> wurde speziell f\u00fcr <strong>Impact Play<\/strong> entwickelt und liefert tiefe, befriedigende Empfindungen, die sowohl von Anf\u00e4ngern als auch von erfahrenen Anwendern bevorzugt werden. Egal, ob Sie ein sanftes Flogger-Erlebnis oder eine intensivere Session suchen, dieses vielseitige St\u00fcck passt sich wunderbar verschiedenen Spielstilen an.<\/p>\n<p>Mit ca. 30 Riemen, die jeweils 40 cm messen, bietet dieser Flogger die perfekte Balance zwischen Reichweite und Kontrolle und erm\u00f6glicht pr\u00e4zise und eindrucksvolle Empfindungen. Der komfortable, 23 cm lange geflochtene Ledergriff sorgt f\u00fcr m\u00fcheloses Man\u00f6vrieren f\u00fcr sowohl dominante als auch submissive Partner.<\/p>\n<p><strong>Dieser Thuddy Impact Play Flogger ist ideal f\u00fcr:<\/strong><\/p>\n<ul>\n<li>Anf\u00e4nger, die die Welt des Impact Play erkunden<\/li>\n<li>Erfahrene Praktizierende, die ein vielseitiges Werkzeug suchen<\/li>\n<li>Bondage-Spiele mit einem befriedigenden Mix aus dumpfem Aufschlag und Prickeln<\/li>\n<\/ul>\n<p><strong>Weitere Gr\u00fcnde, unseren Black Leather Thuddy Flogger zu lieben:<\/strong><\/p>\n<ul>\n<li><strong>Handgefertigt von erfahrenen Kunsthandwerkern<\/strong>: Jeder Flogger wird sorgf\u00e4ltig gefertigt, um h\u00f6chste Qualit\u00e4t und Liebe zum Detail zu garantieren.<\/li>\n<li><strong>Diskretion und Luxus als Geschenk<\/strong>: \u00dcberraschen Sie Ihren Partner mit einem unvergesslichen und diskreten BDSM-Erlebnis.<\/li>\n<li><strong>Langlebige Konstruktion<\/strong>: Das hochwertige Leder sorgt daf\u00fcr, dass dieser Flogger auch intensiver Nutzung f\u00fcr langanhaltenden Genuss standh\u00e4lt.<\/li>\n<\/ul>\n<p>Entdecken Sie eine Welt voller Genuss und entfesseln Sie Ihre Sehns\u00fcchte mit diesem Black Leather Thuddy Flogger. Diskrete Verpackung und schneller Versand verf\u00fcgbar.<\/p>\n<p>Durchst\u00f6bern Sie unsere gesamte Kollektion an <a href=\"https:\/\/bantoro.com\/product-category\/leather-floggers\/\"><strong>Leder-Floggern<\/strong><\/a> f\u00fcr weitere erstklassige Impact-Play-Optionen.<\/p>\n<h3>H\u00e4ufig gestellte Fragen<\/h3>\n<p><strong>Was ist ein Thuddy Flogger?<\/strong><br \/>\nEin Thuddy Flogger ist so konzipiert, dass er tiefe, schwere Aufschlagreize liefert, anstatt eines scharfen Stechens. Dies macht ihn ideal f\u00fcr kontrolliertes und befriedigendes Impact Play.<\/p>\n<p><strong>Ist dieser Flogger f\u00fcr Impact Play geeignet?<\/strong><br \/>\nJa, dieser schwarze Leder-Thuddy-Flogger wurde speziell f\u00fcr Impact Play entwickelt und bietet ein ausgewogenes Gewicht, hervorragende Kontrolle und eine gleichbleibende Performance.<\/p>\n<p><strong>Ist dieser Flogger gut f\u00fcr Anf\u00e4nger geeignet?<\/strong><br \/>\nJa, dieser Flogger ist sowohl f\u00fcr Anf\u00e4nger als auch f\u00fcr erfahrene Benutzer geeignet, da die weichen Lederriemen eine kontrollierte Intensit\u00e4t und ein schrittweises Erkunden erm\u00f6glichen.<\/p>\n<div class=\"brtpmj_reviews_container\"><div class=\"brtpmj_businessheader\">\r\n\t\t\t\t\t\t<img decoding=\"async\" src=\"\/\/s3-eu-west-1.amazonaws.com\/tpd\/logos\/6617aecf4e6fa9ea40f2b01a\/0x0.png\" alt=\"Bantoro\">\r\n\t\t\t\t\t\t<h2 class=\"brtpmj_business_name\">Bantoro<\/h2>\r\n\t\t\t\t\t<\/div><p class=\"brtpmj_business_ratings\">\r\n\t\t\t\t\t\t<span class=\"brtpmj_br_score\">4.8<\/span>\r\n\t\t\t\t\t\t<span class=\"brtpmj_br_score_img\"><img decoding=\"async\" src=\"https:\/\/bantoro.com\/wp-content\/plugins\/better-business-reviews\/assets\/stars-5.svg\" alt=\"5 stars\"><\/span>\r\n\t\t\t\t\t\t<span class=\"brtpmj_br_count\">39 Reviews<\/span>\r\n\t\t\t\t\t<\/p><div class=\"\"><div class=\"brtpmj_all_reviews\"><div class=\"brtpmj_single_rvw\">\r\n\t\t\t\t\t\t\t\t\t\r\n\t\t\t\t\t\t<div class=\"brtpmj_sr_author_overview\">\r\n\t\t\t\t\t\t\t\r\n\t\t\t\t\t\t\t<div class=\"brtpmj_sr_ab_img\"><span>LvV<\/span><\/div>\r\n\t\t\t\t\t\t\t<div class=\"brtpmj_sr_ab_name_date\">\r\n\t\t\t\t\t\t\t\t<span class=\"brtpmj_sr_ab_name\">LB vd Vuurst<\/span>\r\n\t\t\t\t\t\t\t\t<span class=\"brtpmj_sr_ab_date\">2025-08-15<\/span>\r\n\t\t\t\t\t\t\t<\/div>\r\n\t\t\t\t\t\t\t\r\n\t\t\t\t\t\t<\/div>\r\n\t\t\t\t\t\t\r\n\t\t\t\t\t\t<div class=\"brtpmj_sr_rating\">\r\n\t\t\t\t\t\t\t<span class=\"brtpmj_br_score_img\"><img decoding=\"async\" src=\"https:\/\/bantoro.com\/wp-content\/plugins\/better-business-reviews\/assets\/stars-5.svg\" alt=\"5 stars\"><\/span>\r\n\t\t\t\t\t\t<\/div>\r\n\t\t\t\t\t\t\r\n\t\t\t\t\t\t<div class=\"brtpmj_sr_title\">\r\n\t\t\t\t\t\t\t<h4>Great communication fast shipping<\/h4>\r\n\t\t\t\t\t\t<\/div>\r\n\t\t\t\t\t\t\r\n\t\t\t\t\t\t<div class=\"brtpmj_sr_title\">\r\n\t\t\t\t\t\t\t<p>I placed an order of 2 items but one of the items what we asked for wasnt available. Within 12 hours i got an email with a other suggestions, and so we did a different order. It was shipped really, really fast. And the communication was great. Thank you Jane. Everything recieved and we are happy.<\/p>\r\n\t\t\t\t\t\t<\/div>\r\n\t\t\t\t\t\t\r\n\t\t\t\t\t<\/div><div class=\"brtpmj_single_rvw\">\r\n\t\t\t\t\t\t\t\t\t\r\n\t\t\t\t\t\t<div class=\"brtpmj_sr_author_overview\">\r\n\t\t\t\t\t\t\t\r\n\t\t\t\t\t\t\t<div class=\"brtpmj_sr_ab_img\"><img decoding=\"async\" src=\"https:\/\/user-images.trustpilot.com\/6896a2719600690944faa5c3\/73x73.png\"><\/div>\r\n\t\t\t\t\t\t\t<div class=\"brtpmj_sr_ab_name_date\">\r\n\t\t\t\t\t\t\t\t<span class=\"brtpmj_sr_ab_name\">Jang Yun Boo<\/span>\r\n\t\t\t\t\t\t\t\t<span class=\"brtpmj_sr_ab_date\">2025-08-09<\/span>\r\n\t\t\t\t\t\t\t<\/div>\r\n\t\t\t\t\t\t\t\r\n\t\t\t\t\t\t<\/div>\r\n\t\t\t\t\t\t\r\n\t\t\t\t\t\t<div class=\"brtpmj_sr_rating\">\r\n\t\t\t\t\t\t\t<span class=\"brtpmj_br_score_img\"><img decoding=\"async\" src=\"https:\/\/bantoro.com\/wp-content\/plugins\/better-business-reviews\/assets\/stars-5.svg\" alt=\"5 stars\"><\/span>\r\n\t\t\t\t\t\t<\/div>\r\n\t\t\t\t\t\t\r\n\t\t\t\t\t\t<div class=\"brtpmj_sr_title\">\r\n\t\t\t\t\t\t\t<h4>Lots of Thanks from south Korea Seoul<\/h4>\r\n\t\t\t\t\t\t<\/div>\r\n\t\t\t\t\t\t\r\n\t\t\t\t\t\t<div class=\"brtpmj_sr_title\">\r\n\t\t\t\t\t\t\t<p>Lots of Thanks from south Korea Seoul. well look after service. good tracking infomation. We received item perfectly good shape. very happy about it is all real leather and good quality.<\/p>\r\n\t\t\t\t\t\t<\/div>\r\n\t\t\t\t\t\t\r\n\t\t\t\t\t<\/div><div class=\"brtpmj_single_rvw\">\r\n\t\t\t\t\t\t\t\t\t\r\n\t\t\t\t\t\t<div class=\"brtpmj_sr_author_overview\">\r\n\t\t\t\t\t\t\t\r\n\t\t\t\t\t\t\t<div class=\"brtpmj_sr_ab_img\"><img decoding=\"async\" src=\"https:\/\/user-images.trustpilot.com\/60363e1eeea92f001b60a322\/73x73.png\"><\/div>\r\n\t\t\t\t\t\t\t<div class=\"brtpmj_sr_ab_name_date\">\r\n\t\t\t\t\t\t\t\t<span class=\"brtpmj_sr_ab_name\">~ E ~<\/span>\r\n\t\t\t\t\t\t\t\t<span class=\"brtpmj_sr_ab_date\">2025-08-06<\/span>\r\n\t\t\t\t\t\t\t<\/div>\r\n\t\t\t\t\t\t\t\r\n\t\t\t\t\t\t<\/div>\r\n\t\t\t\t\t\t\r\n\t\t\t\t\t\t<div class=\"brtpmj_sr_rating\">\r\n\t\t\t\t\t\t\t<span class=\"brtpmj_br_score_img\"><img decoding=\"async\" src=\"https:\/\/bantoro.com\/wp-content\/plugins\/better-business-reviews\/assets\/stars-5.svg\" alt=\"5 stars\"><\/span>\r\n\t\t\t\t\t\t<\/div>\r\n\t\t\t\t\t\t\r\n\t\t\t\t\t\t<div class=\"brtpmj_sr_title\">\r\n\t\t\t\t\t\t\t<h4>This is my second order<\/h4>\r\n\t\t\t\t\t\t<\/div>\r\n\t\t\t\t\t\t\r\n\t\t\t\t\t\t<div class=\"brtpmj_sr_title\">\r\n\t\t\t\t\t\t\t<p>This is my second order. Previously I was very happy and satisfied with everything. This time Bantoro even achieved a higher level of customer satisfaction. I needed a whip for the upcoming weekend. And when I contacted the customer service, they could not promise me a guaranteed delivery date other than an expected ETA of 3 - 5 days, also due to possible customs delays. Totally understandable. I had faith in Bantoro because last time, it took only four days from the UK to NL. I ordered the whip on monday and it was shipped the same day because they wanted to make sure I got it on time. It was delivered on wednesday early afternoon!!! Still love the quality of the whip for a great price, and your customer service is next level. Thanks Bantoro!<\/p>\r\n\t\t\t\t\t\t<\/div>\r\n\t\t\t\t\t\t\r\n\t\t\t\t\t<\/div><\/div><\/div><\/div>\n","protected":false},"excerpt":{"rendered":"<p><strong>Perfekter Thuddy Flogger f\u00fcr Impact Play &amp; Bondage-Sessions<\/strong><\/p>\n<p>Dieser Thuddy Flogger bietet die folgenden Hauptmerkmale:<\/p>\n<ul>\n<li data-sourcepos=\"38:1-38:75\"><strong>Hochwertiges Vollleder<\/strong>: Luxuri\u00f6se Haptik und langlebige Haltbarkeit<\/li>\n<li data-sourcepos=\"39:1-39:68\"><strong>Ca. 30 Riemen<\/strong>: F\u00fcr effektives und ausgewogenes Impact Play<\/li>\n<li data-sourcepos=\"40:1-40:65\"><strong>40 cm Riemen mit 23 cm Griff<\/strong>: Perfekte Reichweite und Kontrolle<\/li>\n<li data-sourcepos=\"41:1-41:75\"><strong>Ideal f\u00fcr Bondage-Spiele<\/strong>: Vielseitig einsetzbar f\u00fcr Anf\u00e4nger und erfahrene Anwender<\/li>\n<li data-sourcepos=\"42:1-42:77\"><strong>Handgefertigtes BDSM-Meisterst\u00fcck<\/strong>: Erstklassige Qualit\u00e4t und Liebe zum Detail<\/li>\n<li data-sourcepos=\"43:1-43:40\"><strong>Diskrete und luxuri\u00f6se Geschenkoption<\/strong><\/li>\n<li data-sourcepos=\"44:1-45:0\"><strong>Robuste und langlebige Konstruktion<\/strong><\/li>\n<\/ul>\n","protected":false},"featured_media":14899,"comment_status":"open","ping_status":"closed","template":"","meta":[],"product_brand":[],"product_cat":[1233],"product_tag":[1706,1387,1555,1839,1759],"class_list":{"0":"post-14905","1":"product","2":"type-product","3":"status-publish","4":"has-post-thumbnail","6":"product_cat-leder-flogger","7":"product_tag-flogger","8":"product_tag-flogger-mit-weichen-lederstreifen","9":"product_tag-geflochtener-flogger","10":"product_tag-handgemachter-flogger","11":"product_tag-weiche-peitsche","13":"first","14":"instock","15":"sale","16":"taxable","17":"shipping-taxable","18":"purchasable","19":"product-type-simple"},"_links":{"self":[{"href":"https:\/\/bantoro.com\/de\/wp-json\/wp\/v2\/product\/14905","targetHints":{"allow":["GET"]}}],"collection":[{"href":"https:\/\/bantoro.com\/de\/wp-json\/wp\/v2\/product"}],"about":[{"href":"https:\/\/bantoro.com\/de\/wp-json\/wp\/v2\/types\/product"}],"replies":[{"embeddable":true,"href":"https:\/\/bantoro.com\/de\/wp-json\/wp\/v2\/comments?post=14905"}],"wp:featuredmedia":[{"embeddable":true,"href":"https:\/\/bantoro.com\/de\/wp-json\/wp\/v2\/media\/14899"}],"wp:attachment":[{"href":"https:\/\/bantoro.com\/de\/wp-json\/wp\/v2\/media?parent=14905"}],"wp:term":[{"taxonomy":"product_brand","embeddable":true,"href":"https:\/\/bantoro.com\/de\/wp-json\/wp\/v2\/product_brand?post=14905"},{"taxonomy":"product_cat","embeddable":true,"href":"https:\/\/bantoro.com\/de\/wp-json\/wp\/v2\/product_cat?post=14905"},{"taxonomy":"product_tag","embeddable":true,"href":"https:\/\/bantoro.com\/de\/wp-json\/wp\/v2\/product_tag?post=14905"}],"curies":[{"name":"wp","href":"https:\/\/api.w.org\/{rel}","templated":true}]}}