{"id":14871,"date":"2023-07-12T21:35:58","date_gmt":"2023-07-12T20:35:58","guid":{"rendered":"https:\/\/bantoro.com\/shop\/unkategorisiert\/schwarze-single-tail-whip-8-fach-geflochtene-leder-reitgerte-3-fuss\/"},"modified":"2026-05-08T12:13:25","modified_gmt":"2026-05-08T11:13:25","slug":"schwarze-single-tail-whip","status":"publish","type":"product","link":"https:\/\/bantoro.com\/de\/shop\/leder-flogger\/schwarze-single-tail-whip\/","title":{"rendered":"Schwarze Single-Tail-Whip, 8-fach geflochtene Leder-Reitgerte \u2013 3 Fu\u00df"},"content":{"rendered":"<p style=\"text-align: center;\"><figure class=\"wp-block-embed wp-block-embed-youtube is-type-video is-provider-youtube epyt-figure\"><div class=\"wp-block-embed__wrapper\"><div class=\"epyt-video-wrapper\"><iframe  id=\"_ytid_43949\"  width=\"800\" height=\"450\"  data-origwidth=\"800\" data-origheight=\"450\" src=\"https:\/\/www.youtube.com\/embed\/nZOx25l0eus?enablejsapi=1&autoplay=0&cc_load_policy=0&iv_load_policy=1&loop=0&fs=1&playsinline=0&controls=1&disablekb=0&color=red&cc_lang_pref=&rel=0&autohide=2&theme=dark&\" class=\"__youtube_prefs__  no-lazyload\" data-vol=\"50\"  title=\"YouTube player\"  allow=\"fullscreen; accelerometer; autoplay; clipboard-write; encrypted-media; gyroscope; picture-in-picture; web-share\" referrerpolicy=\"strict-origin-when-cross-origin\" allowfullscreen data-no-lazy=\"1\" data-skipgform_ajax_framebjll=\"\"><\/iframe><\/div><\/div><\/figure> Die <strong>schwarze Single-Tail-Whip<\/strong><\/p>\n<p>Verbessern Sie Ihr Reiterlebnis mit unserem <strong>Schwarzen Einstrang-Peitsche<\/strong><\/p>\n<p>, fachm\u00e4nnisch gefertigt mit <strong>8-fach geflochtenem Leder<\/strong> f\u00fcr erh\u00f6hte Haltbarkeit und geschmeidige Flexibilit\u00e4t. Diese hochwertige <strong>Rindsleder-Peitsche<\/strong> bietet einen erstklassigen, <strong>festen Griff<\/strong> und eignet sich perfekt f\u00fcr alle Reitarten \u2013 egal ob Training, Ausbildung oder spannende Springwettbewerbe. Mit einer L\u00e4nge von <strong>3 Fu\u00df (0,91 Meter)<\/strong> bietet sie die perfekte Balance zwischen Kontrolle und Wendigkeit.<\/p>\n<p>Die Peitsche verf\u00fcgt \u00fcber einen <strong>rutschfesten Griff<\/strong> mit einer exquisiten handgeflochtenen Struktur, die sie besonders bequem und einfach zu halten macht. Der <strong>Leder-G\u00fcrtelhalter<\/strong> ist separat f\u00fcr 10,00 Euro erh\u00e4ltlich (je nach Verf\u00fcgbarkeit), um Ihre Peitsche w\u00e4hrend des Trainings jederzeit griffbereit zu haben. Ideal f\u00fcr t\u00e4gliche Outdoor-Trainings oder als durchdachtes Geschenk f\u00fcr Reitsport-Enthusiasten vereint diese Peitsche Stil und Funktionalit\u00e4t.<\/p>\n<p>F\u00fcr weitere Informationen zur richtigen Pflege und Wartung Ihrer Lederausr\u00fcstung sehen Sie sich unseren Leitfaden <strong><a href=\"https:\/\/bantoro.com\/ultimativer Leder-Bullwhip-Pflegeleitfaden\/\" target=\"_new\" rel=\"noopener\">\u201eUltimativer Pflegeleitfaden f\u00fcr Leder-Bullwhips\u201c an.<\/a><\/strong><\/p>\n<p>Mit Sitz im <strong>Vereinigten K\u00f6nigreich<\/strong> wird unsere Peitsche aus den besten Materialien gefertigt, sodass Sie langlebige Qualit\u00e4t und Leistung genie\u00dfen k\u00f6nnen. Bitte \u00fcberpr\u00fcfen Sie vor dem Kauf die Zoll- und Handelsbestimmungen Ihres Landes.<\/p>\n<p>Entdecken Sie weitere hochwertige Reitsportprodukte auf unserer Website: <strong><a href=\"https:\/\/bantoro.com\/de\/\" target=\"_new\" rel=\"noopener\">Bantoro<\/a><\/strong><\/p>\n<p>F\u00fcr Tipps zum Einspielen Ihrer Peitsche und zum Verbessern Ihrer F\u00e4higkeiten besuchen Sie <strong><a href=\"https:\/\/bantoro.com\/Bullwhip einspielen &amp; die Peitsche meistern\/\" target=\"_new\" rel=\"noopener\">\u201eEinspielen von Bullwhips und das Beherrschen Ihrer Peitsche\u201c.<\/a><\/strong><\/p>\n","protected":false},"excerpt":{"rendered":"<p><strong>Schwarzen Einstrang-Peitsche<\/strong><\/p>\n<p>&nbsp;<\/p>\n<ul>\n<li><strong>L\u00e4nge<\/strong>: 3 Fu\u00df \/ 0,91 Meter \u2013 In verschiedenen Gr\u00f6\u00dfen erh\u00e4ltlich. Besuchen Sie unseren Amazon Store f\u00fcr weitere Optionen.<\/li>\n<li><strong>Material<\/strong>: Hergestellt aus <strong>hochwertigem Rindsleder<\/strong> (<strong>Top-Grain<\/strong>) f\u00fcr Haltbarkeit und Flexibilit\u00e4t.<\/li>\n<li><strong>8-fach geflochtenes Leder<\/strong>: Bietet eine st\u00e4rkere, langlebigere Peitsche mit verbesserter Leistung.<\/li>\n<li><strong>Rutschfester Griff:<\/strong> Verf\u00fcgt \u00fcber <strong>einen rutschfesten Ledergriff<\/strong> mit exquisiter handgeflochtener Struktur f\u00fcr maximale Kontrolle.<\/li>\n<li><strong>Vielseitig<\/strong>: Ideal f\u00fcr den<strong> t\u00e4glichen Reitsport,<\/strong> Training, Springreiten und Outdoor-Workouts.<\/li>\n<li><strong>Perfektes Geschenk:<\/strong> Ein gro\u00dfartiges Geschenk f\u00fcr alle Arten von Reitern und Reitsport-Enthusiasten.<\/li>\n<li><strong>Leder-G\u00fcrtelhalter<\/strong>: Ein optionaler <strong>G\u00fcrtelhalter ist<\/strong> f\u00fcr 10,00 \u20ac erh\u00e4ltlich (Aktionsangebot, je nach Verf\u00fcgbarkeit).<\/li>\n<\/ul>\n","protected":false},"featured_media":14864,"comment_status":"open","ping_status":"closed","template":"","meta":[],"product_brand":[],"product_cat":[1233,1271],"product_tag":[922,1005,1004,1681,1521,936,1806,1854,1675,1808],"class_list":{"0":"post-14871","1":"product","2":"type-product","3":"status-publish","4":"has-post-thumbnail","6":"product_cat-leder-flogger","7":"product_cat-lederpeitschen-2-bis-3-fus","8":"product_tag-3ft-reitgerte","9":"product_tag-cowhide-riding-crop","10":"product_tag-peitsche-aus-rindsleder","11":"product_tag-reitgerte-4","12":"product_tag-reitgerte-aus-schwarzem-rindsleder","13":"product_tag-reitgerte-mit-8-zopfen","14":"product_tag-reitgerte-mit-hufthalterung","15":"product_tag-reitpeitsche-2","16":"product_tag-reitsport","17":"product_tag-reittrainingshilfe","19":"first","20":"instock","21":"sale","22":"taxable","23":"shipping-taxable","24":"purchasable","25":"product-type-simple"},"_links":{"self":[{"href":"https:\/\/bantoro.com\/de\/wp-json\/wp\/v2\/product\/14871","targetHints":{"allow":["GET"]}}],"collection":[{"href":"https:\/\/bantoro.com\/de\/wp-json\/wp\/v2\/product"}],"about":[{"href":"https:\/\/bantoro.com\/de\/wp-json\/wp\/v2\/types\/product"}],"replies":[{"embeddable":true,"href":"https:\/\/bantoro.com\/de\/wp-json\/wp\/v2\/comments?post=14871"}],"wp:featuredmedia":[{"embeddable":true,"href":"https:\/\/bantoro.com\/de\/wp-json\/wp\/v2\/media\/14864"}],"wp:attachment":[{"href":"https:\/\/bantoro.com\/de\/wp-json\/wp\/v2\/media?parent=14871"}],"wp:term":[{"taxonomy":"product_brand","embeddable":true,"href":"https:\/\/bantoro.com\/de\/wp-json\/wp\/v2\/product_brand?post=14871"},{"taxonomy":"product_cat","embeddable":true,"href":"https:\/\/bantoro.com\/de\/wp-json\/wp\/v2\/product_cat?post=14871"},{"taxonomy":"product_tag","embeddable":true,"href":"https:\/\/bantoro.com\/de\/wp-json\/wp\/v2\/product_tag?post=14871"}],"curies":[{"name":"wp","href":"https:\/\/api.w.org\/{rel}","templated":true}]}}