{"id":14742,"date":"2024-09-10T13:44:49","date_gmt":"2024-09-10T12:44:49","guid":{"rendered":"https:\/\/bantoro.com\/shop\/unkategorisiert\/braune-snake-whip-schussgewichtet-12-fach-geflochtene-leder-bullwhip-3-fuss-lauter-knallton\/"},"modified":"2026-05-06T13:28:37","modified_gmt":"2026-05-06T12:28:37","slug":"braune-schlangenpeitsche","status":"publish","type":"product","link":"https:\/\/bantoro.com\/de\/shop\/snake-whip-shot-vollgeladen\/braune-schlangenpeitsche\/","title":{"rendered":"Braune Snake-Whip, schussgewichtet \u2013 12-fach geflochtene Leder-Bullwhip, 3 Fu\u00df, lauter Knallton<br> <br> <br>"},"content":{"rendered":"<p>Wir pr\u00e4sentieren die <strong data-start=\"2212\" data-end=\"2244\">braune schussgewichtete Snake-Whip<\/strong>, eine leistungsstarke <strong data-start=\"2265\" data-end=\"2287\">Leder-Snake-Whip<\/strong> mit 12-fach Flechtung f\u00fcr erh\u00f6hte Haltbarkeit und laute Knallleistung. Entwickelt sowohl f\u00fcr erfahrene Profis als auch f\u00fcr Anf\u00e4nger, enth\u00e4lt diese <strong>schussgewichtete Snake-Whip<\/strong> Bleikugeln im Kern, die Gewicht und Knallkraft verbessern.<\/p>\n<h2>Warum diese schussgewichtete Snake-Whip w\u00e4hlen?<\/h2>\n<ul>\n<li><strong>Schussgewichtetes Design<\/strong>: Diese <strong>Leder-Bullwhip<\/strong> ist im Kern mit <strong>Bleikugeln <\/strong>beschwert, um bessere Kontrolle und kraftvollere Knallger\u00e4usche zu erm\u00f6glichen.<\/li>\n<li><strong>Hochwertiges Leder-Material: <\/strong>Gefertigt aus <strong>100 % echtem Leder,<\/strong> einschlie\u00dflich <strong>Top-Grain-Leder<\/strong> f\u00fcr ein erstklassiges Gef\u00fchl und erh\u00f6hte Haltbarkeit. Der Kern der Peitsche enth\u00e4lt vier Lagen Rindsleder-B\u00e4uche f\u00fcr zus\u00e4tzliche St\u00e4rke.<\/li>\n<li><strong>Kompakt und flexibel:<\/strong> Das flexible Design der Snake-Whip macht sie ideal f\u00fcr den Einsatz in engen R\u00e4umen. Im Gegensatz zu Bullwhips hat sie keinen starren Griff, was die Tragbarkeit verbessert.<\/li>\n<li><strong>L\u00e4nge<\/strong>: Die Peitsche misst <strong>3 Fu\u00df (0,91 Meter)<\/strong> und ist damit ein kompaktes, aber dennoch kraftvolles Werkzeug f\u00fcr Ihre Peitschenschlag-Bed\u00fcrfnisse. Sie k\u00f6nnen auch andere Gr\u00f6\u00dfen und Farben in unserem Shop ansehen.<\/li>\n<li><strong>Zus\u00e4tzliches Zubeh\u00f6r<\/strong>: Diese Peitsche wird mit einem Leder-G\u00fcrtelhalter und sechs zus\u00e4tzlichen Crackern im Wert von 15,00 \u00a3 GBP geliefert, um Ihr Erlebnis zu verbessern.<\/li>\n<li><strong>Lauter Knallton<\/strong>: Die schussgewichtete Konstruktion sorgt f\u00fcr einen lauteren Knall, ideal f\u00fcr Vorf\u00fchrungen und Training.<\/li>\n<li><strong>Exquisite Flechtung<\/strong>: Die <strong>12-fach Flechtung<\/strong> verleiht dieser Peitsche zus\u00e4tzliche St\u00e4rke, Haltbarkeit und ein edles Erscheinungsbild.<\/li>\n<li><strong>Rutschfester Griff<\/strong>: Der <strong>Anti-Rutsch-Griff<\/strong> bietet dank seines sorgf\u00e4ltig handgeflochtenen Designs einen sicheren und komfortablen Halt.<\/li>\n<li><strong>Perfekt f\u00fcr Vorf\u00fchrungen<\/strong>: Ob f\u00fcr Shows, Training oder Sammlungen \u2013 diese Peitsche bietet hervorragende Kontrolle, Stil und Leistung.<\/li>\n<\/ul>\n<p>Diese handgefertigte Leder-Snake-Whip ist auf Langlebigkeit, Flexibilit\u00e4t und kraftvolle Knallleistung ausgelegt. Sie k\u00f6nnen auch unsere komplette schussgewichtete <a href=\"\/?product_cat=snake-whip-schussgewichtet\">Snake-Whip-Kollektion erkunden<\/a>, um verschiedene handgefertigte Designs und Peitschenstile zu finden.<\/p>\n<p>F\u00fcr Tipps zur Pflege und Wartung Ihrer Bullwhip sehen Sie sich unseren <a href=\"https:\/\/bantoro.com\/ultimativer Leder-Bullwhip-Pflegeleitfaden\/\" target=\"_new\" rel=\"noopener\">ultimativen Pflegeleitfaden f\u00fcr Leder-Bullwhips an<\/a> und erfahren Sie mehr \u00fcber das <a href=\"https:\/\/bantoro.com\/Bullwhip einspielen &amp; die Peitsche meistern\/\" target=\"_new\" rel=\"noopener\">Einspielen und das Beherrschen der Peitsche.<\/a><\/p>\n<p><strong>Hinweis<\/strong>: Die tats\u00e4chliche Farbe des Produkts kann leicht von den dargestellten Bildern abweichen. Bitte pr\u00fcfen Sie vor dem Kauf die Zoll- und Handelsbestimmungen Ihres Landes, da dieser Artikel aus dem Vereinigten K\u00f6nigreich versendet wird.<\/p>\n<p><span data-teams=\"true\"><div class=\"brtpmj_reviews_container\"><div class=\"brtpmj_businessheader\">\r\n\t\t\t\t\t\t<img decoding=\"async\" src=\"\/\/s3-eu-west-1.amazonaws.com\/tpd\/logos\/6617aecf4e6fa9ea40f2b01a\/0x0.png\" alt=\"Bantoro\">\r\n\t\t\t\t\t\t<h2 class=\"brtpmj_business_name\">Bantoro<\/h2>\r\n\t\t\t\t\t<\/div><p class=\"brtpmj_business_ratings\">\r\n\t\t\t\t\t\t<span class=\"brtpmj_br_score\">4.8<\/span>\r\n\t\t\t\t\t\t<span class=\"brtpmj_br_score_img\"><img decoding=\"async\" src=\"https:\/\/bantoro.com\/wp-content\/plugins\/better-business-reviews\/assets\/stars-5.svg\" alt=\"5 stars\"><\/span>\r\n\t\t\t\t\t\t<span class=\"brtpmj_br_count\">39 Reviews<\/span>\r\n\t\t\t\t\t<\/p><div class=\"\"><div class=\"brtpmj_all_reviews brtpmj_grid_container\"><div class=\"brtpmj_single_rvw\">\r\n\t\t\t\t\t\t\t\t\t\r\n\t\t\t\t\t\t<div class=\"brtpmj_sr_author_overview\">\r\n\t\t\t\t\t\t\t\r\n\t\t\t\t\t\t\t<div class=\"brtpmj_sr_ab_img\"><span>LvV<\/span><\/div>\r\n\t\t\t\t\t\t\t<div class=\"brtpmj_sr_ab_name_date\">\r\n\t\t\t\t\t\t\t\t<span class=\"brtpmj_sr_ab_name\">LB vd Vuurst<\/span>\r\n\t\t\t\t\t\t\t\t<span class=\"brtpmj_sr_ab_date\">2025-08-15<\/span>\r\n\t\t\t\t\t\t\t<\/div>\r\n\t\t\t\t\t\t\t\r\n\t\t\t\t\t\t<\/div>\r\n\t\t\t\t\t\t\r\n\t\t\t\t\t\t<div class=\"brtpmj_sr_rating\">\r\n\t\t\t\t\t\t\t<span class=\"brtpmj_br_score_img\"><img decoding=\"async\" src=\"https:\/\/bantoro.com\/wp-content\/plugins\/better-business-reviews\/assets\/stars-5.svg\" alt=\"5 stars\"><\/span>\r\n\t\t\t\t\t\t<\/div>\r\n\t\t\t\t\t\t\r\n\t\t\t\t\t\t<div class=\"brtpmj_sr_title\">\r\n\t\t\t\t\t\t\t<h4>Great communication fast shipping<\/h4>\r\n\t\t\t\t\t\t<\/div>\r\n\t\t\t\t\t\t\r\n\t\t\t\t\t\t<div class=\"brtpmj_sr_title\">\r\n\t\t\t\t\t\t\t<p>I placed an order of 2 items but one of the items what we asked for wasnt available. Within 12 hours i got an email with a other suggestions, and so we did a different order. It was shipped really, really fast. And the communication was great. Thank you Jane. Everything recieved and we are happy.<\/p>\r\n\t\t\t\t\t\t<\/div>\r\n\t\t\t\t\t\t\r\n\t\t\t\t\t<\/div><div class=\"brtpmj_single_rvw\">\r\n\t\t\t\t\t\t\t\t\t\r\n\t\t\t\t\t\t<div class=\"brtpmj_sr_author_overview\">\r\n\t\t\t\t\t\t\t\r\n\t\t\t\t\t\t\t<div class=\"brtpmj_sr_ab_img\"><img decoding=\"async\" src=\"https:\/\/user-images.trustpilot.com\/6896a2719600690944faa5c3\/73x73.png\"><\/div>\r\n\t\t\t\t\t\t\t<div class=\"brtpmj_sr_ab_name_date\">\r\n\t\t\t\t\t\t\t\t<span class=\"brtpmj_sr_ab_name\">Jang Yun Boo<\/span>\r\n\t\t\t\t\t\t\t\t<span class=\"brtpmj_sr_ab_date\">2025-08-09<\/span>\r\n\t\t\t\t\t\t\t<\/div>\r\n\t\t\t\t\t\t\t\r\n\t\t\t\t\t\t<\/div>\r\n\t\t\t\t\t\t\r\n\t\t\t\t\t\t<div class=\"brtpmj_sr_rating\">\r\n\t\t\t\t\t\t\t<span class=\"brtpmj_br_score_img\"><img decoding=\"async\" src=\"https:\/\/bantoro.com\/wp-content\/plugins\/better-business-reviews\/assets\/stars-5.svg\" alt=\"5 stars\"><\/span>\r\n\t\t\t\t\t\t<\/div>\r\n\t\t\t\t\t\t\r\n\t\t\t\t\t\t<div class=\"brtpmj_sr_title\">\r\n\t\t\t\t\t\t\t<h4>Lots of Thanks from south Korea Seoul<\/h4>\r\n\t\t\t\t\t\t<\/div>\r\n\t\t\t\t\t\t\r\n\t\t\t\t\t\t<div class=\"brtpmj_sr_title\">\r\n\t\t\t\t\t\t\t<p>Lots of Thanks from south Korea Seoul. well look after service. good tracking infomation. We received item perfectly good shape. very happy about it is all real leather and good quality.<\/p>\r\n\t\t\t\t\t\t<\/div>\r\n\t\t\t\t\t\t\r\n\t\t\t\t\t<\/div><div class=\"brtpmj_single_rvw\">\r\n\t\t\t\t\t\t\t\t\t\r\n\t\t\t\t\t\t<div class=\"brtpmj_sr_author_overview\">\r\n\t\t\t\t\t\t\t\r\n\t\t\t\t\t\t\t<div class=\"brtpmj_sr_ab_img\"><img decoding=\"async\" src=\"https:\/\/user-images.trustpilot.com\/60363e1eeea92f001b60a322\/73x73.png\"><\/div>\r\n\t\t\t\t\t\t\t<div class=\"brtpmj_sr_ab_name_date\">\r\n\t\t\t\t\t\t\t\t<span class=\"brtpmj_sr_ab_name\">~ E ~<\/span>\r\n\t\t\t\t\t\t\t\t<span class=\"brtpmj_sr_ab_date\">2025-08-06<\/span>\r\n\t\t\t\t\t\t\t<\/div>\r\n\t\t\t\t\t\t\t\r\n\t\t\t\t\t\t<\/div>\r\n\t\t\t\t\t\t\r\n\t\t\t\t\t\t<div class=\"brtpmj_sr_rating\">\r\n\t\t\t\t\t\t\t<span class=\"brtpmj_br_score_img\"><img decoding=\"async\" src=\"https:\/\/bantoro.com\/wp-content\/plugins\/better-business-reviews\/assets\/stars-5.svg\" alt=\"5 stars\"><\/span>\r\n\t\t\t\t\t\t<\/div>\r\n\t\t\t\t\t\t\r\n\t\t\t\t\t\t<div class=\"brtpmj_sr_title\">\r\n\t\t\t\t\t\t\t<h4>This is my second order<\/h4>\r\n\t\t\t\t\t\t<\/div>\r\n\t\t\t\t\t\t\r\n\t\t\t\t\t\t<div class=\"brtpmj_sr_title\">\r\n\t\t\t\t\t\t\t<p>This is my second order. Previously I was very happy and satisfied with everything. This time Bantoro even achieved a higher level of customer satisfaction. I needed a whip for the upcoming weekend. And when I contacted the customer service, they could not promise me a guaranteed delivery date other than an expected ETA of 3 - 5 days, also due to possible customs delays. Totally understandable. I had faith in Bantoro because last time, it took only four days from the UK to NL. I ordered the whip on monday and it was shipped the same day because they wanted to make sure I got it on time. It was delivered on wednesday early afternoon!!! Still love the quality of the whip for a great price, and your customer service is next level. Thanks Bantoro!<\/p>\r\n\t\t\t\t\t\t<\/div>\r\n\t\t\t\t\t\t\r\n\t\t\t\t\t<\/div><\/div><\/div><\/div><\/span><\/p>\n","protected":false},"excerpt":{"rendered":"<p><strong>Braune Snake-Whip 3 ft, schussgewichtete Leder-Bullwhip<\/strong><\/p>\n<ul>\n<li><strong>Braune Snake-Whip, schussgewichte<\/strong>t mit <strong>Bleikugeln <\/strong>f\u00fcr einen lauten Knallton.<\/li>\n<li><strong>12-fach Flechtung<\/strong> aus <strong>hochwertigem Leder<\/strong> f\u00fcr Haltbarkeit und St\u00e4rke.<\/li>\n<li><strong>Flexibles Design<\/strong>, ideal f\u00fcr den Einsatz in engen R\u00e4umen.<\/li>\n<li>Wird mit <strong>zus\u00e4tzlichem Zubeh\u00f6r<\/strong> geliefert, darunter ein Leder-G\u00fcrtelhalter und sechs Cracker.<\/li>\n<li><strong>Rutschfester Griff<\/strong> f\u00fcr sicheren Halt und Komfort w\u00e4hrend der Nutzung.<\/li>\n<li>L\u00e4nge: 3 Fu\u00df (0,91 Meter) \u2013 Sehen Sie sich unseren ultimativen <a href=\"https:\/\/bantoro.com\/ultimativer Leder-Bullwhip-Pflegeleitfaden\/\">Pflegeleitfaden f\u00fcr Leder-Bullwhips<\/a> f\u00fcr Wartungstipps an.<\/li>\n<\/ul>\n","protected":false},"featured_media":14735,"comment_status":"open","ping_status":"closed","template":"","meta":[],"product_brand":[],"product_cat":[1276],"product_tag":[1970,1974,1815,1757,1383,1914,1758,1384],"class_list":{"0":"post-14742","1":"product","2":"type-product","3":"status-publish","4":"has-post-thumbnail","6":"product_cat-snake-whip-shot-vollgeladen","7":"product_tag-laute-bullenpeitsche","8":"product_tag-lautes-knallen-der-peitsche","9":"product_tag-mit-schuss-geladene-peitsche","10":"product_tag-schlangenpeitsche-2","11":"product_tag-schlangenpeitsche","12":"product_tag-schlangenpeitsche-aus-leder","13":"product_tag-schlangenpeitsche-im-angebot","14":"product_tag-schlangenpeitsche-mit-bleigewicht","16":"first","17":"instock","18":"sale","19":"taxable","20":"shipping-taxable","21":"purchasable","22":"product-type-simple"},"_links":{"self":[{"href":"https:\/\/bantoro.com\/de\/wp-json\/wp\/v2\/product\/14742","targetHints":{"allow":["GET"]}}],"collection":[{"href":"https:\/\/bantoro.com\/de\/wp-json\/wp\/v2\/product"}],"about":[{"href":"https:\/\/bantoro.com\/de\/wp-json\/wp\/v2\/types\/product"}],"replies":[{"embeddable":true,"href":"https:\/\/bantoro.com\/de\/wp-json\/wp\/v2\/comments?post=14742"}],"wp:featuredmedia":[{"embeddable":true,"href":"https:\/\/bantoro.com\/de\/wp-json\/wp\/v2\/media\/14735"}],"wp:attachment":[{"href":"https:\/\/bantoro.com\/de\/wp-json\/wp\/v2\/media?parent=14742"}],"wp:term":[{"taxonomy":"product_brand","embeddable":true,"href":"https:\/\/bantoro.com\/de\/wp-json\/wp\/v2\/product_brand?post=14742"},{"taxonomy":"product_cat","embeddable":true,"href":"https:\/\/bantoro.com\/de\/wp-json\/wp\/v2\/product_cat?post=14742"},{"taxonomy":"product_tag","embeddable":true,"href":"https:\/\/bantoro.com\/de\/wp-json\/wp\/v2\/product_tag?post=14742"}],"curies":[{"name":"wp","href":"https:\/\/api.w.org\/{rel}","templated":true}]}}