{"id":14731,"date":"2024-09-10T13:17:38","date_gmt":"2024-09-10T12:17:38","guid":{"rendered":"https:\/\/bantoro.com\/shop\/unkategorisiert\/schwarze-3-ft-snake-whip-schussgewichtet-mit-bleikugel-leder-bullwhip-12-fach-geflochten-flexibel-und-kraftvoll\/"},"modified":"2026-05-06T12:48:49","modified_gmt":"2026-05-06T11:48:49","slug":"bleikugel-snake-whip","status":"publish","type":"product","link":"https:\/\/bantoro.com\/de\/shop\/snake-whip-shot-vollgeladen\/bleikugel-snake-whip\/","title":{"rendered":"Schwarze 3 ft Snake-Whip, schussgewichtet mit Bleikugel, Leder-Bullwhip, 12-fach geflochten \u2013 flexibel und kraftvoll"},"content":{"rendered":"<p>Wir pr\u00e4sentieren die <strong>schwarze 3-Fu\u00df-Snake-Whip<\/strong> \u2013 eine leistungsstarke, schussgewichtete Lederpeitsche, entwickelt f\u00fcr pr\u00e4zises Peitschenschlagen. Mit ihrer <strong>12-fach geflochtenen<\/strong> Struktur und der <strong>hochwertigen Rindsleder-Konstruktion<\/strong> bietet diese Peitsche sowohl Langlebigkeit als auch Flexibilit\u00e4t. Dieses Modell ist Teil unserer <strong data-start=\"1795\" data-end=\"1832\"><a href=\"\/?product_cat=snake-whip-schussgewichtet\">schussgewichteten Snake-Whip-Kollektion<\/a><\/strong>, die f\u00fcr verbesserte Knallleistung und Kontrolle entwickelt wurde. Egal, ob Sie ein erfahrener Peitschen-Enthusiast sind oder gerade erst anfangen \u2013 diese Peitsche bietet hervorragende Kontrolle und eine laute Knallkraft.<\/p>\n<p>Die schwarze Snake-Whip (auch bekannt als schwarze Peitschenschlange oder Bullwhip-Schlange) ist eine 3 ft lange, schussgewichtete Lederpeitsche, die f\u00fcr pr\u00e4zises Peitschenschlagen, Training und den Einsatz bei Vorf\u00fchrungen entwickelt wurde. Diese zum Verkauf stehende Snake-Whip ist sowohl f\u00fcr Anf\u00e4nger als auch f\u00fcr erfahrene Peitschenanwender geeignet.<\/p>\n<p>Hauptmerkmale der <strong>schwarzen 3-ft-Snake-Whip:<\/strong><\/p>\n<ul>\n<li><strong>Schussgewichtetes Design<\/strong>: Die Peitsche ist mit Bleikugeln beschwert, um die Knallleistung zu verbessern.<\/li>\n<li><strong>Langlebige Konstruktion:<\/strong> Hergestellt aus hochwertigem, <strong>100 % echtem Leder<\/strong> mit einem Kern aus <strong>schussgewichteten Lederb\u00e4uchen<\/strong> und einer<strong> 4-lagigen <\/strong>Leder-Bauchkonstruktion f\u00fcr \u00fcberragende Haltbarkeit.<\/li>\n<li><strong>Kompakt und tragbar<\/strong>: Ideal f\u00fcr kleine R\u00e4ume, diese <strong>flexible Snake-Whip<\/strong> ist leicht zu handhaben, im Gegensatz zum starren Griff von Bullwhips.<\/li>\n<li><strong>Whip Lengths<\/strong>: The whip is <strong>3 feet (0.90 meters)<\/strong> in total length, including a 16-inch fall and an 11-inch cracker, giving it a <strong>total length of 5.25 feet (1.6 meters)<\/strong>.<\/li>\n<li>Nicht sicher, welche Peitschengr\u00f6\u00dfe die richtige f\u00fcr Sie ist? Sehen Sie sich unseren <strong data-start=\"864\" data-end=\"890\"><a href=\"https:\/\/bantoro.com\/peitschen-laengen-groessenleitfaden\/\">Gr\u00f6\u00dfenleitfaden f\u00fcr Peitschenl\u00e4ngen<\/a><\/strong> an, um die perfekte L\u00e4nge auszuw\u00e4hlen.<\/li>\n<li>Zus\u00e4tzliches Zubeh\u00f6r enthalten: Ein <strong>Leder-G\u00fcrtelhalter<\/strong> und <strong>6 zus\u00e4tzliche Cracker<\/strong> im Wert von 15 GBP\/Euro.<\/li>\n<li><strong>Verbesserter Griff<\/strong>: Der rutschfeste Griff mit <strong>exquisiter handgeflochtener Struktur <\/strong>macht diese Peitsche komfortabel und einfach zu verwenden.<\/li>\n<li><strong>Farbe und Material<\/strong>: Schwarze Farbe und aus <strong>100 % hochwertigem Leder<\/strong> gefertigt f\u00fcr langanhaltende Qualit\u00e4t.<\/li>\n<li><strong>Kostenloser Versand aus dem Vereinigten K\u00f6nigreich<\/strong>: Versand weltweit verf\u00fcgbar. Bitte \u00fcberpr\u00fcfen Sie vor dem Kauf die Zollbestimmungen Ihres Landes.<\/li>\n<li>Erfahren Sie mehr \u00fcber die <strong>Pflege und Wartung von Peitschen<\/strong> in unserem <a href=\"https:\/\/bantoro.com\/ultimativer Leder-Bullwhip-Pflegeleitfaden\/\" target=\"_new\" rel=\"noopener\">ultimativen Pflegeleitfaden f\u00fcr Leder-Bullwhips.<\/a><\/li>\n<\/ul>\n<p>F\u00fcr zus\u00e4tzliche Tipps zum <strong>Einspielen Ihrer Bullwhip<\/strong> und zum Erlernen Ihrer Peitschenf\u00e4higkeiten sehen Sie sich diesen hilfreichen <a href=\"https:\/\/bantoro.com\/Bullwhip einspielen &amp; die Peitsche meistern\/\" target=\"_new\" rel=\"noopener\">Leitfaden<\/a> an.<\/p>\n<p><strong>H\u00e4ufig gestellte Fragen<\/strong><\/p>\n<p data-start=\"3178\" data-end=\"3340\"><strong data-start=\"3178\" data-end=\"3213\">F1: Was ist eine schwarze Snake-Whip?<\/strong><br data-start=\"3213\" data-end=\"3216\" \/>Eine schwarze Snake-Whip ist eine flexible Lederpeitsche ohne starren Griff, die f\u00fcr eine gleichm\u00e4\u00dfige und kraftvolle Knallleistung entwickelt wurde.<\/p>\n<p data-start=\"3342\" data-end=\"3482\"><strong data-start=\"3342\" data-end=\"3383\">F2: Ist dies eine Bullwhip oder eine Snake-Whip?<\/strong><br data-start=\"3383\" data-end=\"3386\" \/>Dies ist eine schussgewichtete Snake-Whip, auch bekannt als flexible Bullwhip-artige Peitsche ohne Griff.<\/p>\n<p data-start=\"3484\" data-end=\"3613\"><strong data-start=\"3484\" data-end=\"3525\">F3: Wof\u00fcr wird diese Snake-Whip verwendet?<\/p>\n<p><\/strong><br data-start=\"3525\" data-end=\"3528\" \/>Sie wird f\u00fcr das \u00dcben des Peitschenschlagens, f\u00fcr Training und zu Sammlerzwecken verwendet.<\/p>\n<p data-start=\"3615\" data-end=\"3739\"><strong data-start=\"3615\" data-end=\"3658\">F4: Enth\u00e4lt diese Peitsche Zubeh\u00f6r?<\/strong><br data-start=\"3658\" data-end=\"3661\" \/>Ja, sie enth\u00e4lt einen Leder-G\u00fcrtelhalter und 6 zus\u00e4tzliche Cracker f\u00fcr den l\u00e4ngeren Gebrauch.<\/p>\n<p data-start=\"3615\" data-end=\"3739\"><div class=\"brtpmj_reviews_container\"><div class=\"brtpmj_businessheader\">\r\n\t\t\t\t\t\t<img decoding=\"async\" src=\"\/\/s3-eu-west-1.amazonaws.com\/tpd\/logos\/6617aecf4e6fa9ea40f2b01a\/0x0.png\" alt=\"Bantoro\">\r\n\t\t\t\t\t\t<h2 class=\"brtpmj_business_name\">Bantoro<\/h2>\r\n\t\t\t\t\t<\/div><p class=\"brtpmj_business_ratings\">\r\n\t\t\t\t\t\t<span class=\"brtpmj_br_score\">4.8<\/span>\r\n\t\t\t\t\t\t<span class=\"brtpmj_br_score_img\"><img decoding=\"async\" src=\"https:\/\/bantoro.com\/wp-content\/plugins\/better-business-reviews\/assets\/stars-5.svg\" alt=\"5 stars\"><\/span>\r\n\t\t\t\t\t\t<span class=\"brtpmj_br_count\">39 Reviews<\/span>\r\n\t\t\t\t\t<\/p><div class=\"\"><div class=\"brtpmj_all_reviews brtpmj_grid_container\"><div class=\"brtpmj_single_rvw\">\r\n\t\t\t\t\t\t\t\t\t\r\n\t\t\t\t\t\t<div class=\"brtpmj_sr_author_overview\">\r\n\t\t\t\t\t\t\t\r\n\t\t\t\t\t\t\t<div class=\"brtpmj_sr_ab_img\"><span>LvV<\/span><\/div>\r\n\t\t\t\t\t\t\t<div class=\"brtpmj_sr_ab_name_date\">\r\n\t\t\t\t\t\t\t\t<span class=\"brtpmj_sr_ab_name\">LB vd Vuurst<\/span>\r\n\t\t\t\t\t\t\t\t<span class=\"brtpmj_sr_ab_date\">2025-08-15<\/span>\r\n\t\t\t\t\t\t\t<\/div>\r\n\t\t\t\t\t\t\t\r\n\t\t\t\t\t\t<\/div>\r\n\t\t\t\t\t\t\r\n\t\t\t\t\t\t<div class=\"brtpmj_sr_rating\">\r\n\t\t\t\t\t\t\t<span class=\"brtpmj_br_score_img\"><img decoding=\"async\" src=\"https:\/\/bantoro.com\/wp-content\/plugins\/better-business-reviews\/assets\/stars-5.svg\" alt=\"5 stars\"><\/span>\r\n\t\t\t\t\t\t<\/div>\r\n\t\t\t\t\t\t\r\n\t\t\t\t\t\t<div class=\"brtpmj_sr_title\">\r\n\t\t\t\t\t\t\t<h4>Great communication fast shipping<\/h4>\r\n\t\t\t\t\t\t<\/div>\r\n\t\t\t\t\t\t\r\n\t\t\t\t\t\t<div class=\"brtpmj_sr_title\">\r\n\t\t\t\t\t\t\t<p>I placed an order of 2 items but one of the items what we asked for wasnt available. Within 12 hours i got an email with a other suggestions, and so we did a different order. It was shipped really, really fast. And the communication was great. Thank you Jane. Everything recieved and we are happy.<\/p>\r\n\t\t\t\t\t\t<\/div>\r\n\t\t\t\t\t\t\r\n\t\t\t\t\t<\/div><div class=\"brtpmj_single_rvw\">\r\n\t\t\t\t\t\t\t\t\t\r\n\t\t\t\t\t\t<div class=\"brtpmj_sr_author_overview\">\r\n\t\t\t\t\t\t\t\r\n\t\t\t\t\t\t\t<div class=\"brtpmj_sr_ab_img\"><img decoding=\"async\" src=\"https:\/\/user-images.trustpilot.com\/6896a2719600690944faa5c3\/73x73.png\"><\/div>\r\n\t\t\t\t\t\t\t<div class=\"brtpmj_sr_ab_name_date\">\r\n\t\t\t\t\t\t\t\t<span class=\"brtpmj_sr_ab_name\">Jang Yun Boo<\/span>\r\n\t\t\t\t\t\t\t\t<span class=\"brtpmj_sr_ab_date\">2025-08-09<\/span>\r\n\t\t\t\t\t\t\t<\/div>\r\n\t\t\t\t\t\t\t\r\n\t\t\t\t\t\t<\/div>\r\n\t\t\t\t\t\t\r\n\t\t\t\t\t\t<div class=\"brtpmj_sr_rating\">\r\n\t\t\t\t\t\t\t<span class=\"brtpmj_br_score_img\"><img decoding=\"async\" src=\"https:\/\/bantoro.com\/wp-content\/plugins\/better-business-reviews\/assets\/stars-5.svg\" alt=\"5 stars\"><\/span>\r\n\t\t\t\t\t\t<\/div>\r\n\t\t\t\t\t\t\r\n\t\t\t\t\t\t<div class=\"brtpmj_sr_title\">\r\n\t\t\t\t\t\t\t<h4>Lots of Thanks from south Korea Seoul<\/h4>\r\n\t\t\t\t\t\t<\/div>\r\n\t\t\t\t\t\t\r\n\t\t\t\t\t\t<div class=\"brtpmj_sr_title\">\r\n\t\t\t\t\t\t\t<p>Lots of Thanks from south Korea Seoul. well look after service. good tracking infomation. We received item perfectly good shape. very happy about it is all real leather and good quality.<\/p>\r\n\t\t\t\t\t\t<\/div>\r\n\t\t\t\t\t\t\r\n\t\t\t\t\t<\/div><div class=\"brtpmj_single_rvw\">\r\n\t\t\t\t\t\t\t\t\t\r\n\t\t\t\t\t\t<div class=\"brtpmj_sr_author_overview\">\r\n\t\t\t\t\t\t\t\r\n\t\t\t\t\t\t\t<div class=\"brtpmj_sr_ab_img\"><img decoding=\"async\" src=\"https:\/\/user-images.trustpilot.com\/60363e1eeea92f001b60a322\/73x73.png\"><\/div>\r\n\t\t\t\t\t\t\t<div class=\"brtpmj_sr_ab_name_date\">\r\n\t\t\t\t\t\t\t\t<span class=\"brtpmj_sr_ab_name\">~ E ~<\/span>\r\n\t\t\t\t\t\t\t\t<span class=\"brtpmj_sr_ab_date\">2025-08-06<\/span>\r\n\t\t\t\t\t\t\t<\/div>\r\n\t\t\t\t\t\t\t\r\n\t\t\t\t\t\t<\/div>\r\n\t\t\t\t\t\t\r\n\t\t\t\t\t\t<div class=\"brtpmj_sr_rating\">\r\n\t\t\t\t\t\t\t<span class=\"brtpmj_br_score_img\"><img decoding=\"async\" src=\"https:\/\/bantoro.com\/wp-content\/plugins\/better-business-reviews\/assets\/stars-5.svg\" alt=\"5 stars\"><\/span>\r\n\t\t\t\t\t\t<\/div>\r\n\t\t\t\t\t\t\r\n\t\t\t\t\t\t<div class=\"brtpmj_sr_title\">\r\n\t\t\t\t\t\t\t<h4>This is my second order<\/h4>\r\n\t\t\t\t\t\t<\/div>\r\n\t\t\t\t\t\t\r\n\t\t\t\t\t\t<div class=\"brtpmj_sr_title\">\r\n\t\t\t\t\t\t\t<p>This is my second order. Previously I was very happy and satisfied with everything. This time Bantoro even achieved a higher level of customer satisfaction. I needed a whip for the upcoming weekend. And when I contacted the customer service, they could not promise me a guaranteed delivery date other than an expected ETA of 3 - 5 days, also due to possible customs delays. Totally understandable. I had faith in Bantoro because last time, it took only four days from the UK to NL. I ordered the whip on monday and it was shipped the same day because they wanted to make sure I got it on time. It was delivered on wednesday early afternoon!!! Still love the quality of the whip for a great price, and your customer service is next level. Thanks Bantoro!<\/p>\r\n\t\t\t\t\t\t<\/div>\r\n\t\t\t\t\t\t\r\n\t\t\t\t\t<\/div><\/div><\/div><\/div><\/p>\n","protected":false},"excerpt":{"rendered":"<p><strong>Schwarze Snake-Whip mit Bleikugel<\/strong><\/p>\n<ul>\n<li><strong>Snake-Whip<\/strong> mit <strong>schussgewichteten Bleikugeln <\/strong>f\u00fcr verbesserte Knallkraft.<\/li>\n<li>Hergestellt aus <strong>hochwertigem echtem Leder<\/strong> mit einem langlebigen <strong>12-fach geflochtenen<\/strong> Design.<\/li>\n<li>Flexibel, tragbar und perfekt f\u00fcr enge R\u00e4ume.<\/li>\n<li>Enth\u00e4lt<strong> zus\u00e4tzliches Zubeh\u00f6r<\/strong> wie einen Leder-G\u00fcrtelhalter und 6 Cracker.<\/li>\n<\/ul>\n","protected":false},"featured_media":14723,"comment_status":"open","ping_status":"closed","template":"","meta":[],"product_brand":[],"product_cat":[1276],"product_tag":[1970,1974,1815,1757,1383,1914,1758,1384],"class_list":{"0":"post-14731","1":"product","2":"type-product","3":"status-publish","4":"has-post-thumbnail","6":"product_cat-snake-whip-shot-vollgeladen","7":"product_tag-laute-bullenpeitsche","8":"product_tag-lautes-knallen-der-peitsche","9":"product_tag-mit-schuss-geladene-peitsche","10":"product_tag-schlangenpeitsche-2","11":"product_tag-schlangenpeitsche","12":"product_tag-schlangenpeitsche-aus-leder","13":"product_tag-schlangenpeitsche-im-angebot","14":"product_tag-schlangenpeitsche-mit-bleigewicht","16":"first","17":"instock","18":"sale","19":"taxable","20":"shipping-taxable","21":"purchasable","22":"product-type-simple"},"_links":{"self":[{"href":"https:\/\/bantoro.com\/de\/wp-json\/wp\/v2\/product\/14731","targetHints":{"allow":["GET"]}}],"collection":[{"href":"https:\/\/bantoro.com\/de\/wp-json\/wp\/v2\/product"}],"about":[{"href":"https:\/\/bantoro.com\/de\/wp-json\/wp\/v2\/types\/product"}],"replies":[{"embeddable":true,"href":"https:\/\/bantoro.com\/de\/wp-json\/wp\/v2\/comments?post=14731"}],"wp:featuredmedia":[{"embeddable":true,"href":"https:\/\/bantoro.com\/de\/wp-json\/wp\/v2\/media\/14723"}],"wp:attachment":[{"href":"https:\/\/bantoro.com\/de\/wp-json\/wp\/v2\/media?parent=14731"}],"wp:term":[{"taxonomy":"product_brand","embeddable":true,"href":"https:\/\/bantoro.com\/de\/wp-json\/wp\/v2\/product_brand?post=14731"},{"taxonomy":"product_cat","embeddable":true,"href":"https:\/\/bantoro.com\/de\/wp-json\/wp\/v2\/product_cat?post=14731"},{"taxonomy":"product_tag","embeddable":true,"href":"https:\/\/bantoro.com\/de\/wp-json\/wp\/v2\/product_tag?post=14731"}],"curies":[{"name":"wp","href":"https:\/\/api.w.org\/{rel}","templated":true}]}}