{"id":14707,"date":"2023-07-12T15:53:50","date_gmt":"2023-07-12T14:53:50","guid":{"rendered":"https:\/\/bantoro.com\/shop\/unkategorisiert\/brauner-kaenguruleder-bullwhip-4ft-24ft-16-fach-geflochtene-laut-knallende-reitpeitsche-gratis-zubehoer\/"},"modified":"2026-05-05T14:15:22","modified_gmt":"2026-05-05T13:15:22","slug":"16-fach-geflochtene-bullwhip","status":"publish","type":"product","link":"https:\/\/bantoro.com\/de\/shop\/kanguru-leder-bullwhips\/16-fach-geflochtene-bullwhip\/","title":{"rendered":"Brauner K\u00e4nguruleder-Bullwhip (4ft\u201324ft) | 16-fach geflochtene, laut knallende Reitpeitsche | Gratis Zubeh\u00f6r"},"content":{"rendered":"<p style=\"text-align: center;\" data-sourcepos=\"19:1-19:496\"><\/p>\n<div class=\"epyt-video-wrapper\"><iframe  id=\"_ytid_56987\"  width=\"800\" height=\"450\"  data-origwidth=\"800\" data-origheight=\"450\" src=\"https:\/\/www.youtube.com\/embed\/geEbFjyC70I[\/embedyt]<\/p>\n<p>?enablejsapi=1&#038;autoplay=0&#038;cc_load_policy=0&#038;iv_load_policy=1&#038;loop=0&#038;fs=1&#038;playsinline=0&#038;controls=1&#038;disablekb=0&#038;color=red&#038;cc_lang_pref=&#038;rel=0&#038;autohide=2&#038;theme=dark&#038;&#8220; class=&#8220;__youtube_prefs__  epyt-is-override  no-lazyload&#8220; data-vol=&#8220;50&#8243;  title=&#8220;YouTube player&#8220;  allow=&#8220;fullscreen; accelerometer; autoplay; clipboard-write; encrypted-media; gyroscope; picture-in-picture; web-share&#8220; referrerpolicy=&#8220;strict-origin-when-cross-origin&#8220; allowfullscreen data-no-lazy=&#8220;1&#8243; data-skipgform_ajax_framebjll=&#8220;&#8220;><\/iframe><\/div>\n<p style=\"text-align: center;\" data-sourcepos=\"19:1-19:496\">Der <strong>braune K\u00e4nguruleder-Bullwhip<\/strong><\/p>\n<p data-sourcepos=\"19:1-19:496\"><strong>Knalle die Peitsche wie Indiana Jones<\/strong> mit diesem handgefertigten braunen <strong>K\u00e4nguruleder-Bullwhip<\/strong>. Hergestellt aus echtem K\u00e4nguruleder bietet diese professionelle Reitpeitsche au\u00dfergew\u00f6hnliche <strong>Haltbarkeit, Flexibilit\u00e4t<\/strong> und Kontrolle dank ihrer robusten <strong>16-fach geflochtenen<\/strong> Konstruktion.<br \/>\nErh\u00e4ltlich in Gr\u00f6\u00dfen von 4 ft bis 24 ft, erzeugt sie bei jeder Bewegung des Handgelenks einen <strong>zufriedenstellend lauten Knall.<\/strong> Der gut ausbalancierte Griff sorgt f\u00fcr einen komfortablen Halt und pr\u00e4zise Handhabung \u2013 ideal f\u00fcr das Peitschenknallen, Training, Show-Performances, Sammler sowie den Reitsport.<br \/>\n<strong>Inklusive kostenlosem Leder-G\u00fcrtelhalter, 2 Ersatz-Falls sowie zus\u00e4tzlichen Crackern\/Poppers<\/strong> (je nach Verf\u00fcgbarkeit).<\/p>\n<p data-sourcepos=\"19:1-19:496\">Diese echte Leder-Bullwhip ist f\u00fcr das Peitschenknallen im Performance-Bereich konzipiert und l\u00e4sst sich zum einfachen Verstauen und Transport problemlos aufrollen.<\/p>\n<p data-sourcepos=\"19:1-19:496\">Entdecken Sie unsere gesamte <a href=\"https:\/\/bantoro.com\/Produktkategorie K\u00e4nguruleder-Bullwhips\">Kollektion an K\u00e4nguruleder-Bullwhips,<\/a> um verschiedene Gr\u00f6\u00dfen, Flechtarten und Leistungsoptionen zu vergleichen.<\/p>\n<p data-sourcepos=\"21:1-21:57\"><strong>Hier sind die Gr\u00fcnde, warum Sie unseren K\u00e4nguruleder-Bullwhip lieben werden:<\/strong><\/p>\n<ul data-sourcepos=\"23:1-29:0\">\n<li data-sourcepos=\"23:1-23:116\"><strong>Echtes K\u00e4nguruleder<\/strong>: Bekannt f\u00fcr seine St\u00e4rke und Flexibilit\u00e4t und sorgt f\u00fcr ein erstklassiges Peitschenknallerlebnis.<\/li>\n<li data-sourcepos=\"24:1-24:74\"><strong>16-fach geflochtene Konstruktion<\/strong>: Bietet un\u00fcbertroffene Haltbarkeit und einen lauten Knall.<\/li>\n<li data-sourcepos=\"25:1-25:80\"><strong>Erh\u00e4ltliche Gr\u00f6\u00dfen<\/strong>: Finden Sie die perfekte Peitschenl\u00e4nge f\u00fcr Ihre Bed\u00fcrfnisse (4 ft \u2013 24 ft).<\/li>\n<li data-sourcepos=\"26:1-26:119\"><strong>Kostenloses Zubeh\u00f6r:<\/strong> Inklusive eines Leder-G\u00fcrtelhalters, 2 Ersatz-Falls sowie Crackern\/Poppers (je nach Verf\u00fcgbarkeit).<\/li>\n<li data-sourcepos=\"27:1-27:73\"><strong>Gut ausbalancierter Griff:<\/strong> Sorgt f\u00fcr einen komfortablen Halt und pr\u00e4zise Kontrolle.<\/li>\n<li data-sourcepos=\"28:1-29:0\"><strong>Handgefertigte Verarbeitung:<\/strong> Eine wundersch\u00f6n handgefertigte Bullwhip, die sowohl f\u00fcr Performance als auch zur Pr\u00e4sentation konzipiert ist.<\/li>\n<\/ul>\n<p data-sourcepos=\"30:1-30:126\"><strong><a href=\"https:\/\/bantoro.com\/ultimativer Leder-Bullwhip-Pflegeleitfaden\/\">Erfahren Sie, wie Sie Ihre Bullwhip<\/a><\/strong> richtig pflegen, mit unserem umfassenden Leitfaden.<\/p>\n<p class=\"isSelectedEnd\">Unsicher, welche Gr\u00f6\u00dfe die richtige f\u00fcr Sie ist? Lesen Sie unseren Leitfaden:<a href=\"https:\/\/bantoro.com\/peitschen-laengen-groessenleitfaden\/\"> Peitschenl\u00e4ngen erkl\u00e4rt \u2013 Der komplette Bantoro Gr\u00f6\u00dfenberater.<\/a><\/p>\n<p>Vergleichen Sie Peitschen-Konstruktionsstile in unserem <a href=\"https:\/\/bantoro.com\/welche-bullpeitsche-ist-die-beste-fuer-sie-16-fach-geflochten-vs-12-fach-geflochten\/\">16-fach geflochtene Bullwhip vs 12-fach geflochtene Bullwhip<\/a> \u2013 Bester Kaufratgeber.<\/p>\n<p data-sourcepos=\"32:1-32:186\"><strong>Bitte beachten Sie<\/strong>: Die tats\u00e4chliche Produktfarbe kann leicht von den dargestellten Bildern abweichen. Dieser Artikel befindet sich im Vereinigten K\u00f6nigreich; bitte \u00fcberpr\u00fcfen Sie vor dem Kauf die geltenden Zoll- und Handelsbestimmungen in Ihrem Land.<\/p>\n<h2 data-section-id=\"1hryhf7\" data-start=\"4246\" data-end=\"4252\">FAQ<\/h2>\n<p data-section-id=\"14iiec1\" data-start=\"4254\" data-end=\"4306\"><strong>Wof\u00fcr wird K\u00e4nguruleder bei einer Bullwhip verwendet?<\/strong><\/p>\n<p data-start=\"4307\" data-end=\"4444\">K\u00e4nguruleder wird wegen seiner au\u00dfergew\u00f6hnlichen Festigkeit, Flexibilit\u00e4t und Haltbarkeit gesch\u00e4tzt und eignet sich daher ideal f\u00fcr hochwertige professionelle Bullwhips.<\/p>\n<p data-section-id=\"1hocyeb\" data-start=\"4446\" data-end=\"4487\"><strong>Welche Bullwhip-L\u00e4nge ist am besten f\u00fcr Anf\u00e4nger und das \u00dcben des Peitschenschlagens geeignet?<\/strong><\/p>\n<p data-start=\"4488\" data-end=\"4628\">K\u00fcrzere Bullwhips bieten schnellere Kontrolle, w\u00e4hrend l\u00e4ngere Bullwhips lautere Knalle und eine gr\u00f6\u00dfere Reichweite erzeugen. Gr\u00f6\u00dfen sind von 4 ft bis 24 ft erh\u00e4ltlich.<\/p>\n<p data-section-id=\"1pi1dvh\" data-start=\"4630\" data-end=\"4682\"><strong>Ist diese Bullwhip f\u00fcr das \u00dcben des Peitschenschlagens geeignet?<\/strong><\/p>\n<p data-start=\"4683\" data-end=\"4816\">Ja, die 16-fach geflochtene K\u00e4nguruleder-Konstruktion bietet hervorragende Flexibilit\u00e4t und eine laute Knallleistung f\u00fcr das \u00dcben des Peitschenschlagens.<\/p>\n<p data-sourcepos=\"32:1-32:186\"><span data-teams=\"true\"><div class=\"brtpmj_reviews_container\"><div class=\"brtpmj_businessheader\">\r\n\t\t\t\t\t\t<img decoding=\"async\" src=\"\/\/s3-eu-west-1.amazonaws.com\/tpd\/logos\/6617aecf4e6fa9ea40f2b01a\/0x0.png\" alt=\"Bantoro\">\r\n\t\t\t\t\t\t<h2 class=\"brtpmj_business_name\">Bantoro<\/h2>\r\n\t\t\t\t\t<\/div><p class=\"brtpmj_business_ratings\">\r\n\t\t\t\t\t\t<span class=\"brtpmj_br_score\">4.8<\/span>\r\n\t\t\t\t\t\t<span class=\"brtpmj_br_score_img\"><img decoding=\"async\" src=\"https:\/\/bantoro.com\/wp-content\/plugins\/better-business-reviews\/assets\/stars-5.svg\" alt=\"5 stars\"><\/span>\r\n\t\t\t\t\t\t<span class=\"brtpmj_br_count\">39 Reviews<\/span>\r\n\t\t\t\t\t<\/p><div class=\"\"><div class=\"brtpmj_all_reviews brtpmj_grid_container\"><div class=\"brtpmj_single_rvw\">\r\n\t\t\t\t\t\t\t\t\t\r\n\t\t\t\t\t\t<div class=\"brtpmj_sr_author_overview\">\r\n\t\t\t\t\t\t\t\r\n\t\t\t\t\t\t\t<div class=\"brtpmj_sr_ab_img\"><span>LvV<\/span><\/div>\r\n\t\t\t\t\t\t\t<div class=\"brtpmj_sr_ab_name_date\">\r\n\t\t\t\t\t\t\t\t<span class=\"brtpmj_sr_ab_name\">LB vd Vuurst<\/span>\r\n\t\t\t\t\t\t\t\t<span class=\"brtpmj_sr_ab_date\">2025-08-15<\/span>\r\n\t\t\t\t\t\t\t<\/div>\r\n\t\t\t\t\t\t\t\r\n\t\t\t\t\t\t<\/div>\r\n\t\t\t\t\t\t\r\n\t\t\t\t\t\t<div class=\"brtpmj_sr_rating\">\r\n\t\t\t\t\t\t\t<span class=\"brtpmj_br_score_img\"><img decoding=\"async\" src=\"https:\/\/bantoro.com\/wp-content\/plugins\/better-business-reviews\/assets\/stars-5.svg\" alt=\"5 stars\"><\/span>\r\n\t\t\t\t\t\t<\/div>\r\n\t\t\t\t\t\t\r\n\t\t\t\t\t\t<div class=\"brtpmj_sr_title\">\r\n\t\t\t\t\t\t\t<h4>Great communication fast shipping<\/h4>\r\n\t\t\t\t\t\t<\/div>\r\n\t\t\t\t\t\t\r\n\t\t\t\t\t\t<div class=\"brtpmj_sr_title\">\r\n\t\t\t\t\t\t\t<p>I placed an order of 2 items but one of the items what we asked for wasnt available. Within 12 hours i got an email with a other suggestions, and so we did a different order. It was shipped really, really fast. And the communication was great. Thank you Jane. Everything recieved and we are happy.<\/p>\r\n\t\t\t\t\t\t<\/div>\r\n\t\t\t\t\t\t\r\n\t\t\t\t\t<\/div><div class=\"brtpmj_single_rvw\">\r\n\t\t\t\t\t\t\t\t\t\r\n\t\t\t\t\t\t<div class=\"brtpmj_sr_author_overview\">\r\n\t\t\t\t\t\t\t\r\n\t\t\t\t\t\t\t<div class=\"brtpmj_sr_ab_img\"><img decoding=\"async\" src=\"https:\/\/user-images.trustpilot.com\/6896a2719600690944faa5c3\/73x73.png\"><\/div>\r\n\t\t\t\t\t\t\t<div class=\"brtpmj_sr_ab_name_date\">\r\n\t\t\t\t\t\t\t\t<span class=\"brtpmj_sr_ab_name\">Jang Yun Boo<\/span>\r\n\t\t\t\t\t\t\t\t<span class=\"brtpmj_sr_ab_date\">2025-08-09<\/span>\r\n\t\t\t\t\t\t\t<\/div>\r\n\t\t\t\t\t\t\t\r\n\t\t\t\t\t\t<\/div>\r\n\t\t\t\t\t\t\r\n\t\t\t\t\t\t<div class=\"brtpmj_sr_rating\">\r\n\t\t\t\t\t\t\t<span class=\"brtpmj_br_score_img\"><img decoding=\"async\" src=\"https:\/\/bantoro.com\/wp-content\/plugins\/better-business-reviews\/assets\/stars-5.svg\" alt=\"5 stars\"><\/span>\r\n\t\t\t\t\t\t<\/div>\r\n\t\t\t\t\t\t\r\n\t\t\t\t\t\t<div class=\"brtpmj_sr_title\">\r\n\t\t\t\t\t\t\t<h4>Lots of Thanks from south Korea Seoul<\/h4>\r\n\t\t\t\t\t\t<\/div>\r\n\t\t\t\t\t\t\r\n\t\t\t\t\t\t<div class=\"brtpmj_sr_title\">\r\n\t\t\t\t\t\t\t<p>Lots of Thanks from south Korea Seoul. well look after service. good tracking infomation. We received item perfectly good shape. very happy about it is all real leather and good quality.<\/p>\r\n\t\t\t\t\t\t<\/div>\r\n\t\t\t\t\t\t\r\n\t\t\t\t\t<\/div><div class=\"brtpmj_single_rvw\">\r\n\t\t\t\t\t\t\t\t\t\r\n\t\t\t\t\t\t<div class=\"brtpmj_sr_author_overview\">\r\n\t\t\t\t\t\t\t\r\n\t\t\t\t\t\t\t<div class=\"brtpmj_sr_ab_img\"><img decoding=\"async\" src=\"https:\/\/user-images.trustpilot.com\/60363e1eeea92f001b60a322\/73x73.png\"><\/div>\r\n\t\t\t\t\t\t\t<div class=\"brtpmj_sr_ab_name_date\">\r\n\t\t\t\t\t\t\t\t<span class=\"brtpmj_sr_ab_name\">~ E ~<\/span>\r\n\t\t\t\t\t\t\t\t<span class=\"brtpmj_sr_ab_date\">2025-08-06<\/span>\r\n\t\t\t\t\t\t\t<\/div>\r\n\t\t\t\t\t\t\t\r\n\t\t\t\t\t\t<\/div>\r\n\t\t\t\t\t\t\r\n\t\t\t\t\t\t<div class=\"brtpmj_sr_rating\">\r\n\t\t\t\t\t\t\t<span class=\"brtpmj_br_score_img\"><img decoding=\"async\" src=\"https:\/\/bantoro.com\/wp-content\/plugins\/better-business-reviews\/assets\/stars-5.svg\" alt=\"5 stars\"><\/span>\r\n\t\t\t\t\t\t<\/div>\r\n\t\t\t\t\t\t\r\n\t\t\t\t\t\t<div class=\"brtpmj_sr_title\">\r\n\t\t\t\t\t\t\t<h4>This is my second order<\/h4>\r\n\t\t\t\t\t\t<\/div>\r\n\t\t\t\t\t\t\r\n\t\t\t\t\t\t<div class=\"brtpmj_sr_title\">\r\n\t\t\t\t\t\t\t<p>This is my second order. Previously I was very happy and satisfied with everything. This time Bantoro even achieved a higher level of customer satisfaction. I needed a whip for the upcoming weekend. And when I contacted the customer service, they could not promise me a guaranteed delivery date other than an expected ETA of 3 - 5 days, also due to possible customs delays. Totally understandable. I had faith in Bantoro because last time, it took only four days from the UK to NL. I ordered the whip on monday and it was shipped the same day because they wanted to make sure I got it on time. It was delivered on wednesday early afternoon!!! Still love the quality of the whip for a great price, and your customer service is next level. Thanks Bantoro!<\/p>\r\n\t\t\t\t\t\t<\/div>\r\n\t\t\t\t\t\t\r\n\t\t\t\t\t<\/div><\/div><\/div><\/div><\/span><\/p>\n","protected":false},"excerpt":{"rendered":"<ul>\n<li>Hochwertige braune K\u00e4nguruleder-Bullwhip mit langlebiger 16-fach geflochtener Konstruktion<\/li>\n<li>Entwickelt f\u00fcr laute Knallleistung, <strong>Peitschenschlagen <\/strong>und <strong>pr\u00e4zise Kontrolle<\/strong><\/li>\n<li>Ideal f\u00fcr den Reitsport, Sammler, Performer und Bullpeitschen-Enthusiasten<\/li>\n<li>Erh\u00e4ltlich in Gr\u00f6\u00dfen von <strong>4 ft bis 24 ft<\/strong><\/li>\n<li>Inklusive <strong>kostenlosem <\/strong>Leder-G\u00fcrtelhalter, Ersatz-Falls (Schlagriemen) und Crackern\/Poppern<\/li>\n<\/ul>\n","protected":false},"featured_media":14700,"comment_status":"closed","ping_status":"closed","template":"","meta":[],"product_brand":[],"product_cat":[1203],"product_tag":[1495,1562,989,1656,1551,1921,1787,1724,1894,1050,1895,1057,1652,1969,1963,1974,1061,1301,1852,1541,1801,1635,1845,1619],"class_list":{"0":"post-14707","1":"product","2":"type-product","3":"status-publish","4":"has-post-thumbnail","6":"product_cat-kanguru-leder-bullwhips","7":"product_tag-bauch","8":"product_tag-braun","9":"product_tag-bullwhip","10":"product_tag-creme","11":"product_tag-geflochten","12":"product_tag-geladen","13":"product_tag-handgefertigt-3","14":"product_tag-handgefertigt","15":"product_tag-indiana","16":"product_tag-indiana-jones","17":"product_tag-jones","18":"product_tag-kanguru-2","19":"product_tag-knallende-peitsche","20":"product_tag-laut","21":"product_tag-lauter-peitsche","22":"product_tag-lautes-knallen-der-peitsche","23":"product_tag-leder","24":"product_tag-peitsche","25":"product_tag-pferd","26":"product_tag-polster","27":"product_tag-reiten","28":"product_tag-rindsleder","29":"product_tag-verstecken","30":"product_tag-vieh","32":"first","33":"instock","34":"sale","35":"featured","36":"taxable","37":"shipping-taxable","38":"purchasable","39":"product-type-variable","40":"has-default-attributes"},"_links":{"self":[{"href":"https:\/\/bantoro.com\/de\/wp-json\/wp\/v2\/product\/14707","targetHints":{"allow":["GET"]}}],"collection":[{"href":"https:\/\/bantoro.com\/de\/wp-json\/wp\/v2\/product"}],"about":[{"href":"https:\/\/bantoro.com\/de\/wp-json\/wp\/v2\/types\/product"}],"replies":[{"embeddable":true,"href":"https:\/\/bantoro.com\/de\/wp-json\/wp\/v2\/comments?post=14707"}],"wp:featuredmedia":[{"embeddable":true,"href":"https:\/\/bantoro.com\/de\/wp-json\/wp\/v2\/media\/14700"}],"wp:attachment":[{"href":"https:\/\/bantoro.com\/de\/wp-json\/wp\/v2\/media?parent=14707"}],"wp:term":[{"taxonomy":"product_brand","embeddable":true,"href":"https:\/\/bantoro.com\/de\/wp-json\/wp\/v2\/product_brand?post=14707"},{"taxonomy":"product_cat","embeddable":true,"href":"https:\/\/bantoro.com\/de\/wp-json\/wp\/v2\/product_cat?post=14707"},{"taxonomy":"product_tag","embeddable":true,"href":"https:\/\/bantoro.com\/de\/wp-json\/wp\/v2\/product_tag?post=14707"}],"curies":[{"name":"wp","href":"https:\/\/api.w.org\/{rel}","templated":true}]}}