{"id":14604,"date":"2024-08-08T11:01:05","date_gmt":"2024-08-08T10:01:05","guid":{"rendered":"https:\/\/bantoro.com\/shop\/unkategorisiert\/rote-und-schwarze-3-fuss-lederpeitsche-flogger-8-straengiger-drachen-schwanz-flogger-bullwhip-paddle\/"},"modified":"2026-05-04T09:32:42","modified_gmt":"2026-05-04T08:32:42","slug":"lederpeitsche-flogger","status":"publish","type":"product","link":"https:\/\/bantoro.com\/de\/shop\/lederpeitschen-2-bis-3-fus\/lederpeitsche-flogger\/","title":{"rendered":"Rot-schwarze 3-Fu\u00df Lederpeitsche Flogger \u2013 8-fach geflochtener Dragon-Tail-Flogger, Bullwhip-Paddle"},"content":{"rendered":"<p>Entfesseln Sie Ihren inneren Abenteurer mit dieser <strong>rot-schwarzen 3-Fu\u00df Lederpeitsche (Flogger)<\/strong>, gefertigt aus hochwertigem, 100 % echtem Leder. Dieser <strong>8-fach geflochtene Single-Tail Dragon-Tail Flogger (Bullwhip)<\/strong> verf\u00fcgt \u00fcber ein glattes und flexibles Design f\u00fcr eine m\u00fchelose Handhabung und bietet dank seines rutschfesten Griffs eine sichere Kontrolle. Perfekt f\u00fcr <strong>Spanking, Paddling und Peitschenspiele<\/strong> \u2013 dieses vielseitige Werkzeug ist eine unverzichtbare Erg\u00e4nzung f\u00fcr Ihre Sammlung. Dieser Dragon-Tail-Flogger kombiniert die Kontrolle einer Lederpeitsche mit der beeindruckenden Flexibilit\u00e4t einer traditionellen Flogger-Peitsche.<\/p>\n<p>Key Features:<\/p>\n<ul>\n<li><strong>L\u00e4nge<\/strong>: 3 Fu\u00df \/ 0,91 Meter \u2013 inklusive eines 12 Zoll langen Leder-Dragon-Tail-Slappers.<\/li>\n<li><strong>Material<\/strong>: Hergestellt aus 100 % hochwertigem echtem Leder (Top-Grain-Leder), das Langlebigkeit garantiert.<\/li>\n<li><strong>Design<\/strong>: 8-fach geflochten f\u00fcr eine besonders langlebige und geschmeidige Bewegung.<\/li>\n<li><strong>Griff<\/strong>: Rutschfest und kunstvoll handgeflochten f\u00fcr einen komfortablen Halt.<\/li>\n<li><strong>Inklusive<\/strong>: Leder-G\u00fcrtelhalter im Wert von 10 \u00a3.<\/li>\n<li><strong>Farbe<\/strong>: Rot und Schwarz (Hinweis: Die Farbe kann leicht vom Produktbild abweichen).<\/li>\n<li><strong>Herkunft<\/strong>: Versand aus dem Vereinigten K\u00f6nigreich \u2013 bitte beachten Sie die \u00f6rtlichen Zollbestimmungen.<\/li>\n<\/ul>\n<p>Ob Sie ein erfahrener Peitschen-Enthusiast sind oder gerade erst anfangen, diese <strong>Lederpeitsche (Flogger)<\/strong>\u00a0bietet die perfekte Balance aus Stil, Kraft und Pr\u00e4zision. Ihr Single-Tail-Design macht sie zu einer vielseitigen Leder-Flogger-Peitsche, die sowohl f\u00fcr Anf\u00e4nger als auch f\u00fcr erfahrene Nutzer geeignet ist. Erfahren Sie mehr \u00fcber <strong>Pflege und Wartung von Peitschen<\/strong>, indem Sie unseren <a target=\"_new\" rel=\"noopener\">Ultimate Leather Bullwhip Care Guide<\/a> besuchen, oder verbessern Sie Ihre Technik mit unserem <a href=\"https:\/\/bantoro.com\/break-in-bullwhip-and-mastering-your-whip\/\" target=\"_new\" rel=\"noopener\">Break-in Bullwhip and Mastering Your Whip<\/a> Leitfaden. Entdecken Sie weitere handgefertigte Designs in unserer <a href=\"https:\/\/bantoro.com\/product-category\/leather-floggers\/\"><strong data-start=\"2971\" data-end=\"2991\">Leather Floggers<\/strong><\/a> Kollektion oder st\u00f6bern Sie in unserer Kategorie <a href=\"https:\/\/bantoro.com\/product-category\/leather-whips-2-to-3-feet\/\"><strong data-start=\"3017\" data-end=\"3048\">Leather Whips (2 bis 3 Fu\u00df)<\/strong><\/a> f\u00fcr \u00e4hnliche kompakte Peitschen.<\/p>\n<h3 data-section-id=\"ul2pwc\" data-start=\"2997\" data-end=\"3027\">H\u00e4ufig gestellte Fragen<\/h3>\n<p data-start=\"3029\" data-end=\"3063\"><strong data-start=\"3029\" data-end=\"3063\">Was ist ein Dragon-Tail-Flogger?<\/strong><\/p>\n<p data-start=\"3065\" data-end=\"3225\">Ein Dragon-Tail-Flogger ist eine einstr\u00e4ngige Lederpeitsche, die mit einem breiten, flexiblen Schwanz entwickelt wurde und beim Einsatz einen scharfen, aber kontrollierten Schlag erm\u00f6glicht.<\/p>\n<p data-start=\"3227\" data-end=\"3283\"><strong data-start=\"3227\" data-end=\"3283\">Ist diese Lederpeitsche f\u00fcr Anf\u00e4nger geeignet?<\/strong><\/p>\n<p data-start=\"3285\" data-end=\"3447\">Ja, das ausgewogene 3-Fu\u00df-Design und der rutschfeste Griff machen diese Lederpeitsche f\u00fcr Anf\u00e4nger leichter kontrollierbar und bieten gleichzeitig genug Kraft f\u00fcr erfahrene Nutzer.<\/p>\n<p data-start=\"3285\" data-end=\"3447\"><span data-teams=\"true\"><div class=\"brtpmj_reviews_container\"><div class=\"brtpmj_businessheader\">\r\n\t\t\t\t\t\t<img decoding=\"async\" src=\"\/\/s3-eu-west-1.amazonaws.com\/tpd\/logos\/6617aecf4e6fa9ea40f2b01a\/0x0.png\" alt=\"Bantoro\">\r\n\t\t\t\t\t\t<h2 class=\"brtpmj_business_name\">Bantoro<\/h2>\r\n\t\t\t\t\t<\/div><p class=\"brtpmj_business_ratings\">\r\n\t\t\t\t\t\t<span class=\"brtpmj_br_score\">4.8<\/span>\r\n\t\t\t\t\t\t<span class=\"brtpmj_br_score_img\"><img decoding=\"async\" src=\"https:\/\/bantoro.com\/wp-content\/plugins\/better-business-reviews\/assets\/stars-5.svg\" alt=\"5 stars\"><\/span>\r\n\t\t\t\t\t\t<span class=\"brtpmj_br_count\">39 Reviews<\/span>\r\n\t\t\t\t\t<\/p><div class=\"\"><div class=\"brtpmj_all_reviews\"><div class=\"brtpmj_single_rvw\">\r\n\t\t\t\t\t\t\t\t\t\r\n\t\t\t\t\t\t<div class=\"brtpmj_sr_author_overview\">\r\n\t\t\t\t\t\t\t\r\n\t\t\t\t\t\t\t<div class=\"brtpmj_sr_ab_img\"><span>LvV<\/span><\/div>\r\n\t\t\t\t\t\t\t<div class=\"brtpmj_sr_ab_name_date\">\r\n\t\t\t\t\t\t\t\t<span class=\"brtpmj_sr_ab_name\">LB vd Vuurst<\/span>\r\n\t\t\t\t\t\t\t\t<span class=\"brtpmj_sr_ab_date\">2025-08-15<\/span>\r\n\t\t\t\t\t\t\t<\/div>\r\n\t\t\t\t\t\t\t\r\n\t\t\t\t\t\t<\/div>\r\n\t\t\t\t\t\t\r\n\t\t\t\t\t\t<div class=\"brtpmj_sr_rating\">\r\n\t\t\t\t\t\t\t<span class=\"brtpmj_br_score_img\"><img decoding=\"async\" src=\"https:\/\/bantoro.com\/wp-content\/plugins\/better-business-reviews\/assets\/stars-5.svg\" alt=\"5 stars\"><\/span>\r\n\t\t\t\t\t\t<\/div>\r\n\t\t\t\t\t\t\r\n\t\t\t\t\t\t<div class=\"brtpmj_sr_title\">\r\n\t\t\t\t\t\t\t<h4>Great communication fast shipping<\/h4>\r\n\t\t\t\t\t\t<\/div>\r\n\t\t\t\t\t\t\r\n\t\t\t\t\t\t<div class=\"brtpmj_sr_title\">\r\n\t\t\t\t\t\t\t<p>I placed an order of 2 items but one of the items what we asked for wasnt available. Within 12 hours i got an email with a other suggestions, and so we did a different order. It was shipped really, really fast. And the communication was great. Thank you Jane. Everything recieved and we are happy.<\/p>\r\n\t\t\t\t\t\t<\/div>\r\n\t\t\t\t\t\t\r\n\t\t\t\t\t<\/div><div class=\"brtpmj_single_rvw\">\r\n\t\t\t\t\t\t\t\t\t\r\n\t\t\t\t\t\t<div class=\"brtpmj_sr_author_overview\">\r\n\t\t\t\t\t\t\t\r\n\t\t\t\t\t\t\t<div class=\"brtpmj_sr_ab_img\"><img decoding=\"async\" src=\"https:\/\/user-images.trustpilot.com\/6896a2719600690944faa5c3\/73x73.png\"><\/div>\r\n\t\t\t\t\t\t\t<div class=\"brtpmj_sr_ab_name_date\">\r\n\t\t\t\t\t\t\t\t<span class=\"brtpmj_sr_ab_name\">Jang Yun Boo<\/span>\r\n\t\t\t\t\t\t\t\t<span class=\"brtpmj_sr_ab_date\">2025-08-09<\/span>\r\n\t\t\t\t\t\t\t<\/div>\r\n\t\t\t\t\t\t\t\r\n\t\t\t\t\t\t<\/div>\r\n\t\t\t\t\t\t\r\n\t\t\t\t\t\t<div class=\"brtpmj_sr_rating\">\r\n\t\t\t\t\t\t\t<span class=\"brtpmj_br_score_img\"><img decoding=\"async\" src=\"https:\/\/bantoro.com\/wp-content\/plugins\/better-business-reviews\/assets\/stars-5.svg\" alt=\"5 stars\"><\/span>\r\n\t\t\t\t\t\t<\/div>\r\n\t\t\t\t\t\t\r\n\t\t\t\t\t\t<div class=\"brtpmj_sr_title\">\r\n\t\t\t\t\t\t\t<h4>Lots of Thanks from south Korea Seoul<\/h4>\r\n\t\t\t\t\t\t<\/div>\r\n\t\t\t\t\t\t\r\n\t\t\t\t\t\t<div class=\"brtpmj_sr_title\">\r\n\t\t\t\t\t\t\t<p>Lots of Thanks from south Korea Seoul. well look after service. good tracking infomation. We received item perfectly good shape. very happy about it is all real leather and good quality.<\/p>\r\n\t\t\t\t\t\t<\/div>\r\n\t\t\t\t\t\t\r\n\t\t\t\t\t<\/div><div class=\"brtpmj_single_rvw\">\r\n\t\t\t\t\t\t\t\t\t\r\n\t\t\t\t\t\t<div class=\"brtpmj_sr_author_overview\">\r\n\t\t\t\t\t\t\t\r\n\t\t\t\t\t\t\t<div class=\"brtpmj_sr_ab_img\"><img decoding=\"async\" src=\"https:\/\/user-images.trustpilot.com\/60363e1eeea92f001b60a322\/73x73.png\"><\/div>\r\n\t\t\t\t\t\t\t<div class=\"brtpmj_sr_ab_name_date\">\r\n\t\t\t\t\t\t\t\t<span class=\"brtpmj_sr_ab_name\">~ E ~<\/span>\r\n\t\t\t\t\t\t\t\t<span class=\"brtpmj_sr_ab_date\">2025-08-06<\/span>\r\n\t\t\t\t\t\t\t<\/div>\r\n\t\t\t\t\t\t\t\r\n\t\t\t\t\t\t<\/div>\r\n\t\t\t\t\t\t\r\n\t\t\t\t\t\t<div class=\"brtpmj_sr_rating\">\r\n\t\t\t\t\t\t\t<span class=\"brtpmj_br_score_img\"><img decoding=\"async\" src=\"https:\/\/bantoro.com\/wp-content\/plugins\/better-business-reviews\/assets\/stars-5.svg\" alt=\"5 stars\"><\/span>\r\n\t\t\t\t\t\t<\/div>\r\n\t\t\t\t\t\t\r\n\t\t\t\t\t\t<div class=\"brtpmj_sr_title\">\r\n\t\t\t\t\t\t\t<h4>This is my second order<\/h4>\r\n\t\t\t\t\t\t<\/div>\r\n\t\t\t\t\t\t\r\n\t\t\t\t\t\t<div class=\"brtpmj_sr_title\">\r\n\t\t\t\t\t\t\t<p>This is my second order. Previously I was very happy and satisfied with everything. This time Bantoro even achieved a higher level of customer satisfaction. I needed a whip for the upcoming weekend. And when I contacted the customer service, they could not promise me a guaranteed delivery date other than an expected ETA of 3 - 5 days, also due to possible customs delays. Totally understandable. I had faith in Bantoro because last time, it took only four days from the UK to NL. I ordered the whip on monday and it was shipped the same day because they wanted to make sure I got it on time. It was delivered on wednesday early afternoon!!! Still love the quality of the whip for a great price, and your customer service is next level. Thanks Bantoro!<\/p>\r\n\t\t\t\t\t\t<\/div>\r\n\t\t\t\t\t\t\r\n\t\t\t\t\t<\/div><\/div><\/div><\/div><\/span><\/p>\n","protected":false},"excerpt":{"rendered":"<p><strong>3-Fu\u00df Lederpeitsche (Flogger)<\/strong><\/p>\n<ul>\n<li><strong>Rot-schwarze 3-Fu\u00df Lederpeitsche (Flogger)<\/strong><\/li>\n<li>Hochwertige <strong>8-fach geflochtene Single-Tail Dragon-Tail Bullwhip<\/strong>.<\/li>\n<li>Hergestellt aus hochwertigem echtem Top-Grain-Leder, mit rutschfestem Griff und flexibler Handhabung.<\/li>\n<li>Inklusive eines Leder-G\u00fcrtelhalters (Wert 10 \u00a3).<\/li>\n<li>Ideal f\u00fcr <strong>Spanking, Paddling<\/strong> und mehr.<\/li>\n<\/ul>\n","protected":false},"featured_media":14599,"comment_status":"closed","ping_status":"closed","template":"","meta":[],"product_brand":[],"product_cat":[1271,1233],"product_tag":[989,1842,1652,1963,1974,1907,1301,937,1675],"class_list":{"0":"post-14604","1":"product","2":"type-product","3":"status-publish","4":"has-post-thumbnail","6":"product_cat-lederpeitschen-2-bis-3-fus","7":"product_cat-leder-flogger","8":"product_tag-bullwhip","9":"product_tag-handgemachte-peitsche","10":"product_tag-knallende-peitsche","11":"product_tag-lauter-peitsche","12":"product_tag-lautes-knallen-der-peitsche","13":"product_tag-lederpeitsche","14":"product_tag-peitsche","15":"product_tag-peitsche-mit-8-zopfen","16":"product_tag-reitsport","18":"first","19":"instock","20":"sale","21":"taxable","22":"shipping-taxable","23":"purchasable","24":"product-type-simple"},"_links":{"self":[{"href":"https:\/\/bantoro.com\/de\/wp-json\/wp\/v2\/product\/14604","targetHints":{"allow":["GET"]}}],"collection":[{"href":"https:\/\/bantoro.com\/de\/wp-json\/wp\/v2\/product"}],"about":[{"href":"https:\/\/bantoro.com\/de\/wp-json\/wp\/v2\/types\/product"}],"replies":[{"embeddable":true,"href":"https:\/\/bantoro.com\/de\/wp-json\/wp\/v2\/comments?post=14604"}],"wp:featuredmedia":[{"embeddable":true,"href":"https:\/\/bantoro.com\/de\/wp-json\/wp\/v2\/media\/14599"}],"wp:attachment":[{"href":"https:\/\/bantoro.com\/de\/wp-json\/wp\/v2\/media?parent=14604"}],"wp:term":[{"taxonomy":"product_brand","embeddable":true,"href":"https:\/\/bantoro.com\/de\/wp-json\/wp\/v2\/product_brand?post=14604"},{"taxonomy":"product_cat","embeddable":true,"href":"https:\/\/bantoro.com\/de\/wp-json\/wp\/v2\/product_cat?post=14604"},{"taxonomy":"product_tag","embeddable":true,"href":"https:\/\/bantoro.com\/de\/wp-json\/wp\/v2\/product_tag?post=14604"}],"curies":[{"name":"wp","href":"https:\/\/api.w.org\/{rel}","templated":true}]}}