{"id":14578,"date":"2023-04-04T19:02:55","date_gmt":"2023-04-04T18:02:55","guid":{"rendered":"https:\/\/bantoro.com\/shop\/unkategorisiert\/bullpeitsche-aus-kaenguruleder-16-fach-geflochten-lauter-knall-braun-rot-creme\/"},"modified":"2026-05-01T14:20:22","modified_gmt":"2026-05-01T13:20:22","slug":"braun-rot-und-creme","status":"publish","type":"product","link":"https:\/\/bantoro.com\/de\/shop\/kanguru-leder-bullwhips\/braun-rot-und-creme\/","title":{"rendered":"Bullpeitsche aus K\u00e4nguruleder \u2013 16-fach geflochten, lauter Knall, Braun, Rot &amp; Creme"},"content":{"rendered":"<p>Bullpeitsche aus K\u00e4nguruleder, entwickelt f\u00fcr professionelle Vorf\u00fchrungen und Training. Diese 16-fach geflochtene Peitsche ist ideal f\u00fcr Nutzer, die eine Bullpeitsche aus K\u00e4nguruleder, eine hochwertige Lederpeitsche oder eine laut knallende Performance-Peitsche suchen.<\/p>\n<p style=\"text-align: center;\"><\/p>\n<div class=\"epyt-video-wrapper\"><iframe  id=\"_ytid_65103\"  width=\"800\" height=\"450\"  data-origwidth=\"800\" data-origheight=\"450\" src=\"https:\/\/www.youtube.com\/embed\/9tnF_CKRMz4[\/embedyt]<\/p>\n<p>?enablejsapi=1&#038;autoplay=0&#038;cc_load_policy=0&#038;iv_load_policy=1&#038;loop=0&#038;fs=1&#038;playsinline=0&#038;controls=1&#038;disablekb=0&#038;color=red&#038;cc_lang_pref=&#038;rel=0&#038;autohide=2&#038;theme=dark&#038;&#8220; class=&#8220;__youtube_prefs__  epyt-is-override  no-lazyload&#8220; data-vol=&#8220;50&#8243;  title=&#8220;YouTube player&#8220;  allow=&#8220;fullscreen; accelerometer; autoplay; clipboard-write; encrypted-media; gyroscope; picture-in-picture; web-share&#8220; referrerpolicy=&#8220;strict-origin-when-cross-origin&#8220; allowfullscreen data-no-lazy=&#8220;1&#8243; data-skipgform_ajax_framebjll=&#8220;&#8220;><\/iframe><\/div>\n<h2 style=\"text-align: center;\">Bullpeitsche aus K\u00e4nguruleder in Braun, Rot und Creme<\/h2>\n<p>Erlebe h\u00f6chste Handwerkskunst und Langlebigkeit mit unserer <strong>Bullpeitsche aus K\u00e4nguruleder<\/strong>, entwickelt f\u00fcr Profis und Enthusiasten gleicherma\u00dfen. Handgefertigt aus feinstem <strong>echtem <\/strong><span style=\"box-sizing: border-box; margin: 0px; padding: 0px;\"><strong>K\u00e4nguruleder <\/strong>verf\u00fcgt diese Peitsche \u00fcber <strong>16-fach<\/strong><\/span> geflochtene <strong>Premium-Leder<\/strong>str\u00e4nge und bietet dadurch au\u00dfergew\u00f6hnliche St\u00e4rke und Flexibilit\u00e4t. Die einzigartige Kombination aus <strong>Braun, Rot und Creme<\/strong> sorgt f\u00fcr ein stilvolles Erscheinungsbild, w\u00e4hrend das <strong>Design mit lautem Knall <\/strong>einen scharfen, kraftvollen Crack erm\u00f6glicht \u2013 ideal f\u00fcr <strong>Vorf\u00fchrungen <\/strong>und Training.<\/p>\n<p>Vertraut von Peitschen-Enthusiasten f\u00fcr Balance, Langlebigkeit und gleichbleibende Knallleistung.<\/p>\n<p>Erh\u00e4ltlich in verschiedenen Gr\u00f6\u00dfen von <strong>4 Fu\u00df bis 24 Fu\u00df<\/strong>, verf\u00fcgt diese vielseitige Bullpeitsche \u00fcber einen gut ausbalancierten <strong>9-Zoll-Griff mit<\/strong> Edelstahlkern f\u00fcr \u00fcberragende Kontrolle und Langlebigkeit. Der <strong>Leder-H\u00fcfthalter<\/strong> sowie 2 Ersatz-Falls und Cracker\/Poppers im Wert von 20,00 \u00a3 (je nach Verf\u00fcgbarkeit) stellen sicher, dass du f\u00fcr jede Herausforderung bestens ausgestattet bist.<\/p>\n<p>Ob du ein professioneller Peitschenf\u00fchrer, Performer oder Sammler bist \u2013 diese robuste Bullpeitsche ist f\u00fcr den intensiven Gebrauch konzipiert und bietet langanhaltende Leistung, Flexibilit\u00e4t und gleichbleibende Knallkraft.<\/p>\n<p><strong data-start=\"1529\" data-end=\"1568\">Entdecke mehr aus unserer Kollektion von<\/strong> <span style=\"box-sizing: border-box; margin: 0px; padding: 0px;\"><strong><a href=\"https:\/\/bantoro.com\/Produktkategorie K\u00e4nguruleder-Bullwhips\" target=\"_blank\" rel=\"noopener\">Bullpeitschen <\/a><\/strong>aus<\/span> <strong data-start=\"1571\" data-end=\"1601\"><a href=\"https:\/\/bantoro.com\/Produktkategorie K\u00e4nguruleder-Bullwhips\">K\u00e4nguruleder<\/a><\/strong>, entwickelt f\u00fcr professionelle Leistung und langanhaltende Haltbarkeit.<\/p>\n<p>F\u00fcr weitere Informationen zur Pflege deiner Peitsche lies unseren <a href=\"https:\/\/bantoro.com\/ultimativer Leder-Bullwhip-Pflegeleitfaden\/\">ultimativen Pflegeleitfaden f\u00fcr Leder-Bullpeitschen.<\/a><br \/>\nNicht sicher, welche Gr\u00f6\u00dfe die richtige ist? Schau dir unseren Leitfaden zur L\u00e4nge von <a href=\"https:\/\/bantoro.com\/peitschen-laengen-groessenleitfaden\/\">Bullpeitschen an, um die passende Gr\u00f6\u00dfe zu w\u00e4hlen.<\/a><\/p>\n<div class=\"brtpmj_reviews_container\"><div class=\"brtpmj_businessheader\">\r\n\t\t\t\t\t\t<img decoding=\"async\" src=\"\/\/s3-eu-west-1.amazonaws.com\/tpd\/logos\/6617aecf4e6fa9ea40f2b01a\/0x0.png\" alt=\"Bantoro\">\r\n\t\t\t\t\t\t<h2 class=\"brtpmj_business_name\">Bantoro<\/h2>\r\n\t\t\t\t\t<\/div><p class=\"brtpmj_business_ratings\">\r\n\t\t\t\t\t\t<span class=\"brtpmj_br_score\">4.8<\/span>\r\n\t\t\t\t\t\t<span class=\"brtpmj_br_score_img\"><img decoding=\"async\" src=\"https:\/\/bantoro.com\/wp-content\/plugins\/better-business-reviews\/assets\/stars-5.svg\" alt=\"5 stars\"><\/span>\r\n\t\t\t\t\t\t<span class=\"brtpmj_br_count\">39 Reviews<\/span>\r\n\t\t\t\t\t<\/p><div class=\"\"><div class=\"brtpmj_all_reviews\"><div class=\"brtpmj_single_rvw\">\r\n\t\t\t\t\t\t\t\t\t\r\n\t\t\t\t\t\t<div class=\"brtpmj_sr_author_overview\">\r\n\t\t\t\t\t\t\t\r\n\t\t\t\t\t\t\t<div class=\"brtpmj_sr_ab_img\"><span>LvV<\/span><\/div>\r\n\t\t\t\t\t\t\t<div class=\"brtpmj_sr_ab_name_date\">\r\n\t\t\t\t\t\t\t\t<span class=\"brtpmj_sr_ab_name\">LB vd Vuurst<\/span>\r\n\t\t\t\t\t\t\t\t<span class=\"brtpmj_sr_ab_date\">2025-08-15<\/span>\r\n\t\t\t\t\t\t\t<\/div>\r\n\t\t\t\t\t\t\t\r\n\t\t\t\t\t\t<\/div>\r\n\t\t\t\t\t\t\r\n\t\t\t\t\t\t<div class=\"brtpmj_sr_rating\">\r\n\t\t\t\t\t\t\t<span class=\"brtpmj_br_score_img\"><img decoding=\"async\" src=\"https:\/\/bantoro.com\/wp-content\/plugins\/better-business-reviews\/assets\/stars-5.svg\" alt=\"5 stars\"><\/span>\r\n\t\t\t\t\t\t<\/div>\r\n\t\t\t\t\t\t\r\n\t\t\t\t\t\t<div class=\"brtpmj_sr_title\">\r\n\t\t\t\t\t\t\t<h4>Great communication fast shipping<\/h4>\r\n\t\t\t\t\t\t<\/div>\r\n\t\t\t\t\t\t\r\n\t\t\t\t\t\t<div class=\"brtpmj_sr_title\">\r\n\t\t\t\t\t\t\t<p>I placed an order of 2 items but one of the items what we asked for wasnt available. Within 12 hours i got an email with a other suggestions, and so we did a different order. It was shipped really, really fast. And the communication was great. Thank you Jane. Everything recieved and we are happy.<\/p>\r\n\t\t\t\t\t\t<\/div>\r\n\t\t\t\t\t\t\r\n\t\t\t\t\t<\/div><div class=\"brtpmj_single_rvw\">\r\n\t\t\t\t\t\t\t\t\t\r\n\t\t\t\t\t\t<div class=\"brtpmj_sr_author_overview\">\r\n\t\t\t\t\t\t\t\r\n\t\t\t\t\t\t\t<div class=\"brtpmj_sr_ab_img\"><img decoding=\"async\" src=\"https:\/\/user-images.trustpilot.com\/6896a2719600690944faa5c3\/73x73.png\"><\/div>\r\n\t\t\t\t\t\t\t<div class=\"brtpmj_sr_ab_name_date\">\r\n\t\t\t\t\t\t\t\t<span class=\"brtpmj_sr_ab_name\">Jang Yun Boo<\/span>\r\n\t\t\t\t\t\t\t\t<span class=\"brtpmj_sr_ab_date\">2025-08-09<\/span>\r\n\t\t\t\t\t\t\t<\/div>\r\n\t\t\t\t\t\t\t\r\n\t\t\t\t\t\t<\/div>\r\n\t\t\t\t\t\t\r\n\t\t\t\t\t\t<div class=\"brtpmj_sr_rating\">\r\n\t\t\t\t\t\t\t<span class=\"brtpmj_br_score_img\"><img decoding=\"async\" src=\"https:\/\/bantoro.com\/wp-content\/plugins\/better-business-reviews\/assets\/stars-5.svg\" alt=\"5 stars\"><\/span>\r\n\t\t\t\t\t\t<\/div>\r\n\t\t\t\t\t\t\r\n\t\t\t\t\t\t<div class=\"brtpmj_sr_title\">\r\n\t\t\t\t\t\t\t<h4>Lots of Thanks from south Korea Seoul<\/h4>\r\n\t\t\t\t\t\t<\/div>\r\n\t\t\t\t\t\t\r\n\t\t\t\t\t\t<div class=\"brtpmj_sr_title\">\r\n\t\t\t\t\t\t\t<p>Lots of Thanks from south Korea Seoul. well look after service. good tracking infomation. We received item perfectly good shape. very happy about it is all real leather and good quality.<\/p>\r\n\t\t\t\t\t\t<\/div>\r\n\t\t\t\t\t\t\r\n\t\t\t\t\t<\/div><div class=\"brtpmj_single_rvw\">\r\n\t\t\t\t\t\t\t\t\t\r\n\t\t\t\t\t\t<div class=\"brtpmj_sr_author_overview\">\r\n\t\t\t\t\t\t\t\r\n\t\t\t\t\t\t\t<div class=\"brtpmj_sr_ab_img\"><img decoding=\"async\" src=\"https:\/\/user-images.trustpilot.com\/60363e1eeea92f001b60a322\/73x73.png\"><\/div>\r\n\t\t\t\t\t\t\t<div class=\"brtpmj_sr_ab_name_date\">\r\n\t\t\t\t\t\t\t\t<span class=\"brtpmj_sr_ab_name\">~ E ~<\/span>\r\n\t\t\t\t\t\t\t\t<span class=\"brtpmj_sr_ab_date\">2025-08-06<\/span>\r\n\t\t\t\t\t\t\t<\/div>\r\n\t\t\t\t\t\t\t\r\n\t\t\t\t\t\t<\/div>\r\n\t\t\t\t\t\t\r\n\t\t\t\t\t\t<div class=\"brtpmj_sr_rating\">\r\n\t\t\t\t\t\t\t<span class=\"brtpmj_br_score_img\"><img decoding=\"async\" src=\"https:\/\/bantoro.com\/wp-content\/plugins\/better-business-reviews\/assets\/stars-5.svg\" alt=\"5 stars\"><\/span>\r\n\t\t\t\t\t\t<\/div>\r\n\t\t\t\t\t\t\r\n\t\t\t\t\t\t<div class=\"brtpmj_sr_title\">\r\n\t\t\t\t\t\t\t<h4>This is my second order<\/h4>\r\n\t\t\t\t\t\t<\/div>\r\n\t\t\t\t\t\t\r\n\t\t\t\t\t\t<div class=\"brtpmj_sr_title\">\r\n\t\t\t\t\t\t\t<p>This is my second order. Previously I was very happy and satisfied with everything. This time Bantoro even achieved a higher level of customer satisfaction. I needed a whip for the upcoming weekend. And when I contacted the customer service, they could not promise me a guaranteed delivery date other than an expected ETA of 3 - 5 days, also due to possible customs delays. Totally understandable. I had faith in Bantoro because last time, it took only four days from the UK to NL. I ordered the whip on monday and it was shipped the same day because they wanted to make sure I got it on time. It was delivered on wednesday early afternoon!!! Still love the quality of the whip for a great price, and your customer service is next level. Thanks Bantoro!<\/p>\r\n\t\t\t\t\t\t<\/div>\r\n\t\t\t\t\t\t\r\n\t\t\t\t\t<\/div><\/div><\/div><\/div>\n","protected":false},"excerpt":{"rendered":"<p><strong>Hauptmerkmale der Bullpeitsche aus K\u00e4nguruleder<\/strong><\/p>\n<ul>\n<li><strong>Material<\/strong>: Handgefertigt aus <strong>echtem K\u00e4nguruleder,<\/strong> Oberleder (Top Grain) und Premium-Qualit\u00e4t.<\/li>\n<li><strong>Design<\/strong>:<strong> 16-fach<\/strong> geflochtene Lederstr\u00e4nge f\u00fcr erh\u00f6hte Haltbarkeit und Leistung.<\/li>\n<li><strong>Farbe<\/strong>: Braun, Rot und Creme \u2013 die tats\u00e4chliche Farbe kann von den Bildern abweichen.<\/li>\n<li><strong>Gr\u00f6\u00dfenoptionen<\/strong>: Erh\u00e4ltlich in Gr\u00f6\u00dfen von<strong> 4 Fu\u00df<\/strong> bis <strong>24 Fu\u00df<\/strong> (Sondergr\u00f6\u00dfen verf\u00fcgbar).<\/li>\n<li><strong>Extras<\/strong>: Inklusive Leder-H\u00fcfthalter, 2 Ersatz-Falls sowie Cracker\/Poppers im Wert von 20,00 \u00a3.<\/li>\n<li><strong>Griff<\/strong>: <strong>9-Zoll gut ausbalancierter Griff<\/strong> mit Edelstahlkern f\u00fcr verbesserte Kontrolle.<\/li>\n<li><strong>Funktionalit\u00e4t<\/strong>: Flexible, laut knallende <strong>Bullpeitsche<\/strong>, perfekt f\u00fcr Profis und Enthusiasten.<\/li>\n<\/ul>\n","protected":false},"featured_media":14561,"template":"","meta":[],"product_brand":[],"product_cat":[1203],"product_tag":[1567,989,1842,1652,1963,1973,1974,1907,1301,949,1675,1531,1535],"class_list":{"0":"post-14578","1":"product","2":"type-product","3":"status-publish","4":"has-post-thumbnail","6":"product_cat-kanguru-leder-bullwhips","7":"product_tag-braune-bullwhip","8":"product_tag-bullwhip","9":"product_tag-handgemachte-peitsche","10":"product_tag-knallende-peitsche","11":"product_tag-lauter-peitsche","12":"product_tag-lautes-knallen-der-bullenpeitsche","13":"product_tag-lautes-knallen-der-peitsche","14":"product_tag-lederpeitsche","15":"product_tag-peitsche","16":"product_tag-peitsche-mit-16-zopfen","17":"product_tag-reitsport","18":"product_tag-schwarze-lederpeitsche","19":"product_tag-schwarze-peitsche","21":"first","22":"instock","23":"sale","24":"featured","25":"taxable","26":"shipping-taxable","27":"purchasable","28":"product-type-variable","29":"has-default-attributes"},"_links":{"self":[{"href":"https:\/\/bantoro.com\/de\/wp-json\/wp\/v2\/product\/14578","targetHints":{"allow":["GET"]}}],"collection":[{"href":"https:\/\/bantoro.com\/de\/wp-json\/wp\/v2\/product"}],"about":[{"href":"https:\/\/bantoro.com\/de\/wp-json\/wp\/v2\/types\/product"}],"wp:featuredmedia":[{"embeddable":true,"href":"https:\/\/bantoro.com\/de\/wp-json\/wp\/v2\/media\/14561"}],"wp:attachment":[{"href":"https:\/\/bantoro.com\/de\/wp-json\/wp\/v2\/media?parent=14578"}],"wp:term":[{"taxonomy":"product_brand","embeddable":true,"href":"https:\/\/bantoro.com\/de\/wp-json\/wp\/v2\/product_brand?post=14578"},{"taxonomy":"product_cat","embeddable":true,"href":"https:\/\/bantoro.com\/de\/wp-json\/wp\/v2\/product_cat?post=14578"},{"taxonomy":"product_tag","embeddable":true,"href":"https:\/\/bantoro.com\/de\/wp-json\/wp\/v2\/product_tag?post=14578"}],"curies":[{"name":"wp","href":"https:\/\/api.w.org\/{rel}","templated":true}]}}