{"id":14527,"date":"2022-12-28T17:50:16","date_gmt":"2022-12-28T17:50:16","guid":{"rendered":"https:\/\/bantoro.com\/shop\/unkategorisiert\/schwarze-premium-bullenpeitsche-aus-rindsleder-6-fuss-12-fach-geflochtene-knallpeitsche-schwere-ausfuehrung\/"},"modified":"2026-04-30T15:38:24","modified_gmt":"2026-04-30T14:38:24","slug":"6-fuss-schwarz","status":"publish","type":"product","link":"https:\/\/bantoro.com\/de\/shop\/leder-bullwhips\/6-fuss-schwarz\/","title":{"rendered":"Schwarze Premium-Bullenpeitsche aus Rindsleder, 6 Fu\u00df \u2013 12-fach geflochtene Knallpeitsche (schwere Ausf\u00fchrung)"},"content":{"rendered":"<p>Entfesseln Sie Kraft und Pr\u00e4zision mit der <strong data-start=\"704\" data-end=\"746\">schwarzen Premium-Bullenpeitsche aus Rindsleder<\/strong>, einer 6 Fu\u00df (1,8 Meter) <strong data-start=\"766\" data-end=\"784\">langen schwarzen<\/strong> Peitsche, die f\u00fcr Training und den professionellen Einsatz entwickelt wurde. Diese Bullenpeitsche ist auch als <strong data-start=\"2689\" data-end=\"2722\">Rindsleder- oder Kuhhautpeitsche <\/strong>bekannt und wird h\u00e4ufig f\u00fcr Training, Viehtrieb und Vorf\u00fchrungen verwendet. Dank ihrer robusten Konstruktion ist sie eine zuverl\u00e4ssige Wahl f\u00fcr alle, die eine starke und zugleich flexible Leder-Bullenpeitsche suchen.<\/p>\n<p>Fachm\u00e4nnisch handgefertigt aus<strong> 100 % echtem Top-Grain-Rindslede<\/strong>r, ist diese <strong>12-fach geflochtene Bullenpeitsche<\/strong> besonders langlebig und zuverl\u00e4ssig und erzeugt einen lauten Knall \u2013 ideal f\u00fcr<strong> Reiten<\/strong>, <strong>Viehtraining<\/strong> und f\u00fcr Peitschen-Enthusiasten. Der <strong>9-Zoll-Griff<\/strong> bietet einen stabilen und gut ausbalancierten Halt, w\u00e4hrend die Leder-Handschlaufe eine einfache Kontrolle gew\u00e4hrleistet und sie somit perfekt f\u00fcr den <strong>professionellen Einsatz <\/strong>macht.<\/p>\n<p>Entwickelt f\u00fcr Flexibilit\u00e4t und St\u00e4rke ist diese <strong>robuste Bullenpeitsche<\/strong> ideal f\u00fcr alle, die sowohl Leistung als auch Stil verlangen. Die Falll\u00e4nge der Peitsche betr\u00e4gt ungef\u00e4hr 16 Zoll, w\u00e4hrend der \u201eCracker\u201c bzw. \u201ePopper\u201c etwa 12 Zoll misst \u2013 und sorgt f\u00fcr einen knackenden Laut, der Aufmerksamkeit erregt. Mit einer Gesamtl\u00e4nge von 6 Fu\u00df (1,8 m) beantwortet diese Bullenpeitsche h\u00e4ufige Fragen zur L\u00e4nge und Kontrolle von Bullenpeitschen.<\/p>\n<p>F\u00fcr Pflegetipps zur <strong>Peitsche<\/strong> schauen Sie sich unseren umfassenden <a href=\"https:\/\/bantoro.com\/ultimativer Leder-Bullwhip-Pflegeleitfaden\/\" target=\"_new\" rel=\"noopener\">Leitfaden zur Pflege von Leder-Bullenpeitschen<\/a> an und meistern Sie die Kunst des Peitschenschwingens mit unserem \u201e<a href=\"https:\/\/bantoro.com\/Bullwhip einspielen &amp; die Peitsche meistern\/\" target=\"_new\" rel=\"noopener\">Einbrech\u201c-Leitfaden f\u00fcr Bullenpeitschen sowie dem \u201eMeistere deine Peitsche\u201c-Guide.<\/a><\/p>\n<p>Ob Sie ein erfahrener <strong>Peitschenf\u00fchrer<\/strong> oder ein Anf\u00e4nger sind, die <strong>schwarze Premium-Bullenpeitsche aus Rindsleder<\/strong> ist Ihr ideales Werkzeug f\u00fcr pr\u00e4zises und lautes Knallen. Sie ist in verschiedenen Gr\u00f6\u00dfen und Farben erh\u00e4ltlich. Entdecken Sie unsere Kollektion von <a href=\"https:\/\/bantoro.com\/Produktkategorie\/Leder-Bullenpeitschen\/\"><strong data-start=\"3694\" data-end=\"3715\">Leder-Bullenpeitschen<\/strong> <\/a>f\u00fcr weitere Gr\u00f6\u00dfen und Stile oder besuchen Sie unsere Homepage unter <a href=\"https:\/\/bantoro.com\/de\/\">Bantoro.com<\/a> f\u00fcr die neuesten Angebote.<\/p>\n<p data-start=\"3616\" data-end=\"3748\"><strong>FAQs<\/strong><\/p>\n<p data-start=\"3616\" data-end=\"3748\"><strong data-start=\"3616\" data-end=\"3659\">Antwort: Dieser Bullenpeitsche ist 6 Fu\u00df (ca. 1,8 Meter) lang.<br \/>\n<\/strong><br data-start=\"3659\" data-end=\"3662\" \/>A: Diese Bullenpeitsche ist 6 Fu\u00df (1,8 Meter) lang und ideal f\u00fcr kontrolliertes Knallen und Training.<\/p>\n<p data-start=\"3755\" data-end=\"3902\"><strong data-start=\"3755\" data-end=\"3805\">F: Handelt es sich um eine echte Bullenpeitsche aus Rindsleder?<\/strong><br data-start=\"3805\" data-end=\"3808\" \/>A: Ja, sie ist aus 100 % echtem Top-Grain-Rindsleder gefertigt und bietet dadurch Langlebigkeit und Flexibilit\u00e4t.<\/p>\n<p data-start=\"3909\" data-end=\"4045\"><strong data-start=\"3909\" data-end=\"3951\">F: Wird diese auch als Kuhhautpeitsche bezeichnet?<\/strong><br data-start=\"3951\" data-end=\"3954\" \/>A: Ja, Bullenpeitschen aus Rindsleder werden oft auch als Kuhhautpeitschen oder Rindslederpeitschen bezeichnet.<\/p>\n<p data-start=\"4052\" data-end=\"4192\"><strong data-start=\"4052\" data-end=\"4098\">F: Kann diese Bullenpeitsche zum Training verwendet werden?<\/strong><br data-start=\"4098\" data-end=\"4101\" \/>A: Ja, diese schwarze Bullenpeitsche eignet sich f\u00fcr Training, Viehhandling und Vorf\u00fchrungen.<\/p>\n<p data-start=\"4052\" data-end=\"4192\"><strong data-start=\"3227\" data-end=\"3268\">F: Ist dies eine robuste Kuhhautpeitsche?<\/strong><br data-start=\"3268\" data-end=\"3271\" \/>A: Ja, diese Bullenpeitsche verf\u00fcgt \u00fcber eine robuste Konstruktion aus Rindsleder, wodurch sie stark, flexibel und f\u00fcr den professionellen Einsatz geeignet ist.<\/p>\n<p data-start=\"4052\" data-end=\"4192\"><div class=\"brtpmj_reviews_container\"><div class=\"brtpmj_businessheader\">\r\n\t\t\t\t\t\t<img decoding=\"async\" src=\"\/\/s3-eu-west-1.amazonaws.com\/tpd\/logos\/6617aecf4e6fa9ea40f2b01a\/0x0.png\" alt=\"Bantoro\">\r\n\t\t\t\t\t\t<h2 class=\"brtpmj_business_name\">Bantoro<\/h2>\r\n\t\t\t\t\t<\/div><p class=\"brtpmj_business_ratings\">\r\n\t\t\t\t\t\t<span class=\"brtpmj_br_score\">4.8<\/span>\r\n\t\t\t\t\t\t<span class=\"brtpmj_br_score_img\"><img decoding=\"async\" src=\"https:\/\/bantoro.com\/wp-content\/plugins\/better-business-reviews\/assets\/stars-5.svg\" alt=\"5 stars\"><\/span>\r\n\t\t\t\t\t\t<span class=\"brtpmj_br_count\">39 Reviews<\/span>\r\n\t\t\t\t\t<\/p><div class=\"\"><div class=\"brtpmj_all_reviews\"><div class=\"brtpmj_single_rvw\">\r\n\t\t\t\t\t\t\t\t\t\r\n\t\t\t\t\t\t<div class=\"brtpmj_sr_author_overview\">\r\n\t\t\t\t\t\t\t\r\n\t\t\t\t\t\t\t<div class=\"brtpmj_sr_ab_img\"><span>LvV<\/span><\/div>\r\n\t\t\t\t\t\t\t<div class=\"brtpmj_sr_ab_name_date\">\r\n\t\t\t\t\t\t\t\t<span class=\"brtpmj_sr_ab_name\">LB vd Vuurst<\/span>\r\n\t\t\t\t\t\t\t\t<span class=\"brtpmj_sr_ab_date\">2025-08-15<\/span>\r\n\t\t\t\t\t\t\t<\/div>\r\n\t\t\t\t\t\t\t\r\n\t\t\t\t\t\t<\/div>\r\n\t\t\t\t\t\t\r\n\t\t\t\t\t\t<div class=\"brtpmj_sr_rating\">\r\n\t\t\t\t\t\t\t<span class=\"brtpmj_br_score_img\"><img decoding=\"async\" src=\"https:\/\/bantoro.com\/wp-content\/plugins\/better-business-reviews\/assets\/stars-5.svg\" alt=\"5 stars\"><\/span>\r\n\t\t\t\t\t\t<\/div>\r\n\t\t\t\t\t\t\r\n\t\t\t\t\t\t<div class=\"brtpmj_sr_title\">\r\n\t\t\t\t\t\t\t<h4>Great communication fast shipping<\/h4>\r\n\t\t\t\t\t\t<\/div>\r\n\t\t\t\t\t\t\r\n\t\t\t\t\t\t<div class=\"brtpmj_sr_title\">\r\n\t\t\t\t\t\t\t<p>I placed an order of 2 items but one of the items what we asked for wasnt available. Within 12 hours i got an email with a other suggestions, and so we did a different order. It was shipped really, really fast. And the communication was great. Thank you Jane. Everything recieved and we are happy.<\/p>\r\n\t\t\t\t\t\t<\/div>\r\n\t\t\t\t\t\t\r\n\t\t\t\t\t<\/div><div class=\"brtpmj_single_rvw\">\r\n\t\t\t\t\t\t\t\t\t\r\n\t\t\t\t\t\t<div class=\"brtpmj_sr_author_overview\">\r\n\t\t\t\t\t\t\t\r\n\t\t\t\t\t\t\t<div class=\"brtpmj_sr_ab_img\"><img decoding=\"async\" src=\"https:\/\/user-images.trustpilot.com\/6896a2719600690944faa5c3\/73x73.png\"><\/div>\r\n\t\t\t\t\t\t\t<div class=\"brtpmj_sr_ab_name_date\">\r\n\t\t\t\t\t\t\t\t<span class=\"brtpmj_sr_ab_name\">Jang Yun Boo<\/span>\r\n\t\t\t\t\t\t\t\t<span class=\"brtpmj_sr_ab_date\">2025-08-09<\/span>\r\n\t\t\t\t\t\t\t<\/div>\r\n\t\t\t\t\t\t\t\r\n\t\t\t\t\t\t<\/div>\r\n\t\t\t\t\t\t\r\n\t\t\t\t\t\t<div class=\"brtpmj_sr_rating\">\r\n\t\t\t\t\t\t\t<span class=\"brtpmj_br_score_img\"><img decoding=\"async\" src=\"https:\/\/bantoro.com\/wp-content\/plugins\/better-business-reviews\/assets\/stars-5.svg\" alt=\"5 stars\"><\/span>\r\n\t\t\t\t\t\t<\/div>\r\n\t\t\t\t\t\t\r\n\t\t\t\t\t\t<div class=\"brtpmj_sr_title\">\r\n\t\t\t\t\t\t\t<h4>Lots of Thanks from south Korea Seoul<\/h4>\r\n\t\t\t\t\t\t<\/div>\r\n\t\t\t\t\t\t\r\n\t\t\t\t\t\t<div class=\"brtpmj_sr_title\">\r\n\t\t\t\t\t\t\t<p>Lots of Thanks from south Korea Seoul. well look after service. good tracking infomation. We received item perfectly good shape. very happy about it is all real leather and good quality.<\/p>\r\n\t\t\t\t\t\t<\/div>\r\n\t\t\t\t\t\t\r\n\t\t\t\t\t<\/div><div class=\"brtpmj_single_rvw\">\r\n\t\t\t\t\t\t\t\t\t\r\n\t\t\t\t\t\t<div class=\"brtpmj_sr_author_overview\">\r\n\t\t\t\t\t\t\t\r\n\t\t\t\t\t\t\t<div class=\"brtpmj_sr_ab_img\"><img decoding=\"async\" src=\"https:\/\/user-images.trustpilot.com\/60363e1eeea92f001b60a322\/73x73.png\"><\/div>\r\n\t\t\t\t\t\t\t<div class=\"brtpmj_sr_ab_name_date\">\r\n\t\t\t\t\t\t\t\t<span class=\"brtpmj_sr_ab_name\">~ E ~<\/span>\r\n\t\t\t\t\t\t\t\t<span class=\"brtpmj_sr_ab_date\">2025-08-06<\/span>\r\n\t\t\t\t\t\t\t<\/div>\r\n\t\t\t\t\t\t\t\r\n\t\t\t\t\t\t<\/div>\r\n\t\t\t\t\t\t\r\n\t\t\t\t\t\t<div class=\"brtpmj_sr_rating\">\r\n\t\t\t\t\t\t\t<span class=\"brtpmj_br_score_img\"><img decoding=\"async\" src=\"https:\/\/bantoro.com\/wp-content\/plugins\/better-business-reviews\/assets\/stars-5.svg\" alt=\"5 stars\"><\/span>\r\n\t\t\t\t\t\t<\/div>\r\n\t\t\t\t\t\t\r\n\t\t\t\t\t\t<div class=\"brtpmj_sr_title\">\r\n\t\t\t\t\t\t\t<h4>This is my second order<\/h4>\r\n\t\t\t\t\t\t<\/div>\r\n\t\t\t\t\t\t\r\n\t\t\t\t\t\t<div class=\"brtpmj_sr_title\">\r\n\t\t\t\t\t\t\t<p>This is my second order. Previously I was very happy and satisfied with everything. This time Bantoro even achieved a higher level of customer satisfaction. I needed a whip for the upcoming weekend. And when I contacted the customer service, they could not promise me a guaranteed delivery date other than an expected ETA of 3 - 5 days, also due to possible customs delays. Totally understandable. I had faith in Bantoro because last time, it took only four days from the UK to NL. I ordered the whip on monday and it was shipped the same day because they wanted to make sure I got it on time. It was delivered on wednesday early afternoon!!! Still love the quality of the whip for a great price, and your customer service is next level. Thanks Bantoro!<\/p>\r\n\t\t\t\t\t\t<\/div>\r\n\t\t\t\t\t\t\r\n\t\t\t\t\t<\/div><\/div><\/div><\/div><\/p>\n","protected":false},"excerpt":{"rendered":"<ul>\n<li><strong>6 Fu\u00df (1,8 m) L\u00e4nge, 12-fach geflochtene schwarze Bullenpeitsche aus Rindsleder<\/strong><\/li>\n<li>Hergestellt aus <strong>100 % echtem Top-Grain-Rindsleder<\/strong><\/li>\n<li>Langlebige, <strong>laut knallende Bullenpeitsche<\/strong> f\u00fcr Reiten und Viehtraining<\/li>\n<li>Inklusive eines <strong>9-Zoll-Ledergriffs<\/strong> mit Handgelenkschlaufe f\u00fcr bessere Kontrolle.<\/li>\n<li>Hochwertige, flexible Bullenpeitsche in <strong>professioneller Qualit\u00e4t und Standardausf\u00fchrung<\/strong><\/li>\n<li><strong>Falll\u00e4nge der Peitsche<\/strong> ca. 16 Zoll, \u201e<strong>Cracker\u201c (Knallspitze<\/strong>) ca. 12 Zoll<\/li>\n<li><strong>Leder-G\u00fcrtelhalter<\/strong> erh\u00e4ltlich (je nach Verf\u00fcgbarkeit)<\/li>\n<li>Handgefertigt f\u00fcr den <strong>robusten Einsatz<\/strong> \u2013 ein Must-have f\u00fcr Peitschen-Enthusiasten<\/li>\n<li>Besuchen Sie <a href=\"https:\/\/bantoro.com\/de\/\" target=\"_new\" rel=\"noopener\">Bantoro.com<\/a> f\u00fcr weitere Leder-Bullenpeitschen und Zubeh\u00f6r.<\/li>\n<li>Auch bekannt als Kuhhautpeitsche oder Rindslederpeitsche f\u00fcr Training und Knall-\/Peitscheneinsatz.<\/li>\n<\/ul>\n","protected":false},"featured_media":14518,"template":"","meta":[],"product_brand":[],"product_cat":[1230],"product_tag":[989,942,1605,1593,1974,1907,1301,1155,1519],"class_list":{"0":"post-14527","1":"product","2":"type-product","3":"status-publish","4":"has-post-thumbnail","6":"product_cat-leder-bullwhips","7":"product_tag-bullwhip","8":"product_tag-bullwhip-mit-12-zopfen","9":"product_tag-bullwhip-mit-holster","10":"product_tag-bullwhip-zu-verkaufen","11":"product_tag-lautes-knallen-der-peitsche","12":"product_tag-lederpeitsche","13":"product_tag-peitsche","14":"product_tag-professioneller-bullwhip","15":"product_tag-schwarze-bullwhip-2","17":"first","18":"instock","19":"sale","20":"taxable","21":"shipping-taxable","22":"purchasable","23":"product-type-simple"},"_links":{"self":[{"href":"https:\/\/bantoro.com\/de\/wp-json\/wp\/v2\/product\/14527","targetHints":{"allow":["GET"]}}],"collection":[{"href":"https:\/\/bantoro.com\/de\/wp-json\/wp\/v2\/product"}],"about":[{"href":"https:\/\/bantoro.com\/de\/wp-json\/wp\/v2\/types\/product"}],"wp:featuredmedia":[{"embeddable":true,"href":"https:\/\/bantoro.com\/de\/wp-json\/wp\/v2\/media\/14518"}],"wp:attachment":[{"href":"https:\/\/bantoro.com\/de\/wp-json\/wp\/v2\/media?parent=14527"}],"wp:term":[{"taxonomy":"product_brand","embeddable":true,"href":"https:\/\/bantoro.com\/de\/wp-json\/wp\/v2\/product_brand?post=14527"},{"taxonomy":"product_cat","embeddable":true,"href":"https:\/\/bantoro.com\/de\/wp-json\/wp\/v2\/product_cat?post=14527"},{"taxonomy":"product_tag","embeddable":true,"href":"https:\/\/bantoro.com\/de\/wp-json\/wp\/v2\/product_tag?post=14527"}],"curies":[{"name":"wp","href":"https:\/\/api.w.org\/{rel}","templated":true}]}}