{"id":14516,"date":"2025-01-03T12:30:46","date_gmt":"2025-01-03T12:30:46","guid":{"rendered":"https:\/\/bantoro.com\/shop\/unkategorisiert\/3-fuss-rindsleder-peitsche-8-fach-geflochtener-single-tail-flogger-fuer-training\/"},"modified":"2026-04-30T14:48:00","modified_gmt":"2026-04-30T13:48:00","slug":"rindsleder-peitsche","status":"publish","type":"product","link":"https:\/\/bantoro.com\/de\/shop\/lederpeitschen-2-bis-3-fus\/rindsleder-peitsche\/","title":{"rendered":"3-Fu\u00df Rindsleder Peitsche \u2013 8-fach geflochtener Single-Tail-Flogger f\u00fcr Training"},"content":{"rendered":"<p style=\"text-align: center;\"><figure class=\"wp-block-embed wp-block-embed-youtube is-type-video is-provider-youtube epyt-figure\"><div class=\"wp-block-embed__wrapper\"><div class=\"epyt-video-wrapper\"><iframe  id=\"_ytid_14069\"  width=\"800\" height=\"450\"  data-origwidth=\"800\" data-origheight=\"450\" src=\"https:\/\/www.youtube.com\/embed\/kNz2DbPOcTE?enablejsapi=1&autoplay=0&cc_load_policy=0&iv_load_policy=1&loop=0&fs=1&playsinline=0&controls=1&disablekb=0&color=red&cc_lang_pref=&rel=0&autohide=2&theme=dark&\" class=\"__youtube_prefs__  no-lazyload\" data-vol=\"50\"  title=\"YouTube player\"  allow=\"fullscreen; accelerometer; autoplay; clipboard-write; encrypted-media; gyroscope; picture-in-picture; web-share\" referrerpolicy=\"strict-origin-when-cross-origin\" allowfullscreen data-no-lazy=\"1\" data-skipgform_ajax_framebjll=\"\"><\/iframe><\/div><\/div><\/figure> Die <strong>tanfarbene Lederpeitsche<\/strong><\/p>\n<p><strong>3-Fu\u00df Rindsleder Peitsche \u2013 8-fach geflochtener Single-Tail-Flogger f\u00fcr Reitsport und Training<\/strong><\/p>\n<p>Dieser <strong>Single-Tail-Flogger<\/strong> wurde f\u00fcr Pr\u00e4zision und Kontrolle entwickelt und eignet sich ideal f\u00fcr Training und den Reitsport. Die Konstruktion aus echtem Rindsleder sorgt f\u00fcr Langlebigkeit und bietet gleichzeitig eine geschmeidige Leistung f\u00fcr Anf\u00e4nger und erfahrene Anwender.<\/p>\n<p>Entdecken Sie das ultimative Reitzubeh\u00f6r mit unserer <strong>3-Fu\u00df Rindsleder-Bullwhip<\/strong>, gefertigt aus 8-fach geflochtenem Premium-Top-Grain-Leder. Entwickelt f\u00fcr Haltbarkeit und au\u00dfergew\u00f6hnliche Flexibilit\u00e4t, ist diese <strong>echte Rindsleder-Trainingspeitsche<\/strong> ideal f\u00fcr Nutzer, die ein leistungsstarkes Werkzeug suchen. Ob f\u00fcr <strong>Reittraining<\/strong>, <strong>Outdoor-Workouts<\/strong> oder spannende <strong>Springwettbewerbe<\/strong> \u2013 diese <strong>Single-Tail-Bullwhip<\/strong> bietet sanfte und pr\u00e4zise Kontrolle.<\/p>\n<p>Der feste Griff mit rutschfester Struktur sorgt f\u00fcr Komfort und Zuverl\u00e4ssigkeit w\u00e4hrend der Nutzung, w\u00e4hrend die handgeflochtenen Details eine besondere optische Qualit\u00e4t verleihen. Perfekt f\u00fcr <strong>Reiter<\/strong>, <strong>Cowboys<\/strong> und <strong>Bullwhip-Enthusiasten<\/strong> ist diese vielseitige Single-Tail-Peitsche im Drachenstil ein Muss f\u00fcr alle, die ihr Handwerk ernst nehmen.<\/p>\n<p>Die Peitsche ist in einem satten <strong>Braun<\/strong> erh\u00e4ltlich; der tats\u00e4chliche Farbton kann leicht von den Bildern abweichen. Unser Produkt befindet sich im <strong>Vereinigten K\u00f6nigreich<\/strong> und ist versandbereit. Bitte pr\u00fcfen Sie vor dem Kauf die geltenden Zoll- und Handelsbestimmungen in Ihrem Land.<\/p>\n<p>Entdecken Sie weitere Optionen in unserer <a href=\"https:\/\/bantoro.com\/product-category\/leather-whips-2-to-3-feet\/\"><strong>Lederpeitschen (2\u20133 Fu\u00df)<\/strong><\/a>-Kollektion f\u00fcr Training und Reitsport oder st\u00f6bern Sie in unserer Auswahl an <a href=\"https:\/\/bantoro.com\/product-category\/leather-floggers\/\"><strong>Leder-Floggers<\/strong><\/a>, um den passenden Stil f\u00fcr Ihre Bed\u00fcrfnisse zu finden.<\/p>\n<p><strong>Was ist ein Single-Tail-Flogger?<\/strong><br \/>\nEin Single-Tail-Flogger ist ein peitschenartiges Werkzeug, das f\u00fcr pr\u00e4zise Kontrolle und gezielte Wirkung entwickelt wurde und h\u00e4ufig im Training und Reitsport verwendet wird.<\/p>\n<p><strong>Ist diese Rindslederpeitsche f\u00fcr Training geeignet?<\/strong><br \/>\nJa, diese echte Rindslederpeitsche ist f\u00fcr das Training konzipiert und bietet Haltbarkeit, Flexibilit\u00e4t und gleichbleibende Leistung.<\/p>\n<p><strong>Was ist eine 8-fach geflochtene Lederpeitsche?<\/strong><br \/>\nEine 8-fach geflochtene Lederpeitsche besteht aus acht verflochtenen Lederstr\u00e4ngen und bietet dadurch St\u00e4rke, Flexibilit\u00e4t und bessere Handhabung.<\/p>\n","protected":false},"excerpt":{"rendered":"<p><strong>Single-Tail-Flogger \u2013 3-Fu\u00df Rindsleder Peitsche f\u00fcr Training &amp; Reiten<\/strong><\/p>\n<ul>\n<li><strong>Hochwertige Rindslederpeitsche<\/strong>: Hergestellt aus strapazierf\u00e4higem Top-Grain-Rindsleder f\u00fcr eine lange Lebensdauer.<\/li>\n<li><strong>8-fach geflochten f\u00fcr mehr St\u00e4rke<\/strong>: Besteht aus 8 einzelnen Lederstr\u00e4ngen, was Haltbarkeit und Leistung verbessert.<\/li>\n<li><strong>Rutschfester Griff<\/strong>: Bequemer, sicherer Halt mit fein handgeflochtener Struktur f\u00fcr einfache Handhabung.<\/li>\n<li><strong>Vielseitig einsetzbar<\/strong>: Ideal f\u00fcr Outdoor-Workouts, Reittraining und spannende Springwettbewerbe.<\/li>\n<li><strong>Ideal f\u00fcr Reiter &amp; Trainer<\/strong>: Ein unverzichtbares Werkzeug f\u00fcr Reiter, Trainer und Bullwhip-Enthusiasten.<\/li>\n<li><strong>Perfektes Geschenk<\/strong>: Eine ausgezeichnete Geschenkidee f\u00fcr Freunde und Familie, die sich f\u00fcr Reiten und Training begeistern.<\/li>\n<li><strong>Standort Gro\u00dfbritannien<\/strong>: Bitte pr\u00fcfen Sie vor dem Kauf die geltenden Zollbestimmungen in Ihrem Land.<\/li>\n<\/ul>\n","protected":false},"featured_media":14511,"template":"","meta":[],"product_brand":[],"product_cat":[1271,1233],"product_tag":[934,1380,1013,985,1907,1910,1129,1004,959,1145,1018,1193,1054],"class_list":{"0":"post-14516","1":"product","2":"type-product","3":"status-publish","4":"has-post-thumbnail","6":"product_cat-lederpeitschen-2-bis-3-fus","7":"product_cat-leder-flogger","8":"product_tag-bullwhip-mit-8-zoepfen","9":"product_tag-einschwanziger-bullwhip","10":"product_tag-flogger-drachenschwanz","11":"product_tag-geflochtener-leder-bullwhip","12":"product_tag-lederpeitsche","13":"product_tag-lederpeitsche-2","14":"product_tag-outdoor-trainingspeitsche","15":"product_tag-peitsche-aus-rindsleder","16":"product_tag-peitsche-mit-rutschfestem-griff","17":"product_tag-premium-lederpeitsche","18":"product_tag-reiter-bullwhip","19":"product_tag-reitgerte-3","20":"product_tag-spring-und-rennpeitsche","22":"first","23":"instock","24":"sale","25":"taxable","26":"shipping-taxable","27":"purchasable","28":"product-type-simple"},"_links":{"self":[{"href":"https:\/\/bantoro.com\/de\/wp-json\/wp\/v2\/product\/14516","targetHints":{"allow":["GET"]}}],"collection":[{"href":"https:\/\/bantoro.com\/de\/wp-json\/wp\/v2\/product"}],"about":[{"href":"https:\/\/bantoro.com\/de\/wp-json\/wp\/v2\/types\/product"}],"wp:featuredmedia":[{"embeddable":true,"href":"https:\/\/bantoro.com\/de\/wp-json\/wp\/v2\/media\/14511"}],"wp:attachment":[{"href":"https:\/\/bantoro.com\/de\/wp-json\/wp\/v2\/media?parent=14516"}],"wp:term":[{"taxonomy":"product_brand","embeddable":true,"href":"https:\/\/bantoro.com\/de\/wp-json\/wp\/v2\/product_brand?post=14516"},{"taxonomy":"product_cat","embeddable":true,"href":"https:\/\/bantoro.com\/de\/wp-json\/wp\/v2\/product_cat?post=14516"},{"taxonomy":"product_tag","embeddable":true,"href":"https:\/\/bantoro.com\/de\/wp-json\/wp\/v2\/product_tag?post=14516"}],"curies":[{"name":"wp","href":"https:\/\/api.w.org\/{rel}","templated":true}]}}